{"id":114,"date":"2019-02-04T22:18:51","date_gmt":"2019-02-05T00:18:51","guid":{"rendered":"https:\/\/wp.ufpel.edu.br\/computacao\/?page_id=114"},"modified":"2019-03-08T08:42:42","modified_gmt":"2019-03-08T11:42:42","slug":"doutorado","status":"publish","type":"page","link":"https:\/\/wp.ufpel.edu.br\/computacao\/ppgc\/doutorado\/","title":{"rendered":"Doutorado em Ci\u00eancia da Computa\u00e7\u00e3o"},"content":{"rendered":"<p>O Doutorado em Ci\u00eancia da Computa\u00e7\u00e3o do PPGC-UFPel, oferece forma\u00e7\u00e3o&nbsp;<em>stricto sensu<\/em>&nbsp;na \u00e1rea de Ci\u00eancia da Computa\u00e7\u00e3o, dentro de uma das&nbsp;linhas de pesquisa. Recomendado&nbsp;em 2015 pela CAPES, foi o primeiro Doutorado na \u00e1rea no interior do Rio Grande do Sul.<\/p>\n<p>Ao ingressar no curso de Doutorado&nbsp;em Ci\u00eancia da Computa\u00e7\u00e3o, o aluno, sob supervis\u00e3o de um professor orientador, se especializar\u00e1 em um tema da Ci\u00eancia da Computa\u00e7\u00e3o, de acordo com a linha de pesquisa escolhida. Durante a forma\u00e7\u00e3o, acompanhar\u00e1 disciplinas com relev\u00e2ncia ao seu tema, executar\u00e1 atividades de doc\u00eancia orientada, executar\u00e1 e publicar\u00e1 pesquisas na \u00e1rea. Ao final do curso, tipicamente com dura\u00e7\u00e3o de quatro anos, apresentar\u00e1 uma tese, fruto de sua pesquisa, para avalia\u00e7\u00e3o pelo Programa.<\/p>\n","protected":false},"excerpt":{"rendered":"<p>O Doutorado em Ci\u00eancia da Computa\u00e7\u00e3o do PPGC-UFPel, oferece forma\u00e7\u00e3o&nbsp;stricto sensu&nbsp;na \u00e1rea de Ci\u00eancia da Computa\u00e7\u00e3o, dentro de uma das&nbsp;linhas de pesquisa. Recomendado&nbsp;em 2015 pela CAPES, foi o primeiro Doutorado na \u00e1rea no interior&#46;&#46;&#46;<\/p>\n","protected":false},"author":881,"featured_media":0,"parent":118,"menu_order":0,"comment_status":"closed","ping_status":"closed","template":"","meta":{"jetpack_post_was_ever_published":false,"footnotes":""},"class_list":["post-114","page","type-page","status-publish","hentry"],"jetpack_sharing_enabled":true,"jetpack_shortlink":"https:\/\/wp.me\/PaGhNl-1Q","_links":{"self":[{"href":"https:\/\/wp.ufpel.edu.br\/computacao\/wp-json\/wp\/v2\/pages\/114","targetHints":{"allow":["GET"]}}],"collection":[{"href":"https:\/\/wp.ufpel.edu.br\/computacao\/wp-json\/wp\/v2\/pages"}],"about":[{"href":"https:\/\/wp.ufpel.edu.br\/computacao\/wp-json\/wp\/v2\/types\/page"}],"author":[{"embeddable":true,"href":"https:\/\/wp.ufpel.edu.br\/computacao\/wp-json\/wp\/v2\/users\/881"}],"replies":[{"embeddable":true,"href":"https:\/\/wp.ufpel.edu.br\/computacao\/wp-json\/wp\/v2\/comments?post=114"}],"version-history":[{"count":4,"href":"https:\/\/wp.ufpel.edu.br\/computacao\/wp-json\/wp\/v2\/pages\/114\/revisions"}],"predecessor-version":[{"id":6440,"href":"https:\/\/wp.ufpel.edu.br\/computacao\/wp-json\/wp\/v2\/pages\/114\/revisions\/6440"}],"up":[{"embeddable":true,"href":"https:\/\/wp.ufpel.edu.br\/computacao\/wp-json\/wp\/v2\/pages\/118"}],"wp:attachment":[{"href":"https:\/\/wp.ufpel.edu.br\/computacao\/wp-json\/wp\/v2\/media?parent=114"}],"curies":[{"name":"wp","href":"https:\/\/api.w.org\/{rel}","templated":true}]}}