{"id":111,"date":"2019-02-04T22:17:09","date_gmt":"2019-02-05T00:17:09","guid":{"rendered":"https:\/\/wp.ufpel.edu.br\/computacao\/?page_id=111"},"modified":"2019-03-08T08:42:13","modified_gmt":"2019-03-08T11:42:13","slug":"mestrado-academico","status":"publish","type":"page","link":"https:\/\/wp.ufpel.edu.br\/computacao\/ppgc\/mestrado-academico\/","title":{"rendered":"Mestrado em Ci\u00eancia da Computa\u00e7\u00e3o"},"content":{"rendered":"<p>O Mestrado Acad\u00eamico em Ci\u00eancia da Computa\u00e7\u00e3o do PPGC-UFPel, oferece forma\u00e7\u00e3o&nbsp;<em>stricto sensu<\/em>&nbsp;na \u00e1rea de Ci\u00eancia da Computa\u00e7\u00e3o, dentro de uma das&nbsp;linhas de pesquisa do Programa.&nbsp;&nbsp;Tem dura\u00e7\u00e3o t\u00edpica de dois anos e ingresso no primeiro semestre de cada ano, com n\u00famero de vagas definido no edital de cada ano.<\/p>\n<p>Ao ingressar no curso de Mestrado em Ci\u00eancia da Computa\u00e7\u00e3o, o aluno, sob supervis\u00e3o de um professor orientador, se especializar\u00e1 em um tema da Ci\u00eancia da Computa\u00e7\u00e3o, de acordo com a linha de pesquisa escolhida. Durante a forma\u00e7\u00e3o, acompanhar\u00e1 disciplinas com relev\u00e2ncia ao seu tema, executar\u00e1 atividades de doc\u00eancia orientada, executar\u00e1 e publicar\u00e1 pesquisas na \u00e1rea e, ao final do curso, apresentar\u00e1 uma disserta\u00e7\u00e3o, fruto de sua pesquisa, para avalia\u00e7\u00e3o pelo Programa.<\/p>\n<p>O curso de Mestrado foi criado em 2010 e teve seu primeiro ingresso em 2011.<\/p>\n","protected":false},"excerpt":{"rendered":"<p>O Mestrado Acad\u00eamico em Ci\u00eancia da Computa\u00e7\u00e3o do PPGC-UFPel, oferece forma\u00e7\u00e3o&nbsp;stricto sensu&nbsp;na \u00e1rea de Ci\u00eancia da Computa\u00e7\u00e3o, dentro de uma das&nbsp;linhas de pesquisa do Programa.&nbsp;&nbsp;Tem dura\u00e7\u00e3o t\u00edpica de dois anos e ingresso no primeiro&#46;&#46;&#46;<\/p>\n","protected":false},"author":881,"featured_media":0,"parent":118,"menu_order":0,"comment_status":"closed","ping_status":"closed","template":"","meta":{"jetpack_post_was_ever_published":false,"footnotes":""},"class_list":["post-111","page","type-page","status-publish","hentry"],"jetpack_sharing_enabled":true,"jetpack_shortlink":"https:\/\/wp.me\/PaGhNl-1N","_links":{"self":[{"href":"https:\/\/wp.ufpel.edu.br\/computacao\/wp-json\/wp\/v2\/pages\/111","targetHints":{"allow":["GET"]}}],"collection":[{"href":"https:\/\/wp.ufpel.edu.br\/computacao\/wp-json\/wp\/v2\/pages"}],"about":[{"href":"https:\/\/wp.ufpel.edu.br\/computacao\/wp-json\/wp\/v2\/types\/page"}],"author":[{"embeddable":true,"href":"https:\/\/wp.ufpel.edu.br\/computacao\/wp-json\/wp\/v2\/users\/881"}],"replies":[{"embeddable":true,"href":"https:\/\/wp.ufpel.edu.br\/computacao\/wp-json\/wp\/v2\/comments?post=111"}],"version-history":[{"count":4,"href":"https:\/\/wp.ufpel.edu.br\/computacao\/wp-json\/wp\/v2\/pages\/111\/revisions"}],"predecessor-version":[{"id":6444,"href":"https:\/\/wp.ufpel.edu.br\/computacao\/wp-json\/wp\/v2\/pages\/111\/revisions\/6444"}],"up":[{"embeddable":true,"href":"https:\/\/wp.ufpel.edu.br\/computacao\/wp-json\/wp\/v2\/pages\/118"}],"wp:attachment":[{"href":"https:\/\/wp.ufpel.edu.br\/computacao\/wp-json\/wp\/v2\/media?parent=111"}],"curies":[{"name":"wp","href":"https:\/\/api.w.org\/{rel}","templated":true}]}}