{"id":546,"date":"2024-09-30T19:33:54","date_gmt":"2024-09-30T22:33:54","guid":{"rendered":"https:\/\/wp.ufpel.edu.br\/comovai\/?page_id=546"},"modified":"2025-05-25T19:59:56","modified_gmt":"2025-05-25T22:59:56","slug":"atualizacao-de-cadastro","status":"publish","type":"page","link":"https:\/\/wp.ufpel.edu.br\/comovai\/atualizacao-de-cadastro\/","title":{"rendered":"ATUALIZA\u00c7\u00c3O DE CADASTRO"},"content":{"rendered":"<p>Logo disponibilizaremos a op\u00e7\u00e3o de atualiza\u00e7\u00e3o de cadastro aqui.<\/p>\n","protected":false},"excerpt":{"rendered":"<p>Logo disponibilizaremos a op\u00e7\u00e3o de atualiza\u00e7\u00e3o de cadastro aqui.<\/p>\n","protected":false},"author":1055,"featured_media":0,"parent":0,"menu_order":0,"comment_status":"closed","ping_status":"closed","template":"","meta":{"footnotes":""},"class_list":["post-546","page","type-page","status-publish","hentry"],"_links":{"self":[{"href":"https:\/\/wp.ufpel.edu.br\/comovai\/wp-json\/wp\/v2\/pages\/546","targetHints":{"allow":["GET"]}}],"collection":[{"href":"https:\/\/wp.ufpel.edu.br\/comovai\/wp-json\/wp\/v2\/pages"}],"about":[{"href":"https:\/\/wp.ufpel.edu.br\/comovai\/wp-json\/wp\/v2\/types\/page"}],"author":[{"embeddable":true,"href":"https:\/\/wp.ufpel.edu.br\/comovai\/wp-json\/wp\/v2\/users\/1055"}],"replies":[{"embeddable":true,"href":"https:\/\/wp.ufpel.edu.br\/comovai\/wp-json\/wp\/v2\/comments?post=546"}],"version-history":[{"count":2,"href":"https:\/\/wp.ufpel.edu.br\/comovai\/wp-json\/wp\/v2\/pages\/546\/revisions"}],"predecessor-version":[{"id":556,"href":"https:\/\/wp.ufpel.edu.br\/comovai\/wp-json\/wp\/v2\/pages\/546\/revisions\/556"}],"wp:attachment":[{"href":"https:\/\/wp.ufpel.edu.br\/comovai\/wp-json\/wp\/v2\/media?parent=546"}],"curies":[{"name":"wp","href":"https:\/\/api.w.org\/{rel}","templated":true}]}}