{"id":539,"date":"2024-09-30T19:22:00","date_gmt":"2024-09-30T22:22:00","guid":{"rendered":"https:\/\/wp.ufpel.edu.br\/comovai\/?page_id=539"},"modified":"2025-05-25T23:11:36","modified_gmt":"2025-05-26T02:11:36","slug":"parceiros","status":"publish","type":"page","link":"https:\/\/wp.ufpel.edu.br\/comovai\/parceiros\/","title":{"rendered":"PARCEIROS"},"content":{"rendered":"<p style=\"text-align: center;\"><span style=\"font-size: 14pt;\"><strong>LABORAT\u00d3RIO DE GEN\u00d4MICA ESTRUTURAL \u2013 GENESTRUT<\/strong><\/span><\/p>\n<p style=\"text-align: justify;\"><img loading=\"lazy\" decoding=\"async\" class=\"size-full wp-image-772 aligncenter\" src=\"https:\/\/wp.ufpel.edu.br\/comovai\/files\/2025\/01\/C-1.jpg\" alt=\"\" width=\"298\" height=\"143\" \/><span style=\"color: var(--viral-body-color, #404040); font-family: var(--viral-body-family, Roboto); font-size: var(--viral-body-size, 15px); font-style: var(--viral-body-style, normal); font-weight: var(--viral-body-weight, 400); letter-spacing: var(--viral-body-letter-spacing, 0); text-transform: var(--viral-body-text-transform, none);\">O Laborat\u00f3rio de Gen\u00f4mica Estrutural &#8211; GENESTRUT, localizado no Pr\u00e9dio 20 do Campus Cap\u00e3o do Le\u00e3o da Universidade Federal de Pelotas (UFPel), integra o N\u00facleo de Biotecnologia do Centro de Desenvolvimento Tecnol\u00f3gico (CDTec). Sob a coordena\u00e7\u00e3o do <\/span><strong style=\"color: var(--viral-body-color, #404040); font-family: var(--viral-body-family, Roboto); font-size: var(--viral-body-size, 15px); font-style: var(--viral-body-style, normal); letter-spacing: var(--viral-body-letter-spacing, 0); text-transform: var(--viral-body-text-transform, none);\">Professor Dr. Vinicius Farias Campos<\/strong><span style=\"color: var(--viral-body-color, #404040); font-family: var(--viral-body-family, Roboto); font-size: var(--viral-body-size, 15px); font-style: var(--viral-body-style, normal); font-weight: var(--viral-body-weight, 400); letter-spacing: var(--viral-body-letter-spacing, 0); text-transform: var(--viral-body-text-transform, none);\">, o laborat\u00f3rio possui uma equipe multidisciplinar composta por pesquisadores colaboradores, estudantes de gradua\u00e7\u00e3o, mestrado e doutorado.<\/span><\/p>\n<p><img loading=\"lazy\" decoding=\"async\" class=\"size-full wp-image-757 aligncenter\" src=\"https:\/\/wp.ufpel.edu.br\/comovai\/files\/2025\/01\/A.png\" alt=\"\" width=\"400\" height=\"162\" \/><\/p>\n<p><img loading=\"lazy\" decoding=\"async\" class=\"size-full wp-image-758 aligncenter\" src=\"https:\/\/wp.ufpel.edu.br\/comovai\/files\/2025\/01\/B.jpg\" alt=\"\" width=\"400\" height=\"171\" \/><u style=\"color: var(--viral-body-color, #404040); font-family: var(--viral-body-family, Roboto); font-size: var(--viral-body-size, 15px); font-style: var(--viral-body-style, normal); font-weight: var(--viral-body-weight, 400); letter-spacing: var(--viral-body-letter-spacing, 0); text-transform: var(--viral-body-text-transform, none);\"><\/u><\/p>\n<p style=\"text-align: center;\"><span style=\"font-size: 10pt;\"><strong>GENESTRUT<\/strong>: Vista geral do Laborat\u00f3rio de Gen\u00f4mica Estrutural (GENESTRUT) \u2013\u00a0<\/span><span style=\"font-size: 10pt;\"> imagens cedidas pela equipe do pr\u00f3prio laborat\u00f3rio.<\/span><\/p>\n<p>&nbsp;<\/p>\n<p style=\"text-align: justify;\"><u>PRINCIPAIS ATIVIDADES<\/u><\/p>\n<p style=\"text-align: justify;\">O laborat\u00f3rio desenvolve pesquisas na \u00e1rea de gen\u00f4mica, com destaque para:<\/p>\n<ul style=\"text-align: justify;\">\n<li>Sequenciamento de DNA e genomas completos;<\/li>\n<li>Estudos de diversidade gen\u00e9tica utilizando gen\u00f4mica comparativa;<\/li>\n<li>Clonagem e sequenciamento de genes de esp\u00e9cies aqu\u00e1ticas;<\/li>\n<li>An\u00e1lises de gen\u00f4mica forense;<\/li>\n<li>Edi\u00e7\u00e3o gen\u00f4mica utilizando biomodelos;<\/li>\n<li>An\u00e1lises de express\u00e3o g\u00eanica;<\/li>\n<li>Genotipagem e estudos de varia\u00e7\u00f5es gen\u00e9ticas humanas e animais;<\/li>\n<li>An\u00e1lises epigen\u00e9ticas.<\/li>\n<\/ul>\n<p>&nbsp;<\/p>\n<p style=\"text-align: justify;\"><u>COLABORA\u00c7\u00d5ES<\/u><\/p>\n<p style=\"text-align: justify;\">O Laborat\u00f3rio de Gen\u00f4mica Estrutural mant\u00e9m parcerias cient\u00edficas de destaque internacional promovendo interc\u00e2mbios de conhecimento e projetos conjuntos:<\/p>\n<ul style=\"text-align: justify;\">\n<li>Radboud University \u2013 Holanda<\/li>\n<li>UCDavis &#8211; Estados Unidos<\/li>\n<li>Universidad Mayor \u2013 Chile<\/li>\n<li>Institut Pasteur de Montevideo &#8211; Uruguai<\/li>\n<li>Instituto de Investigaciones Biotecnol\u00f3gicas (IIB-INTECH) \u2013 Argentina<\/li>\n<\/ul>\n<p>&nbsp;<\/p>\n<p style=\"text-align: justify;\"><u>INFRAESTRUTURA E EQUIPAMENTOS<\/u><\/p>\n<p style=\"text-align: justify;\">O laborat\u00f3rio \u00e9 equipado com tecnologia de \u00faltima gera\u00e7\u00e3o para atender \u00e0s demandas de pesquisa em gen\u00f4mica estrutural e funcional:<\/p>\n<ul style=\"text-align: justify;\">\n<li>Termocicladores (PCR);<\/li>\n<li>Sistema de PCR em tempo real \u2013 QuantStudio;<\/li>\n<li>Sistema de nanoquantifica\u00e7\u00e3o de DNA &#8211; Nanodrop;<\/li>\n<li>Sequenciador capilar autom\u00e1tico de DNA &#8211; <strong>ABI 3500<\/strong>;<\/li>\n<li>Plataforma de sequenciamento de nova gera\u00e7\u00e3o <strong>Ion Torrent<\/strong>, capaz de sequenciar genomas e transcriptomas de organismos eucari\u00f3ticos e procari\u00f3ticos;<\/li>\n<li>Sistema automatizado de eletroforese &#8211; TapeStation 4200 &#8211; que permite a an\u00e1lise qualitativa e quantitativa de DNA gen\u00f4mico, RNA e bibliotecas de sequenciamento em larga escala;<\/li>\n<li>Sistema de microarranjo <strong>iScan<\/strong> para an\u00e1lise gen\u00f4mica avan\u00e7ada.<\/li>\n<\/ul>\n<p>&nbsp;<\/p>\n<p style=\"text-align: justify;\"><u>INFORMA\u00c7\u00d5ES DE CONTATO<\/u><\/p>\n<ul style=\"text-align: justify;\">\n<li><strong>Campus<\/strong>: Cap\u00e3o do Le\u00e3o<\/li>\n<li><strong>Pr\u00e9dio\/Bloco<\/strong>: 20<\/li>\n<li><strong>Sala<\/strong>: 13<\/li>\n<li><strong>Respons\u00e1vel<\/strong>: Prof. Dr. Vinicius Farias Campos<\/li>\n<li><strong>E-mail<\/strong>: <span style=\"color: #0000ff;\"><a style=\"color: #0000ff;\" href=\"mailto:fariascampos@gmail.com\">fariascampos@gmail.com<\/a><\/span><\/li>\n<li><strong>Instagram<\/strong>: <span style=\"color: #0000ff;\"><a style=\"color: #0000ff;\" href=\"https:\/\/www.instagram.com\/genestrut\/\">@genestrut<\/a><\/span><\/li>\n<\/ul>\n<p>&nbsp;<\/p>\n<table style=\"border-collapse: collapse; width: 100%;\" border=\"1\">\n<tbody>\n<tr>\n<td style=\"width: 100%;\">\n<p style=\"text-align: center;\"><strong>UTILIZA\u00c7\u00c3O DAS AMOSTRAS COLETADAS NO ESTUDO &#8220;COMO VAI?&#8221;<\/strong><\/p>\n<p style=\"text-align: justify;\"><u>OBJETIVO PRINCIPAL<\/u><\/p>\n<p style=\"text-align: justify;\">Com as amostras de material gen\u00e9tico (swab oral) coletadas junto aos participantes do estudo &#8220;COMO VAI?&#8221;, o projeto busca realizar an\u00e1lises gen\u00e9ticas detalhadas para compreender como variantes gen\u00f4micas est\u00e3o associadas \u00e0 sa\u00fade e ao envelhecimento. O foco ser\u00e1 na identifica\u00e7\u00e3o de marcadores gen\u00e9ticos que possam contribuir para a preven\u00e7\u00e3o, diagn\u00f3stico precoce e personaliza\u00e7\u00e3o de tratamentos.<\/p>\n<p>&nbsp;<\/p>\n<p><u>ETAPAS DE PROCESSAMENTO E AN\u00c1LISE<\/u><\/p>\n<ul style=\"text-align: justify;\">\n<li><strong>Coleta e Extra\u00e7\u00e3o do DNA: <\/strong>O material gen\u00e9tico \u00e9 coletado e processado para extra\u00e7\u00e3o do DNA gen\u00f4mico (gDNA), que ser\u00e1 a base para todas as an\u00e1lises.<\/li>\n<li><strong>Genotipagem em Larga Escala: <\/strong>O DNA extra\u00eddo ser\u00e1 analisado com o sistema de genotipagem iScan (Illumina), utilizando o chip Infinium BeadChip Array v.3.0, com capacidade para avaliar mais de 650 mil marcadores gen\u00e9ticos simultaneamente.<\/li>\n<li><strong>Interpreta\u00e7\u00e3o de Dados Gen\u00e9ticos: <\/strong>Relat\u00f3rios ser\u00e3o elaborados para apresentar os resultados aos participantes de forma clara e acess\u00edvel, destacando riscos gen\u00e9ticos associados a condi\u00e7\u00f5es monog\u00eanicas e polig\u00eanicas, como diabetes tipo 2 e hipertens\u00e3o.<\/li>\n<\/ul>\n<p>&nbsp;<\/p>\n<p><u>IMPACTOS ESPERADOS<\/u><\/p>\n<ul style=\"text-align: justify;\">\n<li><strong>Avan\u00e7os em Sa\u00fade P\u00fablica:<\/strong> Os dados gerados contribuir\u00e3o para programas de preven\u00e7\u00e3o de doen\u00e7as e iniciativas de educa\u00e7\u00e3o em sa\u00fade, auxiliando no desenvolvimento de pol\u00edticas p\u00fablicas baseadas em evid\u00eancias gen\u00e9ticas.<\/li>\n<li><strong>Medicina Personalizada:<\/strong> O estudo permitir\u00e1 a aplica\u00e7\u00e3o de abordagens como farmacogen\u00f4mica e tratamentos espec\u00edficos, melhorando a qualidade de vida dos participantes.<\/li>\n<li><strong>Contribui\u00e7\u00e3o Cient\u00edfica:<\/strong> A an\u00e1lise das amostras fortalecer\u00e1 as colabora\u00e7\u00f5es internacionais do laborat\u00f3rio GENESTRUT, posicionando o estudo &#8220;COMO VAI?&#8221; como refer\u00eancia em pesquisa gen\u00f4mica na popula\u00e7\u00e3o idosa.<\/li>\n<\/ul>\n<p>&nbsp;<\/p>\n<p style=\"text-align: justify;\"><u>EDUCA\u00c7\u00c3O E CONSCIENTIZA\u00c7\u00c3O<\/u><\/p>\n<p style=\"text-align: justify;\">Os participantes ter\u00e3o acesso a relat\u00f3rios individualizados e orienta\u00e7\u00f5es sobre como interpretar os resultados, promovendo maior entendimento sobre sua sa\u00fade e poss\u00edveis mudan\u00e7as no estilo de vida para reduzir riscos gen\u00e9ticos.<\/p>\n<p>&nbsp;<\/p>\n<p><img loading=\"lazy\" decoding=\"async\" class=\"size-medium wp-image-779 aligncenter\" src=\"https:\/\/wp.ufpel.edu.br\/comovai\/files\/2025\/01\/D-400x260.jpg\" alt=\"\" width=\"400\" height=\"260\" srcset=\"https:\/\/wp.ufpel.edu.br\/comovai\/files\/2025\/01\/D-400x260.jpg 400w, https:\/\/wp.ufpel.edu.br\/comovai\/files\/2025\/01\/D.jpg 564w\" sizes=\"auto, (max-width: 400px) 100vw, 400px\" \/><\/p>\n<p style=\"text-align: center;\"><span style=\"font-size: 10pt;\"><strong>COLETA DE AMOSTRA COM <em>SWAB<\/em> ORAL<\/strong>: imagem publicada no jornal <em>A Hora do Sul<\/em> em 06\/12\/2024.<\/span><\/p>\n<\/td>\n<\/tr>\n<\/tbody>\n<\/table>\n<p style=\"text-align: center;\">\n","protected":false},"excerpt":{"rendered":"<p>LABORAT\u00d3RIO DE GEN\u00d4MICA ESTRUTURAL \u2013 GENESTRUT O Laborat\u00f3rio de Gen\u00f4mica Estrutural &#8211; GENESTRUT, localizado no Pr\u00e9dio 20 do Campus Cap\u00e3o do Le\u00e3o da Universidade Federal de Pelotas (UFPel), integra o N\u00facleo de Biotecnologia do Centro de Desenvolvimento Tecnol\u00f3gico (CDTec). Sob a coordena\u00e7\u00e3o do Professor Dr. Vinicius Farias Campos, o laborat\u00f3rio possui uma equipe multidisciplinar composta [&hellip;]<\/p>\n","protected":false},"author":1055,"featured_media":0,"parent":0,"menu_order":0,"comment_status":"closed","ping_status":"closed","template":"","meta":{"footnotes":""},"class_list":["post-539","page","type-page","status-publish","hentry"],"_links":{"self":[{"href":"https:\/\/wp.ufpel.edu.br\/comovai\/wp-json\/wp\/v2\/pages\/539","targetHints":{"allow":["GET"]}}],"collection":[{"href":"https:\/\/wp.ufpel.edu.br\/comovai\/wp-json\/wp\/v2\/pages"}],"about":[{"href":"https:\/\/wp.ufpel.edu.br\/comovai\/wp-json\/wp\/v2\/types\/page"}],"author":[{"embeddable":true,"href":"https:\/\/wp.ufpel.edu.br\/comovai\/wp-json\/wp\/v2\/users\/1055"}],"replies":[{"embeddable":true,"href":"https:\/\/wp.ufpel.edu.br\/comovai\/wp-json\/wp\/v2\/comments?post=539"}],"version-history":[{"count":21,"href":"https:\/\/wp.ufpel.edu.br\/comovai\/wp-json\/wp\/v2\/pages\/539\/revisions"}],"predecessor-version":[{"id":788,"href":"https:\/\/wp.ufpel.edu.br\/comovai\/wp-json\/wp\/v2\/pages\/539\/revisions\/788"}],"wp:attachment":[{"href":"https:\/\/wp.ufpel.edu.br\/comovai\/wp-json\/wp\/v2\/media?parent=539"}],"curies":[{"name":"wp","href":"https:\/\/api.w.org\/{rel}","templated":true}]}}