{"id":33,"date":"2020-08-14T14:55:47","date_gmt":"2020-08-14T17:55:47","guid":{"rendered":"https:\/\/wp.ufpel.edu.br\/comovai\/?page_id=33"},"modified":"2025-09-10T17:52:28","modified_gmt":"2025-09-10T20:52:28","slug":"equipe","status":"publish","type":"page","link":"https:\/\/wp.ufpel.edu.br\/comovai\/equipe\/","title":{"rendered":"EQUIPE"},"content":{"rendered":"<p><strong>COORDENA\u00c7\u00c3O:<\/strong><\/p>\n<p><img loading=\"lazy\" decoding=\"async\" class=\"wp-image-79 alignnone\" src=\"https:\/\/wp.ufpel.edu.br\/comovai\/files\/2020\/08\/andrea-315x400.jpg\" alt=\"\" width=\"104\" height=\"132\" srcset=\"https:\/\/wp.ufpel.edu.br\/comovai\/files\/2020\/08\/andrea-315x400.jpg 315w, https:\/\/wp.ufpel.edu.br\/comovai\/files\/2020\/08\/andrea.jpg 379w\" sizes=\"auto, (max-width: 104px) 100vw, 104px\" \/>\u00a0 \u00a0 Andr\u00e9a Homsi D\u00e2maso |<span style=\"color: #0000ff;\"><a style=\"color: #0000ff;\" href=\"http:\/\/lattes.cnpq.br\/9347611775017844\"> Lattes<\/a><\/span><\/p>\n<p><img loading=\"lazy\" decoding=\"async\" class=\"wp-image-81 alignnone\" src=\"https:\/\/wp.ufpel.edu.br\/comovai\/files\/2020\/08\/elaine.jpg\" alt=\"\" width=\"104\" height=\"104\" srcset=\"https:\/\/wp.ufpel.edu.br\/comovai\/files\/2020\/08\/elaine.jpg 200w, https:\/\/wp.ufpel.edu.br\/comovai\/files\/2020\/08\/elaine-150x150.jpg 150w\" sizes=\"auto, (max-width: 104px) 100vw, 104px\" \/>\u00a0 \u00a0 Elaine Tomasi | <span style=\"color: #0000ff;\"><a style=\"color: #0000ff;\" href=\"http:\/\/lattes.cnpq.br\/1059924866210409\">Lattes<\/a><\/span><\/p>\n<p><img loading=\"lazy\" decoding=\"async\" class=\"wp-image-220 alignnone\" src=\"https:\/\/wp.ufpel.edu.br\/comovai\/files\/2021\/08\/Flavio-Demarco-400x395.jpg\" alt=\"\" width=\"104\" height=\"103\" srcset=\"https:\/\/wp.ufpel.edu.br\/comovai\/files\/2021\/08\/Flavio-Demarco-400x400.jpg 400w, https:\/\/wp.ufpel.edu.br\/comovai\/files\/2021\/08\/Flavio-Demarco-200x200.jpg 200w, https:\/\/wp.ufpel.edu.br\/comovai\/files\/2021\/08\/Flavio-Demarco-768x759.jpg 768w, https:\/\/wp.ufpel.edu.br\/comovai\/files\/2021\/08\/Flavio-Demarco-600x600.jpg 600w, https:\/\/wp.ufpel.edu.br\/comovai\/files\/2021\/08\/Flavio-Demarco-150x150.jpg 150w, https:\/\/wp.ufpel.edu.br\/comovai\/files\/2021\/08\/Flavio-Demarco.jpg 791w\" sizes=\"auto, (max-width: 104px) 100vw, 104px\" \/>\u00a0 \u00a0 Fl\u00e1vio Fernando Demarco |<span style=\"color: #0000ff;\"> <a style=\"color: #0000ff;\" href=\"http:\/\/lattes.cnpq.br\/5439768560638141\">Lattes<\/a><\/span><\/p>\n<p><img loading=\"lazy\" decoding=\"async\" class=\"wp-image-893 alignnone\" src=\"https:\/\/wp.ufpel.edu.br\/comovai\/files\/2025\/05\/Inacio-340x400.png\" alt=\"\" width=\"104\" height=\"122\" srcset=\"https:\/\/wp.ufpel.edu.br\/comovai\/files\/2025\/05\/Inacio-340x400.png 340w, https:\/\/wp.ufpel.edu.br\/comovai\/files\/2025\/05\/Inacio.png 529w\" sizes=\"auto, (max-width: 104px) 100vw, 104px\" \/>\u00a0 \u00a0 In\u00e1cio Crochemore Mohnsam da Silva |<span style=\"color: #0000ff;\"><a style=\"color: #0000ff;\" href=\"http:\/\/lattes.cnpq.br\/1794421089092202\"> Lattes<\/a><\/span><\/p>\n<p><img loading=\"lazy\" decoding=\"async\" class=\"wp-image-791 alignnone\" src=\"https:\/\/wp.ufpel.edu.br\/comovai\/files\/2025\/04\/Alexandre-336x400.png\" alt=\"\" width=\"104\" height=\"124\" srcset=\"https:\/\/wp.ufpel.edu.br\/comovai\/files\/2025\/04\/Alexandre-336x400.png 336w, https:\/\/wp.ufpel.edu.br\/comovai\/files\/2025\/04\/Alexandre.png 523w\" sizes=\"auto, (max-width: 104px) 100vw, 104px\" \/>\u00a0 \u00a0 Luiz Alexandre Chisini |<span style=\"color: #0000ff;\"><a style=\"color: #0000ff;\" href=\"http:\/\/lattes.cnpq.br\/0450167472415389\"> Lattes<\/a><\/span><\/p>\n<p><img loading=\"lazy\" decoding=\"async\" class=\"wp-image-221 alignnone\" src=\"https:\/\/wp.ufpel.edu.br\/comovai\/files\/2021\/08\/Screenshot_2-373x400.png\" alt=\"\" width=\"104\" height=\"111\" srcset=\"https:\/\/wp.ufpel.edu.br\/comovai\/files\/2021\/08\/Screenshot_2-373x400.png 373w, https:\/\/wp.ufpel.edu.br\/comovai\/files\/2021\/08\/Screenshot_2.png 435w\" sizes=\"auto, (max-width: 104px) 100vw, 104px\" \/>\u00a0 \u00a0 Maria Cristina Gonzalez | <span style=\"color: #0000ff;\"><a style=\"color: #0000ff;\" href=\"http:\/\/lattes.cnpq.br\/2868331941630408\">Lattes<\/a><\/span><\/p>\n<p><img loading=\"lazy\" decoding=\"async\" class=\"wp-image-222 alignnone\" src=\"https:\/\/wp.ufpel.edu.br\/comovai\/files\/2021\/08\/Screenshot_1-364x400.png\" alt=\"\" width=\"104\" height=\"114\" srcset=\"https:\/\/wp.ufpel.edu.br\/comovai\/files\/2021\/08\/Screenshot_1-364x400.png 364w, https:\/\/wp.ufpel.edu.br\/comovai\/files\/2021\/08\/Screenshot_1.png 411w\" sizes=\"auto, (max-width: 104px) 100vw, 104px\" \/>\u00a0 \u00a0 Renata Moraes Bielemann | <span style=\"color: #0000ff;\"><a style=\"color: #0000ff;\" href=\"http:\/\/lattes.cnpq.br\/7157159051361731\">Lattes<\/a><\/span><\/p>\n<p>&nbsp;<\/p>\n<p>&nbsp;<\/p>\n<p><strong>COLABORADORES:<\/strong><\/p>\n<p><img loading=\"lazy\" decoding=\"async\" class=\"wp-image-101 alignnone\" src=\"https:\/\/wp.ufpel.edu.br\/comovai\/files\/2021\/06\/WhatsApp-Image-2021-06-16-at-13.27.04-e1709734509168-376x400.jpeg\" alt=\"\" width=\"104\" height=\"110\" srcset=\"https:\/\/wp.ufpel.edu.br\/comovai\/files\/2021\/06\/WhatsApp-Image-2021-06-16-at-13.27.04-e1709734509168-376x400.jpeg 376w, https:\/\/wp.ufpel.edu.br\/comovai\/files\/2021\/06\/WhatsApp-Image-2021-06-16-at-13.27.04-e1709734509168.jpeg 401w\" sizes=\"auto, (max-width: 104px) 100vw, 104px\" \/>\u00a0 \u00a0 Bruno Pereira Nunes |<span style=\"color: #0000ff;\"> <a style=\"color: #0000ff;\" href=\"http:\/\/lattes.cnpq.br\/9657804781475201\">Lattes<\/a><\/span><\/p>\n<p><img loading=\"lazy\" decoding=\"async\" class=\"wp-image-240 alignleft\" src=\"https:\/\/wp.ufpel.edu.br\/comovai\/files\/2024\/03\/Captura-de-tela-2024-03-06-110116-385x400.png\" alt=\"\" width=\"104\" height=\"108\" srcset=\"https:\/\/wp.ufpel.edu.br\/comovai\/files\/2024\/03\/Captura-de-tela-2024-03-06-110116-385x400.png 385w, https:\/\/wp.ufpel.edu.br\/comovai\/files\/2024\/03\/Captura-de-tela-2024-03-06-110116.png 726w\" sizes=\"auto, (max-width: 104px) 100vw, 104px\" \/><\/p>\n<p>Karla Pereira Machado | <span style=\"color: #0000ff;\"><a style=\"color: #0000ff;\" href=\"http:\/\/lattes.cnpq.br\/1494603569855115\">Lattes<\/a><\/span><\/p>\n<p>P\u00f3s-doutoranda do PPG em Nutri\u00e7\u00e3o e Alimentos &#8211; UFPEL<\/p>\n<p>&nbsp;<\/p>\n<p><img loading=\"lazy\" decoding=\"async\" class=\"wp-image-284 alignleft\" src=\"https:\/\/wp.ufpel.edu.br\/comovai\/files\/2024\/06\/Leticia-200x200.jpg\" alt=\"\" width=\"104\" height=\"104\" srcset=\"https:\/\/wp.ufpel.edu.br\/comovai\/files\/2024\/06\/Leticia-200x200.jpg 200w, https:\/\/wp.ufpel.edu.br\/comovai\/files\/2024\/06\/Leticia-600x600.jpg 600w, https:\/\/wp.ufpel.edu.br\/comovai\/files\/2024\/06\/Leticia-400x400.jpg 400w, https:\/\/wp.ufpel.edu.br\/comovai\/files\/2024\/06\/Leticia-150x150.jpg 150w\" sizes=\"auto, (max-width: 104px) 100vw, 104px\" \/><\/p>\n<p>Leticia Regina Morello Sartori |<span style=\"color: #0000ff;\"> <a style=\"color: #0000ff;\" href=\"http:\/\/lattes.cnpq.br\/4522688451735525\">Lattes<\/a><\/span><\/p>\n<p>P\u00f3s-doutoranda do PPG em Odontologia &#8211; UFPEL<\/p>\n<p>&nbsp;<\/p>\n<p style=\"text-align: left;\"><img loading=\"lazy\" decoding=\"async\" class=\"alignleft wp-image-97\" src=\"https:\/\/wp.ufpel.edu.br\/comovai\/files\/2021\/06\/WhatsApp-Image-2021-06-16-at-13.20.07.jpeg\" alt=\"\" width=\"104\" height=\"116\" \/><\/p>\n<p>&nbsp;<\/p>\n<p style=\"text-align: left;\">Mariana\u00a0 Gonzalez Cademartori |<span style=\"color: #0000ff;\"><a style=\"color: #0000ff;\" href=\"http:\/\/lattes.cnpq.br\/9279809145600172\"> Lattes<\/a><\/span><\/p>\n<p>&nbsp;<\/p>\n<p style=\"text-align: left;\"><img loading=\"lazy\" decoding=\"async\" class=\"alignleft wp-image-98\" src=\"https:\/\/wp.ufpel.edu.br\/comovai\/files\/2021\/06\/WhatsApp-Image-2021-06-16-at-13.21.24.jpeg\" alt=\"\" width=\"104\" height=\"105\" srcset=\"https:\/\/wp.ufpel.edu.br\/comovai\/files\/2021\/06\/WhatsApp-Image-2021-06-16-at-13.21.24.jpeg 320w, https:\/\/wp.ufpel.edu.br\/comovai\/files\/2021\/06\/WhatsApp-Image-2021-06-16-at-13.21.24-200x200.jpeg 200w, https:\/\/wp.ufpel.edu.br\/comovai\/files\/2021\/06\/WhatsApp-Image-2021-06-16-at-13.21.24-150x150.jpeg 150w\" sizes=\"auto, (max-width: 104px) 100vw, 104px\" \/><\/p>\n<p>&nbsp;<\/p>\n<p style=\"text-align: left;\">Marysabel Pinto Telis Silveira |<span style=\"color: #0000ff;\"> <a style=\"color: #0000ff;\" href=\"http:\/\/lattes.cnpq.br\/5270811643798283\">Lattes<\/a><\/span><\/p>\n<p>&nbsp;<\/p>\n<p>&nbsp;<\/p>\n<p><strong>DOUTORANDOS:<\/strong><\/p>\n<p><img loading=\"lazy\" decoding=\"async\" class=\"alignleft wp-image-266\" src=\"https:\/\/wp.ufpel.edu.br\/comovai\/files\/2024\/04\/Aline-M-200x200.jpg\" alt=\"\" width=\"104\" height=\"210\" \/><\/p>\n<p class=\"nome\">Aline Machado Carvalho |<span style=\"color: #0000ff;\"> <a style=\"color: #0000ff;\" href=\"http:\/\/lattes.cnpq.br\/2721423654262721\">Lattes<\/a><\/span><\/p>\n<p>PPG Multic\u00eantrico em Ci\u00eancias Fisiol\u00f3gicas &#8211; UFPEL<\/p>\n<p>&nbsp;<\/p>\n<p><img loading=\"lazy\" decoding=\"async\" class=\"alignleft wp-image-267\" src=\"https:\/\/wp.ufpel.edu.br\/comovai\/files\/2024\/04\/Camila-400x400.jpg\" alt=\"\" width=\"104\" height=\"104\" srcset=\"https:\/\/wp.ufpel.edu.br\/comovai\/files\/2024\/04\/Camila-400x400.jpg 400w, https:\/\/wp.ufpel.edu.br\/comovai\/files\/2024\/04\/Camila-200x200.jpg 200w, https:\/\/wp.ufpel.edu.br\/comovai\/files\/2024\/04\/Camila-600x600.jpg 600w, https:\/\/wp.ufpel.edu.br\/comovai\/files\/2024\/04\/Camila-150x150.jpg 150w, https:\/\/wp.ufpel.edu.br\/comovai\/files\/2024\/04\/Camila.jpg 640w\" sizes=\"auto, (max-width: 104px) 100vw, 104px\" \/>Camila Corr\u00eaa Colvara | <span style=\"color: #0000ff;\"><a style=\"color: #0000ff;\" href=\"http:\/\/lattes.cnpq.br\/8523437225993527\">Lattes<\/a><\/span><\/p>\n<p>PPG em Epidemiologia &#8211; UFPEL<\/p>\n<p>&nbsp;<\/p>\n<p><img loading=\"lazy\" decoding=\"async\" class=\"alignleft wp-image-80\" src=\"https:\/\/wp.ufpel.edu.br\/comovai\/files\/2020\/08\/cecilia-e1713570340580-200x200.gif\" alt=\"\" width=\"104\" height=\"104\" srcset=\"https:\/\/wp.ufpel.edu.br\/comovai\/files\/2020\/08\/cecilia-e1713570340580-200x200.gif 200w, https:\/\/wp.ufpel.edu.br\/comovai\/files\/2020\/08\/cecilia-e1713570340580-400x400.gif 400w, https:\/\/wp.ufpel.edu.br\/comovai\/files\/2020\/08\/cecilia-e1713570340580-768x768.gif 768w, https:\/\/wp.ufpel.edu.br\/comovai\/files\/2020\/08\/cecilia-e1713570340580-600x600.gif 600w, https:\/\/wp.ufpel.edu.br\/comovai\/files\/2020\/08\/cecilia-e1713570340580-150x150.gif 150w\" sizes=\"auto, (max-width: 104px) 100vw, 104px\" \/><\/p>\n<p>Cec\u00edlia Fischer Fernandes |<span style=\"color: #0000ff;\"> <a style=\"color: #0000ff;\" href=\"http:\/\/lattes.cnpq.br\/7956892688024633\">Lattes\u00a0<\/a><\/span><\/p>\n<p>PPG em Nutri\u00e7\u00e3o e Alimentos &#8211; UFPEL<\/p>\n<p>&nbsp;<\/p>\n<p><img loading=\"lazy\" decoding=\"async\" class=\"alignleft wp-image-1134\" src=\"https:\/\/wp.ufpel.edu.br\/comovai\/files\/2025\/09\/WhatsApp-Image-2025-09-09-at-21.48.56-300x400.jpeg\" alt=\"\" width=\"108\" height=\"144\" srcset=\"https:\/\/wp.ufpel.edu.br\/comovai\/files\/2025\/09\/WhatsApp-Image-2025-09-09-at-21.48.56-300x400.jpeg 300w, https:\/\/wp.ufpel.edu.br\/comovai\/files\/2025\/09\/WhatsApp-Image-2025-09-09-at-21.48.56-768x1024.jpeg 768w, https:\/\/wp.ufpel.edu.br\/comovai\/files\/2025\/09\/WhatsApp-Image-2025-09-09-at-21.48.56-1152x1536.jpeg 1152w, https:\/\/wp.ufpel.edu.br\/comovai\/files\/2025\/09\/WhatsApp-Image-2025-09-09-at-21.48.56-1536x2048.jpeg 1536w, https:\/\/wp.ufpel.edu.br\/comovai\/files\/2025\/09\/WhatsApp-Image-2025-09-09-at-21.48.56-scaled.jpeg 1920w\" sizes=\"auto, (max-width: 108px) 100vw, 108px\" \/>J\u00falia Guimar\u00e3es Bettanzos |\u00a0<span style=\"color: #0000ff;\"><a style=\"color: #0000ff;\" href=\"http:\/\/lattes.cnpq.br\/5947617483891352\">Lattes<\/a><\/span><\/p>\n<p>PPG em Nutri\u00e7\u00e3o e Alimentos &#8211; UFPEL<\/p>\n<p>&nbsp;<\/p>\n<p>&nbsp;<\/p>\n<p><img loading=\"lazy\" decoding=\"async\" class=\"alignleft wp-image-1126\" src=\"https:\/\/wp.ufpel.edu.br\/comovai\/files\/2025\/09\/WhatsApp-Image-2025-09-09-at-11.38.20-e1757428745824-353x400.jpeg\" alt=\"\" width=\"108\" height=\"122\" srcset=\"https:\/\/wp.ufpel.edu.br\/comovai\/files\/2025\/09\/WhatsApp-Image-2025-09-09-at-11.38.20-e1757428745824-353x400.jpeg 353w, https:\/\/wp.ufpel.edu.br\/comovai\/files\/2025\/09\/WhatsApp-Image-2025-09-09-at-11.38.20-e1757428745824-904x1024.jpeg 904w, https:\/\/wp.ufpel.edu.br\/comovai\/files\/2025\/09\/WhatsApp-Image-2025-09-09-at-11.38.20-e1757428745824-768x870.jpeg 768w, https:\/\/wp.ufpel.edu.br\/comovai\/files\/2025\/09\/WhatsApp-Image-2025-09-09-at-11.38.20-e1757428745824.jpeg 1200w\" sizes=\"auto, (max-width: 108px) 100vw, 108px\" \/>La\u00edza Rodrigues Mucenecki |\u00a0<span style=\"color: #0000ff;\"><a style=\"color: #0000ff;\" href=\"http:\/\/lattes.cnpq.br\/8982079016144375\">Lattes<\/a><\/span><\/p>\n<p>PPG em Nutri\u00e7\u00e3o e Alimentos &#8211; UFPEL<\/p>\n<p>&nbsp;<\/p>\n<p><img loading=\"lazy\" decoding=\"async\" class=\"alignleft wp-image-268\" src=\"https:\/\/wp.ufpel.edu.br\/comovai\/files\/2024\/04\/Taina-e1713569382584-200x200.gif\" alt=\"\" width=\"104\" height=\"108\" \/><\/p>\n<p>Tain\u00e3 Dutra Val\u00e9rio |<span style=\"color: #0000ff;\"> <a style=\"color: #0000ff;\" href=\"http:\/\/lattes.cnpq.br\/4111397705405883\">Lattes<\/a><\/span><\/p>\n<p>PPG em Epidemiologia &#8211; UFPEL<\/p>\n<p>&nbsp;<\/p>\n<p>&nbsp;<\/p>\n<p><b>INICIA\u00c7\u00c3O CIENT\u00cdFICA:<\/b><b>\u00a0<\/b><\/p>\n<p><img loading=\"lazy\" decoding=\"async\" class=\"alignleft wp-image-1131\" src=\"https:\/\/wp.ufpel.edu.br\/comovai\/files\/2025\/09\/WhatsApp-Image-2025-09-09-at-20.49.46-339x400.jpeg\" alt=\"\" width=\"108\" height=\"128\" srcset=\"https:\/\/wp.ufpel.edu.br\/comovai\/files\/2025\/09\/WhatsApp-Image-2025-09-09-at-20.49.46-339x400.jpeg 339w, https:\/\/wp.ufpel.edu.br\/comovai\/files\/2025\/09\/WhatsApp-Image-2025-09-09-at-20.49.46-867x1024.jpeg 867w, https:\/\/wp.ufpel.edu.br\/comovai\/files\/2025\/09\/WhatsApp-Image-2025-09-09-at-20.49.46-768x907.jpeg 768w, https:\/\/wp.ufpel.edu.br\/comovai\/files\/2025\/09\/WhatsApp-Image-2025-09-09-at-20.49.46.jpeg 1200w\" sizes=\"auto, (max-width: 108px) 100vw, 108px\" \/>Ane Peres Mendon\u00e7a |<span style=\"color: #0000ff;\">\u00a0<a style=\"color: #0000ff;\" href=\"https:\/\/lattes.cnpq.br\/7338389933489069\">Lattes<\/a><\/span><\/p>\n<p>Gradua\u00e7\u00e3o em Nutri\u00e7\u00e3o &#8211; UFPEL<\/p>\n","protected":false},"excerpt":{"rendered":"<p>COORDENA\u00c7\u00c3O: \u00a0 \u00a0 Andr\u00e9a Homsi D\u00e2maso | Lattes \u00a0 \u00a0 Elaine Tomasi | Lattes \u00a0 \u00a0 Fl\u00e1vio Fernando Demarco | Lattes \u00a0 \u00a0 In\u00e1cio Crochemore Mohnsam da Silva | Lattes \u00a0 \u00a0 Luiz Alexandre Chisini | Lattes \u00a0 \u00a0 Maria Cristina Gonzalez | Lattes \u00a0 \u00a0 Renata Moraes Bielemann | Lattes &nbsp; &nbsp; COLABORADORES: \u00a0 [&hellip;]<\/p>\n","protected":false},"author":1055,"featured_media":0,"parent":0,"menu_order":0,"comment_status":"closed","ping_status":"closed","template":"","meta":{"footnotes":""},"class_list":["post-33","page","type-page","status-publish","hentry"],"_links":{"self":[{"href":"https:\/\/wp.ufpel.edu.br\/comovai\/wp-json\/wp\/v2\/pages\/33","targetHints":{"allow":["GET"]}}],"collection":[{"href":"https:\/\/wp.ufpel.edu.br\/comovai\/wp-json\/wp\/v2\/pages"}],"about":[{"href":"https:\/\/wp.ufpel.edu.br\/comovai\/wp-json\/wp\/v2\/types\/page"}],"author":[{"embeddable":true,"href":"https:\/\/wp.ufpel.edu.br\/comovai\/wp-json\/wp\/v2\/users\/1055"}],"replies":[{"embeddable":true,"href":"https:\/\/wp.ufpel.edu.br\/comovai\/wp-json\/wp\/v2\/comments?post=33"}],"version-history":[{"count":4,"href":"https:\/\/wp.ufpel.edu.br\/comovai\/wp-json\/wp\/v2\/pages\/33\/revisions"}],"predecessor-version":[{"id":1140,"href":"https:\/\/wp.ufpel.edu.br\/comovai\/wp-json\/wp\/v2\/pages\/33\/revisions\/1140"}],"wp:attachment":[{"href":"https:\/\/wp.ufpel.edu.br\/comovai\/wp-json\/wp\/v2\/media?parent=33"}],"curies":[{"name":"wp","href":"https:\/\/api.w.org\/{rel}","templated":true}]}}