{"id":32,"date":"2021-06-16T15:16:47","date_gmt":"2021-06-16T18:16:47","guid":{"rendered":"https:\/\/wp.ufpel.edu.br\/comovai\/?page_id=32"},"modified":"2025-05-25T20:05:11","modified_gmt":"2025-05-25T23:05:11","slug":"sobre","status":"publish","type":"page","link":"https:\/\/wp.ufpel.edu.br\/comovai\/","title":{"rendered":"SOBRE"},"content":{"rendered":"<p style=\"text-align: justify;\">O estudo <strong>\u201cCOMO VAI? Estudo Longitudinal de Sa\u00fade do Idoso\u201d<\/strong> \u00e9 um projeto que iniciou em 2014 realizado com idosos n\u00e3o institucionalizados, maiores de 60 anos residentes da zona urbana na cidade de Pelotas\/RS, atrav\u00e9s de financiamento da Coordena\u00e7\u00e3o de Aperfei\u00e7oamento de Pessoal de N\u00edvel Superior \u2013 CAPES.<\/p>\n<p style=\"text-align: justify;\">Inicialmente, os idosos foram recrutados em 2014 no inqu\u00e9rito transversal de base populacional \u201cCOMO VAI?\u201d &#8211; Cons\u00f3rcio de Mestrado Orientado para Valoriza\u00e7\u00e3o da Aten\u00e7\u00e3o ao Idoso. Entre janeiro e agosto daquele ano deu-se a primeira fase do estudo, na qual foram aplicados question\u00e1rio, testes f\u00edsicos e aferi\u00e7\u00e3o de medidas antropom\u00e9tricas. Em 2016-7, foi realizada nova fase de entrevistas telef\u00f4nicas\/domiciliares. A terceira fase do estudo aconteceu de setembro de 2019 a mar\u00e7o de 2020, inteiramente domiciliar, na qual foram realizadas as entrevistas, tomada de medidas antropom\u00e9tricas e exames f\u00edsicos, assim como em 2014. A quarta fase do estudo ocorreu entre outubro de 2021 e abril de 2022, via inqu\u00e9rito telef\u00f4nico, com o objetivo de investigar quest\u00f5es relacionadas \u00e0 sa\u00fade, doen\u00e7a, incapacidade, mortalidade e especialmente \u00e0 pandemia de Covid-19, a exemplo da situa\u00e7\u00e3o dos idosos durante o per\u00edodo, incluindo itens que tratavam do distanciamento social, atendimentos m\u00e9dicos e odontol\u00f3gicos, uso de m\u00e1scara, vacina\u00e7\u00e3o, entre outros.<\/p>\n<p style=\"text-align: justify;\">Mais recentemente, a quinta fase do estudo ocorreu entre agosto de 2024 e fevereiro de 2025, por meio de entrevistas domiciliares. Nessa etapa, entrevistadoras de campo realizaram visitas \u00e0s resid\u00eancias dos participantes para aplicar question\u00e1rios, conduzir testes f\u00edsicos e coletar medidas antropom\u00e9tricas. Esta fase trouxe inova\u00e7\u00f5es importantes, como a coleta de saliva para an\u00e1lises gen\u00e9ticas e o uso de aceler\u00f4metros para monitoramento da atividade f\u00edsica. Al\u00e9m disso, o estudo passou a investigar novos temas de sa\u00fade e bem-estar, incluindo a qualidade do sono e os impactos das enchentes ocorridas em Pelotas, ampliando a compreens\u00e3o dos determinantes da sa\u00fade no processo de envelhecimento em contextos de vulnerabilidade clim\u00e1tica.<\/p>\n<p style=\"text-align: justify;\">Neste projeto monitora-se os h\u00e1bitos de vida da popula\u00e7\u00e3o entrevistada para identificar fatores relacionados ao processo sa\u00fade-doen\u00e7a-incapacidade-mortalidade dos idosos. O monitoramento desses indiv\u00edduos permite compreender os fatores de risco e os desfechos de sa\u00fade na popula\u00e7\u00e3o idosa, elucidando quest\u00f5es relevantes do processo de envelhecimento.<\/p>\n<p style=\"text-align: justify;\">Este portal servir\u00e1 para divulgar as etapas do estudo desde o in\u00edcio at\u00e9 os resultados, a\u00e7\u00f5es desenvolvidas e publica\u00e7\u00f5es. Com a finalidade de facilitar o acesso a todos os interessados no tema.<\/p>\n","protected":false},"excerpt":{"rendered":"<p>O estudo \u201cCOMO VAI? Estudo Longitudinal de Sa\u00fade do Idoso\u201d \u00e9 um projeto que iniciou em 2014 realizado com idosos n\u00e3o institucionalizados, maiores de 60 anos residentes da zona urbana na cidade de Pelotas\/RS, atrav\u00e9s de financiamento da Coordena\u00e7\u00e3o de Aperfei\u00e7oamento de Pessoal de N\u00edvel Superior \u2013 CAPES. Inicialmente, os idosos foram recrutados em 2014 [&hellip;]<\/p>\n","protected":false},"author":1055,"featured_media":0,"parent":0,"menu_order":0,"comment_status":"closed","ping_status":"closed","template":"","meta":{"footnotes":""},"class_list":["post-32","page","type-page","status-publish","hentry"],"_links":{"self":[{"href":"https:\/\/wp.ufpel.edu.br\/comovai\/wp-json\/wp\/v2\/pages\/32","targetHints":{"allow":["GET"]}}],"collection":[{"href":"https:\/\/wp.ufpel.edu.br\/comovai\/wp-json\/wp\/v2\/pages"}],"about":[{"href":"https:\/\/wp.ufpel.edu.br\/comovai\/wp-json\/wp\/v2\/types\/page"}],"author":[{"embeddable":true,"href":"https:\/\/wp.ufpel.edu.br\/comovai\/wp-json\/wp\/v2\/users\/1055"}],"replies":[{"embeddable":true,"href":"https:\/\/wp.ufpel.edu.br\/comovai\/wp-json\/wp\/v2\/comments?post=32"}],"version-history":[{"count":10,"href":"https:\/\/wp.ufpel.edu.br\/comovai\/wp-json\/wp\/v2\/pages\/32\/revisions"}],"predecessor-version":[{"id":873,"href":"https:\/\/wp.ufpel.edu.br\/comovai\/wp-json\/wp\/v2\/pages\/32\/revisions\/873"}],"wp:attachment":[{"href":"https:\/\/wp.ufpel.edu.br\/comovai\/wp-json\/wp\/v2\/media?parent=32"}],"curies":[{"name":"wp","href":"https:\/\/api.w.org\/{rel}","templated":true}]}}