{"id":63,"date":"2023-11-29T17:03:05","date_gmt":"2023-11-29T20:03:05","guid":{"rendered":"https:\/\/wp.ufpel.edu.br\/comexlab\/?page_id=63"},"modified":"2025-06-30T23:23:18","modified_gmt":"2025-07-01T02:23:18","slug":"historico","status":"publish","type":"page","link":"https:\/\/wp.ufpel.edu.br\/comexlab\/historico\/","title":{"rendered":"Hist\u00f3rico"},"content":{"rendered":"<hr \/>\n<p style=\"font-weight: 400; text-align: justify;\">O \u201cCOMEXLab \u2013 Laborat\u00f3rio de Estudos e Pr\u00e1ticas em Com\u00e9rcio Exterior\u201d \u00e9 um Programa cadastrado com o C\u00f3digo 538 do sistema Cobalto. Este Programa \u00e9 referenciado nas ementas das disciplinas com carga hor\u00e1ria pr\u00e1tica de extens\u00e3o, integrando-se de maneira essencial ao curr\u00edculo do curso.<\/p>\n<p style=\"font-weight: 400; text-align: justify;\">O COMEXLab \u00e9 um programa institucional concebido para criar um ambiente de aprendizado que combina teoria e pr\u00e1tica no campo do com\u00e9rcio exterior. Os docentes envolvidos atuar\u00e3o de forma integrada, fortalecendo a interdisciplinaridade e o trabalho colaborativo. O laborat\u00f3rio foi idealizado para proporcionar aos estudantes um espa\u00e7o onde possam desenvolver habilidades pr\u00e1ticas e te\u00f3ricas necess\u00e1rias para atuar em diferentes segmentos do com\u00e9rcio internacional.<\/p>\n<p style=\"font-weight: 400; text-align: justify;\">Atrav\u00e9s do COMEXLab, os alunos ter\u00e3o a oportunidade de participar em diversas atividades que incluem a pesquisa aplicada e a an\u00e1lise de casos reais, permitindo uma imers\u00e3o completa nas pr\u00e1ticas de importa\u00e7\u00e3o, exporta\u00e7\u00e3o e log\u00edstica internacional. Al\u00e9m disso, o laborat\u00f3rio tamb\u00e9m se dedica \u00e0 realiza\u00e7\u00e3o de estudos diagn\u00f3sticos que visam \u00e0 compreens\u00e3o aprofundada das din\u00e2micas da internacionaliza\u00e7\u00e3o, oferecendo aos estudantes a possibilidade de explorar as complexidades das regulamenta\u00e7\u00f5es e normas que regem o com\u00e9rcio internacional.<\/p>\n<p style=\"font-weight: 400; text-align: justify;\">Este programa n\u00e3o s\u00f3 capacita os estudantes para enfrentar os desafios do mercado global, como tamb\u00e9m impulsiona o desenvolvimento de compet\u00eancias essenciais, como a reflex\u00e3o cr\u00edtica sobre quest\u00f5es sociais e o exerc\u00edcio da cidadania ativa. Ao se envolverem com cen\u00e1rios reais e participarem de projetos pr\u00e1ticos, os alunos t\u00eam a oportunidade de se preparar de maneira completa para suas futuras carreiras no com\u00e9rcio exterior, tornando-se profissionais altamente qualificados, conscientes de seu papel na sociedade e prontos para atuar em um mercado cada vez mais competitivo e globalizado.<\/p>\n","protected":false},"excerpt":{"rendered":"<p>O \u201cCOMEXLab \u2013 Laborat\u00f3rio de Estudos e Pr\u00e1ticas em Com\u00e9rcio Exterior\u201d \u00e9 um Programa cadastrado com o C\u00f3digo 538 do sistema Cobalto. Este Programa \u00e9 referenciado nas ementas das disciplinas com carga hor\u00e1ria pr\u00e1tica de extens\u00e3o, integrando-se de maneira essencial&#8230; <a class=\"more-link\" href=\"https:\/\/wp.ufpel.edu.br\/comexlab\/historico\/\">Continue lendo &rarr;<\/a><\/p>\n","protected":false},"author":1252,"featured_media":0,"parent":0,"menu_order":0,"comment_status":"closed","ping_status":"closed","template":"","meta":{"footnotes":""},"class_list":["post-63","page","type-page","status-publish","hentry"],"_links":{"self":[{"href":"https:\/\/wp.ufpel.edu.br\/comexlab\/wp-json\/wp\/v2\/pages\/63","targetHints":{"allow":["GET"]}}],"collection":[{"href":"https:\/\/wp.ufpel.edu.br\/comexlab\/wp-json\/wp\/v2\/pages"}],"about":[{"href":"https:\/\/wp.ufpel.edu.br\/comexlab\/wp-json\/wp\/v2\/types\/page"}],"author":[{"embeddable":true,"href":"https:\/\/wp.ufpel.edu.br\/comexlab\/wp-json\/wp\/v2\/users\/1252"}],"replies":[{"embeddable":true,"href":"https:\/\/wp.ufpel.edu.br\/comexlab\/wp-json\/wp\/v2\/comments?post=63"}],"version-history":[{"count":3,"href":"https:\/\/wp.ufpel.edu.br\/comexlab\/wp-json\/wp\/v2\/pages\/63\/revisions"}],"predecessor-version":[{"id":221,"href":"https:\/\/wp.ufpel.edu.br\/comexlab\/wp-json\/wp\/v2\/pages\/63\/revisions\/221"}],"wp:attachment":[{"href":"https:\/\/wp.ufpel.edu.br\/comexlab\/wp-json\/wp\/v2\/media?parent=63"}],"curies":[{"name":"wp","href":"https:\/\/api.w.org\/{rel}","templated":true}]}}