{"id":967,"date":"2022-09-21T15:04:13","date_gmt":"2022-09-21T18:04:13","guid":{"rendered":"https:\/\/wp.ufpel.edu.br\/comex\/?page_id=967"},"modified":"2022-09-21T15:06:38","modified_gmt":"2022-09-21T18:06:38","slug":"nome-social","status":"publish","type":"page","link":"https:\/\/wp.ufpel.edu.br\/comex\/nome-social\/","title":{"rendered":"Nome Social"},"content":{"rendered":"<hr \/>\n<p style=\"text-align: justify;\"><b>Defini\u00e7\u00e3o<\/b><br \/>\nA ado\u00e7\u00e3o do nome social na UFPel segue o que foi estabelecido pelo decreto n\u00ba 8.727, de 28 de abril de 2016, que disp\u00f5e sobre o uso do nome social e o reconhecimento da identidade de g\u00eanero de pessoas travestis e transexuais no \u00e2mbito da administra\u00e7\u00e3o p\u00fablica federal direta, aut\u00e1rquica e fundacional.<\/p>\n<p style=\"text-align: justify;\"><b>Como solicitar<\/b><br \/>\nPara realizar essa solicita\u00e7\u00e3o o aluno dever\u00e1 imprimir o formul\u00e1rio de \u201csolicita\u00e7\u00e3o de identifica\u00e7\u00e3o por nome social\u201d,\u00a0 preencher, escanear ou fotografar o mesmo e nos encaminhar atrav\u00e9s do site de atendimento\u00a0<a href=\"http:\/\/atendimento.ufpel.edu.br\/\">atendimento.ufpel.edu.br<\/a>.<br \/>\nN\u00e3o \u00e9 necess\u00e1rio reconhecimento de assinatura em cart\u00f3rio. N\u00e3o \u00e9 necess\u00e1rio anexar carteira social ou qualquer outro documento, mas caso a pessoa queira, poder\u00e1 enviar junto. Este processo s\u00f3 tramitar\u00e1 no CRA. Ap\u00f3s o envio do formul\u00e1rio, a atualiza\u00e7\u00e3o do sistema acad\u00eamico ocorrer\u00e1 o mais r\u00e1pido poss\u00edvel.<\/p>\n<p style=\"text-align: justify;\"><strong>Solicita\u00e7\u00e3o<\/strong><br \/>\n<a href=\"https:\/\/drive.google.com\/uc?export=view&amp;id=1DobwpYUpXaiL-HhJzTjLYp1rZKFsc_7t\">Solicita\u00e7\u00e3o de identifica\u00e7\u00e3o por nome social<\/a><\/p>\n","protected":false},"excerpt":{"rendered":"<p>Defini\u00e7\u00e3o A ado\u00e7\u00e3o do nome social na UFPel segue o que foi estabelecido pelo decreto n\u00ba 8.727, de 28 de abril de 2016, que disp\u00f5e sobre o uso do nome social e o reconhecimento da identidade de g\u00eanero de pessoas travestis e transexuais no \u00e2mbito da administra\u00e7\u00e3o p\u00fablica federal direta, aut\u00e1rquica e fundacional. Como solicitar &hellip; <\/p>\n<p><a class=\"more-link btn\" href=\"https:\/\/wp.ufpel.edu.br\/comex\/nome-social\/\">Continue lendo<\/a><\/p>\n","protected":false},"author":1252,"featured_media":0,"parent":0,"menu_order":0,"comment_status":"closed","ping_status":"closed","template":"","meta":{"footnotes":""},"class_list":["post-967","page","type-page","status-publish","hentry","nodate","item-wrap"],"jetpack_sharing_enabled":true,"_links":{"self":[{"href":"https:\/\/wp.ufpel.edu.br\/comex\/wp-json\/wp\/v2\/pages\/967","targetHints":{"allow":["GET"]}}],"collection":[{"href":"https:\/\/wp.ufpel.edu.br\/comex\/wp-json\/wp\/v2\/pages"}],"about":[{"href":"https:\/\/wp.ufpel.edu.br\/comex\/wp-json\/wp\/v2\/types\/page"}],"author":[{"embeddable":true,"href":"https:\/\/wp.ufpel.edu.br\/comex\/wp-json\/wp\/v2\/users\/1252"}],"replies":[{"embeddable":true,"href":"https:\/\/wp.ufpel.edu.br\/comex\/wp-json\/wp\/v2\/comments?post=967"}],"version-history":[{"count":2,"href":"https:\/\/wp.ufpel.edu.br\/comex\/wp-json\/wp\/v2\/pages\/967\/revisions"}],"predecessor-version":[{"id":973,"href":"https:\/\/wp.ufpel.edu.br\/comex\/wp-json\/wp\/v2\/pages\/967\/revisions\/973"}],"wp:attachment":[{"href":"https:\/\/wp.ufpel.edu.br\/comex\/wp-json\/wp\/v2\/media?parent=967"}],"curies":[{"name":"wp","href":"https:\/\/api.w.org\/{rel}","templated":true}]}}