{"id":964,"date":"2022-09-21T14:59:52","date_gmt":"2022-09-21T17:59:52","guid":{"rendered":"https:\/\/wp.ufpel.edu.br\/comex\/?page_id=964"},"modified":"2022-09-21T15:06:10","modified_gmt":"2022-09-21T18:06:10","slug":"diploma","status":"publish","type":"page","link":"https:\/\/wp.ufpel.edu.br\/comex\/diploma\/","title":{"rendered":"Diploma"},"content":{"rendered":"<hr \/>\n<p style=\"text-align: justify;\">A Universidade outorgar\u00e1 diploma que comprove a forma\u00e7\u00e3o recebida pelo seu titular, somente ap\u00f3s a verifica\u00e7\u00e3o do cumprimento das exig\u00eancias do curr\u00edculo do curso ao qual o discente esteve vinculado e participa\u00e7\u00e3o, devidamente comprovada atrav\u00e9s de ata, em solenidade de cola\u00e7\u00e3o de grau, conforme a legisla\u00e7\u00e3o vigente.<\/p>\n<p style=\"text-align: justify;\"><strong>Prazo para entrega<br \/>\n<\/strong>O prazo para entrega do documento vai de 60 at\u00e9 120 dias ap\u00f3s a cola\u00e7\u00e3o de grau, conforme Portaria MEC n\u00ba 1.095, de 25 de outubro de 2018.<\/p>\n<p style=\"text-align: justify;\"><strong>Tenho urg\u00eancia para retirar meu diploma. Como procedo?<\/strong><br \/>\nVeja\u00a0<a href=\"https:\/\/wp.ufpel.edu.br\/cra\/solicitacao-de-urgencia\/\">Solicita\u00e7\u00e3o de urg\u00eancia de diploma<\/a>.<\/p>\n<p style=\"text-align: justify;\"><strong>Onde retiro meu diploma?<br \/>\n<\/strong>Para aqueles que se formaram at\u00e9 31\/12\/2021 o diploma \u00e9 impresso e deve ser retirado na Secretaria da Dire\u00e7\u00e3o da Unidade Acad\u00eamica ao qual seu curso est\u00e1 vinculado. Para os formados a partir de 01\/01\/2022 o diploma \u00e9 digital.<br \/>\nA UFPEL aderiu ao servi\u00e7o de diploma digital da RNP. O seu diploma digital pode ser acessado atrav\u00e9s do Sistema Cobalto (Menu \u201cAluno -&gt; Consulta -&gt; Diploma Digital\u201d), voc\u00ea ter\u00e1 acesso a dois documentos: o arquivo XML do Diploma Digital e a Representa\u00e7\u00e3o Visual do Diploma Digital \u2013 RVDD.<br \/>\n\u00c9 importante salientar que a Representa\u00e7\u00e3o Visual do Diploma Digital \u2013 RVDD n\u00e3o substitui o arquivo XML do Diploma Digital, em termos jur\u00eddicos. A RVDD apresenta os dados contidos no arquivo XML em uma forma mais f\u00e1cil de ser compreendida. Sendo assim, se necess\u00e1rio apresentar uma vers\u00e3o f\u00edsica\/impressa do seu Diploma, sugerimos que a Representa\u00e7\u00e3o Visual impressa por voc\u00ea seja apresentada junto com o arquivo XML do Diploma Digital.<br \/>\nDiscentes vinculados ao programa PEC-G continuar\u00e3o recebendo seus documentos na autoridade consular brasileira no seu pa\u00eds de origem.<\/p>\n<p style=\"text-align: justify;\"><strong>Preciso verificar a autenticidade de um diploma emitido pela UFPel. Como proceder?<br \/>\n<\/strong>Para diplomas de Gradua\u00e7\u00e3o expedidos at\u00e9 maio de 2019 e diplomas de P\u00f3s-Gradua\u00e7\u00e3o, veja Verifica\u00e7\u00e3o de Autenticidade de Diploma.\u00a0Diplomas de gradua\u00e7\u00e3o registrados de maio de 2019 at\u00e9 31\/12\/2021 podem ser verificados atrav\u00e9s da\u00a0<a href=\"https:\/\/cobalto.ufpel.edu.br\/portal\/consultas\/registroDiplomaPublico\">Consulta ao registro de diplomas de gradua\u00e7\u00e3o<\/a><br \/>\nA conformidade do diploma digital poder\u00e1 ser verificada atrav\u00e9s da p\u00e1gina do Minist\u00e9rio da Educa\u00e7\u00e3o (https:\/\/validadordiplomadigital.mec.gov.br\/diploma), mas para isso ser\u00e1 necess\u00e1rio ter arquivo XML referente ao diploma e fazer o upload deste arquivo no site do MEC. Somente o egresso tem acesso ao arquivo XML do seu diploma atrav\u00e9s do sistema acad\u00eamico. N\u00e3o fornecemos nem damos acesso ao arquivo XML ou \u00e0 RVDD para terceiros.<\/p>\n<p style=\"text-align: justify;\"><strong>Preciso reconhecer a firma das autoridades que assinaram o diploma. Como proceder?<br \/>\n<\/strong>A UFPel n\u00e3o faz o reconhecimento das firmas. A maioria das autoridades que assinam diplomas, incluindo ex-Reitores e funcion\u00e1rios da CRA, t\u00eam cart\u00e3o de assinatura no Cart\u00f3rio Lorenzi ou no Cart\u00f3rio Zulmira, na cidade de Pelotas. Procure o cart\u00f3rio para maiores informa\u00e7\u00f5es.<\/p>\n<p style=\"text-align: justify;\"><strong>Perguntas e respostas sobre o diploma digital<br \/>\n<\/strong>Para maiores informa\u00e7\u00f5es sobre o diploma digital, acesse o FAQ do Minist\u00e9rio da Educa\u00e7\u00e3o:\u00a0<a href=\"http:\/\/portal.mec.gov.br\/diplomadigital\/index.php#faq\">http:\/\/portal.mec.gov.br\/diplomadigital\/index.php#faq<\/a><\/p>\n<p style=\"text-align: justify;\"><strong>Base legal:<br \/>\n<\/strong><a href=\"https:\/\/www.in.gov.br\/materia\/-\/asset_publisher\/Kujrw0TZC2Mb\/content\/id\/66544171\/do1-2019-03-12-portaria-n-554-de-11-de-marco-de-2019-66543842\">Portaria MEC n\u00ba 554, de 11 de mar\u00e7o de 2019.<\/a><br \/>\n<a href=\"https:\/\/www.in.gov.br\/materia\/-\/asset_publisher\/Kujrw0TZC2Mb\/content\/id\/47330359\/do1-2018-10-26-portaria-no-1-095-de-25-de-outubro-de-2018-47330016\">Portaria MEC n\u00ba 1.095, de 25 de outubro de 2018.<\/a><br \/>\n<a href=\"https:\/\/normativasconselhos.mec.gov.br\/normativa\/view\/CNE_pces37904.pdf?query=Classifica\u00e7\u00e3o\">Parecer CNE\/CES 379\/2004, de 08 de dezembro de 2004.<\/a><\/p>\n","protected":false},"excerpt":{"rendered":"<p>A Universidade outorgar\u00e1 diploma que comprove a forma\u00e7\u00e3o recebida pelo seu titular, somente ap\u00f3s a verifica\u00e7\u00e3o do cumprimento das exig\u00eancias do curr\u00edculo do curso ao qual o discente esteve vinculado e participa\u00e7\u00e3o, devidamente comprovada atrav\u00e9s de ata, em solenidade de cola\u00e7\u00e3o de grau, conforme a legisla\u00e7\u00e3o vigente. Prazo para entrega O prazo para entrega do &hellip; <\/p>\n<p><a class=\"more-link btn\" href=\"https:\/\/wp.ufpel.edu.br\/comex\/diploma\/\">Continue lendo<\/a><\/p>\n","protected":false},"author":1252,"featured_media":0,"parent":0,"menu_order":0,"comment_status":"closed","ping_status":"closed","template":"","meta":{"footnotes":""},"class_list":["post-964","page","type-page","status-publish","hentry","nodate","item-wrap"],"jetpack_sharing_enabled":true,"_links":{"self":[{"href":"https:\/\/wp.ufpel.edu.br\/comex\/wp-json\/wp\/v2\/pages\/964","targetHints":{"allow":["GET"]}}],"collection":[{"href":"https:\/\/wp.ufpel.edu.br\/comex\/wp-json\/wp\/v2\/pages"}],"about":[{"href":"https:\/\/wp.ufpel.edu.br\/comex\/wp-json\/wp\/v2\/types\/page"}],"author":[{"embeddable":true,"href":"https:\/\/wp.ufpel.edu.br\/comex\/wp-json\/wp\/v2\/users\/1252"}],"replies":[{"embeddable":true,"href":"https:\/\/wp.ufpel.edu.br\/comex\/wp-json\/wp\/v2\/comments?post=964"}],"version-history":[{"count":2,"href":"https:\/\/wp.ufpel.edu.br\/comex\/wp-json\/wp\/v2\/pages\/964\/revisions"}],"predecessor-version":[{"id":972,"href":"https:\/\/wp.ufpel.edu.br\/comex\/wp-json\/wp\/v2\/pages\/964\/revisions\/972"}],"wp:attachment":[{"href":"https:\/\/wp.ufpel.edu.br\/comex\/wp-json\/wp\/v2\/media?parent=964"}],"curies":[{"name":"wp","href":"https:\/\/api.w.org\/{rel}","templated":true}]}}