{"id":942,"date":"2022-09-21T10:13:19","date_gmt":"2022-09-21T13:13:19","guid":{"rendered":"https:\/\/wp.ufpel.edu.br\/comex\/?page_id=942"},"modified":"2022-09-21T13:01:32","modified_gmt":"2022-09-21T16:01:32","slug":"abono-de-faltas","status":"publish","type":"page","link":"https:\/\/wp.ufpel.edu.br\/comex\/abono-de-faltas\/","title":{"rendered":"Abono de faltas"},"content":{"rendered":"<hr \/>\n<p style=\"text-align: justify;\"><strong>Defini\u00e7\u00e3o<\/strong><br \/>\nO abono de faltas ser\u00e1 concedido, mediante comprova\u00e7\u00e3o, conforme legisla\u00e7\u00e3o vigente, nos seguintes casos:<br \/>\nI \u2013 ao discente matriculado em \u00d3rg\u00e3o de Forma\u00e7\u00e3o de Reserva (Servi\u00e7o Militar) que seja obrigado a faltar em suas atividades civis por for\u00e7a de exerc\u00edcios ou manobras, ou reservista convocado para apresenta\u00e7\u00f5es ou cerim\u00f4nias c\u00edvicas;<br \/>\nII \u2013 ao discente contemplado com a possibilidade de Exerc\u00edcios Domiciliares, nos termos da se\u00e7\u00e3o V, do Cap. I do Regulamento de Ensino de Gradua\u00e7\u00e3o;<br \/>\nIII \u2013 ao discente designado membro da CONAES \u2013 Comiss\u00e3o Nacional de Avalia\u00e7\u00e3o da Educa\u00e7\u00e3o Superior, que tenha participado de reuni\u00f5es em hor\u00e1rios coincidentes com os das atividades acad\u00eamicas;<br \/>\nIV \u2013 ao discente que integrar representa\u00e7\u00e3o desportiva nacional, conforme Lei 9.615 de 1998, Artigo 85;<br \/>\nV \u2013 ao discente representante em inst\u00e2ncias superiores institucionais da UFPel, mediante portaria.<\/p>\n<p style=\"text-align: justify;\">OBS: a apresenta\u00e7\u00e3o de atestado m\u00e9dico de sa\u00fade n\u00e3o \u00e9 motivo para abono de falta, apenas para a eventual realiza\u00e7\u00e3o de segunda chamada de prova.<br \/>\n<strong>\u00a0<\/strong><br \/>\n<strong>Como solicitar<\/strong><br \/>\nO discente dever\u00e1 entregar documento que comprove as situa\u00e7\u00f5es previstas para o abono de faltas ao Colegiado do Curso de Com\u00e9rcio Exterior, atrav\u00e9s do e-mail da Secretaria do Curso (<a href=\"mailto:colegiadosccso@gmail.com\">colegiadosccso@gmail.com<\/a>).<\/p>\n<p style=\"text-align: justify;\"><strong>Fluxograma<\/strong><\/p>\n\n<table id=\"tablepress-11\" class=\"tablepress tablepress-id-11\">\n<thead>\n<tr class=\"row-1\">\n\t<th class=\"column-1\">Etapa<\/th><th class=\"column-2\">Respons\u00e1vel<\/th><th class=\"column-3\">Procedimento<\/th>\n<\/tr>\n<\/thead>\n<tbody class=\"row-striping row-hover\">\n<tr class=\"row-2\">\n\t<td class=\"column-1\">1<\/td><td class=\"column-2\">Discente<\/td><td class=\"column-3\">- Encaminhar a documenta\u00e7\u00e3o para o e-mail da Secretaria do Curso (<a href=\"mailto:colegiadosccso@gmail.com\">colegiadosccso@gmail.com<\/a>).<\/td>\n<\/tr>\n<tr class=\"row-3\">\n\t<td class=\"column-1\">2<\/td><td class=\"column-2\">Colegiado<\/td><td class=\"column-3\">\u2013 Avaliar a solicita\u00e7\u00e3o de acordo com as normas vigentes;<br \/>\n\u2013 Encaminhar ao docente para ci\u00eancia.<\/td>\n<\/tr>\n<tr class=\"row-4\">\n\t<td class=\"column-1\">3<\/td><td class=\"column-2\">Docente<\/td><td class=\"column-3\">\u2013 Nos casos em que n\u00e3o for poss\u00edvel ao docente informar o aproveitamento acad\u00eamico no fechamento da turma, este dever\u00e1 informado por meio do FPIN eletr\u00f4nico no Sistema COBALTO.<\/td>\n<\/tr>\n<\/tbody>\n<\/table>\n<!-- #tablepress-11 from cache -->\n<p style=\"text-align: justify;\"><strong>Legisla\u00e7\u00e3o espec\u00edfica:<br \/>\n<\/strong><a href=\"http:\/\/www.planalto.gov.br\/ccivil_03\/LEIS\/L9394.htm\">Lei Federal N\u00b0 9.394\/1996<\/a><br \/>\n<a href=\"https:\/\/www.planalto.gov.br\/ccivil_03\/decreto-lei\/Del1044.htm\">Decreto-lei N\u00b0 1.044\/1969<\/a><br \/>\n<a href=\"http:\/\/www.planalto.gov.br\/ccivil_03\/leis\/L9615consol.htm\">Lei Federal N\u00b0 9.615\/1998<\/a><br \/>\n<a href=\"http:\/\/www.planalto.gov.br\/ccivil_03\/leis\/L4375.htm\">Lei Federal N\u00b0 4.375\/1964<\/a><\/p>\n","protected":false},"excerpt":{"rendered":"<p>Defini\u00e7\u00e3o O abono de faltas ser\u00e1 concedido, mediante comprova\u00e7\u00e3o, conforme legisla\u00e7\u00e3o vigente, nos seguintes casos: I \u2013 ao discente matriculado em \u00d3rg\u00e3o de Forma\u00e7\u00e3o de Reserva (Servi\u00e7o Militar) que seja obrigado a faltar em suas atividades civis por for\u00e7a de exerc\u00edcios ou manobras, ou reservista convocado para apresenta\u00e7\u00f5es ou cerim\u00f4nias c\u00edvicas; II \u2013 ao discente &hellip; <\/p>\n<p><a class=\"more-link btn\" href=\"https:\/\/wp.ufpel.edu.br\/comex\/abono-de-faltas\/\">Continue lendo<\/a><\/p>\n","protected":false},"author":1252,"featured_media":0,"parent":0,"menu_order":0,"comment_status":"closed","ping_status":"closed","template":"","meta":{"footnotes":""},"class_list":["post-942","page","type-page","status-publish","hentry","nodate","item-wrap"],"jetpack_sharing_enabled":true,"_links":{"self":[{"href":"https:\/\/wp.ufpel.edu.br\/comex\/wp-json\/wp\/v2\/pages\/942","targetHints":{"allow":["GET"]}}],"collection":[{"href":"https:\/\/wp.ufpel.edu.br\/comex\/wp-json\/wp\/v2\/pages"}],"about":[{"href":"https:\/\/wp.ufpel.edu.br\/comex\/wp-json\/wp\/v2\/types\/page"}],"author":[{"embeddable":true,"href":"https:\/\/wp.ufpel.edu.br\/comex\/wp-json\/wp\/v2\/users\/1252"}],"replies":[{"embeddable":true,"href":"https:\/\/wp.ufpel.edu.br\/comex\/wp-json\/wp\/v2\/comments?post=942"}],"version-history":[{"count":5,"href":"https:\/\/wp.ufpel.edu.br\/comex\/wp-json\/wp\/v2\/pages\/942\/revisions"}],"predecessor-version":[{"id":960,"href":"https:\/\/wp.ufpel.edu.br\/comex\/wp-json\/wp\/v2\/pages\/942\/revisions\/960"}],"wp:attachment":[{"href":"https:\/\/wp.ufpel.edu.br\/comex\/wp-json\/wp\/v2\/media?parent=942"}],"curies":[{"name":"wp","href":"https:\/\/api.w.org\/{rel}","templated":true}]}}