{"id":938,"date":"2022-09-21T10:10:06","date_gmt":"2022-09-21T13:10:06","guid":{"rendered":"https:\/\/wp.ufpel.edu.br\/comex\/?page_id=938"},"modified":"2023-08-22T12:52:53","modified_gmt":"2023-08-22T15:52:53","slug":"exercicios-domiciliares","status":"publish","type":"page","link":"https:\/\/wp.ufpel.edu.br\/comex\/exercicios-domiciliares\/","title":{"rendered":"Exerc\u00edcios domiciliares"},"content":{"rendered":"<hr \/>\n<p class=\"has-16-undefined-undefined-font-size\" style=\"text-align: justify;\"><strong>Defini\u00e7\u00e3o<\/strong><br \/>\nExerc\u00edcio Domiciliar \u00e9 a possibilidade de substitui\u00e7\u00e3o da frequ\u00eancia \u00e0s aulas por atividades orientadas fora do ambiente acad\u00eamico. \u00c9 permitido substituir a frequ\u00eancia \u00e0s aulas por exerc\u00edcios domiciliares, resguardada a qualidade do trabalho acad\u00eamico, nos seguintes casos:<\/p>\n<p>a) \u00e0 aluna gestante que, por ordem m\u00e9dica, esteja impedida de frequentar as atividades acad\u00eamicas;<br \/>\nb) licen\u00e7a maternidade e paternidade, em prazo condizente com a legisla\u00e7\u00e3o vigente;<br \/>\nc) ao discente com afec\u00e7\u00f5es cong\u00eanitas ou adquiridas, infec\u00e7\u00f5es, traumatismos, doen\u00e7as infectocontagiosas ou outras condi\u00e7\u00f5es caracterizadas por incapacidade f\u00edsica, incompat\u00edvel com a frequ\u00eancia normal \u00e0s atividades acad\u00eamicas;<br \/>\nd) ao discente com defici\u00eancia, quando n\u00e3o for poss\u00edvel sua integra\u00e7\u00e3o ao ambiente acad\u00eamico. Neste caso a solicita\u00e7\u00e3o de tratamento excepcional dever\u00e1 ser renovada a cada per\u00edodo letivo, mediante a apresenta\u00e7\u00e3o de laudos m\u00e9dicos.<\/p>\n<p>A concess\u00e3o de tratamento excepcional fica condicionada \u00e0 possibilidade de garantia de continuidade do processo did\u00e1tico-pedag\u00f3gico. N\u00e3o ser\u00e1 concedido exerc\u00edcio domiciliar ao discente matriculado em regime especial, e ao discente matriculado nos componentes curriculares que ofere\u00e7am:<\/p>\n<p class=\"has-16-undefined-undefined-font-size\" style=\"text-align: justify;\">I \u2013 est\u00e1gio curricular;<br \/>\nII \u2013 pr\u00e1ticas laboratoriais ou ambulatoriais;<br \/>\nIII \u2013 atividades cuja execu\u00e7\u00e3o n\u00e3o possa ocorrer fora do ambiente acad\u00eamico;<br \/>\nIV \u2013 demais atividades cuja natureza seja incompat\u00edvel como exerc\u00edcio domiciliar.<\/p>\n<p class=\"has-16-undefined-undefined-font-size\" style=\"text-align: justify;\"><strong>Como solicitar<\/strong><br \/>\nA solicita\u00e7\u00e3o deve ser feita via sistema acad\u00eamico, menu: <strong>Aluno &gt; Cadastro &gt; Solicita\u00e7\u00e3o de exerc\u00edcios domiciliares<\/strong>. Da seguinte forma:<\/p>\n<p>I \u2013 Deve ser protocolada at\u00e9 o quinto dia posterior ao in\u00edcio da ocorr\u00eancia do fato impeditivo;<br \/>\nII \u2013 Deve ser informado o motivo e inclu\u00eddo o atestado de sa\u00fade;<br \/>\nIII \u2013 Deve salvar a solicita\u00e7\u00e3o e acompanhar o resultado pelo Cobalto.<\/p>\n<p>A per\u00edcia ir\u00e1 registrar o parecer no sistema acad\u00eamico. Com base no parecer da per\u00edcia, o Colegiado do curso, dever\u00e1 avaliar e registrar a possibilidade pedag\u00f3gica de realiza\u00e7\u00e3o das atividades em regime domiciliar. Na impossibilidade de realiza\u00e7\u00e3o dos exerc\u00edcios domiciliares o colegiado dever\u00e1 encaminhar a recomenda\u00e7\u00e3o de trancamento da matr\u00edcula. Em caso de deferimento, o professor do componente receber\u00e1 uma mensagem para cadastrar as atividades que dever\u00e3o ser desenvolvidas pelo aluno durante o per\u00edodo de exerc\u00edcios domiciliares.<\/p>\n<p class=\"has-16-undefined-undefined-font-size\" style=\"text-align: justify;\"><strong>Fluxograma<\/strong><\/p>\n<p style=\"text-align: justify;\"><strong>\n<table id=\"tablepress-10\" class=\"tablepress tablepress-id-10\">\n<thead>\n<tr class=\"row-1\">\n\t<th class=\"column-1\">Etapa<\/th><th class=\"column-2\">Respons\u00e1vel<\/th><th class=\"column-3\">Procedimento<\/th>\n<\/tr>\n<\/thead>\n<tbody class=\"row-striping row-hover\">\n<tr class=\"row-2\">\n\t<td class=\"column-1\">1<\/td><td class=\"column-2\">Discente<\/td><td class=\"column-3\">\u2013 Cadastrar a solicita\u00e7\u00e3o de Exerc\u00edcios domiciliares e enviar atestado de sa\u00fade no Cobalto;<br \/>\nMenu: Aluno > Cadastro > Solicita\u00e7\u00e3o de Exerc\u00edcios Domiciliares<\/td>\n<\/tr>\n<tr class=\"row-3\">\n\t<td class=\"column-1\">2<\/td><td class=\"column-2\">Per\u00edcia M\u00e9dica<\/td><td class=\"column-3\">\u2013 Emitir parecer no Cobalto;<br \/>\nMenu: Gest\u00e3o acad\u00eamica > Processos > Solicita\u00e7\u00e3o de Exerc\u00edcios Domiciliares<\/td>\n<\/tr>\n<tr class=\"row-4\">\n\t<td class=\"column-1\">3<\/td><td class=\"column-2\">Colegiado do Curso<\/td><td class=\"column-3\">\u2013 Avaliar a condi\u00e7\u00e3o pedag\u00f3gica do exerc\u00edcio domiciliar;<br \/>\n\u2013 Registrar o deferimento ou indeferimento no Cobalto.<br \/>\nMenu: Gest\u00e3o Acad\u00eamica > Processos > Homologar exerc\u00edcios domiciliares<\/td>\n<\/tr>\n<tr class=\"row-5\">\n\t<td class=\"column-1\">4<\/td><td class=\"column-2\">Docente<\/td><td class=\"column-3\">\u2013 Registrar as atividades que dever\u00e3o ser realizadas pelo discente durante o per\u00edodo de Exerc\u00edcios domiciliares.<br \/>\nMenu: Professor > Cadastros > Exerc\u00edcios domiciliares > atividades<\/td>\n<\/tr>\n<tr class=\"row-6\">\n\t<td class=\"column-1\">5<\/td><td class=\"column-2\">Discente<\/td><td class=\"column-3\">\u2013 Verificar as atividades registradas pelo Professor no Cobalto;<br \/>\nMenu: Aluno > Cadastro > Solicita\u00e7\u00e3o de Exerc\u00edcios Domiciliares<\/td>\n<\/tr>\n<tr class=\"row-7\">\n\t<td class=\"column-1\">6<\/td><td class=\"column-2\">Docente<\/td><td class=\"column-3\">\u2013 Nos casos em que n\u00e3o for poss\u00edvel ao docente informar o aproveitamento acad\u00eamico  e frequ\u00eancia no fechamento da turma, dever\u00e1 ser informado por meio do FPIN eletr\u00f4nico no Sistema COBALTO.<br \/>\n<br \/>\nOBS: N\u00e3o deve ser registrada presen\u00e7a se o aluno n\u00e3o estiver em aula. Na FPIN dever\u00e1 ser preenchido o campo N\u00ba de faltas (conforme registrado no di\u00e1rio de classe); N\u00ba de faltas abonadas (referente ao per\u00edodo do afastamento justificado); e o campo Justificativa (marcar a op\u00e7\u00e3o dispon\u00edvel, nesse caso, exerc\u00edcios domiciliares).<\/td>\n<\/tr>\n<\/tbody>\n<\/table>\n\n<\/strong><\/p>\n","protected":false},"excerpt":{"rendered":"<p>Defini\u00e7\u00e3o Exerc\u00edcio Domiciliar \u00e9 a possibilidade de substitui\u00e7\u00e3o da frequ\u00eancia \u00e0s aulas por atividades orientadas fora do ambiente acad\u00eamico. \u00c9 permitido substituir a frequ\u00eancia \u00e0s aulas por exerc\u00edcios domiciliares, resguardada a qualidade do trabalho acad\u00eamico, nos seguintes casos: a) \u00e0 aluna gestante que, por ordem m\u00e9dica, esteja impedida de frequentar as atividades acad\u00eamicas; b) licen\u00e7a &hellip; <\/p>\n<p><a class=\"more-link btn\" href=\"https:\/\/wp.ufpel.edu.br\/comex\/exercicios-domiciliares\/\">Continue lendo<\/a><\/p>\n","protected":false},"author":1252,"featured_media":0,"parent":0,"menu_order":0,"comment_status":"closed","ping_status":"closed","template":"","meta":{"footnotes":""},"class_list":["post-938","page","type-page","status-publish","hentry","nodate","item-wrap"],"jetpack_sharing_enabled":true,"_links":{"self":[{"href":"https:\/\/wp.ufpel.edu.br\/comex\/wp-json\/wp\/v2\/pages\/938","targetHints":{"allow":["GET"]}}],"collection":[{"href":"https:\/\/wp.ufpel.edu.br\/comex\/wp-json\/wp\/v2\/pages"}],"about":[{"href":"https:\/\/wp.ufpel.edu.br\/comex\/wp-json\/wp\/v2\/types\/page"}],"author":[{"embeddable":true,"href":"https:\/\/wp.ufpel.edu.br\/comex\/wp-json\/wp\/v2\/users\/1252"}],"replies":[{"embeddable":true,"href":"https:\/\/wp.ufpel.edu.br\/comex\/wp-json\/wp\/v2\/comments?post=938"}],"version-history":[{"count":8,"href":"https:\/\/wp.ufpel.edu.br\/comex\/wp-json\/wp\/v2\/pages\/938\/revisions"}],"predecessor-version":[{"id":1360,"href":"https:\/\/wp.ufpel.edu.br\/comex\/wp-json\/wp\/v2\/pages\/938\/revisions\/1360"}],"wp:attachment":[{"href":"https:\/\/wp.ufpel.edu.br\/comex\/wp-json\/wp\/v2\/media?parent=938"}],"curies":[{"name":"wp","href":"https:\/\/api.w.org\/{rel}","templated":true}]}}