{"id":922,"date":"2022-09-21T09:32:52","date_gmt":"2022-09-21T12:32:52","guid":{"rendered":"https:\/\/wp.ufpel.edu.br\/comex\/?page_id=922"},"modified":"2022-09-21T12:54:47","modified_gmt":"2022-09-21T15:54:47","slug":"revisao-de-prova","status":"publish","type":"page","link":"https:\/\/wp.ufpel.edu.br\/comex\/revisao-de-prova\/","title":{"rendered":"Revis\u00e3o de Prova"},"content":{"rendered":"<hr \/>\n<p style=\"text-align: justify;\">A revis\u00e3o de desempenho acad\u00eamico dever\u00e1 ser formalizada pelo aluno mediante envio, para o e-mail da Secretaria \u00a0do Curso (<a href=\"mailto:colegiadosccso@gmail.com\">colegiadosccso@gmail.com<\/a>), de requerimento endere\u00e7ado ao Colegiado do Curso de Com\u00e9rcio Exterior. \u00a0Ap\u00f3s a divulga\u00e7\u00e3o do resultado da avalia\u00e7\u00e3o, o discente ter\u00e1 o prazo de at\u00e9 dois dias \u00fateis para solicitar vistas \u00e0 prova ou outro instrumento avaliativo e mais dois dias \u00fateis para solicitar a sua revis\u00e3o.<br \/>\nO processo de revis\u00e3o de desempenho acad\u00eamico dever\u00e1 ser analisado por uma comiss\u00e3o composta por 03 (tr\u00eas) docentes, instaurada pelo Conselho do CCSO, incluindo o docente respons\u00e1vel pelo referido componente curricular, sendo facultada ao acad\u00eamico a sua participa\u00e7\u00e3o.\u00a0A comiss\u00e3o proceder\u00e1 a revis\u00e3o da avalia\u00e7\u00e3o e emitir\u00e1 parecer no prazo de at\u00e9 05 (cinco) dias \u00fateis ap\u00f3s o ato de sua instaura\u00e7\u00e3o.<\/p>\n<p><strong>Requerimento<\/strong><br \/>\n<a href=\"https:\/\/wp.ufpel.edu.br\/cra\/files\/2020\/07\/Requerimento-revis\u00e3o-desempenho.pdf\">Requerimento revis\u00e3o desempenho<\/a><\/p>\n<p><strong>Fluxograma<\/strong><\/p>\n<p><strong>\n<table id=\"tablepress-9\" class=\"tablepress tablepress-id-9\">\n<thead>\n<tr class=\"row-1\">\n\t<th class=\"column-1\">Etapa<\/th><th class=\"column-2\">Respons\u00e1vel<\/th><th class=\"column-3\">Procedimento<\/th>\n<\/tr>\n<\/thead>\n<tbody class=\"row-striping row-hover\">\n<tr class=\"row-2\">\n\t<td class=\"column-1\">1<\/td><td class=\"column-2\">Discente<\/td><td class=\"column-3\">- Preencher e assinar o documento<br \/>\n- Enviar o documento para o e-mail da Secretaria do Curso (<a href=\"mailto:colegiadosccso@gmail.com\">colegiadosccso@gmail.com<\/a>)<\/td>\n<\/tr>\n<tr class=\"row-3\">\n\t<td class=\"column-1\">2<\/td><td class=\"column-2\">Colegiado do Curso<\/td><td class=\"column-3\">\u2013 Avaliar a solicita\u00e7\u00e3o:<br \/>\na) Se desfavor\u00e1vel: informar o discente e arquivar o processo;<br \/>\nb) Se favor\u00e1vel: encaminhar ao Conselho do CCSO. <\/td>\n<\/tr>\n<tr class=\"row-4\">\n\t<td class=\"column-1\">3<\/td><td class=\"column-2\">Conselho do CCSO<\/td><td class=\"column-3\">\u2013 Compor banca avaliadora.<\/td>\n<\/tr>\n<tr class=\"row-5\">\n\t<td class=\"column-1\">4<\/td><td class=\"column-2\">Banca Avaliadora<\/td><td class=\"column-3\">\u2013 Analisar e emitir parecer. <\/td>\n<\/tr>\n<tr class=\"row-6\">\n\t<td class=\"column-1\">5<\/td><td class=\"column-2\">Docente respons\u00e1vel pela turma<\/td><td class=\"column-3\">\u2013 Corrigir a nota, se necess\u00e1rio. <\/td>\n<\/tr>\n<\/tbody>\n<\/table>\n\n<\/strong><\/p>\n","protected":false},"excerpt":{"rendered":"<p>A revis\u00e3o de desempenho acad\u00eamico dever\u00e1 ser formalizada pelo aluno mediante envio, para o e-mail da Secretaria \u00a0do Curso (colegiadosccso@gmail.com), de requerimento endere\u00e7ado ao Colegiado do Curso de Com\u00e9rcio Exterior. \u00a0Ap\u00f3s a divulga\u00e7\u00e3o do resultado da avalia\u00e7\u00e3o, o discente ter\u00e1 o prazo de at\u00e9 dois dias \u00fateis para solicitar vistas \u00e0 prova ou outro instrumento &hellip; <\/p>\n<p><a class=\"more-link btn\" href=\"https:\/\/wp.ufpel.edu.br\/comex\/revisao-de-prova\/\">Continue lendo<\/a><\/p>\n","protected":false},"author":1252,"featured_media":0,"parent":0,"menu_order":0,"comment_status":"closed","ping_status":"closed","template":"","meta":{"footnotes":""},"class_list":["post-922","page","type-page","status-publish","hentry","nodate","item-wrap"],"jetpack_sharing_enabled":true,"_links":{"self":[{"href":"https:\/\/wp.ufpel.edu.br\/comex\/wp-json\/wp\/v2\/pages\/922","targetHints":{"allow":["GET"]}}],"collection":[{"href":"https:\/\/wp.ufpel.edu.br\/comex\/wp-json\/wp\/v2\/pages"}],"about":[{"href":"https:\/\/wp.ufpel.edu.br\/comex\/wp-json\/wp\/v2\/types\/page"}],"author":[{"embeddable":true,"href":"https:\/\/wp.ufpel.edu.br\/comex\/wp-json\/wp\/v2\/users\/1252"}],"replies":[{"embeddable":true,"href":"https:\/\/wp.ufpel.edu.br\/comex\/wp-json\/wp\/v2\/comments?post=922"}],"version-history":[{"count":10,"href":"https:\/\/wp.ufpel.edu.br\/comex\/wp-json\/wp\/v2\/pages\/922\/revisions"}],"predecessor-version":[{"id":957,"href":"https:\/\/wp.ufpel.edu.br\/comex\/wp-json\/wp\/v2\/pages\/922\/revisions\/957"}],"wp:attachment":[{"href":"https:\/\/wp.ufpel.edu.br\/comex\/wp-json\/wp\/v2\/media?parent=922"}],"curies":[{"name":"wp","href":"https:\/\/api.w.org\/{rel}","templated":true}]}}