{"id":85,"date":"2022-07-24T20:15:11","date_gmt":"2022-07-24T23:15:11","guid":{"rendered":"https:\/\/wp.ufpel.edu.br\/comex\/?page_id=85"},"modified":"2023-02-07T08:35:21","modified_gmt":"2023-02-07T11:35:21","slug":"segunda-chamada-de-avaliacao","status":"publish","type":"page","link":"https:\/\/wp.ufpel.edu.br\/comex\/segunda-chamada-de-avaliacao\/","title":{"rendered":"Segunda Chamada de Avalia\u00e7\u00e3o"},"content":{"rendered":"<hr \/>\n<p style=\"text-align: justify;\"><strong>Defini\u00e7\u00e3o<\/strong><br \/>\nO discente que, por impedimento legal devidamente comprovado, faltar a uma avalia\u00e7\u00e3o, poder\u00e1 realiz\u00e1-la em outro momento, desde que requeira por escrito ao colegiado do curso, at\u00e9 3 (tr\u00eas) dias \u00fateis ap\u00f3s a realiza\u00e7\u00e3o da avalia\u00e7\u00e3o anterior:<br \/>\nI \u2013 Caber\u00e1 ao colegiado de curso deliberar sobre a solicita\u00e7\u00e3o do aluno, encaminhando-a ao Departamento ou C\u00e2mara de Ensino respons\u00e1vel pelo componente curricular em at\u00e9 3 dias \u00fateis, para defini\u00e7\u00e3o de nova data para a avalia\u00e7\u00e3o.<br \/>\nII \u2013 Considera-se motivo para solicita\u00e7\u00e3o de nova data para realiza\u00e7\u00e3o de avalia\u00e7\u00e3o:<br \/>\na) acidentes \u2013 mediante apresenta\u00e7\u00e3o de boletim de ocorr\u00eancia policial;<br \/>\nb) assalto \u2013 mediante apresenta\u00e7\u00e3o de boletim de ocorr\u00eancia policial;<br \/>\nc) casamento \u2013 mediante apresenta\u00e7\u00e3o de certid\u00e3o de casamento do discente, ocorrido em at\u00e9 8 (oito) dias de anteced\u00eancia da data da avalia\u00e7\u00e3o;<br \/>\nd) luto \u2013 mediante apresenta\u00e7\u00e3o de certid\u00e3o de \u00f3bito ocorrido em at\u00e9 8 (oito) dias de anteced\u00eancia da data da avalia\u00e7\u00e3o;<br \/>\ne) sa\u00fade \u2013 mediante apresenta\u00e7\u00e3o de atestado m\u00e9dico, com carimbo (contendo o CRM) e assinatura do m\u00e9dico;<br \/>\nf) trabalho \u2013 apresenta\u00e7\u00e3o de declara\u00e7\u00e3o de exerc\u00edcio de atividade profissional excepcional com identifica\u00e7\u00e3o do empregador;<br \/>\ng) cat\u00e1strofes naturais que impe\u00e7am o deslocamento para os locais da avalia\u00e7\u00e3o;<br \/>\nh) Situa\u00e7\u00f5es geradas por terceiros, como greves de transporte p\u00fablico, obstru\u00e7\u00e3o de vias e demais situa\u00e7\u00f5es, condicionadas \u00e0 aceita\u00e7\u00e3o do colegiado, alheias a vontade do discente;<br \/>\ni) participa\u00e7\u00e3o em eventos cient\u00edficos, quando o discente estiver apresentando trabalho, mediante comprova\u00e7\u00e3o de participa\u00e7\u00e3o.<\/p>\n<p style=\"text-align: justify;\"><strong>Como solicitar<\/strong><br \/>\nA solicita\u00e7\u00e3o dever\u00e1 ser realizada no Sistema Acad\u00eamico Cobalto, no menu \u201cAluno \u2013 Cadastro \u2013 Solicita\u00e7\u00e3o de segunda chamada\u201d. Na solicita\u00e7\u00e3o dever\u00e1 ser encaminhado o comprovante da justificativa (Ex. atestado m\u00e9dico).<\/p>\n<p style=\"text-align: justify;\">\n<p style=\"text-align: justify;\"><strong>Fluxograma<\/strong><br \/>\n\n<table id=\"tablepress-3\" class=\"tablepress tablepress-id-3\">\n<thead>\n<tr class=\"row-1\">\n\t<th class=\"column-1\">Etapa<\/th><th class=\"column-2\">Respons\u00e1vel <\/th><th class=\"column-3\">Procedimento <\/th>\n<\/tr>\n<\/thead>\n<tbody class=\"row-striping row-hover\">\n<tr class=\"row-2\">\n\t<td class=\"column-1\">1<\/td><td class=\"column-2\">Discente<\/td><td class=\"column-3\">\u2013 Solicitar via Cobalto<\/td>\n<\/tr>\n<tr class=\"row-3\">\n\t<td class=\"column-1\">2<\/td><td class=\"column-2\">Colegiado do Curso<\/td><td class=\"column-3\">\u2013 Avaliar a solicita\u00e7\u00e3o;<br \/>\nSe desfavor\u00e1vel:<br \/>\n\u2013 Informar o discente e arquivar o processo.<br \/>\nSe favor\u00e1vel:<br \/>\n\u2013 Encaminhar ao docente respons\u00e1vel pela turma.<\/td>\n<\/tr>\n<tr class=\"row-4\">\n\t<td class=\"column-1\">3<\/td><td class=\"column-2\">Docente respons\u00e1vel pela turma<\/td><td class=\"column-3\">\u2013 Realizar nova avalia\u00e7\u00e3o<\/td>\n<\/tr>\n<\/tbody>\n<\/table>\n<!-- #tablepress-3 from cache -->\n<p style=\"text-align: justify;\">\n","protected":false},"excerpt":{"rendered":"<p>Defini\u00e7\u00e3o O discente que, por impedimento legal devidamente comprovado, faltar a uma avalia\u00e7\u00e3o, poder\u00e1 realiz\u00e1-la em outro momento, desde que requeira por escrito ao colegiado do curso, at\u00e9 3 (tr\u00eas) dias \u00fateis ap\u00f3s a realiza\u00e7\u00e3o da avalia\u00e7\u00e3o anterior: I \u2013 Caber\u00e1 ao colegiado de curso deliberar sobre a solicita\u00e7\u00e3o do aluno, encaminhando-a ao Departamento ou &hellip; <\/p>\n<p><a class=\"more-link btn\" href=\"https:\/\/wp.ufpel.edu.br\/comex\/segunda-chamada-de-avaliacao\/\">Continue lendo<\/a><\/p>\n","protected":false},"author":1252,"featured_media":0,"parent":0,"menu_order":0,"comment_status":"closed","ping_status":"closed","template":"","meta":{"footnotes":""},"class_list":["post-85","page","type-page","status-publish","hentry","nodate","item-wrap"],"jetpack_sharing_enabled":true,"_links":{"self":[{"href":"https:\/\/wp.ufpel.edu.br\/comex\/wp-json\/wp\/v2\/pages\/85","targetHints":{"allow":["GET"]}}],"collection":[{"href":"https:\/\/wp.ufpel.edu.br\/comex\/wp-json\/wp\/v2\/pages"}],"about":[{"href":"https:\/\/wp.ufpel.edu.br\/comex\/wp-json\/wp\/v2\/types\/page"}],"author":[{"embeddable":true,"href":"https:\/\/wp.ufpel.edu.br\/comex\/wp-json\/wp\/v2\/users\/1252"}],"replies":[{"embeddable":true,"href":"https:\/\/wp.ufpel.edu.br\/comex\/wp-json\/wp\/v2\/comments?post=85"}],"version-history":[{"count":10,"href":"https:\/\/wp.ufpel.edu.br\/comex\/wp-json\/wp\/v2\/pages\/85\/revisions"}],"predecessor-version":[{"id":1119,"href":"https:\/\/wp.ufpel.edu.br\/comex\/wp-json\/wp\/v2\/pages\/85\/revisions\/1119"}],"wp:attachment":[{"href":"https:\/\/wp.ufpel.edu.br\/comex\/wp-json\/wp\/v2\/media?parent=85"}],"curies":[{"name":"wp","href":"https:\/\/api.w.org\/{rel}","templated":true}]}}