{"id":76,"date":"2022-07-24T20:14:35","date_gmt":"2022-07-24T23:14:35","guid":{"rendered":"https:\/\/wp.ufpel.edu.br\/comex\/?page_id=76"},"modified":"2026-03-09T18:34:52","modified_gmt":"2026-03-09T21:34:52","slug":"atividades-complementares","status":"publish","type":"page","link":"https:\/\/wp.ufpel.edu.br\/comex\/atividades-complementares\/","title":{"rendered":"Atividades Complementares"},"content":{"rendered":"<hr \/>\n<p><span style=\"font-size: 14pt;\">DATA-LIMITE PARA ENVIO DO REQUERIMENTO NO SEMESTRE 2026\/01: <span style=\"color: #ff0000;\"><strong>31\/07\/2026<\/strong><\/span><\/span><\/p>\n<p style=\"text-align: justify;\">\u00c9 atrav\u00e9s desta se\u00e7\u00e3o que a Coordena\u00e7\u00e3o do Curso realiza a avalia\u00e7\u00e3o do componente <strong>Atividades Complementares<\/strong> (C\u00f3d. 23000345). A utiliza\u00e7\u00e3o deste espa\u00e7o \u00e9 obrigat\u00f3ria. Somente ser\u00e3o aceitos requerimentos enviados nos termos aqui estabelecidos. Portanto, \u00e9 fundamental observar as seguintes instru\u00e7\u00f5es:<\/p>\n<p style=\"text-align: justify;\">1) De acordo com o Projeto Pedag\u00f3gico (PPC), os estudantes devem comprovar <strong>150 horas<\/strong> de atividades nos eixos de Ensino, Pesquisa, Extens\u00e3o e Representa\u00e7\u00e3o Discente. A natureza de tais atividade (o que pode ou n\u00e3o computar), bem como os respectivos limites, est\u00e3o minuciosamente descritos na <a href=\"https:\/\/wp.ufpel.edu.br\/comex\/files\/2026\/03\/3.pdf\">Se\u00e7\u00e3o 3.8 do PPC (Forma\u00e7\u00e3o Complementar)<\/a>. Por esta raz\u00e3o, \u00e9 fundamental que os estudantes leiam atentamente o documento.<\/p>\n<p style=\"text-align: justify;\">2) Quando o estudante reunir comprovantes que perfa\u00e7am o total de atividades (150 horas), ele <strong>deve utilizar obrigatoriamente o <a href=\"https:\/\/wp.ufpel.edu.br\/comex\/files\/2026\/03\/Requerimento-de-Atividades-Complementares.docx\">Requerimento de Atividades Complementares<\/a><\/strong>, colocando as informa\u00e7\u00f5es conforme exemplificado no modelo: descri\u00e7\u00e3o da atividade, o quantitativo de horas, a anexo do certificado\/comprovante e a pagina\u00e7\u00e3o do Sum\u00e1rio. <strong>O documento deve ser salvo em um \u00fanico arquivo em formato pdf<\/strong>.<\/p>\n<p style=\"text-align: justify;\"><span style=\"color: #ff0000;\">ATEN\u00c7\u00c3O: o estudante s\u00f3 deve preencher o formul\u00e1rio se tiver comprovantes que perfa\u00e7am o total de 150 horas; requerimentos com carga hor\u00e1ria inferior n\u00e3o ser\u00e3o recebidos!!!!<\/span><\/p>\n<p style=\"text-align: justify;\">3) <strong>Em cada semestre letivo, haver\u00e1 uma chamada para envio de requerimentos com uma data-limite<\/strong>. Durante o prazo, os alunos dever\u00e3o submeter seu requerimento em formato PDF e a coordena\u00e7\u00e3o avaliar\u00e1 cada pedido, emitindo parecer favor\u00e1vel ou desfavor\u00e1vel, notificando o estudante por e-mail.<\/p>\n<p style=\"text-align: justify;\">4) Ap\u00f3s a data-limite, a Coordena\u00e7\u00e3o enviar\u00e1, em bloco, o registro de atividades complementares de todos os alunos para a CRA (Coordena\u00e7\u00e3o de Registros Acad\u00eamicos). Somente a partir deste envio \u00e9 que as atividades passar\u00e3o a constar no hist\u00f3rico.<\/p>\n<p style=\"text-align: justify;\">Qualquer d\u00favida referente ao procedimento, ao preenchimento do Modelo de Requerimento, ou \u00e0 interpreta\u00e7\u00e3o do PPC do Curso, devem ser enviadas para o e-mail do coordenador: <a href=\"mailto:danielmarchiorineto@gmail.com\">danielmarchiorineto@gmail.com<\/a>.<\/p>\n<p>&nbsp;<\/p>\n<p><span style=\"font-size: 14pt;\">DOCUMENTOS:<\/span><\/p>\n<p><a href=\"https:\/\/wp.ufpel.edu.br\/comex\/files\/2026\/03\/3.pdf\">Se\u00e7\u00e3o 3.8 do PPC (Forma\u00e7\u00e3o Complementar) <\/a><\/p>\n<p><a href=\"https:\/\/wp.ufpel.edu.br\/comex\/files\/2026\/03\/Requerimento-de-Atividades-Complementares.docx\">Requerimento de Atividades Complementares<\/a><\/p>\n<p>&nbsp;<\/p>\n<p><span style=\"font-size: 14pt;\"><strong>FORMUL\u00c1RIO DE ATIVIDADES COMPLEMENTARES<\/strong><\/span><\/p>\n\n<div class=\"wpcf7 no-js\" id=\"wpcf7-f857-o1\" lang=\"pt-BR\" dir=\"ltr\" data-wpcf7-id=\"857\">\n<div class=\"screen-reader-response\"><p role=\"status\" aria-live=\"polite\" aria-atomic=\"true\"><\/p> <ul><\/ul><\/div>\n<form action=\"\/comex\/wp-json\/wp\/v2\/pages\/76#wpcf7-f857-o1\" method=\"post\" class=\"wpcf7-form init\" aria-label=\"Formul\u00e1rios de contato\" enctype=\"multipart\/form-data\" novalidate=\"novalidate\" data-status=\"init\">\n<fieldset class=\"hidden-fields-container\"><input type=\"hidden\" name=\"_wpcf7\" value=\"857\" \/><input type=\"hidden\" name=\"_wpcf7_version\" value=\"6.1.4\" \/><input type=\"hidden\" name=\"_wpcf7_locale\" value=\"pt_BR\" \/><input type=\"hidden\" name=\"_wpcf7_unit_tag\" value=\"wpcf7-f857-o1\" \/><input type=\"hidden\" name=\"_wpcf7_container_post\" value=\"0\" \/><input type=\"hidden\" name=\"_wpcf7_posted_data_hash\" value=\"\" \/>\n<\/fieldset>\n<p><label> Nome Completo<br \/>\n<span class=\"wpcf7-form-control-wrap\" data-name=\"your-name\"><input size=\"40\" maxlength=\"400\" class=\"wpcf7-form-control wpcf7-text wpcf7-validates-as-required\" aria-required=\"true\" aria-invalid=\"false\" value=\"\" type=\"text\" name=\"your-name\" \/><\/span> <\/label>\n<\/p>\n<p><label> N\u00famero de Matr\u00edcula<br \/>\n<span class=\"wpcf7-form-control-wrap\" data-name=\"your-subject\"><input size=\"40\" maxlength=\"400\" class=\"wpcf7-form-control wpcf7-text wpcf7-validates-as-required\" aria-required=\"true\" aria-invalid=\"false\" value=\"\" type=\"text\" name=\"your-subject\" \/><\/span> <\/label>\n<\/p>\n<p><label> E-mail<br \/>\n<span class=\"wpcf7-form-control-wrap\" data-name=\"your-email\"><input size=\"40\" maxlength=\"400\" class=\"wpcf7-form-control wpcf7-email wpcf7-validates-as-required wpcf7-text wpcf7-validates-as-email\" aria-required=\"true\" aria-invalid=\"false\" value=\"\" type=\"email\" name=\"your-email\" \/><\/span> <\/label>\n<\/p>\n<p><label> Sua mensagem<br \/>\n<span class=\"wpcf7-form-control-wrap\" data-name=\"your-message\"><textarea cols=\"40\" rows=\"10\" maxlength=\"2000\" class=\"wpcf7-form-control wpcf7-textarea wpcf7-validates-as-required\" aria-required=\"true\" aria-invalid=\"false\" name=\"your-message\"><\/textarea><\/span> <\/label>\n<\/p>\n<p><span class=\"wpcf7-form-control-wrap\" data-name=\"file-471\"><input size=\"40\" class=\"wpcf7-form-control wpcf7-file\" accept=\".pdf\" aria-invalid=\"false\" type=\"file\" name=\"file-471\" \/><\/span>\n<\/p>\n<p><input class=\"wpcf7-form-control wpcf7-submit has-spinner\" type=\"submit\" value=\"Enviar\" \/>\n<\/p><p style=\"display: none !important;\" class=\"akismet-fields-container\" data-prefix=\"_wpcf7_ak_\"><label>&#916;<textarea name=\"_wpcf7_ak_hp_textarea\" cols=\"45\" rows=\"8\" maxlength=\"100\"><\/textarea><\/label><input type=\"hidden\" id=\"ak_js_1\" name=\"_wpcf7_ak_js\" value=\"87\"\/><script>document.getElementById( \"ak_js_1\" ).setAttribute( \"value\", ( new Date() ).getTime() );<\/script><\/p><div class=\"wpcf7-response-output\" aria-hidden=\"true\"><\/div>\n<\/form>\n<\/div>\n\n","protected":false},"excerpt":{"rendered":"<p>DATA-LIMITE PARA ENVIO DO REQUERIMENTO NO SEMESTRE 2026\/01: 31\/07\/2026 \u00c9 atrav\u00e9s desta se\u00e7\u00e3o que a Coordena\u00e7\u00e3o do Curso realiza a avalia\u00e7\u00e3o do componente Atividades Complementares (C\u00f3d. 23000345). A utiliza\u00e7\u00e3o deste espa\u00e7o \u00e9 obrigat\u00f3ria. Somente ser\u00e3o aceitos requerimentos enviados nos termos aqui estabelecidos. Portanto, \u00e9 fundamental observar as seguintes instru\u00e7\u00f5es: 1) De acordo com o Projeto &hellip; <\/p>\n<p><a class=\"more-link btn\" href=\"https:\/\/wp.ufpel.edu.br\/comex\/atividades-complementares\/\">Continue lendo<\/a><\/p>\n","protected":false},"author":1252,"featured_media":0,"parent":0,"menu_order":0,"comment_status":"closed","ping_status":"closed","template":"","meta":{"footnotes":""},"class_list":["post-76","page","type-page","status-publish","hentry","nodate","item-wrap"],"jetpack_sharing_enabled":true,"_links":{"self":[{"href":"https:\/\/wp.ufpel.edu.br\/comex\/wp-json\/wp\/v2\/pages\/76","targetHints":{"allow":["GET"]}}],"collection":[{"href":"https:\/\/wp.ufpel.edu.br\/comex\/wp-json\/wp\/v2\/pages"}],"about":[{"href":"https:\/\/wp.ufpel.edu.br\/comex\/wp-json\/wp\/v2\/types\/page"}],"author":[{"embeddable":true,"href":"https:\/\/wp.ufpel.edu.br\/comex\/wp-json\/wp\/v2\/users\/1252"}],"replies":[{"embeddable":true,"href":"https:\/\/wp.ufpel.edu.br\/comex\/wp-json\/wp\/v2\/comments?post=76"}],"version-history":[{"count":3,"href":"https:\/\/wp.ufpel.edu.br\/comex\/wp-json\/wp\/v2\/pages\/76\/revisions"}],"predecessor-version":[{"id":2914,"href":"https:\/\/wp.ufpel.edu.br\/comex\/wp-json\/wp\/v2\/pages\/76\/revisions\/2914"}],"wp:attachment":[{"href":"https:\/\/wp.ufpel.edu.br\/comex\/wp-json\/wp\/v2\/media?parent=76"}],"curies":[{"name":"wp","href":"https:\/\/api.w.org\/{rel}","templated":true}]}}