{"id":704,"date":"2022-08-14T10:33:15","date_gmt":"2022-08-14T13:33:15","guid":{"rendered":"https:\/\/wp.ufpel.edu.br\/comex\/?page_id=704"},"modified":"2023-02-10T16:13:32","modified_gmt":"2023-02-10T19:13:32","slug":"trancamento","status":"publish","type":"page","link":"https:\/\/wp.ufpel.edu.br\/comex\/trancamento\/","title":{"rendered":"Trancamento"},"content":{"rendered":"<hr \/>\n<p style=\"text-align: justify;\">O Regulamento de Ensino de Gradua\u00e7\u00e3o prev\u00ea tr\u00eas modalidades de trancamento:<\/p>\n<p><strong>1) Trancamento de matr\u00edcula em componentes curriculares\u00a0<\/strong><span style=\"font-size: 10pt;\"><span class=\"collapseomatic \" id=\"id69e206e6acc18\"  tabindex=\"0\" title=\"Ver mais\"    >Ver mais<\/span><span id='swap-id69e206e6acc18'  class='colomat-swap' style='display:none;'>Ver menos<\/span><div id=\"target-id69e206e6acc18\" class=\"collapseomatic_content \"><\/span><\/p>\n<p style=\"text-align: justify;\">O discente poder\u00e1 realizar o trancamento de matr\u00edcula em componentes curriculares pelo COBALTO, no prazo estabelecido no calend\u00e1rio acad\u00eamico, obedecendo ao limite m\u00ednimo de cr\u00e9ditos obrigat\u00f3rios para matr\u00edcula.<\/p>\n<p style=\"text-align: justify;\"><strong>Como Solicitar<\/strong><br \/>\nO discente dever\u00e1 fazer <i>login<\/i> no sistema acad\u00eamico, acessar o menu \u201cAluno\/Cadastro\/Trancamento de disciplina\u201d, marcar as disciplinas que deseja trancar e clicar em \u201c+Trancar disciplina(s)\u201d.<\/p>\n<p style=\"text-align: justify;\"><\/div>\n<p style=\"text-align: justify;\"><strong>2) Trancamento geral de matr\u00edcula (TGM)<\/strong> <span style=\"font-size: 10pt;\"><span class=\"collapseomatic \" id=\"id69e206e6accb8\"  tabindex=\"0\" title=\"Ver mais\"    >Ver mais<\/span><span id='swap-id69e206e6accb8'  class='colomat-swap' style='display:none;'>Ver menos<\/span><div id=\"target-id69e206e6accb8\" class=\"collapseomatic_content \"><\/span><\/p>\n<div id=\"target-id62f8f87c12e0e\" class=\"collapseomatic_content \">\n<p style=\"text-align: justify;\">O discente poder\u00e1 solicitar o TGM na Coordena\u00e7\u00e3o de Registros Acad\u00eamicos, ser\u00e1 concedido de acordo com as normas estabelecidas no Regulamento do Ensino de Gradua\u00e7\u00e3o.\u00a0O TGM \u00e9 o instrumento acad\u00eamico que permite ao discente manter o v\u00ednculo com o curso, diante da impossibilidade de cursar componentes curriculares em determinado per\u00edodo letivo. \u00c9 permitido trancamento em at\u00e9 quatro semestres letivos para os cursos semestrais e dois anos letivos para os cursos anuais. Tem validade somente por um per\u00edodo letivo, portanto o discente deve solicitar o trancamento a cada per\u00edodo pretendido dentro dos prazos estabelecidos no calend\u00e1rio acad\u00eamico.<br \/>\nO discente poder\u00e1 pedir readmiss\u00e3o, cancelando a situa\u00e7\u00e3o de TGM, at\u00e9 o \u00faltimo dia previsto para a corre\u00e7\u00e3o de matr\u00edcula.<br \/>\nN\u00e3o ser\u00e1 concedido TGM ao discente ingressante e ao discente que estiver em situa\u00e7\u00e3o pass\u00edvel de jubilamento, salvo nas seguintes hip\u00f3teses:<br \/>\nI \u2013 por motivo de doen\u00e7a do pr\u00f3prio aluno ou de familiar at\u00e9 1\u00ba grau, mediante avalia\u00e7\u00e3o de per\u00edcia m\u00e9dica oficial da Universidade;<br \/>\nII \u2013 para cumprir servi\u00e7o militar obrigat\u00f3rio, mediante comprova\u00e7\u00e3o.<br \/>\nN\u00e3o ser\u00e1 concedido TGM ao discente matriculado na modalidade de Regime Especial.<\/p>\n<p style=\"text-align: justify;\"><strong>Como solicitar<\/strong><br \/>\n<strong>Ingressante <\/strong>\u2013 O trancamento geral de matr\u00edcula deve ser solicitado \u00e0 CRA pelo discente ou seu representante legal, mediante a apresenta\u00e7\u00e3o do comprovante da motiva\u00e7\u00e3o (atestado de sa\u00fade ou atestado de presta\u00e7\u00e3o de servi\u00e7o militar obrigat\u00f3rio) . A solicita\u00e7\u00e3o pode ser pela p\u00e1gina: <a href=\"https:\/\/atendimento.ufpel.edu.br\/\">https:\/\/atendimento.ufpel.edu.br\/<\/a>.<br \/>\n<strong>N\u00e3o ingressante<\/strong>: A solicita\u00e7\u00e3o deve ser realizada no Sistema Acad\u00eamico Cobalto, no menu \u201cAlunos -&gt; Cadastro \u2013 &gt; Solicita\u00e7\u00e3o de Trancamento Geral\u201d, Conforme prazos estabelecidos no Calend\u00e1rio Acad\u00eamico.<\/p>\n<p><strong>Requerimento<\/strong><br \/>\n<a href=\"https:\/\/drive.google.com\/uc?export=download&amp;id=1i0O7YFzk-hJ76KrApg5nJbCHdKfWtcKn\">Requerimento de trancamento geral de matr\u00edcula<\/a><\/p>\n<p style=\"text-align: justify;\"><strong>Fluxograma<\/strong><\/p>\n<\/div>\n\n<table id=\"tablepress-7\" class=\"tablepress tablepress-id-7\">\n<thead>\n<tr class=\"row-1\">\n\t<th class=\"column-1\">Etapa<\/th><th class=\"column-2\">Respons\u00e1vel<\/th><th class=\"column-3\">Procedimento<\/th>\n<\/tr>\n<\/thead>\n<tbody class=\"row-striping row-hover\">\n<tr class=\"row-2\">\n\t<td class=\"column-1\">1<\/td><td class=\"column-2\">Discente<\/td><td class=\"column-3\">\u2013 Entregar requerimento de trancamento geral de matr\u00edcula na CRA.<\/td>\n<\/tr>\n<tr class=\"row-3\">\n\t<td class=\"column-1\">2<\/td><td class=\"column-2\">CRA<\/td><td class=\"column-3\">\u2013 Registrar o trancamento geral de matr\u00edcula no COBALTO.<br \/>\n<\/td>\n<\/tr>\n<\/tbody>\n<\/table>\n\n<\/div>\n<p style=\"padding-left: 40px;\"><strong>Readmiss\u00e3o<\/strong> <span style=\"font-size: 10pt;\"><span class=\"collapseomatic \" id=\"id69e206e6b7fa3\"  tabindex=\"0\" title=\"Ver mais\"    >Ver mais<\/span><span id='swap-id69e206e6b7fa3'  class='colomat-swap' style='display:none;'>Ver menos<\/span><div id=\"target-id69e206e6b7fa3\" class=\"collapseomatic_content \"><\/span><\/p>\n<p>O discente poder\u00e1 pedir readmiss\u00e3o, cancelando a situa\u00e7\u00e3o de trancamento geral de matr\u00edcula, at\u00e9 o \u00faltimo dia previsto para a corre\u00e7\u00e3o de matr\u00edcula.<\/p>\n<p><strong>Como solicitar<\/strong><br \/>\nA readmiss\u00e3o deve ser solicitada pelo discente ou seu representante legal atrav\u00e9s da p\u00e1gina: <a href=\"https:\/\/atendimento.ufpel.edu.br\/\">https:\/\/atendimento.ufpel.edu.br\/<\/a>.<\/p>\n<p><strong>Requerimento<\/strong><br \/>\n<a href=\"https:\/\/drive.google.com\/uc?export=download&amp;id=1jtQsw2gRf-G5jNzpKwSdF2DYdhm5qqOf\">Requerimento de readmiss\u00e3o<\/a><\/p>\n<p><strong>Fluxograma<\/strong><\/p>\n\n<table id=\"tablepress-8\" class=\"tablepress tablepress-id-8\">\n<thead>\n<tr class=\"row-1\">\n\t<th class=\"column-1\">Etapa<\/th><th class=\"column-2\">Respons\u00e1vel<\/th><th class=\"column-3\">Procedimento<\/th>\n<\/tr>\n<\/thead>\n<tbody class=\"row-striping row-hover\">\n<tr class=\"row-2\">\n\t<td class=\"column-1\">1<\/td><td class=\"column-2\">Discente<\/td><td class=\"column-3\">\u2013 Entregar requerimento de readmiss\u00e3o na CRA.<\/td>\n<\/tr>\n<tr class=\"row-3\">\n\t<td class=\"column-1\">2<\/td><td class=\"column-2\">CRA<\/td><td class=\"column-3\">\u2013 Cancelar o trancamento geral de matr\u00edcula no COBALTO.<br \/>\n<\/td>\n<\/tr>\n<\/tbody>\n<\/table>\n\n<\/div>\n<p><strong>3) Trancamento geral de matr\u00edcula administrativo<\/strong><span style=\"font-size: 10pt;\"><span class=\"collapseomatic \" id=\"id69e206e6b96de\"  tabindex=\"0\" title=\"Ver mais\"    >Ver mais<\/span><span id='swap-id69e206e6b96de'  class='colomat-swap' style='display:none;'>Ver menos<\/span><div id=\"target-id69e206e6b96de\" class=\"collapseomatic_content \"><\/span><\/p>\n<div id=\"target-id62f8f87c12e32\" class=\"collapseomatic_content \">\n<p style=\"text-align: justify;\">Ato realizado pela Institui\u00e7\u00e3o diante da impossibilidade do discente cursar determinado semestre, independente de sua vontade, ser\u00e1 concedido nos casos a seguir:<br \/>\nI \u2013 ingresso por transfer\u00eancia compuls\u00f3ria ap\u00f3s o limite de dias letivos estabelecidos para ingresso na Institui\u00e7\u00e3o;<br \/>\nII \u2013 ingresso por decis\u00e3o judicial ap\u00f3s o limite de dias letivos estabelecidos para ingresso na Institui\u00e7\u00e3o;<br \/>\nIII \u2013 quando o discente n\u00e3o \u00e9 contemplado com a oferta de componentes curriculares no per\u00edodo letivo.<\/p>\n<div class=\"page\" title=\"Page 20\">\n<div class=\"section\">\n<div class=\"layoutArea\">\n<div class=\"column\">\n<p>O TGM administrativo na\u0303o computara\u0301 para o total de TGM permitidos no Regulamento do Ensino de Gradua\u00e7\u00e3o na UFPel.<\/p>\n<\/div>\n<\/div>\n<\/div>\n<\/div>\n<\/div>\n<\/div>\n","protected":false},"excerpt":{"rendered":"<p>O Regulamento de Ensino de Gradua\u00e7\u00e3o prev\u00ea tr\u00eas modalidades de trancamento: 1) Trancamento de matr\u00edcula em componentes curriculares\u00a0 2) Trancamento geral de matr\u00edcula (TGM) Readmiss\u00e3o 3) Trancamento geral de matr\u00edcula administrativo<\/p>\n","protected":false},"author":1252,"featured_media":0,"parent":0,"menu_order":0,"comment_status":"closed","ping_status":"closed","template":"","meta":{"footnotes":""},"class_list":["post-704","page","type-page","status-publish","hentry","nodate","item-wrap"],"jetpack_sharing_enabled":true,"_links":{"self":[{"href":"https:\/\/wp.ufpel.edu.br\/comex\/wp-json\/wp\/v2\/pages\/704","targetHints":{"allow":["GET"]}}],"collection":[{"href":"https:\/\/wp.ufpel.edu.br\/comex\/wp-json\/wp\/v2\/pages"}],"about":[{"href":"https:\/\/wp.ufpel.edu.br\/comex\/wp-json\/wp\/v2\/types\/page"}],"author":[{"embeddable":true,"href":"https:\/\/wp.ufpel.edu.br\/comex\/wp-json\/wp\/v2\/users\/1252"}],"replies":[{"embeddable":true,"href":"https:\/\/wp.ufpel.edu.br\/comex\/wp-json\/wp\/v2\/comments?post=704"}],"version-history":[{"count":30,"href":"https:\/\/wp.ufpel.edu.br\/comex\/wp-json\/wp\/v2\/pages\/704\/revisions"}],"predecessor-version":[{"id":1121,"href":"https:\/\/wp.ufpel.edu.br\/comex\/wp-json\/wp\/v2\/pages\/704\/revisions\/1121"}],"wp:attachment":[{"href":"https:\/\/wp.ufpel.edu.br\/comex\/wp-json\/wp\/v2\/media?parent=704"}],"curies":[{"name":"wp","href":"https:\/\/api.w.org\/{rel}","templated":true}]}}