{"id":64,"date":"2022-07-24T20:13:39","date_gmt":"2022-07-24T23:13:39","guid":{"rendered":"https:\/\/wp.ufpel.edu.br\/comex\/?page_id=64"},"modified":"2025-12-21T13:42:19","modified_gmt":"2025-12-21T16:42:19","slug":"disciplinas","status":"publish","type":"page","link":"https:\/\/wp.ufpel.edu.br\/comex\/disciplinas\/","title":{"rendered":"Caracteriza\u00e7\u00e3o das disciplinas"},"content":{"rendered":"<table class=\"dados-cobalto tabela-disciplinas\"><tr><th colspan=\"5\" class=\"tabela-quebra\">1\u00ba Semestre<\/th><\/tr><tr><th>C\u00f3digo<\/th><th>Disciplina \/ Pr\u00e9-requisitos<\/th><th>Car\u00e1ter<\/th><th>Cr.<\/th><th>Horas<\/th><\/tr><tr><td>23000025<\/td><td><a href=\"https:\/\/institucional.ufpel.edu.br\/disciplinas\/id\/39203\">AN\u00c1LISE DE INVESTIMENTOS<\/a><\/td><td>Obrigat\u00f3ria<\/td><td>5<\/td><td>75<\/td><\/tr><tr><td>23000328<\/td><td><a href=\"https:\/\/institucional.ufpel.edu.br\/disciplinas\/id\/56409\">FUNDAMENTOS DE ADMINISTRA\u00c7\u00c3O (EAD)<\/a><\/td><td>Obrigat\u00f3ria<\/td><td>5<\/td><td>75<\/td><\/tr><tr><td>23000331<\/td><td><a href=\"https:\/\/institucional.ufpel.edu.br\/disciplinas\/id\/56412\">FUNDAMENTOS DE CI\u00caNCIA POL\u00cdTICA<\/a><\/td><td>Obrigat\u00f3ria<\/td><td>5<\/td><td>75<\/td><\/tr><tr><td>23000330<\/td><td><a href=\"https:\/\/institucional.ufpel.edu.br\/disciplinas\/id\/56411\">FUNDAMENTOS DE ECONOMIA<\/a><\/td><td>Obrigat\u00f3ria<\/td><td>5<\/td><td>75<\/td><\/tr><tr><td>23000329<\/td><td><a href=\"https:\/\/institucional.ufpel.edu.br\/disciplinas\/id\/56410\">INTRODU\u00c7\u00c3O AO COM\u00c9RCIO EXTERIOR<\/a><\/td><td>Obrigat\u00f3ria<\/td><td>5<\/td><td>75<\/td><\/tr><tr><th colspan=\"5\" class=\"tabela-quebra\">2\u00ba Semestre<\/th><\/tr><tr><th>C\u00f3digo<\/th><th>Disciplina \/ Pr\u00e9-requisitos<\/th><th>Car\u00e1ter<\/th><th>Cr.<\/th><th>Horas<\/th><\/tr><tr><td>23000335<\/td><td><a href=\"https:\/\/institucional.ufpel.edu.br\/disciplinas\/id\/56416\">CIDADANIA E DIREITOS HUMANOS (EAD)<\/a><\/td><td>Obrigat\u00f3ria<\/td><td>5<\/td><td>75<\/td><\/tr><tr><td>23000334<\/td><td><a href=\"https:\/\/institucional.ufpel.edu.br\/disciplinas\/id\/56415\">ECONOMIA INTERNACIONAL<\/a><\/td><td>Obrigat\u00f3ria<\/td><td>5<\/td><td>75<\/td><\/tr><tr><td>23000336<\/td><td><a href=\"https:\/\/institucional.ufpel.edu.br\/disciplinas\/id\/56417\">FUNDAMENTOS DE PESQUISA<\/a><\/td><td>Obrigat\u00f3ria<\/td><td>5<\/td><td>75<\/td><\/tr><tr><td>23000332<\/td><td><a href=\"https:\/\/institucional.ufpel.edu.br\/disciplinas\/id\/56413\">GEST\u00c3O FINANCEIRA<\/a><\/td><td>Obrigat\u00f3ria<\/td><td>5<\/td><td>75<\/td><\/tr><tr><td>23000333<\/td><td><a href=\"https:\/\/institucional.ufpel.edu.br\/disciplinas\/id\/56414\">NEGOCIA\u00c7\u00c3O INTERNACIONAL<\/a><\/td><td>Obrigat\u00f3ria<\/td><td>5<\/td><td>75<\/td><\/tr><tr><th colspan=\"5\" class=\"tabela-quebra\">3\u00ba Semestre<\/th><\/tr><tr><th>C\u00f3digo<\/th><th>Disciplina \/ Pr\u00e9-requisitos<\/th><th>Car\u00e1ter<\/th><th>Cr.<\/th><th>Horas<\/th><\/tr><tr><td>23000337<\/td><td><a href=\"https:\/\/institucional.ufpel.edu.br\/disciplinas\/id\/56418\">EXPORTA\u00c7\u00c3O<\/a><\/td><td>Obrigat\u00f3ria<\/td><td>5<\/td><td>75<\/td><\/tr><tr><td>23000339<\/td><td><a href=\"https:\/\/institucional.ufpel.edu.br\/disciplinas\/id\/56420\">FINAN\u00c7AS INTERNACIONAIS<\/a><\/td><td>Obrigat\u00f3ria<\/td><td>5<\/td><td>75<\/td><\/tr><tr><td>23000340<\/td><td><a href=\"https:\/\/institucional.ufpel.edu.br\/disciplinas\/id\/56421\">OFICINA DE EXTENS\u00c3O I<\/a><\/td><td>Obrigat\u00f3ria<\/td><td>6<\/td><td>90<\/td><\/tr><tr><td>23000338<\/td><td><a href=\"https:\/\/institucional.ufpel.edu.br\/disciplinas\/id\/56419\">REGULA\u00c7\u00c3O DO COM\u00c9RCIO INTERNACIONAL<\/a><\/td><td>Obrigat\u00f3ria<\/td><td>5<\/td><td>75<\/td><\/tr><tr><th colspan=\"5\" class=\"tabela-quebra\">4\u00ba Semestre<\/th><\/tr><tr><th>C\u00f3digo<\/th><th>Disciplina \/ Pr\u00e9-requisitos<\/th><th>Car\u00e1ter<\/th><th>Cr.<\/th><th>Horas<\/th><\/tr><tr><td>23000342<\/td><td><a href=\"https:\/\/institucional.ufpel.edu.br\/disciplinas\/id\/56423\">AN\u00c1LISE DE CEN\u00c1RIOS INTERNACIONAIS<\/a><\/td><td>Obrigat\u00f3ria<\/td><td>5<\/td><td>75<\/td><\/tr><tr><td>23000341<\/td><td><a href=\"https:\/\/institucional.ufpel.edu.br\/disciplinas\/id\/56422\">IMPORTA\u00c7\u00c3O<\/a><\/td><td>Obrigat\u00f3ria<\/td><td>5<\/td><td>75<\/td><\/tr><tr><td>23000343<\/td><td><a href=\"https:\/\/institucional.ufpel.edu.br\/disciplinas\/id\/56424\">LOG\u00cdSTICA INTERNACIONAL<\/a><\/td><td>Obrigat\u00f3ria<\/td><td>5<\/td><td>75<\/td><\/tr><tr><td>23000344<\/td><td><a href=\"https:\/\/institucional.ufpel.edu.br\/disciplinas\/id\/56425\">OFICINA DE EXTENS\u00c3O II<\/a><\/td><td>Obrigat\u00f3ria<\/td><td>6<\/td><td>90<\/td><\/tr><tr><th colspan=\"5\" class=\"tabela-quebra\">COMPLEMENTARES<\/th><\/tr><tr><th>C\u00f3digo<\/th><th>Disciplina \/ Pr\u00e9-requisitos<\/th><th>Car\u00e1ter<\/th><th>Cr.<\/th><th>Horas<\/th><\/tr><tr><td>23000345<\/td><td><a href=\"https:\/\/institucional.ufpel.edu.br\/disciplinas\/id\/56426\">ATIVIDADES COMPLEMENTARES<\/a><\/td><td>Atividade complementar<\/td><td>10<\/td><td>150<\/td><\/tr><tr><th colspan=\"5\" class=\"tabela-quebra\">OPTATIVAS<\/th><\/tr><tr><th>C\u00f3digo<\/th><th>Disciplina \/ Pr\u00e9-requisitos<\/th><th>Car\u00e1ter<\/th><th>Cr.<\/th><th>Horas<\/th><\/tr><tr><td>23000348<\/td><td><a href=\"https:\/\/institucional.ufpel.edu.br\/disciplinas\/id\/56429\">COM\u00c9RCIO INTERNACIONAL E ELETR\u00d4NICO (EAD)<\/a><\/td><td>Optativa<\/td><td>5<\/td><td>75<\/td><\/tr><tr><td>23000024<\/td><td><a href=\"https:\/\/institucional.ufpel.edu.br\/disciplinas\/id\/39199\">DIREITOS HUMANOS E RELA\u00c7\u00d5ES \u00c9TNICO-RACIAIS<\/a><\/td><td>Optativa<\/td><td>5<\/td><td>75<\/td><\/tr><tr><td>23000349<\/td><td><a href=\"https:\/\/institucional.ufpel.edu.br\/disciplinas\/id\/56430\">EMPREENDEDORISMO (EAD)<\/a><\/td><td>Optativa<\/td><td>5<\/td><td>75<\/td><\/tr><tr><td>23000350<\/td><td><a href=\"https:\/\/institucional.ufpel.edu.br\/disciplinas\/id\/56431\">INTERNACIONALIZA\u00c7\u00c3O DE EMPRESAS<\/a><\/td><td>Optativa<\/td><td>5<\/td><td>75<\/td><\/tr><tr><td>20000121<\/td><td><a href=\"https:\/\/institucional.ufpel.edu.br\/disciplinas\/id\/28063\">L\u00cdNGUA BRASILEIRA DE SINAIS II ( LIBRAS II )<\/a><\/td><td>Optativa<\/td><td>4<\/td><td>60<\/td><\/tr><tr><td>20000084<\/td><td><a href=\"https:\/\/institucional.ufpel.edu.br\/disciplinas\/id\/28026\">L\u00cdNGUA BRASILEIRA DE SINAIS I ( LIBRAS I )<\/a><\/td><td>Optativa<\/td><td>4<\/td><td>60<\/td><\/tr><tr><td>23000352<\/td><td><a href=\"https:\/\/institucional.ufpel.edu.br\/disciplinas\/id\/56433\">MARKETING INTERNACIONAL<\/a><\/td><td>Optativa<\/td><td>5<\/td><td>75<\/td><\/tr><tr><td>23000351<\/td><td><a href=\"https:\/\/institucional.ufpel.edu.br\/disciplinas\/id\/56432\">MERCADO DE CAPITAIS<\/a><\/td><td>Optativa<\/td><td>5<\/td><td>75<\/td><\/tr><tr><td>23000346<\/td><td><a href=\"https:\/\/institucional.ufpel.edu.br\/disciplinas\/id\/56427\">SEMIN\u00c1RIOS AVAN\u00c7ADOS EM COM\u00c9RCIO EXTERIOR I (EAD)<\/a><\/td><td>Optativa<\/td><td>5<\/td><td>75<\/td><\/tr><tr><td>23000347<\/td><td><a href=\"https:\/\/institucional.ufpel.edu.br\/disciplinas\/id\/56428\">SEMIN\u00c1RIOS AVAN\u00c7ADOS EM COM\u00c9RCIO EXTERIOR II (EAD)<\/a><\/td><td>Optativa<\/td><td>5<\/td><td>75<\/td><\/tr><\/table>\n<p style=\"text-align: center;\"><span style=\"font-size: 14pt;\"><br \/>\n<a href=\"https:\/\/wp.ufpel.edu.br\/comex\/files\/2025\/12\/SEI_23110.046882_2025_74.pdf\"><strong>CARACTERIZA\u00c7\u00c3O ASSINADA DAS DISCIPLINAS &#8211; Curr\u00edculo 2 (2025)<\/strong><\/a><\/span><\/p>\n<p style=\"text-align: center;\"><span style=\"font-size: 14pt;\"><a href=\"https:\/\/wp.ufpel.edu.br\/comex\/files\/2022\/09\/Caracterizacoes-assinadas.pdf\"><strong>CARACTERIZA\u00c7\u00c3O ASSINADA DAS DISCIPLINAS &#8211; Curr\u00edculo 1 (2022)<\/strong><\/a><\/span><\/p>\n","protected":false},"excerpt":{"rendered":"<p>CARACTERIZA\u00c7\u00c3O ASSINADA DAS DISCIPLINAS &#8211; Curr\u00edculo 2 (2025) CARACTERIZA\u00c7\u00c3O ASSINADA DAS DISCIPLINAS &#8211; Curr\u00edculo 1 (2022)<\/p>\n","protected":false},"author":1252,"featured_media":0,"parent":0,"menu_order":0,"comment_status":"closed","ping_status":"closed","template":"","meta":{"footnotes":""},"class_list":["post-64","page","type-page","status-publish","hentry","nodate","item-wrap"],"jetpack_sharing_enabled":true,"_links":{"self":[{"href":"https:\/\/wp.ufpel.edu.br\/comex\/wp-json\/wp\/v2\/pages\/64","targetHints":{"allow":["GET"]}}],"collection":[{"href":"https:\/\/wp.ufpel.edu.br\/comex\/wp-json\/wp\/v2\/pages"}],"about":[{"href":"https:\/\/wp.ufpel.edu.br\/comex\/wp-json\/wp\/v2\/types\/page"}],"author":[{"embeddable":true,"href":"https:\/\/wp.ufpel.edu.br\/comex\/wp-json\/wp\/v2\/users\/1252"}],"replies":[{"embeddable":true,"href":"https:\/\/wp.ufpel.edu.br\/comex\/wp-json\/wp\/v2\/comments?post=64"}],"version-history":[{"count":4,"href":"https:\/\/wp.ufpel.edu.br\/comex\/wp-json\/wp\/v2\/pages\/64\/revisions"}],"predecessor-version":[{"id":2830,"href":"https:\/\/wp.ufpel.edu.br\/comex\/wp-json\/wp\/v2\/pages\/64\/revisions\/2830"}],"wp:attachment":[{"href":"https:\/\/wp.ufpel.edu.br\/comex\/wp-json\/wp\/v2\/media?parent=64"}],"curies":[{"name":"wp","href":"https:\/\/api.w.org\/{rel}","templated":true}]}}