{"id":39,"date":"2022-07-24T19:43:50","date_gmt":"2022-07-24T22:43:50","guid":{"rendered":"https:\/\/wp.ufpel.edu.br\/comex\/?page_id=39"},"modified":"2026-02-27T15:14:49","modified_gmt":"2026-02-27T18:14:49","slug":"reconhecimento","status":"publish","type":"page","link":"https:\/\/wp.ufpel.edu.br\/comex\/reconhecimento\/","title":{"rendered":"Reconhecimento"},"content":{"rendered":"<hr \/>\n<p><strong>CRIA\u00c7\u00c3O E RECONHECIMENTO:<br \/>\n<\/strong><a href=\"https:\/\/wp.ufpel.edu.br\/scs\/files\/2022\/07\/Res.-75.2022.pdf\">Resolu\u00e7\u00e3o CONSUN N\u00ba 75, de 06 de julho de 2022<\/a><br \/>\n<a href=\"https:\/\/wp.ufpel.edu.br\/comex\/files\/2026\/02\/Portaria-de-Reconhecimento.pdf\">Portaria SERES\/MEC N\u00ba 58, DE 25 DE FEVEREIRO DE 2026<\/a><\/p>\n<p><strong>C\u00d3DIGOS:<br \/>\n<\/strong>UFPel: 8300<br \/>\nE-MEC: 1609507<\/p>\n<p><strong>CONCEITOS:<br \/>\n<\/strong>Enade: n\u00e3o possui.<br \/>\nConceito Preliminar de Curso: n\u00e3o possui.<br \/>\nConceito de Curso: 5<br \/>\n<a href=\"https:\/\/wp.ufpel.edu.br\/comex\/files\/2025\/07\/Relatorio-de-Reconhecimento-.pdf\">Relat\u00f3rio de Reconhecimento do Curso &#8211; avalia\u00e7\u00e3o <em>in loco<\/em> (2025)<\/a><\/p>\n","protected":false},"excerpt":{"rendered":"<p>CRIA\u00c7\u00c3O E RECONHECIMENTO: Resolu\u00e7\u00e3o CONSUN N\u00ba 75, de 06 de julho de 2022 Portaria SERES\/MEC N\u00ba 58, DE 25 DE FEVEREIRO DE 2026 C\u00d3DIGOS: UFPel: 8300 E-MEC: 1609507 CONCEITOS: Enade: n\u00e3o possui. Conceito Preliminar de Curso: n\u00e3o possui. Conceito de Curso: 5 Relat\u00f3rio de Reconhecimento do Curso &#8211; avalia\u00e7\u00e3o in loco (2025)<\/p>\n","protected":false},"author":1252,"featured_media":0,"parent":0,"menu_order":0,"comment_status":"closed","ping_status":"closed","template":"","meta":{"footnotes":""},"class_list":["post-39","page","type-page","status-publish","hentry","nodate","item-wrap"],"jetpack_sharing_enabled":true,"_links":{"self":[{"href":"https:\/\/wp.ufpel.edu.br\/comex\/wp-json\/wp\/v2\/pages\/39","targetHints":{"allow":["GET"]}}],"collection":[{"href":"https:\/\/wp.ufpel.edu.br\/comex\/wp-json\/wp\/v2\/pages"}],"about":[{"href":"https:\/\/wp.ufpel.edu.br\/comex\/wp-json\/wp\/v2\/types\/page"}],"author":[{"embeddable":true,"href":"https:\/\/wp.ufpel.edu.br\/comex\/wp-json\/wp\/v2\/users\/1252"}],"replies":[{"embeddable":true,"href":"https:\/\/wp.ufpel.edu.br\/comex\/wp-json\/wp\/v2\/comments?post=39"}],"version-history":[{"count":4,"href":"https:\/\/wp.ufpel.edu.br\/comex\/wp-json\/wp\/v2\/pages\/39\/revisions"}],"predecessor-version":[{"id":2910,"href":"https:\/\/wp.ufpel.edu.br\/comex\/wp-json\/wp\/v2\/pages\/39\/revisions\/2910"}],"wp:attachment":[{"href":"https:\/\/wp.ufpel.edu.br\/comex\/wp-json\/wp\/v2\/media?parent=39"}],"curies":[{"name":"wp","href":"https:\/\/api.w.org\/{rel}","templated":true}]}}