{"id":38,"date":"2022-07-24T19:43:50","date_gmt":"2022-07-24T22:43:50","guid":{"rendered":"https:\/\/wp.ufpel.edu.br\/comex\/?page_id=38"},"modified":"2025-12-21T13:41:24","modified_gmt":"2025-12-21T16:41:24","slug":"normas","status":"publish","type":"page","link":"https:\/\/wp.ufpel.edu.br\/comex\/normas\/","title":{"rendered":"Normas do Curso"},"content":{"rendered":"<hr \/>\n<p><span style=\"font-size: 14pt;\"><strong>Regimentos<\/strong><\/span><span style=\"font-size: 10pt;\">\u00a0<\/span><span style=\"font-size: 10pt;\"><span class=\"collapseomatic \" id=\"id69d232e084d68\"  tabindex=\"0\" title=\"Ver mais\"    >Ver mais<\/span><span id='swap-id69d232e084d68'  class='colomat-swap' style='display:none;'>Ver menos<\/span><div id=\"target-id69d232e084d68\" class=\"collapseomatic_content \"> <\/span><\/p>\n<p><a href=\"https:\/\/wp.ufpel.edu.br\/comex\/files\/2022\/11\/Regimento-Interno-do-Colegiado-de-COMEX.pdf\">Regimento Interno do Curso de Com\u00e9rcio Exterior<\/a><\/p>\n<p><a href=\"https:\/\/wp.ufpel.edu.br\/comex\/files\/2022\/09\/Resolucao-n.-012022.pdf\"><span style=\"font-size: 12pt;\">Regimento Interno do NDE<\/span><\/a><\/p>\n<p><a href=\"https:\/\/wp.ufpel.edu.br\/comex\/files\/2023\/11\/Regimento-COMEXLab.pdf\">Regimento do COMEXLab<\/a><\/p>\n<p><span style=\"font-size: 10pt;\"><\/div><\/span><\/p>\n<hr \/>\n<p><strong><span style=\"font-size: 14pt;\">Resolu\u00e7\u00f5es<\/span>\u00a0<\/strong><span style=\"font-size: 10pt;\"><span class=\"collapseomatic \" id=\"id69d232e084e2b\"  tabindex=\"0\" title=\"Ver mais\"    >Ver mais<\/span><span id='swap-id69d232e084e2b'  class='colomat-swap' style='display:none;'>Ver menos<\/span><div id=\"target-id69d232e084e2b\" class=\"collapseomatic_content \"><\/span><\/p>\n<p style=\"text-align: justify;\"><a href=\"https:\/\/wp.ufpel.edu.br\/comex\/files\/2025\/12\/Resolucao-n.-012025.pdf\">Resolu\u00e7\u00e3o n. 01\/2025<\/a>: Dispo\u0303e sobre a transic\u0327a\u0303o curricular no a\u0302mbito do Novo Projeto Pedago\u0301gico (Curri\u0301culo 2) do Curso de Come\u0301rcio Exterior<\/p>\n<p><a href=\"https:\/\/wp.ufpel.edu.br\/comex\/files\/2022\/09\/Resolucao-n.-012022.pdf\">Resolu\u00e7\u00e3o n. 01\/2022<\/a>: Aprova o Regimento do NDE<\/p>\n<p><span style=\"font-size: 10pt;\"><\/div><\/span><\/p>\n<hr \/>\n<p><strong><span style=\"font-size: 14pt;\">Enunciados<\/span>\u00a0<\/strong><span style=\"font-size: 10pt;\"><span class=\"collapseomatic \" id=\"id69d232e084e61\"  tabindex=\"0\" title=\"Ver mais\"    >Ver mais<\/span><span id='swap-id69d232e084e61'  class='colomat-swap' style='display:none;'>Ver menos<\/span><div id=\"target-id69d232e084e61\" class=\"collapseomatic_content \"> <\/div><\/span><\/p>\n<hr \/>\n<p><span style=\"font-size: 14pt;\"><strong>Portarias <\/strong><\/span><span style=\"font-size: 10pt;\"><span class=\"collapseomatic \" id=\"id69d232e084e92\"  tabindex=\"0\" title=\"Ver mais\"    >Ver mais<\/span><span id='swap-id69d232e084e92'  class='colomat-swap' style='display:none;'>Ver menos<\/span><div id=\"target-id69d232e084e92\" class=\"collapseomatic_content \"><\/span><\/p>\n<p style=\"text-align: justify;\"><a href=\"https:\/\/wp.ufpel.edu.br\/comex\/files\/2025\/11\/SEI_3481161_Portaria_Interna_3.pdf\">Portaria 03\/2025<\/a>: Institui Comiss\u00e3o de Avalia\u00e7\u00e3o dos processos de Reop\u00e7\u00e3o, Reingresso, Transfer\u00eancia e Portador de T\u00edtulo do Curso Superior de Tecnologia em Com\u00e9rcio Exterior (Edital 42\/2025\/CRA)<\/p>\n<p style=\"text-align: justify;\"><a href=\"https:\/\/wp.ufpel.edu.br\/comex\/files\/2025\/09\/Portaria-.pdf\">Portaria 02\/2025<\/a>: Institui Comiss\u00e3o Eleitoral para a elei\u00e7\u00e3o da Representa\u00e7\u00e3o Discente no Colegiado do Curso de Com\u00e9rcio Exterior<\/p>\n<p style=\"text-align: justify;\"><a href=\"https:\/\/wp.ufpel.edu.br\/comex\/files\/2025\/01\/Portaria-012025.pdf\">Portaria 01\/2025<\/a>: Institui Comiss\u00e3o de Avalia\u00e7\u00e3o dos processos de Reop\u00e7\u00e3o, Reingresso, Transfer\u00eancia e Portador de T\u00edtulo do Curso Superior de Tecnologia em Com\u00e9rcio Exterior (Edital 33\/2024\/CRA)<\/p>\n<p style=\"text-align: justify;\"><a href=\"https:\/\/wp.ufpel.edu.br\/comex\/files\/2024\/09\/Portaria-052024.pdf\">Portaria 05\/2024<\/a>: Institui Comiss\u00e3o de Avalia\u00e7\u00e3o dos processos de Reop\u00e7\u00e3o, Reingresso, Transfer\u00eancia e Portador de T\u00edtulo do Curso Superior de Tecnologia em Com\u00e9rcio Exterior (Edital 18\/2024\/CRA)<\/p>\n<p style=\"text-align: justify;\"><a href=\"https:\/\/wp.ufpel.edu.br\/comex\/files\/2024\/08\/Portaria-042024.pdf\">Portaria 04\/2024<\/a>: Institui Comiss\u00e3o Eleitoral para Membro do N\u00facleo Docente Estruturante do curso de Com\u00e9rcio Exterior<\/p>\n<p style=\"text-align: justify;\"><a href=\"https:\/\/wp.ufpel.edu.br\/comex\/files\/2024\/08\/Portaria-032024.pdf\">Portaria 03\/2024<\/a>: Institui Comiss\u00e3o Eleitoral para Representa\u00e7\u00e3o Docente e Discente no Colegiado do curso de Com\u00e9rcio Exterior<\/p>\n<p style=\"text-align: justify;\"><a href=\"https:\/\/wp.ufpel.edu.br\/comex\/files\/2024\/08\/Portaria-022024.pdf\">Portaria 02\/2024<\/a>: Institui Comiss\u00e3o Eleitoral para Coordenador e Coordenador Adjunto do curso de Com\u00e9rcio Exterior<\/p>\n<p style=\"text-align: justify;\"><a href=\"https:\/\/wp.ufpel.edu.br\/comex\/files\/2024\/06\/Portaria-01-2024.pdf\">Portaria 01\/2024<\/a>: Institui Comissa\u0303o de Estudos para elaborac\u0327a\u0303o de um novo projeto pedago\u0301gico para o curso de Come\u0301rcio Exterior<\/p>\n<p style=\"text-align: justify;\"><a href=\"https:\/\/wp.ufpel.edu.br\/comex\/files\/2023\/10\/Portaria-01-2023.pdf\">Portaria 01\/2023<\/a>: Institui\u00a0Comissa\u0303o para elaborac\u0327a\u0303o de Proposta de Cria\u00e7\u00e3o de Laborat\u00f3rio de Estudos e Pr\u00e1ticas em Com\u00e9rcio Exterior<\/p>\n<p style=\"text-align: justify;\"><span style=\"font-size: 12pt;\"><a href=\"https:\/\/wp.ufpel.edu.br\/comex\/files\/2022\/09\/Portaria-022022.pdf\">Portaria 02\/2022<\/a>: Institui Comissa\u0303o para elaborac\u0327a\u0303o do Regimento Interno do Nu\u0301cleo Docente Estruturante do Curso de Come\u0301rcio Exterior<br \/>\n<\/span><span style=\"font-size: 12pt;\"><br \/>\n<a href=\"https:\/\/wp.ufpel.edu.br\/comex\/files\/2022\/09\/Portaria-012022.pdf\">Portaria 01\/2022<\/a>: Institui Comissa\u0303o para elaborac\u0327a\u0303o do Regimento do Colegiado do Curso de Come\u0301rcio Exterior<\/span><\/p>\n<p><span style=\"font-size: 10pt;\"><\/div><\/span><\/p>\n<hr \/>\n<p>&nbsp;<\/p>\n","protected":false},"excerpt":{"rendered":"<p>Regimentos\u00a0 Resolu\u00e7\u00f5es\u00a0 Enunciados\u00a0 Portarias &nbsp;<\/p>\n","protected":false},"author":1252,"featured_media":0,"parent":0,"menu_order":0,"comment_status":"closed","ping_status":"closed","template":"","meta":{"footnotes":""},"class_list":["post-38","page","type-page","status-publish","hentry","nodate","item-wrap"],"jetpack_sharing_enabled":true,"_links":{"self":[{"href":"https:\/\/wp.ufpel.edu.br\/comex\/wp-json\/wp\/v2\/pages\/38","targetHints":{"allow":["GET"]}}],"collection":[{"href":"https:\/\/wp.ufpel.edu.br\/comex\/wp-json\/wp\/v2\/pages"}],"about":[{"href":"https:\/\/wp.ufpel.edu.br\/comex\/wp-json\/wp\/v2\/types\/page"}],"author":[{"embeddable":true,"href":"https:\/\/wp.ufpel.edu.br\/comex\/wp-json\/wp\/v2\/users\/1252"}],"replies":[{"embeddable":true,"href":"https:\/\/wp.ufpel.edu.br\/comex\/wp-json\/wp\/v2\/comments?post=38"}],"version-history":[{"count":4,"href":"https:\/\/wp.ufpel.edu.br\/comex\/wp-json\/wp\/v2\/pages\/38\/revisions"}],"predecessor-version":[{"id":2811,"href":"https:\/\/wp.ufpel.edu.br\/comex\/wp-json\/wp\/v2\/pages\/38\/revisions\/2811"}],"wp:attachment":[{"href":"https:\/\/wp.ufpel.edu.br\/comex\/wp-json\/wp\/v2\/media?parent=38"}],"curies":[{"name":"wp","href":"https:\/\/api.w.org\/{rel}","templated":true}]}}