{"id":37,"date":"2022-07-24T19:43:50","date_gmt":"2022-07-24T22:43:50","guid":{"rendered":"https:\/\/wp.ufpel.edu.br\/comex\/?page_id=37"},"modified":"2025-12-21T13:41:07","modified_gmt":"2025-12-21T16:41:07","slug":"nde","status":"publish","type":"page","link":"https:\/\/wp.ufpel.edu.br\/comex\/nde\/","title":{"rendered":"N\u00facleo Docente Estruturante"},"content":{"rendered":"<hr \/>\n<p style=\"text-align: justify;\"><span style=\"font-size: 14pt;\"><strong>Composi\u00e7\u00e3o<\/strong><\/span><\/p>\n<p style=\"text-align: justify;\">A <a href=\"https:\/\/wp.ufpel.edu.br\/comex\/files\/2024\/09\/Portaria-CCSO-172024.pdf\">Portaria Interna CCSO 17\/2024<\/a>\u00a0consolida a seguinte composi\u00e7\u00e3o do N\u00facleo Docente Estruturante do Curso de Com\u00e9rcio Exterior:<\/p>\n<p style=\"text-align: justify;\"><strong>Coordena\u00e7\u00e3o do Curso<\/strong><\/p>\n<p style=\"text-align: justify;\">Prof. Dr. Daniel Lena Marchiori Neto (<em>Presidente do NDE<\/em>)<\/p>\n<div class=\"page\" title=\"Page 1\">\n<div class=\"section\">\n<div class=\"layoutArea\">\n<div class=\"column\">\n<p><strong>Membros<\/strong><\/p>\n<p>Profa. Dra. Isabel Teresinha Dutra Soares<br \/>\n<span style=\"font-size: 10pt;\">(Mandato 04\/09\/2024 a 04\/09\/2027)<\/span><\/p>\n<div class=\"page\" title=\"Page 1\">\n<div class=\"section\">\n<div class=\"layoutArea\">\n<div class=\"column\">\n<p>Profa. Dr. Patri\u0301cia Schneider Severo<br \/>\n<span style=\"font-size: 10pt;\">(Mandato 04\/09\/2024 a 04\/09\/2027)<\/span><\/p>\n<p>Profa. Dr. Larissa Ferreira Tavares<br \/>\n<span style=\"font-size: 10pt;\">(Mandato 04\/09\/2024 a 04\/09\/2027)<\/span><\/p>\n<p>Prof. Dr. Luciano Vaz Ferreira<br \/>\n<span style=\"font-size: 10pt;\">(Mandato 04\/09\/2024 a 04\/09\/2027)<\/span><\/p>\n<\/div>\n<\/div>\n<\/div>\n<\/div>\n<\/div>\n<\/div>\n<\/div>\n<\/div>\n<hr \/>\n<p><span style=\"font-size: 14pt;\"><strong>Composi\u00e7\u00f5es Anteriores<\/strong><\/span> <span style=\"font-size: 10pt;\"><span class=\"collapseomatic \" id=\"id69d32fc9e7d2e\"  tabindex=\"0\" title=\"Ver mais\"    >Ver mais<\/span><span id='swap-id69d32fc9e7d2e'  class='colomat-swap' style='display:none;'>Ver menos<\/span><div id=\"target-id69d32fc9e7d2e\" class=\"collapseomatic_content \">\n<\/span><a href=\"https:\/\/wp.ufpel.edu.br\/comex\/files\/2022\/09\/Portaria-CCSO-242022.pdf\">Portaria Interna CCSO 24\/2022<\/a><br \/>\n<span style=\"font-size: 10pt;\"> <\/div><\/span><\/p>\n<hr \/>\n<p><span style=\"font-size: 14pt;\"><strong>Atas<\/strong><\/span> <span style=\"font-size: 10pt;\"><span class=\"collapseomatic \" id=\"id69d32fc9e7de6\"  tabindex=\"0\" title=\"Ver mais\"    >Ver mais<\/span><span id='swap-id69d32fc9e7de6'  class='colomat-swap' style='display:none;'>Ver menos<\/span><div id=\"target-id69d32fc9e7de6\" class=\"collapseomatic_content \"><\/span><\/p>\n<p><a href=\"https:\/\/wp.ufpel.edu.br\/comex\/files\/2025\/12\/Ata-NDE-092025.pdf\">Ata NDE 09\/2025<\/a><\/p>\n<p><a href=\"https:\/\/wp.ufpel.edu.br\/comex\/files\/2025\/11\/Ata-NDE-082025.pdf\">Ata NDE 08\/2025<\/a><\/p>\n<p><a href=\"https:\/\/wp.ufpel.edu.br\/comex\/files\/2025\/11\/Ata-NDE-072025.pdf\">Ata NDE 07\/2025<\/a><\/p>\n<p><a href=\"https:\/\/wp.ufpel.edu.br\/comex\/files\/2025\/10\/Ata-NDE-062025.pdf\">Ata NDE 06\/2025<\/a><\/p>\n<p><a href=\"https:\/\/wp.ufpel.edu.br\/comex\/files\/2025\/10\/SEI_23110.007141_2025_78.pdf\">Ata NDE 05\/2025<\/a><\/p>\n<p><a href=\"https:\/\/wp.ufpel.edu.br\/comex\/files\/2025\/07\/SEI_3160450_Ata_de_Reuniao.pdf\">Ata NDE 04\/2025<\/a><\/p>\n<p><a href=\"https:\/\/wp.ufpel.edu.br\/comex\/files\/2025\/06\/Ata-NDE-03-2025.pdf\">Ata NDE 03\/2025<\/a><\/p>\n<p><a href=\"https:\/\/wp.ufpel.edu.br\/comex\/files\/2025\/06\/Ata-NDE-02-2025.pdf\">Ata NDE 02\/2025<\/a><\/p>\n<p><a href=\"https:\/\/wp.ufpel.edu.br\/comex\/files\/2025\/06\/Ata-NDE-01-2025.pdf\">Ata NDE 01\/2025<\/a><\/p>\n<p><a href=\"https:\/\/wp.ufpel.edu.br\/comex\/files\/2025\/06\/Ata-NDE-02-2024.pdf\">Ata NDE 02\/2024<\/a><\/p>\n<p><a href=\"https:\/\/wp.ufpel.edu.br\/comex\/files\/2024\/10\/Ata-NDE-012024.pdf\">Ata NDE 01\/2024<\/a><\/p>\n<p><a href=\"https:\/\/wp.ufpel.edu.br\/comex\/files\/2022\/09\/Ata-NDE-012022.pdf\">Ata NDE 01\/2022<\/a><\/p>\n<p><span style=\"font-size: 10pt;\"><\/div><\/span><\/p>\n","protected":false},"excerpt":{"rendered":"<p>Composi\u00e7\u00e3o A Portaria Interna CCSO 17\/2024\u00a0consolida a seguinte composi\u00e7\u00e3o do N\u00facleo Docente Estruturante do Curso de Com\u00e9rcio Exterior: Coordena\u00e7\u00e3o do Curso Prof. Dr. Daniel Lena Marchiori Neto (Presidente do NDE) Membros Profa. Dra. Isabel Teresinha Dutra Soares (Mandato 04\/09\/2024 a 04\/09\/2027) Profa. Dr. Patri\u0301cia Schneider Severo (Mandato 04\/09\/2024 a 04\/09\/2027) Profa. Dr. Larissa Ferreira Tavares &hellip; <\/p>\n<p><a class=\"more-link btn\" href=\"https:\/\/wp.ufpel.edu.br\/comex\/nde\/\">Continue lendo<\/a><\/p>\n","protected":false},"author":1252,"featured_media":0,"parent":0,"menu_order":0,"comment_status":"closed","ping_status":"closed","template":"","meta":{"footnotes":""},"class_list":["post-37","page","type-page","status-publish","hentry","nodate","item-wrap"],"jetpack_sharing_enabled":true,"_links":{"self":[{"href":"https:\/\/wp.ufpel.edu.br\/comex\/wp-json\/wp\/v2\/pages\/37","targetHints":{"allow":["GET"]}}],"collection":[{"href":"https:\/\/wp.ufpel.edu.br\/comex\/wp-json\/wp\/v2\/pages"}],"about":[{"href":"https:\/\/wp.ufpel.edu.br\/comex\/wp-json\/wp\/v2\/types\/page"}],"author":[{"embeddable":true,"href":"https:\/\/wp.ufpel.edu.br\/comex\/wp-json\/wp\/v2\/users\/1252"}],"replies":[{"embeddable":true,"href":"https:\/\/wp.ufpel.edu.br\/comex\/wp-json\/wp\/v2\/comments?post=37"}],"version-history":[{"count":4,"href":"https:\/\/wp.ufpel.edu.br\/comex\/wp-json\/wp\/v2\/pages\/37\/revisions"}],"predecessor-version":[{"id":2820,"href":"https:\/\/wp.ufpel.edu.br\/comex\/wp-json\/wp\/v2\/pages\/37\/revisions\/2820"}],"wp:attachment":[{"href":"https:\/\/wp.ufpel.edu.br\/comex\/wp-json\/wp\/v2\/media?parent=37"}],"curies":[{"name":"wp","href":"https:\/\/api.w.org\/{rel}","templated":true}]}}