{"id":362,"date":"2022-07-26T22:21:37","date_gmt":"2022-07-27T01:21:37","guid":{"rendered":"https:\/\/wp.ufpel.edu.br\/comex\/?page_id=362"},"modified":"2022-09-17T16:25:31","modified_gmt":"2022-09-17T19:25:31","slug":"normas-da-ufpel","status":"publish","type":"page","link":"https:\/\/wp.ufpel.edu.br\/comex\/normas-da-ufpel\/","title":{"rendered":"Normas da UFPel"},"content":{"rendered":"<hr \/>\n<p>\u2013 <a href=\"https:\/\/wp.ufpel.edu.br\/scs\/regimento\/\">Regimento da UFPel\u00a0<\/a><\/p>\n<p>\u2013 <a href=\"https:\/\/wp.ufpel.edu.br\/gestaopublica\/files\/2022\/07\/Regimento-CCSO.pdf\">Regimento do CCSO<\/a><\/p>\n<p>\u2013 <a href=\"https:\/\/wp.ufpel.edu.br\/gestaopublica\/files\/2018\/09\/SEI_Resolu\u00e7\u00e3o-29.2018-Novo-Regulamento-de-Gradua\u00e7\u00e3o-UFPEL.pdf\">Regulamento do Ensino de Gradua\u00e7\u00e3o na UFPel\u00a0<\/a><\/p>\n<p>\u2013 <a href=\"https:\/\/wp.ufpel.edu.br\/gestaopublica\/files\/2022\/09\/Resoluc%CC%A7a%CC%83o-Reingresso.pdf\">Resolu\u00e7\u00e3o sobre Reingresso<\/a><\/p>\n","protected":false},"excerpt":{"rendered":"<p>\u2013 Regimento da UFPel\u00a0 \u2013 Regimento do CCSO \u2013 Regulamento do Ensino de Gradua\u00e7\u00e3o na UFPel\u00a0 \u2013 Resolu\u00e7\u00e3o sobre Reingresso<\/p>\n","protected":false},"author":1252,"featured_media":0,"parent":0,"menu_order":0,"comment_status":"closed","ping_status":"closed","template":"","meta":{"footnotes":""},"class_list":["post-362","page","type-page","status-publish","hentry","nodate","item-wrap"],"jetpack_sharing_enabled":true,"_links":{"self":[{"href":"https:\/\/wp.ufpel.edu.br\/comex\/wp-json\/wp\/v2\/pages\/362","targetHints":{"allow":["GET"]}}],"collection":[{"href":"https:\/\/wp.ufpel.edu.br\/comex\/wp-json\/wp\/v2\/pages"}],"about":[{"href":"https:\/\/wp.ufpel.edu.br\/comex\/wp-json\/wp\/v2\/types\/page"}],"author":[{"embeddable":true,"href":"https:\/\/wp.ufpel.edu.br\/comex\/wp-json\/wp\/v2\/users\/1252"}],"replies":[{"embeddable":true,"href":"https:\/\/wp.ufpel.edu.br\/comex\/wp-json\/wp\/v2\/comments?post=362"}],"version-history":[{"count":5,"href":"https:\/\/wp.ufpel.edu.br\/comex\/wp-json\/wp\/v2\/pages\/362\/revisions"}],"predecessor-version":[{"id":800,"href":"https:\/\/wp.ufpel.edu.br\/comex\/wp-json\/wp\/v2\/pages\/362\/revisions\/800"}],"wp:attachment":[{"href":"https:\/\/wp.ufpel.edu.br\/comex\/wp-json\/wp\/v2\/media?parent=362"}],"curies":[{"name":"wp","href":"https:\/\/api.w.org\/{rel}","templated":true}]}}