{"id":36,"date":"2022-07-24T19:43:50","date_gmt":"2022-07-24T22:43:50","guid":{"rendered":"https:\/\/wp.ufpel.edu.br\/comex\/?page_id=36"},"modified":"2025-12-21T13:40:29","modified_gmt":"2025-12-21T16:40:29","slug":"coordenacao","status":"publish","type":"page","link":"https:\/\/wp.ufpel.edu.br\/comex\/coordenacao\/","title":{"rendered":"Coordena\u00e7\u00e3o do Curso"},"content":{"rendered":"<hr \/>\n<p><span style=\"font-size: 12pt;\"><strong>Coordenador:<\/strong> Prof. Dr. Daniel Lena Marchiori Neto &#8211; <a href=\"https:\/\/wp.ufpel.edu.br\/comex\/files\/2024\/09\/Portaria-GR-32322024.pdf\">Portaria GR 3232\/2024<\/a><\/span><\/p>\n<p><strong>Coordenador Adjunto:<\/strong> Prof. Dr. Luciano Vaz Ferreira &#8211; <a href=\"https:\/\/wp.ufpel.edu.br\/comex\/files\/2024\/09\/Portaria-GR-3152024.pdf\">Portaria GR 3315\/2024<\/a><\/p>\n<p><a href=\"https:\/\/wp.ufpel.edu.br\/comex\/files\/2025\/05\/Plano-de-Acao-.pdf\">Plano de A\u00e7\u00e3o (2024-2026)<\/a><\/p>\n<hr \/>\n<p><span style=\"font-size: 14pt;\"><strong>Administra\u00e7\u00f5es Anteriores<\/strong><\/span> <span style=\"font-size: 10pt;\"><span class=\"collapseomatic \" id=\"id69d2ec6624d16\"  tabindex=\"0\" title=\"Ver mais\"    >Ver mais<\/span><span id='swap-id69d2ec6624d16'  class='colomat-swap' style='display:none;'>Ver menos<\/span><div id=\"target-id69d2ec6624d16\" class=\"collapseomatic_content \">\n<\/span><strong>2022-2024 &#8211;<\/strong> Coordenador: <span style=\"font-size: 12pt;\">Prof. Dr. Daniel Lena Marchiori Neto (<em>pro tempore<\/em>) \u00a0&#8211; <a href=\"https:\/\/wp.ufpel.edu.br\/comex\/files\/2022\/09\/Portaria-GR-19912022.pdf\">Portaria GR 1991\/2022<\/a><br \/>\n<span style=\"font-size: 10pt;\"><\/div><\/span><br \/>\n<\/span><\/p>\n","protected":false},"excerpt":{"rendered":"<p>Coordenador: Prof. Dr. Daniel Lena Marchiori Neto &#8211; Portaria GR 3232\/2024 Coordenador Adjunto: Prof. Dr. Luciano Vaz Ferreira &#8211; Portaria GR 3315\/2024 Plano de A\u00e7\u00e3o (2024-2026) Administra\u00e7\u00f5es Anteriores<\/p>\n","protected":false},"author":1252,"featured_media":0,"parent":0,"menu_order":0,"comment_status":"closed","ping_status":"closed","template":"","meta":{"footnotes":""},"class_list":["post-36","page","type-page","status-publish","hentry","nodate","item-wrap"],"jetpack_sharing_enabled":true,"_links":{"self":[{"href":"https:\/\/wp.ufpel.edu.br\/comex\/wp-json\/wp\/v2\/pages\/36","targetHints":{"allow":["GET"]}}],"collection":[{"href":"https:\/\/wp.ufpel.edu.br\/comex\/wp-json\/wp\/v2\/pages"}],"about":[{"href":"https:\/\/wp.ufpel.edu.br\/comex\/wp-json\/wp\/v2\/types\/page"}],"author":[{"embeddable":true,"href":"https:\/\/wp.ufpel.edu.br\/comex\/wp-json\/wp\/v2\/users\/1252"}],"replies":[{"embeddable":true,"href":"https:\/\/wp.ufpel.edu.br\/comex\/wp-json\/wp\/v2\/comments?post=36"}],"version-history":[{"count":4,"href":"https:\/\/wp.ufpel.edu.br\/comex\/wp-json\/wp\/v2\/pages\/36\/revisions"}],"predecessor-version":[{"id":2817,"href":"https:\/\/wp.ufpel.edu.br\/comex\/wp-json\/wp\/v2\/pages\/36\/revisions\/2817"}],"wp:attachment":[{"href":"https:\/\/wp.ufpel.edu.br\/comex\/wp-json\/wp\/v2\/media?parent=36"}],"curies":[{"name":"wp","href":"https:\/\/api.w.org\/{rel}","templated":true}]}}