{"id":2510,"date":"2025-07-07T02:51:00","date_gmt":"2025-07-07T05:51:00","guid":{"rendered":"https:\/\/wp.ufpel.edu.br\/comex\/?page_id=2510"},"modified":"2025-08-13T12:37:50","modified_gmt":"2025-08-13T15:37:50","slug":"relatorios","status":"publish","type":"page","link":"https:\/\/wp.ufpel.edu.br\/comex\/relatorios\/","title":{"rendered":"Relat\u00f3rios"},"content":{"rendered":"<hr \/>\n<p><a href=\"https:\/\/wp.ufpel.edu.br\/comex\/files\/2025\/08\/2025-Estudo-sobre-adequacao-do-numero-de-vagas.pdf\">Estudo sobre adequa\u00e7\u00e3o do n\u00famero de vagas (2025)<\/a><\/p>\n<p>&nbsp;<\/p>\n","protected":false},"excerpt":{"rendered":"<p>Estudo sobre adequa\u00e7\u00e3o do n\u00famero de vagas (2025) &nbsp;<\/p>\n","protected":false},"author":1252,"featured_media":0,"parent":0,"menu_order":0,"comment_status":"closed","ping_status":"closed","template":"","meta":{"footnotes":""},"class_list":["post-2510","page","type-page","status-publish","hentry","nodate","item-wrap"],"jetpack_sharing_enabled":true,"_links":{"self":[{"href":"https:\/\/wp.ufpel.edu.br\/comex\/wp-json\/wp\/v2\/pages\/2510","targetHints":{"allow":["GET"]}}],"collection":[{"href":"https:\/\/wp.ufpel.edu.br\/comex\/wp-json\/wp\/v2\/pages"}],"about":[{"href":"https:\/\/wp.ufpel.edu.br\/comex\/wp-json\/wp\/v2\/types\/page"}],"author":[{"embeddable":true,"href":"https:\/\/wp.ufpel.edu.br\/comex\/wp-json\/wp\/v2\/users\/1252"}],"replies":[{"embeddable":true,"href":"https:\/\/wp.ufpel.edu.br\/comex\/wp-json\/wp\/v2\/comments?post=2510"}],"version-history":[{"count":4,"href":"https:\/\/wp.ufpel.edu.br\/comex\/wp-json\/wp\/v2\/pages\/2510\/revisions"}],"predecessor-version":[{"id":2616,"href":"https:\/\/wp.ufpel.edu.br\/comex\/wp-json\/wp\/v2\/pages\/2510\/revisions\/2616"}],"wp:attachment":[{"href":"https:\/\/wp.ufpel.edu.br\/comex\/wp-json\/wp\/v2\/media?parent=2510"}],"curies":[{"name":"wp","href":"https:\/\/api.w.org\/{rel}","templated":true}]}}