{"id":211,"date":"2022-07-25T20:42:24","date_gmt":"2022-07-25T23:42:24","guid":{"rendered":"https:\/\/wp.ufpel.edu.br\/comex\/?page_id=211"},"modified":"2025-12-21T13:40:52","modified_gmt":"2025-12-21T16:40:52","slug":"colegiado","status":"publish","type":"page","link":"https:\/\/wp.ufpel.edu.br\/comex\/colegiado\/","title":{"rendered":"Colegiado do Curso"},"content":{"rendered":"<hr \/>\n<p><span style=\"font-size: 14pt;\"><strong>Composi\u00e7\u00e3o<\/strong><\/span><\/p>\n<p style=\"text-align: justify;\">A <a href=\"https:\/\/wp.ufpel.edu.br\/comex\/files\/2025\/09\/Portaria-Interna-CCSO-332025-.pdf\">Portaria Interna CCSO 33\/2025<\/a>\u00a0consolida a seguinte composi\u00e7\u00e3o do Colegiado do Curso de Com\u00e9rcio Exterior:<\/p>\n<div class=\"page\" title=\"Page 1\">\n<div class=\"section\">\n<div class=\"layoutArea\">\n<div class=\"column\">\n<p><strong>Coordenac\u0327a\u0303o do Curso<\/strong><\/p>\n<p>Prof. Dr. Daniel Lena Marchiori Neto (<em>Coordenador do Colegiado<\/em>)<br \/>\n<span style=\"font-size: 10pt;\">(Mandato 04\/09\/2024 a 04\/09\/2026)<\/span><\/p>\n<p>Prof. Dr. Luciano Vaz Ferreira (<em>Coordenador Adjunto do Colegiado<\/em>)<br \/>\n<span style=\"font-size: 10pt;\">(Mandato 04\/09\/2024 a 04\/09\/2026)<\/span><\/p>\n<p><strong>Representac\u0327a\u0303o Docente<\/strong><\/p>\n<p>Profa. Dra. Isabel Teresinha Dutra Soares (Titular)<br \/>\nProfa. Dra. Patri\u0301cia Schneider Severo (Suplente)<br \/>\n<span style=\"font-size: 10pt;\">(Mandato 04\/09\/2024 a 04\/09\/2026)<\/span><\/p>\n<p>Profa. Dra. Larissa Ferreira Tavares (Titular)<br \/>\nProf. Dr. Luciano Vaz Ferreira (Suplente)<br \/>\n<span style=\"font-size: 10pt;\">(Mandato 04\/09\/2024 a 04\/09\/2026)<\/span><\/p>\n<p><strong>Representac\u0327a\u0303o Discente<\/strong><\/p>\n<p>Ac. <span data-sheets-root=\"1\">Fillipe de Oliveira Marrero <\/span>(Titular)<br \/>\nAc. Lui\u0301sa Macedo Correa(Suplente)<br \/>\n<span style=\"font-size: 10pt;\">(Mandato 19\/09\/2025 a 19\/09\/2026)<\/span><\/p>\n<\/div>\n<\/div>\n<\/div>\n<\/div>\n<hr \/>\n<p><span style=\"font-size: 14pt;\"><strong>Composi\u00e7\u00f5es Anteriores<\/strong><\/span> <span style=\"font-size: 10pt;\"><span class=\"collapseomatic \" id=\"id69d184c4bdaf7\"  tabindex=\"0\" title=\"Ver mais\"    >Ver mais<\/span><span id='swap-id69d184c4bdaf7'  class='colomat-swap' style='display:none;'>Ver menos<\/span><div id=\"target-id69d184c4bdaf7\" class=\"collapseomatic_content \">\n<\/span><a href=\"https:\/\/wp.ufpel.edu.br\/comex\/files\/2024\/09\/Portaria-CCSO-162024.pdf\">Portaria Interna CCSO 16\/2024<\/a><\/p>\n<p><a href=\"https:\/\/wp.ufpel.edu.br\/comex\/files\/2022\/09\/Portaria-CCSO-252022.pdf\">Portaria Interna CCSO 25\/2022<\/a><br \/>\n<span style=\"font-size: 10pt;\"><\/div><\/span><\/p>\n<hr \/>\n<p><span style=\"font-size: 14pt;\"><strong>Atas<\/strong><\/span> <span style=\"font-size: 10pt;\"><span class=\"collapseomatic \" id=\"id69d184c4bdb71\"  tabindex=\"0\" title=\"Ver mais\"    >Ver mais<\/span><span id='swap-id69d184c4bdb71'  class='colomat-swap' style='display:none;'>Ver menos<\/span><div id=\"target-id69d184c4bdb71\" class=\"collapseomatic_content \"><\/span><\/p>\n<p><a href=\"https:\/\/wp.ufpel.edu.br\/comex\/files\/2025\/12\/Ata-COLEGIADO-082025.pdf\">Ata COLEGIADO 08\/2025<\/a><\/p>\n<p><a href=\"https:\/\/wp.ufpel.edu.br\/comex\/files\/2025\/11\/Ata-COLEGIADO-072025.pdf\">Ata COLEGIADO 07\/2025<\/a><\/p>\n<p><a href=\"https:\/\/wp.ufpel.edu.br\/comex\/files\/2025\/10\/Ata-COLEGIADO-062025.pdf\">Ata COLEGIADO 06\/2025<\/a><\/p>\n<p><a href=\"https:\/\/wp.ufpel.edu.br\/comex\/files\/2025\/09\/Ata-COLEGIADO-052025.pdf\">Ata COLEGIADO 05\/2025<\/a><\/p>\n<p><a href=\"https:\/\/wp.ufpel.edu.br\/comex\/files\/2025\/09\/ATA-04-2025.pdf\">Ata COLEGIADO 04\/2025<\/a><\/p>\n<p><a href=\"https:\/\/wp.ufpel.edu.br\/comex\/files\/2025\/08\/Ata.pdf\">Ata COLEGIADO 03\/2025<\/a><\/p>\n<p><a href=\"https:\/\/wp.ufpel.edu.br\/comex\/files\/2025\/07\/SEI_3154768_Ata_de_Reuniao.pdf\">Ata COLEGIADO 02\/2025<\/a><\/p>\n<p><a href=\"https:\/\/wp.ufpel.edu.br\/comex\/files\/2025\/06\/Ata-COLEGIADO-03-2025.pdf\">Ata COLEGIADO 01\/2025<\/a><\/p>\n<p><a href=\"https:\/\/wp.ufpel.edu.br\/comex\/files\/2024\/08\/ATA.pdf\">Ata COLEGIADO 02\/2024<\/a><\/p>\n<p><a href=\"https:\/\/wp.ufpel.edu.br\/comex\/files\/2024\/08\/Ata-COLEGIADO-012024.pdf\">Ata COLEGIADO 01\/2024<\/a><\/p>\n<p><a href=\"https:\/\/wp.ufpel.edu.br\/comex\/files\/2023\/10\/Ata-COLEGIADO-012023.pdf\">Ata COLEGIADO 01\/2023<\/a><\/p>\n<p><a href=\"https:\/\/wp.ufpel.edu.br\/comex\/files\/2022\/09\/Ata-COLEGIADO-012022.pdf\">Ata COLEGIADO 01\/2022<\/a><\/p>\n<p><span style=\"font-size: 10pt;\"><\/div><\/span><\/p>\n","protected":false},"excerpt":{"rendered":"<p>Composi\u00e7\u00e3o A Portaria Interna CCSO 33\/2025\u00a0consolida a seguinte composi\u00e7\u00e3o do Colegiado do Curso de Com\u00e9rcio Exterior: Coordenac\u0327a\u0303o do Curso Prof. Dr. Daniel Lena Marchiori Neto (Coordenador do Colegiado) (Mandato 04\/09\/2024 a 04\/09\/2026) Prof. Dr. Luciano Vaz Ferreira (Coordenador Adjunto do Colegiado) (Mandato 04\/09\/2024 a 04\/09\/2026) Representac\u0327a\u0303o Docente Profa. Dra. Isabel Teresinha Dutra Soares (Titular) Profa. &hellip; <\/p>\n<p><a class=\"more-link btn\" href=\"https:\/\/wp.ufpel.edu.br\/comex\/colegiado\/\">Continue lendo<\/a><\/p>\n","protected":false},"author":1252,"featured_media":0,"parent":0,"menu_order":0,"comment_status":"closed","ping_status":"closed","template":"","meta":{"footnotes":""},"class_list":["post-211","page","type-page","status-publish","hentry","nodate","item-wrap"],"jetpack_sharing_enabled":true,"_links":{"self":[{"href":"https:\/\/wp.ufpel.edu.br\/comex\/wp-json\/wp\/v2\/pages\/211","targetHints":{"allow":["GET"]}}],"collection":[{"href":"https:\/\/wp.ufpel.edu.br\/comex\/wp-json\/wp\/v2\/pages"}],"about":[{"href":"https:\/\/wp.ufpel.edu.br\/comex\/wp-json\/wp\/v2\/types\/page"}],"author":[{"embeddable":true,"href":"https:\/\/wp.ufpel.edu.br\/comex\/wp-json\/wp\/v2\/users\/1252"}],"replies":[{"embeddable":true,"href":"https:\/\/wp.ufpel.edu.br\/comex\/wp-json\/wp\/v2\/comments?post=211"}],"version-history":[{"count":4,"href":"https:\/\/wp.ufpel.edu.br\/comex\/wp-json\/wp\/v2\/pages\/211\/revisions"}],"predecessor-version":[{"id":2819,"href":"https:\/\/wp.ufpel.edu.br\/comex\/wp-json\/wp\/v2\/pages\/211\/revisions\/2819"}],"wp:attachment":[{"href":"https:\/\/wp.ufpel.edu.br\/comex\/wp-json\/wp\/v2\/media?parent=211"}],"curies":[{"name":"wp","href":"https:\/\/api.w.org\/{rel}","templated":true}]}}