{"id":19,"date":"2022-07-24T19:34:08","date_gmt":"2022-07-24T22:34:08","guid":{"rendered":"https:\/\/wp.ufpel.edu.br\/comex\/?page_id=19"},"modified":"2022-10-13T10:21:51","modified_gmt":"2022-10-13T13:21:51","slug":"contato","status":"publish","type":"page","link":"https:\/\/wp.ufpel.edu.br\/comex\/contato\/","title":{"rendered":"CONTATO"},"content":{"rendered":"<p><strong><span style=\"font-size: 14pt;\">Colegiado do Curso de Com\u00e9rcio Exterior<\/span><\/strong><\/p>\n<hr \/>\n<p><strong>Coordena\u00e7\u00e3o do Curso\u00a0<\/strong><\/p>\n<p>Prof. Dr. Daniel Lena Marchiori Neto<\/p>\n<p>E-mail: <a href=\"mailto:danielmarchiorineto@gmail.com\">danielmarchiorineto@gmail.com<\/a><\/p>\n<hr \/>\n<p><strong>Secretaria do Colegiado<\/strong><\/p>\n<p>E-mail: <a href=\"mailto:colegiadosccso@gmail.com\">colegiadosccso@gmail.com<\/a><\/p>\n<hr \/>\n<p><strong>Centro de Ci\u00eancias S\u00f3cio-Organizacionais<\/strong><\/p>\n<p>Endere\u00e7o: Rua Gomes Carneiro, n<sup>o<\/sup> 01 &#8211; Campus Porto &#8211;<\/p>\n<p>CEP: 96010-610 (antigo Frigor\u00edfico Anglo) &#8211; 4<sup>o<\/sup> andar.<\/p>\n<p>Telefone: (53) 3284-3857<\/p>\n<p>Hor\u00e1rio de atendimento: de segunda-feira a sexta-feira, das 8 horas \u00e0s 21h30min<\/p>\n<p>&nbsp;<\/p>\n","protected":false},"excerpt":{"rendered":"<p>Colegiado do Curso de Com\u00e9rcio Exterior Coordena\u00e7\u00e3o do Curso\u00a0 Prof. Dr. Daniel Lena Marchiori Neto E-mail: danielmarchiorineto@gmail.com Secretaria do Colegiado E-mail: colegiadosccso@gmail.com Centro de Ci\u00eancias S\u00f3cio-Organizacionais Endere\u00e7o: Rua Gomes Carneiro, no 01 &#8211; Campus Porto &#8211; CEP: 96010-610 (antigo Frigor\u00edfico Anglo) &#8211; 4o andar. Telefone: (53) 3284-3857 Hor\u00e1rio de atendimento: de segunda-feira a sexta-feira, das &hellip; <\/p>\n<p><a class=\"more-link btn\" href=\"https:\/\/wp.ufpel.edu.br\/comex\/contato\/\">Continue lendo<\/a><\/p>\n","protected":false},"author":1252,"featured_media":0,"parent":0,"menu_order":0,"comment_status":"closed","ping_status":"closed","template":"","meta":{"footnotes":""},"class_list":["post-19","page","type-page","status-publish","hentry","nodate","item-wrap"],"jetpack_sharing_enabled":true,"_links":{"self":[{"href":"https:\/\/wp.ufpel.edu.br\/comex\/wp-json\/wp\/v2\/pages\/19","targetHints":{"allow":["GET"]}}],"collection":[{"href":"https:\/\/wp.ufpel.edu.br\/comex\/wp-json\/wp\/v2\/pages"}],"about":[{"href":"https:\/\/wp.ufpel.edu.br\/comex\/wp-json\/wp\/v2\/types\/page"}],"author":[{"embeddable":true,"href":"https:\/\/wp.ufpel.edu.br\/comex\/wp-json\/wp\/v2\/users\/1252"}],"replies":[{"embeddable":true,"href":"https:\/\/wp.ufpel.edu.br\/comex\/wp-json\/wp\/v2\/comments?post=19"}],"version-history":[{"count":16,"href":"https:\/\/wp.ufpel.edu.br\/comex\/wp-json\/wp\/v2\/pages\/19\/revisions"}],"predecessor-version":[{"id":1104,"href":"https:\/\/wp.ufpel.edu.br\/comex\/wp-json\/wp\/v2\/pages\/19\/revisions\/1104"}],"wp:attachment":[{"href":"https:\/\/wp.ufpel.edu.br\/comex\/wp-json\/wp\/v2\/media?parent=19"}],"curies":[{"name":"wp","href":"https:\/\/api.w.org\/{rel}","templated":true}]}}