{"id":188,"date":"2022-07-25T19:32:06","date_gmt":"2022-07-25T22:32:06","guid":{"rendered":"https:\/\/wp.ufpel.edu.br\/comex\/?page_id=188"},"modified":"2025-12-21T13:42:54","modified_gmt":"2025-12-21T16:42:54","slug":"pesquisa","status":"publish","type":"page","link":"https:\/\/wp.ufpel.edu.br\/comex\/pesquisa\/","title":{"rendered":"Projetos de Pesquisa"},"content":{"rendered":"<hr \/>\n\n<table id=\"tablepress-15\" class=\"tablepress tablepress-id-15\">\n<thead>\n<tr class=\"row-1\">\n\t<th class=\"column-1\">Coordenador<\/th><th class=\"column-2\">T\u00edtulo<\/th><th class=\"column-3\">Resumo<\/th>\n<\/tr>\n<\/thead>\n<tbody>\n<tr class=\"row-2\">\n\t<td class=\"column-1\">DANIEL LENA MARCHIORI NETO<\/td><td class=\"column-2\"><a href=\"https:\/\/institucional.ufpel.edu.br\/projetos\/id\/u5939\">DIREITOS HUMANOS E DEMOCRACIA: UMA DIF\u00cdCIL RELA\u00c7\u00c3O<\/a><\/td><td class=\"column-3\">Este projeto prop\u00f5e uma agenda de pesquisa com foco na an\u00e1lise da tens\u00e3o entre \u201cdemocracia\u201d e \u201cdireitos fundamentais\" e o reflexo desta dicotomia nas teorias da democracia e no pensamento pol\u00edtico e econ\u00f4mico contempor\u00e2neos. H\u00e1 duas linhas a serem abordadas. Primeiro, busca revisitar diferentes concep\u00e7\u00f5es de democracia (liberal, conservadora, republicana, procedimentalista e radical), avaliando os riscos e desafios que os regimes democr\u00e1ticos enfrentam na atualidade, bem como as estrat\u00e9gias de resist\u00eancia ao retrocesso democr\u00e1tico. Em segundo lugar, explora quest\u00f5es do constitucionalismo popular, do neoliberalismo, da teoria da depend\u00eancia e do novo desenvolvimentismo, avaliando as dificuldades de efetiva\u00e7\u00e3o dos direitos sociais no Brasil.<\/td>\n<\/tr>\n<tr class=\"row-3\">\n\t<td class=\"column-1\">KELLY FABIANE DE FARIAS SIM\u00d5ES ARPINO<\/td><td class=\"column-2\"><a href=\"https:\/\/institucional.ufpel.edu.br\/projetos\/id\/u9675\">DESENVOLVIMENTO ECON\u00d4MICO E COM\u00c9RCIO EXTERIOR<\/a><\/td><td class=\"column-3\">O Desenvolvimento Econ\u00f4mico e Social das na\u00e7\u00f5es \u00e9 um dos temas mais relevantes da atualidade visto que n\u00e3o h\u00e1 melhoria de bem estar sem que haja aumento de PIB per capta, minimiza\u00e7\u00e3o das desigualdades sociais, mitiga\u00e7\u00e3o de impactos ambientais erradica\u00e7\u00e3o da pobreza e da fome. Autores como os cl\u00e1ssicos Adam Smith (1976), David Ricardo (1817) e, mais recentemente, Eli Filip Heckscher e Bertil Gotthard Ohlin (premio Nobel de Economia de 1977) demonstraram a correla\u00e7\u00e3o positiva entre o desenvolvimento das na\u00e7\u00f5es e o com\u00e9rcio internacional. J\u00e1, os economistas da atualidade Daron Acemoglu, Simon Johnson e James A. Robinson (pr\u00eamio Nobel de Economia de 2024) demostraram a correla\u00e7\u00e3o e o impacto das institui\u00e7\u00f5es sociais sobre as desigualdades econ\u00f4micas e, portanto, diferentes n\u00edveis de prosperidade das na\u00e7\u00f5es. Nesse sentido, a presente pesquisa tem por objetivo ampliar e aprofundar a quest\u00e3o do com\u00e9rcio internacional e o impactos das institui\u00e7\u00f5es sobre o processo de desenvolvimento sustent\u00e1vel do Brasil. Para tanto, prop\u00f5e-se tra\u00e7ar um paralelo entre o processo de desenvolvimento da maior economia do mundo, os Estados Unidos da Am\u00e9rica (EUA) que adotam um modelo baseado no livre mercado e liberdades individuais aliado a um poder de Estado mais enxuto e descentralizado e a China, atual modelo de milagre de crescimento econ\u00f4mico baseado num poder de Estado centralizado e com a participa\u00e7\u00e3o do mesmo de modo ativo, junto ao setor privado, no processo de produ\u00e7\u00e3o do pa\u00eds. Outro desdobramento da pesquisa \u00e9 averigarar, para o Brasil, uma poss\u00edvel correla\u00e7\u00e3o entre a uma maior abertura ao com\u00e9rcio exterior , que teve na d\u00e9cada de 1990 um referencial de uma abertura comercial significativa, e a diferen\u00e7a salarial entre homens e mulheres no mercado de trabalho formal. Este foco da pesquisa tem por base um estudo de Hirata e Soares (2020) onde encontrou-se uma correla\u00e7\u00e3o positiva entre a abertura econ\u00f4mica brasileira e a mitiga\u00e7\u00e3o do hiato salarial entre ra\u00e7as. <\/td>\n<\/tr>\n<tr class=\"row-4\">\n\t<td class=\"column-1\">LUCIANO VAZ FERREIRA<\/td><td class=\"column-2\"><a href=\"https:\/\/institucional.ufpel.edu.br\/projetos\/id\/u7787\">NOVASTRA \u2013 NOVOS ATORES INTERNACIONAIS DA IND\u00daSTRIA ESPACIAL<\/a><\/td><td class=\"column-3\">O projeto prop\u00f5e uma agenda de pesquisa com foco nos novos atores na ind\u00fastria espacial global e a possibilidades de rela\u00e7\u00f5es cooperativas e comerciais envolvendo este setor. O objetivo \u00e9 estabelecer um estudo comparativo, de maneira a avaliar quais os desafios enfrentados e as iniciativas positivas experimentadas pelas novas pot\u00eancias espaciais e empresas transnacionais que operam no segmento espacial. Ser\u00e3o tamb\u00e9m mapeados os programas de coopera\u00e7\u00e3o na \u00e1rea espacial, de modo a identificar poss\u00edveis sinergias que podem ser exploradas em rela\u00e7\u00f5es comerciais bilaterais e multilaterais. A pesquisa ser\u00e1 constitu\u00edda como um estudo de caso m\u00faltiplo, por meio de uma an\u00e1lise documental e revis\u00e3o de literatura. Os resultados ser\u00e3o publicados em revistas cient\u00edficas.<\/td>\n<\/tr>\n<tr class=\"row-5\">\n\t<td class=\"column-1\">LUCIANO VAZ FERREIRA<\/td><td class=\"column-2\"><a href=\"https:\/\/institucional.ufpel.edu.br\/projetos\/id\/u7958\">INFRACIBER \u2013 POL\u00cdTICAS DE CIBERSEGURAN\u00c7A PARA INFRAESTRUTURAS CR\u00cdTICAS NO BRASIL<\/a><\/td><td class=\"column-3\">O projeto prop\u00f5e uma agenda de pesquisa com foco nos impactos socioecon\u00f4micos das pol\u00edticas de seguran\u00e7a cibern\u00e9tica para infraestrutura cr\u00edtica no contexto brasileiro. Para isso, ser\u00e1 conduzida uma s\u00e9rie de a\u00e7\u00f5es de pesquisa que possam contemplar a an\u00e1lise do objeto. O objetivo \u00e9 estabelecer um estudo comparativo entre a realidade brasileira e as iniciativas de outros pa\u00edses. A pesquisa ser\u00e1 constitu\u00edda como um estudo de caso m\u00faltiplo, por meio de uma an\u00e1lise documental e revis\u00e3o de literatura. Os resultados ser\u00e3o publicados em revistas cient\u00edficas.<\/td>\n<\/tr>\n<tr class=\"row-6\">\n\t<td class=\"column-1\">LUCIANO VAZ FERREIRA<\/td><td class=\"column-2\"><a href=\"https:\/\/institucional.ufpel.edu.br\/projetos\/id\/u9789\">DEFESA CIVIL: AMPLIANDO AS CAPACIDADES ESTATAIS<\/a><\/td><td class=\"column-3\">O projeto tem como objetivo fortalecer a capacidade das defesas civis regionais e municipais no Brasil, em resposta ao aumento da frequ\u00eancia e da intensidade dos desastres, resultantes das mudan\u00e7as clim\u00e1ticas e da ocupa\u00e7\u00e3o territorial desordenada. Fundamentado na estrutura do Sistema Nacional de Prote\u00e7\u00e3o e Defesa Civil (SINPDEC), o estudo ressalta o papel operacional central dos governos locais, que, apesar de essenciais, enfrentam limita\u00e7\u00f5es estruturais, financeiras e tecnol\u00f3gicas significativas. A metodologia adotada combina o Estudo de Caso, para uma an\u00e1lise profunda e contextualizada, com a Pesquisa-A\u00e7\u00e3o, que promove a colabora\u00e7\u00e3o ativa entre pesquisadores e participantes visando \u00e0 implementa\u00e7\u00e3o de mudan\u00e7as concretas. Para isso, ser\u00e3o utilizadas fontes acad\u00eamicas, t\u00e9cnicas, oficiais, al\u00e9m de observa\u00e7\u00e3o direta, a fim de diagnosticar a atua\u00e7\u00e3o das defesas civis regionais e municipais e propor estrat\u00e9gias eficazes para aprimorar sua prepara\u00e7\u00e3o e resposta a futuros desastres.<\/td>\n<\/tr>\n<\/tbody>\n<\/table>\n<!-- #tablepress-15 from cache -->\n","protected":false},"excerpt":{"rendered":"","protected":false},"author":1252,"featured_media":0,"parent":0,"menu_order":0,"comment_status":"closed","ping_status":"closed","template":"","meta":{"footnotes":""},"class_list":["post-188","page","type-page","status-publish","hentry","nodate","item-wrap"],"jetpack_sharing_enabled":true,"_links":{"self":[{"href":"https:\/\/wp.ufpel.edu.br\/comex\/wp-json\/wp\/v2\/pages\/188","targetHints":{"allow":["GET"]}}],"collection":[{"href":"https:\/\/wp.ufpel.edu.br\/comex\/wp-json\/wp\/v2\/pages"}],"about":[{"href":"https:\/\/wp.ufpel.edu.br\/comex\/wp-json\/wp\/v2\/types\/page"}],"author":[{"embeddable":true,"href":"https:\/\/wp.ufpel.edu.br\/comex\/wp-json\/wp\/v2\/users\/1252"}],"replies":[{"embeddable":true,"href":"https:\/\/wp.ufpel.edu.br\/comex\/wp-json\/wp\/v2\/comments?post=188"}],"version-history":[{"count":3,"href":"https:\/\/wp.ufpel.edu.br\/comex\/wp-json\/wp\/v2\/pages\/188\/revisions"}],"predecessor-version":[{"id":1239,"href":"https:\/\/wp.ufpel.edu.br\/comex\/wp-json\/wp\/v2\/pages\/188\/revisions\/1239"}],"wp:attachment":[{"href":"https:\/\/wp.ufpel.edu.br\/comex\/wp-json\/wp\/v2\/media?parent=188"}],"curies":[{"name":"wp","href":"https:\/\/api.w.org\/{rel}","templated":true}]}}