{"id":76,"date":"2009-11-30T20:18:23","date_gmt":"2009-11-30T22:18:23","guid":{"rendered":"https:\/\/wp.ufpel.edu.br\/comet\/?page_id=76"},"modified":"2019-07-17T14:09:10","modified_gmt":"2019-07-17T17:09:10","slug":"legislacao","status":"publish","type":"page","link":"https:\/\/wp.ufpel.edu.br\/comet\/legislacao\/","title":{"rendered":"Legisla\u00e7\u00e3o"},"content":{"rendered":"<p><a href=\"https:\/\/www.planalto.gov.br\/ccivil_03\/decreto\/D1171.htm\">C\u00f3digo de \u00c9tica Profissional do Servidor P\u00fablico Civil do Poder Executivo Federal<br \/>\n<\/a><em>Decreto n\u00ba 1.171, de 22 de junho de 1994<\/em>.<\/p>\n<p><a href=\"http:\/\/www.planalto.gov.br\/ccivil_03\/Leis\/L8112compilado.htm\">Lei n\u00ba 8.112, de 11 de dezembro de 1990<br \/>\n<\/a><em>Disp\u00f5e sobre o regime jur\u00eddico dos servidores p\u00fablicos civis da Uni\u00e3o, das autarquias e das funda\u00e7\u00f5es p\u00fablicas federais<\/em>.<\/p>\n<p><a href=\"https:\/\/wp.ufpel.edu.br\/scs\/files\/2010\/08\/Res-122015.pdf\">Regimento Interno da Comiss\u00e3o de \u00c9tica da UFPel<\/a><br \/>\n<em>Resolu\u00e7\u00e3o n\u00ba 12, de 10 de novembro de 2015 do Conselho Universit\u00e1rio da UFPel<br \/>\n<\/em><\/p>\n<p><a href=\"http:\/\/etica.planalto.gov.br\/sobre-a-cep\/legislacao\">Legisla\u00e7\u00e3o<\/a><br \/>\n<em>Comiss\u00e3o de \u00c9tica P\u00fablica da Presid\u00eancia da Rep\u00fablica Federativa do Brasil<\/em>.<\/p>\n<p>Portarias do Gabinete do Reitor da UFPel<br \/>\n=&gt; <a href=\"http:\/\/reitoria.ufpel.edu.br\/portarias\/arquivos\/0318_2008.pdf\" target=\"_self\" rel=\"noopener noreferrer\">Portaria <\/a><a href=\"http:\/\/reitoria.ufpel.edu.br\/portarias\/arquivos\/0318_2008.pdf\" target=\"_self\" rel=\"noopener noreferrer\">do Gabinete do Reitor da UFPel<\/a><a href=\"http:\/\/reitoria.ufpel.edu.br\/portarias\/arquivos\/0318_2008.pdf\" target=\"_self\" rel=\"noopener noreferrer\"> N\u00ba 318, de 22 de abril de 2008<\/a>;<br \/>\n=&gt; <a href=\"http:\/\/reitoria.ufpel.edu.br\/portarias\/arquivos\/0438_2008.pdf\" target=\"_self\" rel=\"noopener noreferrer\">Portaria <\/a><a href=\"http:\/\/reitoria.ufpel.edu.br\/portarias\/arquivos\/0438_2008.pdf\" target=\"_self\" rel=\"noopener noreferrer\">do Gabinete do Reitor da UFPel<\/a><a href=\"http:\/\/reitoria.ufpel.edu.br\/portarias\/arquivos\/0438_2008.pdf\" target=\"_self\" rel=\"noopener noreferrer\"> N\u00ba 438, de 16 de maio de 2008<\/a>;<br \/>\n=&gt; <a href=\"http:\/\/reitoria.ufpel.edu.br\/portarias\/arquivos\/1171_2009.pdf\">Portaria <\/a><a href=\"http:\/\/reitoria.ufpel.edu.br\/portarias\/arquivos\/1171_2009.pdf\">do Gabinete do Reitor da UFPel <\/a><a href=\"http:\/\/reitoria.ufpel.edu.br\/portarias\/arquivos\/1171_2009.pdf\">N\u00ba 1171, de 04 de agosto de 2009<\/a>;<br \/>\n=&gt; <a href=\"http:\/\/reitoria.ufpel.edu.br\/portarias\/arquivos\/0950_2011.pdf\">Portaria do Gabinete do Reitor da UFPel N\u00ba 950, de 21 de julho de 2011<\/a>.<br \/>\n=&gt; <a href=\"http:\/\/reitoria.ufpel.edu.br\/portarias\/arquivos\/1409_2012.pdf\">Portaria do Gabinete do Reitor da UFPel N\u00ba 1409, de 25 de setembro de 2012<\/a>.<br \/>\n=&gt; <a href=\"https:\/\/wp.ufpel.edu.br\/comet\/files\/2009\/11\/portaria_2209_2014.pdf\">Portaria do Gabinete do Reitor da UFPel N\u00ba 2209 de 27 de novembro de 2014<\/a>.<br \/>\n=&gt; <a href=\"http:\/\/reitoria.ufpel.edu.br\/portarias\/arquivos\/1083_2015.pdf\">Portaria do Gabinete do Reitor da UFPel N\u00ba 1083 de 25 de agosto de 2015<\/a>.<br \/>\n=&gt; <a href=\"http:\/\/reitoria.ufpel.edu.br\/portarias\/arquivos\/0012_2016.pdf\">Portaria do Gabinete do Reitor da UFPel N\u00ba 0012 de 06 de janeiro de 2016<\/a>.<br \/>\n=&gt; <a href=\"http:\/\/reitoria.ufpel.edu.br\/portarias\/arquivos\/0035_2016.pdf\">Portaria do Gabinete do Reitor da UFPel N\u00ba 0035 de 08 de janeiro de 2016<\/a>.<br \/>\n=&gt; <a href=\"http:\/\/reitoria.ufpel.edu.br\/portarias\/arquivos\/1713_2017.pdf\">Portaria do Gabinete do Reitor da UFPel N\u00ba 1713 de 17 de agosto de 2017<\/a>.<br \/>\n=&gt; <a href=\"http:\/\/reitoria.ufpel.edu.br\/portarias\/arquivos\/1143_2018.pdf\">Portaria do Gabinete do Reitor da UFPel N\u00ba 1143 de 21 de maio de 2018<\/a>.<br \/>\n=&gt; <a href=\"https:\/\/sei.ufpel.edu.br\/sei\/publicacoes\/controlador_publicacoes.php?acao=publicacao_visualizar&amp;id_documento=668622&amp;id_orgao_publicacao=0\">Portaria do Gabinete do Reitor da UFPel N\u00ba 1529 de 07 de junho de 2019<\/a>.<\/p>\n<p>Dos Editores.<\/p>\n","protected":false},"excerpt":{"rendered":"<p>C\u00f3digo de \u00c9tica Profissional do Servidor P\u00fablico Civil do Poder Executivo Federal Decreto n\u00ba 1.171, de 22 de junho de 1994. Lei n\u00ba 8.112, de 11 de dezembro de 1990 Disp\u00f5e sobre o regime jur\u00eddico dos servidores p\u00fablicos civis da Uni\u00e3o, das autarquias e das funda\u00e7\u00f5es p\u00fablicas federais. Regimento Interno da Comiss\u00e3o de \u00c9tica da [&hellip;]<\/p>\n","protected":false},"author":31,"featured_media":0,"parent":0,"menu_order":6,"comment_status":"closed","ping_status":"closed","template":"","meta":{"footnotes":""},"class_list":["post-76","page","type-page","status-publish","hentry"],"_links":{"self":[{"href":"https:\/\/wp.ufpel.edu.br\/comet\/wp-json\/wp\/v2\/pages\/76","targetHints":{"allow":["GET"]}}],"collection":[{"href":"https:\/\/wp.ufpel.edu.br\/comet\/wp-json\/wp\/v2\/pages"}],"about":[{"href":"https:\/\/wp.ufpel.edu.br\/comet\/wp-json\/wp\/v2\/types\/page"}],"author":[{"embeddable":true,"href":"https:\/\/wp.ufpel.edu.br\/comet\/wp-json\/wp\/v2\/users\/31"}],"replies":[{"embeddable":true,"href":"https:\/\/wp.ufpel.edu.br\/comet\/wp-json\/wp\/v2\/comments?post=76"}],"version-history":[{"count":35,"href":"https:\/\/wp.ufpel.edu.br\/comet\/wp-json\/wp\/v2\/pages\/76\/revisions"}],"predecessor-version":[{"id":370,"href":"https:\/\/wp.ufpel.edu.br\/comet\/wp-json\/wp\/v2\/pages\/76\/revisions\/370"}],"wp:attachment":[{"href":"https:\/\/wp.ufpel.edu.br\/comet\/wp-json\/wp\/v2\/media?parent=76"}],"curies":[{"name":"wp","href":"https:\/\/api.w.org\/{rel}","templated":true}]}}