{"id":72,"date":"2009-11-30T20:02:54","date_gmt":"2009-11-30T22:02:54","guid":{"rendered":"https:\/\/wp.ufpel.edu.br\/comet\/?page_id=72"},"modified":"2010-07-30T10:22:21","modified_gmt":"2010-07-30T12:22:21","slug":"codigo-de-etica-profissional-do-servidor-publico-civil-do-poder-executivo-federal","status":"publish","type":"page","link":"https:\/\/wp.ufpel.edu.br\/comet\/codigo-de-etica-profissional-do-servidor-publico-civil-do-poder-executivo-federal\/","title":{"rendered":"C\u00f3digo de \u00c9tica Profissional"},"content":{"rendered":"<p><a href=\"https:\/\/www.planalto.gov.br\/ccivil_03\/decreto\/D1171.htm\">C\u00f3digo de \u00c9tica Profissional do Servidor P\u00fablico Civil do Poder Executivo Federal (DECRETO N\u00ba 1.171, DE 22 DE JUNHO DE 1994)<\/a>.<\/p>\n","protected":false},"excerpt":{"rendered":"<p>C\u00f3digo de \u00c9tica Profissional do Servidor P\u00fablico Civil do Poder Executivo Federal (DECRETO N\u00ba 1.171, DE 22 DE JUNHO DE 1994).<\/p>\n","protected":false},"author":31,"featured_media":0,"parent":0,"menu_order":5,"comment_status":"closed","ping_status":"closed","template":"","meta":{"footnotes":""},"class_list":["post-72","page","type-page","status-publish","hentry"],"_links":{"self":[{"href":"https:\/\/wp.ufpel.edu.br\/comet\/wp-json\/wp\/v2\/pages\/72","targetHints":{"allow":["GET"]}}],"collection":[{"href":"https:\/\/wp.ufpel.edu.br\/comet\/wp-json\/wp\/v2\/pages"}],"about":[{"href":"https:\/\/wp.ufpel.edu.br\/comet\/wp-json\/wp\/v2\/types\/page"}],"author":[{"embeddable":true,"href":"https:\/\/wp.ufpel.edu.br\/comet\/wp-json\/wp\/v2\/users\/31"}],"replies":[{"embeddable":true,"href":"https:\/\/wp.ufpel.edu.br\/comet\/wp-json\/wp\/v2\/comments?post=72"}],"version-history":[{"count":9,"href":"https:\/\/wp.ufpel.edu.br\/comet\/wp-json\/wp\/v2\/pages\/72\/revisions"}],"predecessor-version":[{"id":115,"href":"https:\/\/wp.ufpel.edu.br\/comet\/wp-json\/wp\/v2\/pages\/72\/revisions\/115"}],"wp:attachment":[{"href":"https:\/\/wp.ufpel.edu.br\/comet\/wp-json\/wp\/v2\/media?parent=72"}],"curies":[{"name":"wp","href":"https:\/\/api.w.org\/{rel}","templated":true}]}}