{"id":5,"date":"2009-10-22T22:04:16","date_gmt":"2009-10-23T00:04:16","guid":{"rendered":"https:\/\/wp.ufpel.edu.br\/comet\/?page_id=5"},"modified":"2017-08-21T14:34:47","modified_gmt":"2017-08-21T17:34:47","slug":"corpo-editorial","status":"publish","type":"page","link":"https:\/\/wp.ufpel.edu.br\/comet\/corpo-editorial\/","title":{"rendered":"Corpo Editorial"},"content":{"rendered":"<p><strong>Editores<\/strong><\/p>\n<p>Eduardo Luiz Barbin<br \/>\nProfessor da Faculdade de Odontologia da Universidade Federal de Pelotas, RS, Brasil<\/p>\n<p>J\u00falio C\u00e9sar Emboava Span\u00f3<br \/>\nProfessor da Faculdade de Odontologia da Universidade Federal de Pelotas, RS, Brasil<\/p>\n<p>Guilherme Bri\u00e3o Camacho<br \/>\nProfessor da Faculdade de Odontologia da Universidade Federal de Pelotas, RS, Brazil<\/p>\n<p>Renato Fabr\u00edcio de Andrade Waldemarin<br \/>\nProfessor da Faculdade de Odontologia da Universidade Federal de Pelotas, RS, Brasil<\/p>\n<p><strong>Editores T\u00e9cnicos<\/strong><\/p>\n<p>Henrique Avila Vianna<br \/>\nMembro da Se\u00e7\u00e3o de Redes do Centro de Inform\u00e1tica da Universidade Federal de Pelotas, RS, Brasil<\/p>\n<p>Jo\u00e3o Ladislau Barbar\u00e1 Lopes<br \/>\nDiretor do Centro de Inform\u00e1tica da Universidade Federal de Pelotas, RS, Brasil<\/p>\n<p>Juliano Pratti Mercantil<br \/>\nFuncion\u00e1rio do Centro de Processamento de Dados da Faculdade de Odontologia de Ribeir\u00e3o Preto da Universidade de S\u00e3o Paulo, SP, Brasil<\/p>\n<p><strong>Conselho Editorial<br \/>\n(Revisores, &#8220;Referees&#8221;, Corpo Editorial ou &#8220;Editorial Board&#8221;)<\/strong><\/p>\n<p>Eduardo Luiz Barbin<br \/>\nProfessor da Faculdade de Odontologia da Universidade Federal de Pelotas, RS, Brasil<\/p>\n<p>Guilherme Bri\u00e3o Camacho<br \/>\nProfessor da Faculdade de Odontologia da Universidade Federal de Pelotas, RS, Brazil<\/p>\n<p>J\u00falio C\u00e9sar Emboava Span\u00f3<br \/>\nProfessor da Faculdade de Odontologia da Universidade Federal de Pelotas, RS, Brasil<\/p>\n<p>Renato Fabr\u00edcio de Andrade Waldemarin<br \/>\nProfessor da Faculdade de Odontologia da Universidade Federal de Pelotas, RS, Brasil<\/p>\n<p>Terena Souza da Silva<br \/>\nAdministrador\/NS, Assessor,\u00a0Centro de Gerenciamento de Informa\u00e7\u00f5es e Concursos da Universidade Federal de Pelotas, RS, Brasil<\/p>\n<p>Jo\u00e3o Paulo Voltan Adamoli<br \/>\nAssistente em Administra\u00e7\u00e3o\/TA NI,\u00a0Gabinete do Reitor da Universidade Federal de Pelotas, RS, Brasil<\/p>\n<p>Paulo Roberto Ferreira Junior (Titular)<br \/>\nProfessor do Centro de Desenvolvimento Tecnol\u00f3gico da Universidade Federal de Pelotas, RS, Brasil<\/p>\n<p>Gilberto Loguercio Collares (Suplente)<br \/>\nProfessor do Centro de Desenvolvimento Tecnol\u00f3gico da Universidade Federal de Pelotas, RS, Brasil<\/p>\n<p><strong>Membros do Conselho com Mandatos Anteriores Encerrados<\/strong><\/p>\n<p>Eduardo Luiz Barbin<br \/>\nProfessor da Faculdade de Odontologia da Universidade Federal de Pelotas, RS, Brasil<\/p>\n<p>Margarete Oleiro Marques<br \/>\nAssistente em Administra\u00e7\u00e3o\/TA NI,\u00a0Gabinete do Reitor da Universidade Federal de Pelotas, RS, Brasil<\/p>\n<p>Sandra Souza Franco<em><br \/>\n<\/em>Professora do Conjunto Agrot\u00e9cnico &#8220;Visconde da Gra\u00e7a&#8221; (CAVG) e Diretora de Projetos Educacionais e Est\u00e1gios da Pr\u00f3-Reitoria de Gradua\u00e7\u00e3o da Universidade Federal de Pelotas, RS, Brasil<\/p>\n<p>Juliana Antunes Souza<br \/>\nPsic\u00f3logo\/NS, \u00a0Coordenadora de Desenvolvimento de Pessoal,\u00a0Departamento de Planejamento e Desenvolvimento de Pessoal da Pr\u00f3-Reitoria de Gest\u00e3o de Recursos Humanos da Universidade Federal de Pelotas, RS, Brasil<\/p>\n<p>Tanizia Bender<br \/>\nAssistente de Administra\u00e7\u00e3o\/NI, Diretora do Departamento de Planejamento e Desenvolvimento de Pessoal da Pr\u00f3-Reitora de Gest\u00e3o de Recursos Humanos da Universidade Federal de Pelotas, RS, Brasil<\/p>\n<p>Oscar Luis Vasques Ramos (Presidente)<br \/>\nProfessor Aposentado da Faculdade de Odontologia da Universidade Federal de Pelotas, RS, Brasil<\/p>\n<p>Carlos Leonardo Cavalheiro Huck<br \/>\nAssistente em Administra\u00e7\u00e3o\/NI, Assistente da Secretaria do Gabinete do Reitor da Universidade Federal de Pelotas, RS, Brasil<\/p>\n","protected":false},"excerpt":{"rendered":"<p>Editores Eduardo Luiz Barbin Professor da Faculdade de Odontologia da Universidade Federal de Pelotas, RS, Brasil J\u00falio C\u00e9sar Emboava Span\u00f3 Professor da Faculdade de Odontologia da Universidade Federal de Pelotas, RS, Brasil Guilherme Bri\u00e3o Camacho Professor da Faculdade de Odontologia da Universidade Federal de Pelotas, RS, Brazil Renato Fabr\u00edcio de Andrade Waldemarin Professor da Faculdade [&hellip;]<\/p>\n","protected":false},"author":31,"featured_media":0,"parent":0,"menu_order":7,"comment_status":"closed","ping_status":"closed","template":"","meta":{"footnotes":""},"class_list":["post-5","page","type-page","status-publish","hentry"],"_links":{"self":[{"href":"https:\/\/wp.ufpel.edu.br\/comet\/wp-json\/wp\/v2\/pages\/5","targetHints":{"allow":["GET"]}}],"collection":[{"href":"https:\/\/wp.ufpel.edu.br\/comet\/wp-json\/wp\/v2\/pages"}],"about":[{"href":"https:\/\/wp.ufpel.edu.br\/comet\/wp-json\/wp\/v2\/types\/page"}],"author":[{"embeddable":true,"href":"https:\/\/wp.ufpel.edu.br\/comet\/wp-json\/wp\/v2\/users\/31"}],"replies":[{"embeddable":true,"href":"https:\/\/wp.ufpel.edu.br\/comet\/wp-json\/wp\/v2\/comments?post=5"}],"version-history":[{"count":21,"href":"https:\/\/wp.ufpel.edu.br\/comet\/wp-json\/wp\/v2\/pages\/5\/revisions"}],"predecessor-version":[{"id":346,"href":"https:\/\/wp.ufpel.edu.br\/comet\/wp-json\/wp\/v2\/pages\/5\/revisions\/346"}],"wp:attachment":[{"href":"https:\/\/wp.ufpel.edu.br\/comet\/wp-json\/wp\/v2\/media?parent=5"}],"curies":[{"name":"wp","href":"https:\/\/api.w.org\/{rel}","templated":true}]}}