{"id":240,"date":"2012-04-27T16:22:14","date_gmt":"2012-04-27T18:22:14","guid":{"rendered":"https:\/\/wp.ufpel.edu.br\/comet\/?page_id=240"},"modified":"2012-04-27T16:38:51","modified_gmt":"2012-04-27T18:38:51","slug":"endereco-para-correspondencia","status":"publish","type":"page","link":"https:\/\/wp.ufpel.edu.br\/comet\/endereco-para-correspondencia\/","title":{"rendered":"Endere\u00e7o Postal"},"content":{"rendered":"<p>Comiss\u00e3o de \u00c9tica da Universidade Federal de Pelotas<br \/>\nEscaninho da Comiss\u00e3o de \u00c9tica, Sala do Protocolo, 1\u00ba Andar, Campus Porto, UFPel,<br \/>\nRua Gomes Carneiro, 1, Centro, CEP.: 96010-610, Pelotas, RS.<\/p>\n","protected":false},"excerpt":{"rendered":"<p>Comiss\u00e3o de \u00c9tica da Universidade Federal de Pelotas Escaninho da Comiss\u00e3o de \u00c9tica, Sala do Protocolo, 1\u00ba Andar, Campus Porto, UFPel, Rua Gomes Carneiro, 1, Centro, CEP.: 96010-610, Pelotas, RS.<\/p>\n","protected":false},"author":31,"featured_media":0,"parent":0,"menu_order":8,"comment_status":"closed","ping_status":"closed","template":"","meta":{"footnotes":""},"class_list":["post-240","page","type-page","status-publish","hentry"],"_links":{"self":[{"href":"https:\/\/wp.ufpel.edu.br\/comet\/wp-json\/wp\/v2\/pages\/240","targetHints":{"allow":["GET"]}}],"collection":[{"href":"https:\/\/wp.ufpel.edu.br\/comet\/wp-json\/wp\/v2\/pages"}],"about":[{"href":"https:\/\/wp.ufpel.edu.br\/comet\/wp-json\/wp\/v2\/types\/page"}],"author":[{"embeddable":true,"href":"https:\/\/wp.ufpel.edu.br\/comet\/wp-json\/wp\/v2\/users\/31"}],"replies":[{"embeddable":true,"href":"https:\/\/wp.ufpel.edu.br\/comet\/wp-json\/wp\/v2\/comments?post=240"}],"version-history":[{"count":6,"href":"https:\/\/wp.ufpel.edu.br\/comet\/wp-json\/wp\/v2\/pages\/240\/revisions"}],"predecessor-version":[{"id":242,"href":"https:\/\/wp.ufpel.edu.br\/comet\/wp-json\/wp\/v2\/pages\/240\/revisions\/242"}],"wp:attachment":[{"href":"https:\/\/wp.ufpel.edu.br\/comet\/wp-json\/wp\/v2\/media?parent=240"}],"curies":[{"name":"wp","href":"https:\/\/api.w.org\/{rel}","templated":true}]}}