{"id":2,"date":"2009-10-16T12:36:07","date_gmt":"2009-10-16T14:36:07","guid":{"rendered":""},"modified":"2017-08-21T13:16:37","modified_gmt":"2017-08-21T16:16:37","slug":"sobre","status":"publish","type":"page","link":"https:\/\/wp.ufpel.edu.br\/comet\/sobre\/","title":{"rendered":"Sobre"},"content":{"rendered":"<p>O Vice-Reitor da Universidade Federal de Pelotas (UFPel), no exerc\u00edcio da Reitoria, no uso de suas atribui\u00e7\u00f5es legais, considerando o Decreto n\u00ba 1.171\/1994 e os termos do Of\u00edcio n\u00ba 138\/2008 do Minist\u00e9rio P\u00fablico Federal\/PRM-Pel\/SDC, por meio da Portaria 0318\/2008 do Gabinete do Reitor, constituiu a Comiss\u00e3o de \u00c9tica da UFPel no dia 22 de abril de 2008.<\/p>\n<p>Dos Editores.<\/p>\n","protected":false},"excerpt":{"rendered":"<p>O Vice-Reitor da Universidade Federal de Pelotas (UFPel), no exerc\u00edcio da Reitoria, no uso de suas atribui\u00e7\u00f5es legais, considerando o Decreto n\u00ba 1.171\/1994 e os termos do Of\u00edcio n\u00ba 138\/2008 do Minist\u00e9rio P\u00fablico Federal\/PRM-Pel\/SDC, por meio da Portaria 0318\/2008 do Gabinete do Reitor, constituiu a Comiss\u00e3o de \u00c9tica da UFPel no dia 22 de abril [&hellip;]<\/p>\n","protected":false},"author":1,"featured_media":0,"parent":0,"menu_order":2,"comment_status":"closed","ping_status":"closed","template":"","meta":{"footnotes":""},"class_list":["post-2","page","type-page","status-publish","hentry"],"_links":{"self":[{"href":"https:\/\/wp.ufpel.edu.br\/comet\/wp-json\/wp\/v2\/pages\/2","targetHints":{"allow":["GET"]}}],"collection":[{"href":"https:\/\/wp.ufpel.edu.br\/comet\/wp-json\/wp\/v2\/pages"}],"about":[{"href":"https:\/\/wp.ufpel.edu.br\/comet\/wp-json\/wp\/v2\/types\/page"}],"author":[{"embeddable":true,"href":"https:\/\/wp.ufpel.edu.br\/comet\/wp-json\/wp\/v2\/users\/1"}],"replies":[{"embeddable":true,"href":"https:\/\/wp.ufpel.edu.br\/comet\/wp-json\/wp\/v2\/comments?post=2"}],"version-history":[{"count":14,"href":"https:\/\/wp.ufpel.edu.br\/comet\/wp-json\/wp\/v2\/pages\/2\/revisions"}],"predecessor-version":[{"id":337,"href":"https:\/\/wp.ufpel.edu.br\/comet\/wp-json\/wp\/v2\/pages\/2\/revisions\/337"}],"wp:attachment":[{"href":"https:\/\/wp.ufpel.edu.br\/comet\/wp-json\/wp\/v2\/media?parent=2"}],"curies":[{"name":"wp","href":"https:\/\/api.w.org\/{rel}","templated":true}]}}