{"id":146,"date":"2010-09-21T15:48:05","date_gmt":"2010-09-21T17:48:05","guid":{"rendered":"https:\/\/wp.ufpel.edu.br\/comet\/"},"modified":"2010-11-27T14:31:05","modified_gmt":"2010-11-27T16:31:05","slug":"a-etica-no-cinema","status":"publish","type":"page","link":"https:\/\/wp.ufpel.edu.br\/comet\/a-etica-no-cinema\/","title":{"rendered":"\u00c9tica no Cinema"},"content":{"rendered":"<p><strong>CARROS (Cars, Estados Unidos, 2006, 116m, anima\u00e7\u00e3o, colorido)<\/strong><\/p>\n<p>Falar de \u00e9tica para crian\u00e7as muitas vezes n\u00e3o \u00e9 f\u00e1cil. Entretanto, existem alguns filmes que tratam diretamente desse assunto e nos trazem li\u00e7\u00f5es muito interessantes.<\/p>\n<p>Um desses \u00e9 o filme &#8220;Carros&#8221; (Cars, Estados Unidos, 2006, 116m, anima\u00e7\u00e3o, colorido) produzido pela Pixar Animation Studios e distribu\u00eddo pela Walt Disney Pictures, que estreou nos cinemas brasileiros em 30 de junho de 2006.<\/p>\n<p>Ele relata a hist\u00f3ria de um carro de corridas estreante, o Rel\u00e2mpago McQueen, um carro muito orgulhoso, cheio de si pr\u00f3prio e extremamente solit\u00e1rio, que estava disputando a Copa Pist\u00e3o e era um dos favoritos ao t\u00edtulo, juntamente com Strip Weathers &#8211; &#8220;O Rei&#8221;, um corredor j\u00e1 bastante renomado e vencedor de v\u00e1rias Copas Pist\u00e3o e Chick Hicks, um corredor que j\u00e1 tinha sido vice-campe\u00e3o por v\u00e1rios anos consecutivos e que tinha como caracter\u00edstica ser inescrupuloso.<\/p>\n<p>Esses tr\u00eas corredores ficaram empatados na \u00faltima corrida do campeonato, em n\u00famero de vit\u00f3rias e pontos, e os organizadores decidiram fazer uma nova corrida na Calif\u00f3rnia para que se sagrasse um campe\u00e3o.<\/p>\n<p>Durante o transporte para a Calif\u00f3rnia ocorre um acidente e Rel\u00e2mpago McQueen vai parar um uma cidadezinha chamada Radiator Springs, no munic\u00edpio de Carburator, na esquecida Rota 66. Ao chegar em Radiator ele provoca a destrui\u00e7\u00e3o do asfalto da estrada que dividia a cidade ao meio, vai preso pelo Xerife, julgado por Doc Hudson, juiz da cidade, que o condena a uma pena alternativa: refazer todo o asfalto destru\u00eddo.<\/p>\n<p>Veja que l\u00e1 em Ratiator Springs j\u00e1 se fala em penas alternativas, ou seja, reparar o estrago realizado para melhorar a cidade.<\/p>\n<p>Nessa cidade, Rel\u00e2mpago tamb\u00e9m conhece a amizade, principalmente de um dos habitantes locais, chamado Mate, um caminh\u00e3o reboque muito simpl\u00f3rio mas extremamente fiel e bom companheiro, conhece o amor de uma Porsche chamada Sally, conhece a honestidade e a experi\u00eancia em corridas com Doc Hudson que era, nada mais nada menos que o Fabuloso Hudson Hornet, tricampe\u00e3o da Copa Pist\u00e3o na d\u00e9cada de 50, detentor do recorde de vit\u00f3rias em um campeonato e que acabou no esquecimento ap\u00f3s um grave acidente.<\/p>\n<p>Rel\u00e2mpago acaba descoberto e retorna para participar da corrida de desempate, mas estava sem equipe. No in\u00edcio da prova ele est\u00e1 muito desatento e acaba perdendo uma volta para os outros concorrentes. Entretanto, descobre que o pessoal de Radiator Springs vai ser sua equipe e o chefe \u00e9 o Fabuloso Hudson Hornet, que o orienta e ele acaba tomando a ponta na \u00faltima volta.<\/p>\n<p>Entretanto, Chic Hicks faz com que o Rei sofra um grave acidente e quando Rel\u00e2mpago percebe, lembra-se do acidente de Doc Hudson e p\u00e1ra antes da linha de chegada, permitindo que Chic cruze a linha e sagre-se vencedor. Rel\u00e2mpago, ent\u00e3o, volta e conduz o Rei a cruzar a linha de chegada antes dele dizendo &#8220;o Rei precisa terminar sua \u00faltima corrida&#8221;. Nesse momento o Rei indaga &#8220;Voc\u00ea est\u00e1 abrindo m\u00e3o da Copa Pist\u00e3o&#8221; e Rel\u00e2mpago responde &#8220;Um carro de corrida velho e rabugento me ensinou que \u00e9 somente uma ta\u00e7a vazia&#8221;.<\/p>\n<p>Assim, Chic Hicks conquista a Copa Pist\u00e3o mas Rel\u00e2mpago conquista o p\u00fablico e a honorabilidade.<\/p>\n<p>A grande mensagem \u00e9 que h\u00e1 muito mais nas competi\u00e7\u00f5es do que somente a vit\u00f3ria. A \u00e9tica, a moral, a dec\u00eancia e, no caso do esporte, o &#8220;fair play&#8221; (jogo limpo, honestidade, justi\u00e7a) devem acompanhar as vit\u00f3rias de um campe\u00e3o.<\/p>\n<p>Os Editores (21\/09\/10).<\/p>\n<p><!--more--><\/p>\n","protected":false},"excerpt":{"rendered":"<p>CARROS (Cars, Estados Unidos, 2006, 116m, anima\u00e7\u00e3o, colorido) Falar de \u00e9tica para crian\u00e7as muitas vezes n\u00e3o \u00e9 f\u00e1cil. Entretanto, existem alguns filmes que tratam diretamente desse assunto e nos trazem li\u00e7\u00f5es muito interessantes. Um desses \u00e9 o filme &#8220;Carros&#8221; (Cars, Estados Unidos, 2006, 116m, anima\u00e7\u00e3o, colorido) produzido pela Pixar Animation Studios e distribu\u00eddo pela Walt [&hellip;]<\/p>\n","protected":false},"author":31,"featured_media":0,"parent":0,"menu_order":6,"comment_status":"closed","ping_status":"open","template":"","meta":{"footnotes":""},"class_list":["post-146","page","type-page","status-publish","hentry"],"_links":{"self":[{"href":"https:\/\/wp.ufpel.edu.br\/comet\/wp-json\/wp\/v2\/pages\/146","targetHints":{"allow":["GET"]}}],"collection":[{"href":"https:\/\/wp.ufpel.edu.br\/comet\/wp-json\/wp\/v2\/pages"}],"about":[{"href":"https:\/\/wp.ufpel.edu.br\/comet\/wp-json\/wp\/v2\/types\/page"}],"author":[{"embeddable":true,"href":"https:\/\/wp.ufpel.edu.br\/comet\/wp-json\/wp\/v2\/users\/31"}],"replies":[{"embeddable":true,"href":"https:\/\/wp.ufpel.edu.br\/comet\/wp-json\/wp\/v2\/comments?post=146"}],"version-history":[{"count":12,"href":"https:\/\/wp.ufpel.edu.br\/comet\/wp-json\/wp\/v2\/pages\/146\/revisions"}],"predecessor-version":[{"id":154,"href":"https:\/\/wp.ufpel.edu.br\/comet\/wp-json\/wp\/v2\/pages\/146\/revisions\/154"}],"wp:attachment":[{"href":"https:\/\/wp.ufpel.edu.br\/comet\/wp-json\/wp\/v2\/media?parent=146"}],"curies":[{"name":"wp","href":"https:\/\/api.w.org\/{rel}","templated":true}]}}