{"id":101,"date":"2010-07-30T10:16:29","date_gmt":"2010-07-30T12:16:29","guid":{"rendered":"https:\/\/wp.ufpel.edu.br\/comet\/"},"modified":"2011-12-16T18:41:16","modified_gmt":"2011-12-16T20:41:16","slug":"comissao-de-etica-publica","status":"publish","type":"page","link":"https:\/\/wp.ufpel.edu.br\/comet\/comissao-de-etica-publica\/","title":{"rendered":"Comiss\u00e3o de \u00c9tica P\u00fablica"},"content":{"rendered":"<p>A <a href=\"http:\/\/etica.planalto.gov.br\/\">Comiss\u00e3o de \u00c9tica P\u00fablica (CEP)<\/a> \u00e9 vinculada ao Presidente da Rep\u00fablica Federativa do Brasil (<a title=\"Presid\u00eancia da Rep\u00fablica Federativa do Brasil\" href=\"http:\/\/www.presidencia.gov.br\/\">Presid\u00eancia da Rep\u00fablica Federativa do Brasil<\/a>) competindo-lhe o que segue:<br \/>\n=&gt; revis\u00e3o das normas que disp\u00f5e sobre \u00c9tica na Administra\u00e7\u00e3o P\u00fablica Federal;<br \/>\n=&gt; elaborar e propor a institui\u00e7\u00e3o do C\u00f3digo de Conduta das Autoridades, no \u00e2mbito do Poder Executivo Federal (<a title=\"DECRETO DE 26 DE MAIO DE 1999\" href=\"http:\/\/www.planalto.gov.br\/ccivil_03\/dnn\/Dnnconduta.htm\">Decreto de 26 de maio de 1999<\/a>).<\/p>\n<p>Clique no link abaixo para acessar o site da Comiss\u00e3o de \u00c9tica P\u00fablica:<br \/>\n<a href=\"http:\/\/etica.planalto.gov.br\/\">Comiss\u00e3o de \u00c9tica P\u00fablica<\/a><\/p>\n<div style=\"width: 1px;height: 1px;overflow: hidden\"><!-- \t\t@page { margin: 2cm } \t\tP { margin-bottom: 0.21cm } --><\/p>\n<p class=\"western\" style=\"margin-bottom: 0cm\">A Comiss\u00e3o de \u00c9tica P\u00fablica (CEP) \u00e9 vinculada ao Presidente da Rep\u00fablica Federativa do Brasil competindo-lhe o que segue:<\/p>\n<p class=\"western\" style=\"margin-bottom: 0cm\">=&gt; revis\u00e3o das normas que disp\u00f5e sobre \u00e9tica na Administra\u00e7\u00e3o P\u00fablica Federal;<\/p>\n<p class=\"western\" style=\"margin-bottom: 0cm\">=&gt; elaborar e propor a institui\u00e7\u00e3o do C\u00f3digo de Conduta das Autoridades, no \u00e2mbito do Poder Executivo Federal (Decreto de 26 de maio de 1999).<\/p>\n<p class=\"western\" style=\"margin-bottom: 0cm\">\n<\/div>\n","protected":false},"excerpt":{"rendered":"<p>A Comiss\u00e3o de \u00c9tica P\u00fablica (CEP) \u00e9 vinculada ao Presidente da Rep\u00fablica Federativa do Brasil (Presid\u00eancia da Rep\u00fablica Federativa do Brasil) competindo-lhe o que segue: =&gt; revis\u00e3o das normas que disp\u00f5e sobre \u00c9tica na Administra\u00e7\u00e3o P\u00fablica Federal; =&gt; elaborar e propor a institui\u00e7\u00e3o do C\u00f3digo de Conduta das Autoridades, no \u00e2mbito do Poder Executivo Federal [&hellip;]<\/p>\n","protected":false},"author":31,"featured_media":0,"parent":0,"menu_order":4,"comment_status":"closed","ping_status":"closed","template":"","meta":{"footnotes":""},"class_list":["post-101","page","type-page","status-publish","hentry"],"_links":{"self":[{"href":"https:\/\/wp.ufpel.edu.br\/comet\/wp-json\/wp\/v2\/pages\/101","targetHints":{"allow":["GET"]}}],"collection":[{"href":"https:\/\/wp.ufpel.edu.br\/comet\/wp-json\/wp\/v2\/pages"}],"about":[{"href":"https:\/\/wp.ufpel.edu.br\/comet\/wp-json\/wp\/v2\/types\/page"}],"author":[{"embeddable":true,"href":"https:\/\/wp.ufpel.edu.br\/comet\/wp-json\/wp\/v2\/users\/31"}],"replies":[{"embeddable":true,"href":"https:\/\/wp.ufpel.edu.br\/comet\/wp-json\/wp\/v2\/comments?post=101"}],"version-history":[{"count":12,"href":"https:\/\/wp.ufpel.edu.br\/comet\/wp-json\/wp\/v2\/pages\/101\/revisions"}],"predecessor-version":[{"id":116,"href":"https:\/\/wp.ufpel.edu.br\/comet\/wp-json\/wp\/v2\/pages\/101\/revisions\/116"}],"wp:attachment":[{"href":"https:\/\/wp.ufpel.edu.br\/comet\/wp-json\/wp\/v2\/media?parent=101"}],"curies":[{"name":"wp","href":"https:\/\/api.w.org\/{rel}","templated":true}]}}