{"id":10,"date":"2009-11-09T18:07:07","date_gmt":"2009-11-09T20:07:07","guid":{"rendered":"https:\/\/wp.ufpel.edu.br\/comet\/?page_id=10"},"modified":"2022-03-16T17:06:29","modified_gmt":"2022-03-16T20:06:29","slug":"composicao-da-comissao-de-etica","status":"publish","type":"page","link":"https:\/\/wp.ufpel.edu.br\/comet\/composicao-da-comissao-de-etica\/","title":{"rendered":"Comiss\u00e3o de \u00c9tica"},"content":{"rendered":"<p><strong>Membros com Mandatos Atuais<\/strong><\/p>\n<p><strong>J\u00falio C\u00e9sar Emboava Span\u00f3<\/strong> \u00a0(<strong>Presidente<\/strong>, Titular)<br \/>\nCargo: Professor do Magist\u00e9rio Superior da Faculdade de Odontologia da Universidade Federal de Pelotas, RS, Brasil<br \/>\nPortaria do Gabinete do Reitor N\u00ba 1.171 de 04 de agosto de 2009, N\u00ba 950 de 21 de julho de 2011, N\u00ba 1409 de 25 de setembro de 2012, N\u00ba 2209 de 27 de novembro de 2014, N\u00ba 1083 de 25 de agosto de 2015, N\u00ba 0012 de 06 de janeiro de 2016, N\u00ba 0035 de 08 de janeiro de 2016, N\u00ba 1713\/2017, N\u00ba 1143\/2018, N\u00ba 1529, de 07 de junho de 2019 e N\u00ba 1007, de 16 de junho de 2021<\/p>\n<p><strong>Renato Fabr\u00edcio de Andrade Waldemarin<\/strong> (Suplente)<br \/>\nCargo: Professor do Magist\u00e9rio Superior da Faculdade de Odontologia da Universidade Federal de Pelotas, RS, Brasil<br \/>\nPortaria do Gabinete do Reitor N\u00ba 950 de 21 de julho de 2011, N\u00ba 1409 de 25 de setembro de 2012, N\u00ba 2209 de 27 de novembro de 2014, N\u00ba 0012 de 06 de janeiro de 2016, N\u00ba 0035 de 08 de janeiro de 2016, N\u00ba 1713\/2017, N\u00ba 1143\/2018, N\u00ba 1529, de 07 de junho de 2019 e N\u00ba 1007, de 16 de junho de 2021<\/p>\n<p>&#8212;<\/p>\n<p><strong>Gilberto d\u2019\u00c1vila Vargas<\/strong> (Titular)<br \/>\nCargo: Professor do Magist\u00e9rio Superior da Faculdade de Veterin\u00e1ria da Universidade Federal de Pelotas, RS, Brasil<br \/>\nPortaria do Gabinete do Reitor N\u00ba 1007, de 16 de junho de 2021<\/p>\n<p><strong>Paula Lem\u00f5es Haertel <\/strong>(Suplente)<br \/>\nCargo: Assistente em Administra\u00e7\u00e3o\/TA, Fun\u00e7\u00e3o: Coordenadora de Desenvolvimento de Pessoal da Pr\u00f3-Reitoria de Gest\u00e3o de Pessoas da Universidade Federal de Pelotas, RS, Brasil<br \/>\nPortaria do Gabinete do Reitor N\u00ba 1529, de 07 de junho de 2019 e\u00a0N\u00ba 1007, de 16 de junho de 2021<\/p>\n<p>&#8212;<\/p>\n<p><strong>Ant\u00f4nia Esp\u00edndola Longoni Klee<\/strong> (Titular)<br \/>\nCargo: Professora do Magist\u00e9rio Superior da Faculdade de Direito da Universidade Federal de Pelotas, RS, Brasil<br \/>\nPortaria do Gabinete do Reitor N\u00ba 1007, de 16 de junho de 2021<\/p>\n<p><strong>Mariana Schardosim Tavares<\/strong> (Suplente)<br \/>\nCargo: Assistente em Administra\u00e7\u00e3o\/TA, Lota\u00e7\u00e3o: Gabinete do Reitor da Universidade Federal de Pelotas, RS, Brasil<br \/>\nPortaria do Gabinete do Reitor N\u00ba 1529, de 07 de junho de 2019 e N\u00ba 1007, de 16 de junho de 2021<\/p>\n<p>&#8212;<\/p>\n<p><strong>Membros com Mandatos Anteriores Encerrados<\/strong><\/p>\n<p>Daniel de Alvarenga Berbare (Suplente\/Titular)<br \/>\nCargo: Auxiliar de Biblioteca, Fun\u00e7\u00e3o: Chefe \/ N\u00facleo de Rela\u00e7\u00f5es Acad\u00eamicas<br \/>\nGabinete do Reitor \/ N\u00facleo de Rela\u00e7\u00f5es Acad\u00eamicas da Universidade Federal de Pelotas, RS, Brasil<br \/>\nPortaria do Gabinete do Reitor N\u00ba 1143 de 21 de maio de 2018 e N\u00ba 1529, de 07 de junho de 2019<\/p>\n<p>Paulo de Almeida Afonso (Suplente\/Titular)<br \/>\nCargo: Assistente em Administra\u00e7\u00e3o\/TA NI, Fun\u00e7\u00e3o: Coordenador \/ Coordena\u00e7\u00e3o de Processos e Informa\u00e7\u00f5es Institucionais Autoridade de Monitoramento da Lai \/ Ouvidoria Geral da UFPel Pesquisador Educacional Institucional \/ Coordena\u00e7\u00e3o de Processos e Informa\u00e7\u00f5es Institucionais<br \/>\nOuvidor \/ Ouvidoria Geral da UFPel<br \/>\nPr\u00f3-Reitoria de Gest\u00e3o da Informa\u00e7\u00e3o e Comunica\u00e7\u00e3o \/ Coordena\u00e7\u00e3o de Processos e Informa\u00e7\u00f5es Institucionais da Universidade Federal de Pelotas, RS, Brasil<br \/>\nPortaria do Gabinete do Reitor N\u00ba 1143 de 21 de maio de 2018 e N\u00ba 1529, de 07 de junho de 2019<\/p>\n<p>Paulo Roberto Ferreira Junior (Titular)<br \/>\nProfessor do Centro de Desenvolvimento Tecnol\u00f3gico da Universidade Federal de Pelotas, RS, Brasil<br \/>\nPortaria do Gabinete do Reitor N\u00ba 1713 de 17 de agosto de 2017<\/p>\n<p>Gilberto Loguercio Collares (Suplente)<br \/>\nProfessor do Centro de Desenvolvimento Tecnol\u00f3gico da Universidade Federal de Pelotas, RS, Brasil<br \/>\nPortaria do Gabinete do Reitor N\u00ba 1713 de 17 de agosto de 2017<\/p>\n<p>Jo\u00e3o Paulo Voltan Adamoli (Titular)<br \/>\nCargo: Assistente em Administra\u00e7\u00e3o\/TA NI<br \/>\nGabinete do Reitor da Universidade Federal de Pelotas, RS, Brasil<br \/>\nPortaria do Gabinete do Reitor N\u00ba 2209 de 27 de novembro de 2014, N\u00ba 0012 de 06 de janeiro de 2016 e N\u00ba 0035 de 08 de janeiro de 2016<\/p>\n<p>Terena Souza da Silva\u00a0(Suplente)<br \/>\nCargo: Administrador\/NS, Fun\u00e7\u00e3o: Assessor<br \/>\nCentro de Gerenciamento de Informa\u00e7\u00f5es e Concursos da Universidade Federal de Pelotas, RS, Brasil<br \/>\nPortaria do Gabinete do Reitor N\u00ba 1409 de 25 de setembro de 2012, N\u00ba 2209 de 27 de novembro de 2014, N\u00ba 0012 de 06 de janeiro de 2016 e N\u00ba 0035 de 08 de janeiro de 2016<\/p>\n<p>Eduardo Luiz Barbin<br \/>\nProfessor da Faculdade de Odontologia da Universidade Federal de Pelotas, RS, Brasil<br \/>\nPortaria do Gabinete do Reitor N\u00ba 1.171 de 04 de agosto de 2009, N\u00ba 950 de 21 de julho de 2011, N\u00ba 1409 de 25 de setembro de 2012, N\u00ba 2209 de 27 de novembro de 2014, N\u00ba 0012 de 06 de janeiro de 2016 e N\u00ba 0035 de 08 de janeiro de 2016<\/p>\n<p>Margarete Oleiro Marques<br \/>\nCargo: Assistente em Administra\u00e7\u00e3o\/TA NI<br \/>\nGabinete do Reitor da Universidade Federal de Pelotas, RS, Brasil<br \/>\nPortaria do Gabinete do Reitor N\u00ba 2209 de 27 de novembro de 2014, N\u00ba 0012 de 06 de janeiro de 2016 e N\u00ba 0035 de 08 de janeiro de 2016<\/p>\n<p>Juliana Antunes Souza<br \/>\nCargo: Psic\u00f3logo\/NS,\u00a0 Fun\u00e7\u00e3o: Coordenadora de Desenvolvimento de Pessoal<br \/>\nDepartamento de Planejamento e Desenvolvimento de Pessoal da Pr\u00f3-Reitoria de Gest\u00e3o de Recursos Humanos da Universidade Federal de Pelotas, RS, Brasil<br \/>\nPortaria do Gabinete do Reitor N\u00ba 950 de 21 de julho de 2011 e N\u00ba 1409 de 25 de setembro de 2012<\/p>\n<p>Tanizia Bender<br \/>\nCargo: Assistente de Administra\u00e7\u00e3o\/NI, Fun\u00e7\u00e3o: Diretora do Departamento de Planejamento e Desenvolvimento de Pessoal da Pr\u00f3-Reitora de Gest\u00e3o de Recursos Humanos da Universidade Federal de Pelotas, RS, Brasil<br \/>\nPortaria do Gabinete do Reitor N\u00ba 1.171 de 04 de agosto de 2009, N\u00ba 950 de 21 de julho de 2011 e N\u00ba 1409 de 25 de setembro de 2012<\/p>\n<p>Oscar Luis Vasques Ramos (Presidente)<br \/>\nProfessor da Faculdade de Odontologia da Universidade Federal de Pelotas, RS, Brasil<br \/>\nPortaria do Gabinete do Reitor N\u00ba 318 de 22 de abril de 2008 e N\u00ba 950 de 21 de julho de 2011<\/p>\n<p>Carlos Leonardo Cavalheiro Huck<br \/>\nCargo: Assistente em Administra\u00e7\u00e3o\/NI, Fun\u00e7\u00e3o: Assistente da Secretaria do Gabinete do Reitor da Universidade Federal de Pelotas, RS, Brasil<br \/>\nPortaria do Gabinete do Reitor N\u00ba 438 de 16 de maio de 2008<\/p>\n<p>Sandra Souza Franco<br \/>\nProfessora do Conjunto Agrot\u00e9cnico &#8220;Visconde da Gra\u00e7a&#8221; (CAVG) e Diretora de Projetos Educacionais e Est\u00e1gios da Pr\u00f3-Reitoria de Gradua\u00e7\u00e3o da Universidade Federal de Pelotas, RS, Brasil<br \/>\nPortaria do Gabinete do Reitor N\u00ba 318 de 22 de abril de 2008<\/p>\n<p>Sandro Rogerio Souza de Oliveira<br \/>\nCargo: Auxiliar em Administra\u00e7\u00e3o\/NI. Lota\u00e7\u00e3o: Gabinete do Reitor da Universidade Federal de Pelotas, RS, Brasil<br \/>\nPortaria do Gabinete do Reitor N\u00ba 318 de 22 de abril de 2008<\/p>\n","protected":false},"excerpt":{"rendered":"<p>Membros com Mandatos Atuais J\u00falio C\u00e9sar Emboava Span\u00f3 \u00a0(Presidente, Titular) Cargo: Professor do Magist\u00e9rio Superior da Faculdade de Odontologia da Universidade Federal de Pelotas, RS, Brasil Portaria do Gabinete do Reitor N\u00ba 1.171 de 04 de agosto de 2009, N\u00ba 950 de 21 de julho de 2011, N\u00ba 1409 de 25 de setembro de 2012, [&hellip;]<\/p>\n","protected":false},"author":31,"featured_media":0,"parent":0,"menu_order":3,"comment_status":"closed","ping_status":"closed","template":"","meta":{"footnotes":""},"class_list":["post-10","page","type-page","status-publish","hentry"],"_links":{"self":[{"href":"https:\/\/wp.ufpel.edu.br\/comet\/wp-json\/wp\/v2\/pages\/10","targetHints":{"allow":["GET"]}}],"collection":[{"href":"https:\/\/wp.ufpel.edu.br\/comet\/wp-json\/wp\/v2\/pages"}],"about":[{"href":"https:\/\/wp.ufpel.edu.br\/comet\/wp-json\/wp\/v2\/types\/page"}],"author":[{"embeddable":true,"href":"https:\/\/wp.ufpel.edu.br\/comet\/wp-json\/wp\/v2\/users\/31"}],"replies":[{"embeddable":true,"href":"https:\/\/wp.ufpel.edu.br\/comet\/wp-json\/wp\/v2\/comments?post=10"}],"version-history":[{"count":48,"href":"https:\/\/wp.ufpel.edu.br\/comet\/wp-json\/wp\/v2\/pages\/10\/revisions"}],"predecessor-version":[{"id":378,"href":"https:\/\/wp.ufpel.edu.br\/comet\/wp-json\/wp\/v2\/pages\/10\/revisions\/378"}],"wp:attachment":[{"href":"https:\/\/wp.ufpel.edu.br\/comet\/wp-json\/wp\/v2\/media?parent=10"}],"curies":[{"name":"wp","href":"https:\/\/api.w.org\/{rel}","templated":true}]}}