{"id":20,"date":"2023-08-03T09:00:00","date_gmt":"2023-08-03T12:00:00","guid":{"rendered":"https:\/\/wp.ufpel.edu.br\/colorindoppp\/?page_id=20"},"modified":"2025-12-17T20:06:23","modified_gmt":"2025-12-17T23:06:23","slug":"publicacoes","status":"publish","type":"page","link":"https:\/\/wp.ufpel.edu.br\/colorindoppp\/publicacoes\/","title":{"rendered":"Publica\u00e7\u00f5es"},"content":{"rendered":"<p><a href=\"https:\/\/drive.google.com\/file\/d\/1uzUMhUPZg9m0tUm1Tb-g0vsRZRVEesbP\/view?usp=drive_link\">BRANCO, Luisa dos Santos Nunes\u00a0<em>et al. <\/em>Colorindo a sala de Pr\u00e9 parto, Parto e P\u00f3s parto: projeto de interven\u00e7\u00f5es art\u00edsticas a partir do Design Emocional. In: CONGRESSO DOS PROJETOS UNIFICADOS DO CENTRO DE ARTES DA UFPEL, , Pelotas. Universidade Federal de Pelotas, .<\/a><\/p>\n<p><a href=\"https:\/\/drive.google.com\/file\/d\/1BvUpKaVPsGVJFp3W3wMme0wbQEwafN0z\/view?usp=drive_link\">BRANCO, Luisa dos Santos Nunes. SEHN, Tha\u00eds Cristina Martino. Como o ambiente influencia o processo de produ\u00e7\u00e3o em arte. In: CONGRESSO DE INICIA\u00c7\u00c3O CIENT\u00cdFICA, 2024, Pelotas. Anais eletr\u00f4nicos [&#8230;]. Pelotas: Universidade Federal de Pelotas, 2024.<\/a><\/p>\n<p>FERREIRA, Roberta de Mello. Viv\u00eancias de mulheres no processo de parturi\u00e7\u00e3o frente a modifica\u00e7\u00e3o da sala de pr\u00e9-parto, parto e p\u00f3s parto. Trabalho de Conclus\u00e3o de Curso. Curso de Enfermagem. Universidade Federal de Pelotas. Pelotas, 2023.<\/p>\n<p><a href=\"https:\/\/drive.google.com\/file\/d\/1zalVvNPA19jO78bwMekg5B0LZYg1YvxX\/view?usp=drive_link\">NUNES, Milena Quadro\u00a0<em>et al<\/em>. Articula\u00e7\u00e3o do cuidado na maternidade: Em busca da transforma\u00e7\u00e3o. In: CONGRESSO DE INICIA\u00c7\u00c3O CIENT\u00cdFICA, 2023, Pelotas. Anais eletr\u00f4nicos [&#8230;]. Pelotas: Universidade Federal de Pelotas, 2023.<\/a><\/p>\n<p>NUNES, Milena Quadro. Percep\u00e7\u00f5es de profissionais de sa\u00fade acerca de Interven\u00e7\u00f5es no ambiente de sala de parto: uma pesquisa-a\u00e7\u00e3o. Trabalho de Conclus\u00e3o de Curso. Curso de Enfermagem Universidade Federal de Pelotas. Pelotas, 2023.<\/p>\n<p><a href=\"https:\/\/www.researchgate.net\/publication\/397956092_Design_positivo_aplicado_as_salas_do_pre-parto_parto_e_pos-parto\">SEHN, T. C. M.. ESCOBAL, A. P. de L.. NUNES, M. Q.. FERREIRA, R. de M.. CARMO, L. L. do.. BRANCO, L. dos S. N.. DEMORI, C. C.. Design Positivo aplicado \u00e0s salas de pr\u00e9-parto, parto e p\u00f3s-parto. In: OLIVEIRA, G.G. de; N\u00da\u00d1EZ, G.J.Z.; PASSOS, J. E.; Design em Pesquisa \u2013 Volume 6. Porto Alegre: Marcavisual, 2024. p. 106-119. E-book.<\/a><\/p>\n","protected":false},"excerpt":{"rendered":"<p>BRANCO, Luisa dos Santos Nunes\u00a0et al. Colorindo a sala de Pr\u00e9 parto, Parto e P\u00f3s parto: projeto de interven\u00e7\u00f5es art\u00edsticas a partir do Design Emocional. In: CONGRESSO&hellip; <span class=\"read-more\"><a class=\"more-link\" href=\"https:\/\/wp.ufpel.edu.br\/colorindoppp\/publicacoes\/\" rel=\"bookmark\">Leia Mais <span class=\"screen-reader-text\">&#8220;Publica\u00e7\u00f5es&#8221;<\/span><\/a><\/span><\/p>\n","protected":false},"author":1179,"featured_media":0,"parent":0,"menu_order":0,"comment_status":"closed","ping_status":"closed","template":"","meta":{"footnotes":""},"class_list":["post-20","page","type-page","status-publish","hentry"],"_links":{"self":[{"href":"https:\/\/wp.ufpel.edu.br\/colorindoppp\/wp-json\/wp\/v2\/pages\/20","targetHints":{"allow":["GET"]}}],"collection":[{"href":"https:\/\/wp.ufpel.edu.br\/colorindoppp\/wp-json\/wp\/v2\/pages"}],"about":[{"href":"https:\/\/wp.ufpel.edu.br\/colorindoppp\/wp-json\/wp\/v2\/types\/page"}],"author":[{"embeddable":true,"href":"https:\/\/wp.ufpel.edu.br\/colorindoppp\/wp-json\/wp\/v2\/users\/1179"}],"replies":[{"embeddable":true,"href":"https:\/\/wp.ufpel.edu.br\/colorindoppp\/wp-json\/wp\/v2\/comments?post=20"}],"version-history":[{"count":3,"href":"https:\/\/wp.ufpel.edu.br\/colorindoppp\/wp-json\/wp\/v2\/pages\/20\/revisions"}],"predecessor-version":[{"id":122,"href":"https:\/\/wp.ufpel.edu.br\/colorindoppp\/wp-json\/wp\/v2\/pages\/20\/revisions\/122"}],"wp:attachment":[{"href":"https:\/\/wp.ufpel.edu.br\/colorindoppp\/wp-json\/wp\/v2\/media?parent=20"}],"curies":[{"name":"wp","href":"https:\/\/api.w.org\/{rel}","templated":true}]}}