{"id":2,"date":"2023-07-21T08:49:19","date_gmt":"2023-07-21T11:49:19","guid":{"rendered":"https:\/\/wp.ufpel.edu.br\/colorindoppp\/?page_id=2"},"modified":"2023-08-03T09:23:01","modified_gmt":"2023-08-03T12:23:01","slug":"projeto-2","status":"publish","type":"page","link":"https:\/\/wp.ufpel.edu.br\/colorindoppp\/projeto-2\/","title":{"rendered":"Projeto"},"content":{"rendered":"\r\n<p><span style=\"font-weight: 400;\">O projeto \u201cColorindo a sala de Pr\u00e9 parto, Parto e P\u00f3s parto: o Impacto da ambi\u00eancia no processo de parturi\u00e7\u00e3o\u201d, idealizado pelas professoras do curso de Enfermagem, Prof\u00aa. Dra. Ana Paula Escobal e Prof\u00aa. Dra. Carolina Demori, buscou uma parceria com o curso de Artes Visuais Licenciatura, atrav\u00e9s da intermedia\u00e7\u00e3o com a Prof\u00aa. Dra. Tha\u00eds Sehn, para fazer interven\u00e7\u00f5es art\u00edsticas neste espa\u00e7o do Hospital Escola\/UFPEL\/EBSERH (HE). localizado em Pelotas-RS. O objetivo desse projeto \u00e9 proporcionar um ambiente mais confort\u00e1vel e acolhedor, propiciando uma boa experi\u00eancia sensorial neste momento t\u00e3o importante para tr\u00edade m\u00e3e, filho e acompanhante. Outrossim, deseja-se promover um ambiente envolvente, confort\u00e1vel e humanizado aos profissionais de sa\u00fade e acad\u00eamicos que realizam pr\u00e1ticas na na sala de PPP do HE.<\/span><\/p>\r\n<p>Saiba mais no nosso perfil do Instagram:<a href=\"https:\/\/www.instagram.com\/colorindo_ppp\/\"> https:\/\/www.instagram.com\/colorindo_ppp\/\u00a0<\/a><\/p>\r\n","protected":false},"excerpt":{"rendered":"<p>O projeto \u201cColorindo a sala de Pr\u00e9 parto, Parto e P\u00f3s parto: o Impacto da ambi\u00eancia no processo de parturi\u00e7\u00e3o\u201d, idealizado pelas professoras do curso de Enfermagem,&hellip; <span class=\"read-more\"><a class=\"more-link\" href=\"https:\/\/wp.ufpel.edu.br\/colorindoppp\/projeto-2\/\" rel=\"bookmark\">Leia Mais <span class=\"screen-reader-text\">&#8220;Projeto&#8221;<\/span><\/a><\/span><\/p>\n","protected":false},"author":1179,"featured_media":0,"parent":0,"menu_order":0,"comment_status":"closed","ping_status":"closed","template":"","meta":{"footnotes":""},"class_list":["post-2","page","type-page","status-publish","hentry"],"_links":{"self":[{"href":"https:\/\/wp.ufpel.edu.br\/colorindoppp\/wp-json\/wp\/v2\/pages\/2","targetHints":{"allow":["GET"]}}],"collection":[{"href":"https:\/\/wp.ufpel.edu.br\/colorindoppp\/wp-json\/wp\/v2\/pages"}],"about":[{"href":"https:\/\/wp.ufpel.edu.br\/colorindoppp\/wp-json\/wp\/v2\/types\/page"}],"author":[{"embeddable":true,"href":"https:\/\/wp.ufpel.edu.br\/colorindoppp\/wp-json\/wp\/v2\/users\/1179"}],"replies":[{"embeddable":true,"href":"https:\/\/wp.ufpel.edu.br\/colorindoppp\/wp-json\/wp\/v2\/comments?post=2"}],"version-history":[{"count":3,"href":"https:\/\/wp.ufpel.edu.br\/colorindoppp\/wp-json\/wp\/v2\/pages\/2\/revisions"}],"predecessor-version":[{"id":55,"href":"https:\/\/wp.ufpel.edu.br\/colorindoppp\/wp-json\/wp\/v2\/pages\/2\/revisions\/55"}],"wp:attachment":[{"href":"https:\/\/wp.ufpel.edu.br\/colorindoppp\/wp-json\/wp\/v2\/media?parent=2"}],"curies":[{"name":"wp","href":"https:\/\/api.w.org\/{rel}","templated":true}]}}