{"id":775,"date":"2011-05-23T17:03:38","date_gmt":"2011-05-23T20:03:38","guid":{"rendered":"https:\/\/wp.ufpel.edu.br\/colegiadoquimica\/"},"modified":"2011-05-25T13:02:22","modified_gmt":"2011-05-25T16:02:22","slug":"estagio-e-monografia","status":"publish","type":"page","link":"https:\/\/wp.ufpel.edu.br\/colegiadoquimica\/estagio-e-monografia\/","title":{"rendered":"Est\u00e1gio e Monografia"},"content":{"rendered":"<blockquote><p><strong>Comiss\u00e3o de Est\u00e1gio e Monografia<\/strong><\/p>\n<p>Alzira Yamasaki (Presidente)<br \/>\nFrancisco Buckert Del Pino<br \/>\nGeonir Machado Siqueira<br \/>\nMariana Antunes Vieira<br \/>\nRodrigo Mendes Pereira (Representante Discente)<\/p>\n<p><strong>Documentos para Est\u00e1gio<\/strong><\/p>\n<p><a href='https:\/\/wp.ufpel.edu.br\/colegiadoquimica\/bacharelado-quimica\/formulario-roteiro-de-estagio\/' rel='attachment wp-att-420'>Formulario Roteiro de Est\u00e1gio<\/a><br \/>\n<a href='https:\/\/wp.ufpel.edu.br\/colegiadoquimica\/bacharelado-quimica\/normas-estagio\/' rel='attachment wp-att-423'>Normas Est\u00e1gio<\/a><br \/>\n<a href='https:\/\/wp.ufpel.edu.br\/colegiadoquimica\/bacharelado-quimica\/termo-de-compromisso\/' rel='attachment wp-att-424'>Termo de Compromisso<\/a><\/p>\n<p><strong>Documentos para Monografia<br \/>\n<\/strong><br \/>\n<a href='https:\/\/wp.ufpel.edu.br\/colegiadoquimica\/bacharelado-quimica\/proposta-de-monografia\/' rel='attachment wp-att-427'>Proposta de Monografia<\/a><br \/>\n<a href='https:\/\/wp.ufpel.edu.br\/colegiadoquimica\/bacharelado-quimica\/roteiro-para-elaboracao-de-monografia\/' rel='attachment wp-att-428'>Roteiro para Elabora\u00e7\u00e3o de Monografia<\/a><br \/>\n<a href='https:\/\/wp.ufpel.edu.br\/colegiadoquimica\/bacharelado-quimica\/normas-para-monografia\/' rel='attachment wp-att-429'>Normas para Monografia<\/a>.<\/p><\/blockquote>\n","protected":false},"excerpt":{"rendered":"<p>Comiss\u00e3o de Est\u00e1gio e Monografia Alzira Yamasaki (Presidente) Francisco Buckert Del Pino Geonir Machado Siqueira Mariana Antunes Vieira Rodrigo Mendes Pereira (Representante Discente) Documentos para Est\u00e1gio Formulario Roteiro de Est\u00e1gio Normas Est\u00e1gio Termo de Compromisso Documentos para Monografia Proposta de Monografia Roteiro para Elabora\u00e7\u00e3o de Monografia Normas para Monografia.<\/p>\n","protected":false},"author":76,"featured_media":0,"parent":0,"menu_order":0,"comment_status":"closed","ping_status":"open","template":"","meta":{"footnotes":""},"class_list":["post-775","page","type-page","status-publish","hentry","nodate","item-wrap"],"_links":{"self":[{"href":"https:\/\/wp.ufpel.edu.br\/colegiadoquimica\/wp-json\/wp\/v2\/pages\/775","targetHints":{"allow":["GET"]}}],"collection":[{"href":"https:\/\/wp.ufpel.edu.br\/colegiadoquimica\/wp-json\/wp\/v2\/pages"}],"about":[{"href":"https:\/\/wp.ufpel.edu.br\/colegiadoquimica\/wp-json\/wp\/v2\/types\/page"}],"author":[{"embeddable":true,"href":"https:\/\/wp.ufpel.edu.br\/colegiadoquimica\/wp-json\/wp\/v2\/users\/76"}],"replies":[{"embeddable":true,"href":"https:\/\/wp.ufpel.edu.br\/colegiadoquimica\/wp-json\/wp\/v2\/comments?post=775"}],"version-history":[{"count":7,"href":"https:\/\/wp.ufpel.edu.br\/colegiadoquimica\/wp-json\/wp\/v2\/pages\/775\/revisions"}],"predecessor-version":[{"id":909,"href":"https:\/\/wp.ufpel.edu.br\/colegiadoquimica\/wp-json\/wp\/v2\/pages\/775\/revisions\/909"}],"wp:attachment":[{"href":"https:\/\/wp.ufpel.edu.br\/colegiadoquimica\/wp-json\/wp\/v2\/media?parent=775"}],"curies":[{"name":"wp","href":"https:\/\/api.w.org\/{rel}","templated":true}]}}