{"id":637,"date":"2011-05-22T18:35:00","date_gmt":"2011-05-22T21:35:00","guid":{"rendered":"https:\/\/wp.ufpel.edu.br\/colegiadoquimica\/"},"modified":"2011-07-05T15:25:39","modified_gmt":"2011-07-05T18:25:39","slug":"trabalhos-publicados-pibid-i","status":"publish","type":"page","link":"https:\/\/wp.ufpel.edu.br\/colegiadoquimica\/trabalhos-publicados-pibid-i\/","title":{"rendered":"Trabalhos Publicados PIBID I"},"content":{"rendered":"<blockquote>\n<blockquote><p><strong>29\u00b0 Encontro de Debates sobre Ensino de Qu\u00edmica<\/strong><\/p>\n<p><a href='https:\/\/wp.ufpel.edu.br\/colegiadoquimica\/pibidquimica\/edr002-2\/' rel='attachment wp-att-600'>EDR002<\/a><br \/>\n<a href='https:\/\/wp.ufpel.edu.br\/colegiadoquimica\/pibidquimica\/edr003-2\/' rel='attachment wp-att-603'>EDR003<\/a><br \/>\n<a href='https:\/\/wp.ufpel.edu.br\/colegiadoquimica\/pibidquimica\/edr020\/' rel='attachment wp-att-604'>EDR020<\/a><br \/>\n<a href='https:\/\/wp.ufpel.edu.br\/colegiadoquimica\/pibidquimica\/edr030\/' rel='attachment wp-att-605'>EDR030<\/a><br \/>\n<a href='https:\/\/wp.ufpel.edu.br\/colegiadoquimica\/pibidquimica\/edr031\/' rel='attachment wp-att-607'>EDR031<\/a><br \/>\n<a href='https:\/\/wp.ufpel.edu.br\/colegiadoquimica\/pibidquimica\/edr035\/' rel='attachment wp-att-608'>EDR035<\/a>\n<\/p><\/blockquote>\n<blockquote><p><strong>30\u00b0 Encontro de Debates sobre Ensino de Qu\u00edmica<\/strong><\/p>\n<p><a href='https:\/\/wp.ufpel.edu.br\/colegiadoquimica\/pibidquimica\/edeq1\/' rel='attachment wp-att-613'>EDEQ1<\/a><br \/>\n<a href='https:\/\/wp.ufpel.edu.br\/colegiadoquimica\/pibidquimica\/edeq2\/' rel='attachment wp-att-614'>EDEQ2<\/a><br \/>\n<a href='https:\/\/wp.ufpel.edu.br\/colegiadoquimica\/pibidquimica\/edeq3\/' rel='attachment wp-att-615'>EDEQ3<\/a><br \/>\n<a href='https:\/\/wp.ufpel.edu.br\/colegiadoquimica\/pibidquimica\/edeq4\/' rel='attachment wp-att-616'>EDEQ4<\/a><br \/>\n<a href='https:\/\/wp.ufpel.edu.br\/colegiadoquimica\/pibidquimica\/edeq5\/' rel='attachment wp-att-617'>EDEQ5<\/a>\n<\/p><\/blockquote>\n<blockquote><p><strong>XVIII Encontro de Qu\u00edmica da Regi\u00e3o Sul<\/strong><\/p>\n<blockquote><p><a href='https:\/\/wp.ufpel.edu.br\/colegiadoquimica\/pibidquimica\/sbq1\/' rel='attachment wp-att-620'>SBQ1<\/a><br \/>\n<a href='https:\/\/wp.ufpel.edu.br\/colegiadoquimica\/pibidquimica\/sbq2\/' rel='attachment wp-att-621'>SBQ2<\/a><br \/>\n<a href='https:\/\/wp.ufpel.edu.br\/colegiadoquimica\/pibidquimica\/sbq3-2\/' rel='attachment wp-att-623'>SBQ3<\/a><br \/>\n<a href='https:\/\/wp.ufpel.edu.br\/colegiadoquimica\/pibidquimica\/sbq4\/' rel='attachment wp-att-624'>SBQ4<\/a><br \/>\n<a href='https:\/\/wp.ufpel.edu.br\/colegiadoquimica\/pibidquimica\/sbq5\/' rel='attachment wp-att-625'>SBQ5<\/a><br \/>\n<a href='https:\/\/wp.ufpel.edu.br\/colegiadoquimica\/pibidquimica\/sbq6\/' rel='attachment wp-att-626'>SBQ6<\/a><br \/>\n<a href='https:\/\/wp.ufpel.edu.br\/colegiadoquimica\/pibidquimica\/sbq7\/' rel='attachment wp-att-627'>SBQ7<\/a><br \/>\n<a href='https:\/\/wp.ufpel.edu.br\/colegiadoquimica\/pibidquimica\/sbq8\/' rel='attachment wp-att-628'>SBQ8<\/a><\/p><\/blockquote>\n<p><a href='https:\/\/wp.ufpel.edu.br\/colegiadoquimica\/trabalhos-publicados-pibid-i\/sbq9\/' rel='attachment wp-att-1094'>SBQ9<\/a><\/p>\n<\/blockquote>\n<\/blockquote>\n","protected":false},"excerpt":{"rendered":"<p>29\u00b0 Encontro de Debates sobre Ensino de Qu\u00edmica EDR002 EDR003 EDR020 EDR030 EDR031 EDR035 30\u00b0 Encontro de Debates sobre Ensino de Qu\u00edmica EDEQ1 EDEQ2 EDEQ3 EDEQ4 EDEQ5 XVIII Encontro de Qu\u00edmica da Regi\u00e3o Sul SBQ1 SBQ2 SBQ3 SBQ4 SBQ5 SBQ6 SBQ7 SBQ8 SBQ9<\/p>\n","protected":false},"author":76,"featured_media":0,"parent":0,"menu_order":0,"comment_status":"closed","ping_status":"open","template":"","meta":{"footnotes":""},"class_list":["post-637","page","type-page","status-publish","hentry","nodate","item-wrap"],"_links":{"self":[{"href":"https:\/\/wp.ufpel.edu.br\/colegiadoquimica\/wp-json\/wp\/v2\/pages\/637","targetHints":{"allow":["GET"]}}],"collection":[{"href":"https:\/\/wp.ufpel.edu.br\/colegiadoquimica\/wp-json\/wp\/v2\/pages"}],"about":[{"href":"https:\/\/wp.ufpel.edu.br\/colegiadoquimica\/wp-json\/wp\/v2\/types\/page"}],"author":[{"embeddable":true,"href":"https:\/\/wp.ufpel.edu.br\/colegiadoquimica\/wp-json\/wp\/v2\/users\/76"}],"replies":[{"embeddable":true,"href":"https:\/\/wp.ufpel.edu.br\/colegiadoquimica\/wp-json\/wp\/v2\/comments?post=637"}],"version-history":[{"count":13,"href":"https:\/\/wp.ufpel.edu.br\/colegiadoquimica\/wp-json\/wp\/v2\/pages\/637\/revisions"}],"predecessor-version":[{"id":1102,"href":"https:\/\/wp.ufpel.edu.br\/colegiadoquimica\/wp-json\/wp\/v2\/pages\/637\/revisions\/1102"}],"wp:attachment":[{"href":"https:\/\/wp.ufpel.edu.br\/colegiadoquimica\/wp-json\/wp\/v2\/media?parent=637"}],"curies":[{"name":"wp","href":"https:\/\/api.w.org\/{rel}","templated":true}]}}