{"id":505,"date":"2011-05-22T12:49:19","date_gmt":"2011-05-22T15:49:19","guid":{"rendered":"https:\/\/wp.ufpel.edu.br\/colegiadoquimica\/"},"modified":"2011-06-08T16:40:54","modified_gmt":"2011-06-08T19:40:54","slug":"eventos","status":"publish","type":"page","link":"https:\/\/wp.ufpel.edu.br\/colegiadoquimica\/eventos\/","title":{"rendered":"Eventos"},"content":{"rendered":"<blockquote><p>O XVIII SIBEE e a comiss\u00e3o organizadora do XVIII Simp\u00f3sio Brasileiro de Eletroqu\u00edmica e Eletroanal\u00edtica tem a honra de convid\u00e1-lo a participar desse evento que ocorrer\u00e1 no centro de conven\u00e7\u00f5es do Hotel Dall&#8217;Onder na cidade de Bento Gon\u00e7alves, Rio Grande do Sul, Brasil no per\u00edodo de 28 de agosto a 01 setembro 2011.<br \/>\nO SIBEE traz como tradi\u00e7\u00e3o a oportunidade de compartilhamento de experi\u00eancias e trocas de conhecimento, ampliando os horizontes da comunidade brasileira de Eletroqu\u00edmica.<br \/>\n<a href=\"https:\/\/wp.ufpel.edu.br\/colegiadoquimica\/eventos\/xviii-sibee\/\" rel=\"attachment wp-att-872\"><img loading=\"lazy\" decoding=\"async\" src=\"https:\/\/wp.ufpel.edu.br\/colegiadoquimica\/files\/2011\/05\/XVIII-SIBEE-213x300.jpg\" alt=\"\" width=\"213\" height=\"300\" class=\"alignnone size-medium wp-image-872\" srcset=\"https:\/\/wp.ufpel.edu.br\/colegiadoquimica\/files\/2011\/05\/XVIII-SIBEE-213x300.jpg 213w, https:\/\/wp.ufpel.edu.br\/colegiadoquimica\/files\/2011\/05\/XVIII-SIBEE-729x1024.jpg 729w, https:\/\/wp.ufpel.edu.br\/colegiadoquimica\/files\/2011\/05\/XVIII-SIBEE.jpg 1420w\" sizes=\"auto, (max-width: 213px) 100vw, 213px\" \/><\/a> <\/p><\/blockquote>\n<blockquote><p>O X Encontro Anual da Sociedade Brasileira de Pesquisa em Materiais (SBPMat) ser\u00e1 realizado em Gramado (RS), de 25 a 29 de setembro de 2011. Este evento procura aproximar pesquisadores em Ci\u00eancia e Engenharia de Materiais do Brasil e do Exterior. Para maiores informa\u00e7\u00f5es, consulte o site &lt;a href=&quot;<a href=\"http:\/\/www.edeq.furg.br\">http:\/\/www.sbpmat.org.br<\/a>&#8220;&gt;.\n<\/p><\/blockquote>\n<blockquote><p>O IX Encontro sobre Diamante, Carbono Amorfo, Nanotubos e Materiais Relacionados tem por objetivo discutir os \u00faltimos avan\u00e7os das pesquisas (b\u00e1sicas e aplicadas) em materiais carbonosos (grafite, diamante, grafenos, nanotubos de carbono, esponjas graf\u00edticas, carbono ativado, carbono v\u00edtreo, e materiais relacionados) obtidos nos diversos centros de pesquisa do Brasil. Para maiores informa\u00e7\u00f5es, consulte o site <a href=\"http:\/\/cdtec.ufpel.edu.br\/carbono\">http:\/\/cdtec.ufpel.edu.br\/carbono<\/a>\/.<\/p><\/blockquote>\n<blockquote><p>O Congresso Brasileiro de Cat\u00e1lise (CBCat) \u00e9 realizado a cada dois anos desde 1981, sendo atualmente o principal evento brasileiro na \u00e1rea. A responsabilidade pela sua organiza\u00e7\u00e3o \u00e9 da Sociedade Brasileira de Cat\u00e1lise (SBCat). Para maiores informa\u00e7\u00f5es, consulte o site <a href=\"http:\/\/www.16cbcat.org.br\/\">http:\/\/www.16cbcat.org.br\/<\/a>.<\/p><\/blockquote>\n<blockquote><p>A Associa\u00e7\u00e3o Brasileira de Pol\u00edmeros \u2013 ABPol, em seus 22 anos de atividades, vem mantendo, de forma regular, in\u00fameras atividades cujo objetivo principal \u00e9 a presta\u00e7\u00e3o de servi\u00e7os \u00e0 comunidade de pesquisadores, professores, estudantes e profissionais de ind\u00fastrias que atuam na \u00e1rea de pol\u00edmeros do Brasil. Dentre essas atividades, o Congresso Brasileiro de Pol\u00edmeros \u2013 CBPol \u00e9 o mais importante. Para maiores informa\u00e7\u00f5es, consulte o site <a href=\"http:\/\/www.cbpol.com.br\/\"><a href=\"http:\/\/www.edeq.furg.br\">http:\/\/www.cbpol.com.br<\/a>\/<\/a>.<\/p><\/blockquote>\n<blockquote><p>Os Encontros de Debates sobre Ensino de Qu\u00edmica (EDEQ) tiveram sua origem no Rio Grande do Sul no in\u00edcio dos anos 80. O primeiro EDEQ foi realizado em 06 de dezembro de 1980 no Instituto de Qu\u00edmica da PUCRS, com o apoio da Secretaria Regional da Sociedade Brasileira de Qu\u00edmica (SBQ) que estava sendo criada. Setenta e tr\u00eas professores dos tr\u00eas n\u00edveis de ensino reuniram-se para iniciar um processo de discuss\u00e3o, que neste ano atingir\u00e1 sua trig\u00e9sima primeira edi\u00e7\u00e3o. Para maiores informa\u00e7\u00f5es, consulte o site <a href=\"http:\/\/www.edeq.furg.br\">http:\/\/www.edeq.furg.br<\/a>.\n<\/p><\/blockquote>\n<blockquote><p>A Faculdade de Engenharia de Alimentos (FEA) da Unicamp e a Associa\u00e7\u00e3o Latino Americana de Ci\u00eancia de Alimentos realizar\u00e1 no Centro de Conven\u00e7\u00f5es da Unicamp entre os dias 08 e 11 de novembro a oitava edi\u00e7\u00e3o do Simp\u00f3sio Latino Americano de Ci\u00eancia de Alimentos (Slaca). Organizado bienalmente, o evento de 2009 ter\u00e1 como tema &#8220;Ci\u00eancia de Alimentos no mundo globalizado: Novos desafios, Novas perspectivas&#8221;. Para maiores informa\u00e7\u00f5es, consulte o site: <a href=\"http:\/\/http:\/\/www.fea.unicamp.br\/index.php\/documento\/450\"><a href=\"http:\/\/www.fea.unicamp.br\/index.php\">http:\/\/<a href=\"http:\/\/www.slaca.com.br\/index.php\">www.slaca.com.br\/index.php<\/a>\/<\/a><br \/>\n<\/a><\/p><\/blockquote>\n<blockquote><p>CBQ &#8211; 51\u00ba Congresso Brasileiro de Qu\u00edmica em S\u00e3o Luis\/MA, entre os dias 09 e 13 de outubro de 2011. Mais informa\u00e7\u00f5es no site: <a href=\"http:\/\/www.abq.org.br\/cbq\/\">http:\/\/www.abq.org.br\/cbq\/<\/a><\/p><\/blockquote>\n","protected":false},"excerpt":{"rendered":"<p>O XVIII SIBEE e a comiss\u00e3o organizadora do XVIII Simp\u00f3sio Brasileiro de Eletroqu\u00edmica e Eletroanal\u00edtica tem a honra de convid\u00e1-lo a participar desse evento que ocorrer\u00e1 no centro de conven\u00e7\u00f5es do Hotel Dall&#8217;Onder na cidade de Bento Gon\u00e7alves, Rio Grande do Sul, Brasil no per\u00edodo de 28 de agosto a 01 setembro 2011. O SIBEE &hellip; <\/p>\n<p><a class=\"more-link btn\" href=\"https:\/\/wp.ufpel.edu.br\/colegiadoquimica\/eventos\/\">Continue lendo<\/a><\/p>\n","protected":false},"author":76,"featured_media":0,"parent":0,"menu_order":0,"comment_status":"closed","ping_status":"open","template":"","meta":{"footnotes":""},"class_list":["post-505","page","type-page","status-publish","hentry","nodate","item-wrap"],"_links":{"self":[{"href":"https:\/\/wp.ufpel.edu.br\/colegiadoquimica\/wp-json\/wp\/v2\/pages\/505","targetHints":{"allow":["GET"]}}],"collection":[{"href":"https:\/\/wp.ufpel.edu.br\/colegiadoquimica\/wp-json\/wp\/v2\/pages"}],"about":[{"href":"https:\/\/wp.ufpel.edu.br\/colegiadoquimica\/wp-json\/wp\/v2\/types\/page"}],"author":[{"embeddable":true,"href":"https:\/\/wp.ufpel.edu.br\/colegiadoquimica\/wp-json\/wp\/v2\/users\/76"}],"replies":[{"embeddable":true,"href":"https:\/\/wp.ufpel.edu.br\/colegiadoquimica\/wp-json\/wp\/v2\/comments?post=505"}],"version-history":[{"count":50,"href":"https:\/\/wp.ufpel.edu.br\/colegiadoquimica\/wp-json\/wp\/v2\/pages\/505\/revisions"}],"predecessor-version":[{"id":1005,"href":"https:\/\/wp.ufpel.edu.br\/colegiadoquimica\/wp-json\/wp\/v2\/pages\/505\/revisions\/1005"}],"wp:attachment":[{"href":"https:\/\/wp.ufpel.edu.br\/colegiadoquimica\/wp-json\/wp\/v2\/media?parent=505"}],"curies":[{"name":"wp","href":"https:\/\/api.w.org\/{rel}","templated":true}]}}