{"id":492,"date":"2011-05-22T12:37:16","date_gmt":"2011-05-22T15:37:16","guid":{"rendered":"https:\/\/wp.ufpel.edu.br\/colegiadoquimica\/"},"modified":"2016-04-11T14:50:45","modified_gmt":"2016-04-11T17:50:45","slug":"projeto-pedagogicobacharelado","status":"publish","type":"page","link":"https:\/\/wp.ufpel.edu.br\/colegiadoquimica\/projeto-pedagogicobacharelado\/","title":{"rendered":"Projeto Pedag\u00f3gico"},"content":{"rendered":"<p>PPP do Curso de Bacharelado em Qu\u00edmica &#8211; Vers\u00e3o 2013 &#8211; <a href=\"https:\/\/wp.ufpel.edu.br\/colegiadoquimica\/2015\/04\/17\/projeto-do-curso-de-bacharelado-em-quimica-versao-2013\/\">https:\/\/wp.ufpel.edu.br\/colegiadoquimica\/2015\/04\/17\/projeto-do-curso-de-bacharelado-em-quimica-versao-2013\/<\/a><\/p>\n<p>Vers\u00e3o 2014 <a>PPPBacharelnovo<\/a><\/p>\n<blockquote><p><a href='https:\/\/wp.ufpel.edu.br\/colegiadoquimica\/projeto-pedagogicobacharelado\/projeto-pedagogico-bacharelado-5\/'>Projeto Pedag\u00f3gico Bacharelado &#8211; Curr\u00edculo antigo<\/a><\/p>\n<p><a href='https:\/\/wp.ufpel.edu.br\/colegiadoquimica\/projeto-pedagogicobacharelado\/fluxograma_bacharelado-2\/' rel='attachment wp-att-584'>Fluxograma<\/a><\/p>\n<p><a href='https:\/\/wp.ufpel.edu.br\/colegiadoquimica\/projeto-pedagogicobacharelado\/equivalenciasbacharelado\/' rel='attachment wp-att-587'>Equival\u00eancias<\/a><\/p>\n<p><a href='https:\/\/wp.ufpel.edu.br\/colegiadoquimica\/projeto-pedagogicobacharelado\/grade-curricular-bacharelado-2\/' rel='attachment wp-att-664'>Grade Curricular<\/a><\/p>\n<p><strong>Caracteriza\u00e7\u00e3o das Disciplinas &#8211; Curr\u00edculo antigo<\/strong><br \/>\n<a href='https:\/\/wp.ufpel.edu.br\/colegiadoquimica\/projeto-pedagogicobacharelado\/alga100045\/' rel='attachment wp-att-672'>ALGA100045<\/a>, <a href='https:\/\/wp.ufpel.edu.br\/colegiadoquimica\/projeto-pedagogicobacharelado\/calculo-i\/' rel='attachment wp-att-675'>C\u00e1lculo I<\/a>, <a href='https:\/\/wp.ufpel.edu.br\/colegiadoquimica\/projeto-pedagogicobacharelado\/qgexperimental150069\/' rel='attachment wp-att-676'>QGExperimental150069<\/a>, <a href='https:\/\/wp.ufpel.edu.br\/colegiadoquimica\/projeto-pedagogicobacharelado\/mineralogia060274\/' rel='attachment wp-att-677'>Mineralogia060274<\/a>, <a href='https:\/\/wp.ufpel.edu.br\/colegiadoquimica\/projeto-pedagogicobacharelado\/intcomputacao750067\/' rel='attachment wp-att-678'>Intcomputa\u00e7\u00e3o750067<\/a>, <a href='https:\/\/wp.ufpel.edu.br\/colegiadoquimica\/projeto-pedagogicobacharelado\/fisica-basica-i090113\/' rel='attachment wp-att-685'>F\u00edsica B\u00e1sica I090113<\/a>, <a href='https:\/\/wp.ufpel.edu.br\/colegiadoquimica\/projeto-pedagogicobacharelado\/calculo-ii\/' rel='attachment wp-att-686'>C\u00e1lculo II<\/a>, <a href='https:\/\/wp.ufpel.edu.br\/colegiadoquimica\/projeto-pedagogicobacharelado\/estatistica-basica100226\/' rel='attachment wp-att-687'>Estat\u00edstica B\u00e1sica100226<\/a>, <a href='https:\/\/wp.ufpel.edu.br\/colegiadoquimica\/projeto-pedagogicobacharelado\/quimica-inorganica-i150070\/' rel='attachment wp-att-688'>Qu\u00edmica Inorg\u00e2nica I150070<\/a>, <a href='https:\/\/wp.ufpel.edu.br\/colegiadoquimica\/projeto-pedagogicobacharelado\/quimica-organica-i-b170040\/' rel='attachment wp-att-689'>Qu\u00edmica Org\u00e2nica I B170040<\/a>, <a href='https:\/\/wp.ufpel.edu.br\/colegiadoquimica\/projeto-pedagogicobacharelado\/fisica-basica-ii090114\/' rel='attachment wp-att-690'>F\u00edsica B\u00e1sica II090114<\/a>, <a rel='attachment wp-att-691'>EDO100257<\/a>, <a rel='attachment wp-att-692'>Qu\u00edmica Inorg\u00e2nica II-B150064<\/a>, <a href='https:\/\/wp.ufpel.edu.br\/colegiadoquimica\/projeto-pedagogicobacharelado\/quimica-organica-ii-b170041\/' rel='attachment wp-att-693'>Qu\u00edmica Org\u00e2nica II-B170041<\/a>, <a rel='attachment wp-att-694'>Qu\u00edmica Org\u00e2nica Experimental I-B170042<\/a>, <a href='https:\/\/wp.ufpel.edu.br\/colegiadoquimica\/projeto-pedagogicobacharelado\/empreendedorismo710018\/' rel='attachment wp-att-695'>Empreendedorismo710018<\/a>, <a href='https:\/\/wp.ufpel.edu.br\/colegiadoquimica\/projeto-pedagogicobacharelado\/fisica-basica-iii090115\/' rel='attachment wp-att-698'>F\u00edsica B\u00e1sica III090115<\/a>, <a href='https:\/\/wp.ufpel.edu.br\/colegiadoquimica\/projeto-pedagogicobacharelado\/fisico-quimica-ib150073\/' rel='attachment wp-att-699'>F\u00edsico-Qu\u00edmica IB150073<\/a>, <a href='https:\/\/wp.ufpel.edu.br\/colegiadoquimica\/projeto-pedagogicobacharelado\/quimica-analitica-ib150074\/' rel='attachment wp-att-700'>Qu\u00edmica Anal\u00edtica IB150074<\/a>, <a href='https:\/\/wp.ufpel.edu.br\/colegiadoquimica\/projeto-pedagogicobacharelado\/quimica-organica-exper-iib170035\/' rel='attachment wp-att-701'>Qu\u00edmica Org\u00e2nica Exper IIB170035<\/a>, <a href='https:\/\/wp.ufpel.edu.br\/colegiadoquimica\/projeto-pedagogicobacharelado\/quimica-organica-iii170036\/' rel='attachment wp-att-702'>Qu\u00edmica Org\u00e2nica III170036<\/a>, <a href='https:\/\/wp.ufpel.edu.br\/colegiadoquimica\/projeto-pedagogicobacharelado\/fisica-basica-iv090116\/' rel='attachment wp-att-703'>F\u00edsica B\u00e1sica IV090116<\/a>, <a href='https:\/\/wp.ufpel.edu.br\/colegiadoquimica\/projeto-pedagogicobacharelado\/fisico-quimica-iib150071\/' rel='attachment wp-att-704'>F\u00edsico-Qu\u00edmica IIB150071<\/a>, <a href='https:\/\/wp.ufpel.edu.br\/colegiadoquimica\/projeto-pedagogicobacharelado\/mat-polim-150072\/' rel='attachment wp-att-705'>Mat. Polim.150072<\/a>, <a href='https:\/\/wp.ufpel.edu.br\/colegiadoquimica\/projeto-pedagogicobacharelado\/quimica-analitica-ii150075\/' rel='attachment wp-att-706'>Qu\u00edmica Anal\u00edtica II150075<\/a>, <a href='https:\/\/wp.ufpel.edu.br\/colegiadoquimica\/projeto-pedagogicobacharelado\/metod-fisicos170043\/' rel='attachment wp-att-707'>M\u00e9tod. F\u00edsicos170043<\/a>, <a href='https:\/\/wp.ufpel.edu.br\/colegiadoquimica\/projeto-pedagogicobacharelado\/analise-organica170044\/' rel='attachment wp-att-708'>An\u00e1lise Org\u00e2nica170044<\/a>, <a rel='attachment wp-att-713'>F\u00edsico-Qu\u00edmica IV150077<\/a>, <a href='https:\/\/wp.ufpel.edu.br\/colegiadoquimica\/projeto-pedagogicobacharelado\/qainstrumental150078\/' rel='attachment wp-att-714'>QAInstrumental150078<\/a>, <a href='https:\/\/wp.ufpel.edu.br\/colegiadoquimica\/projeto-pedagogicobacharelado\/bioquimica-i160025\/' rel='attachment wp-att-715'>Bioqu\u00edmica I160025<\/a>, <a href='https:\/\/wp.ufpel.edu.br\/colegiadoquimica\/projeto-pedagogicobacharelado\/metodos-fisicosii170045\/' rel='attachment wp-att-716'>M\u00e9todos F\u00edsicosII170045<\/a>, <a href='https:\/\/wp.ufpel.edu.br\/colegiadoquimica\/projeto-pedagogicobacharelado\/fisico-quimicav150079\/' rel='attachment wp-att-717'>F\u00edsico-Qu\u00edmicaV150079<\/a>, <a href='https:\/\/wp.ufpel.edu.br\/colegiadoquimica\/projeto-pedagogicobacharelado\/sintese-organica170046\/' rel='attachment wp-att-718'>S\u00edntese Org\u00e2nica170046<\/a>, <a href='https:\/\/wp.ufpel.edu.br\/colegiadoquimica\/projeto-pedagogicobacharelado\/quimica-ambiental-i170047\/' rel='attachment wp-att-719'>Qu\u00edmica Ambiental I170047<\/a>, <a href='https:\/\/wp.ufpel.edu.br\/colegiadoquimica\/projeto-pedagogicobacharelado\/bioquimica-ii160026\/' rel='attachment wp-att-720'>Bioqu\u00edmica II160026<\/a>, <a href='https:\/\/wp.ufpel.edu.br\/colegiadoquimica\/projeto-pedagogicobacharelado\/quimica-ambiental-ii150080\/' rel='attachment wp-att-721'>Qu\u00edmica Ambiental II150080<\/a>, <a href='https:\/\/wp.ufpel.edu.br\/colegiadoquimica\/projeto-pedagogicobacharelado\/estagio-supoervisionado690001\/' rel='attachment wp-att-722'>Est\u00e1gio Supervisionado690001<\/a>, <a href='https:\/\/wp.ufpel.edu.br\/colegiadoquimica\/projeto-pedagogicobacharelado\/monografia-de-cc690002\/' rel='attachment wp-att-723'>Monografia de CC690002<\/a>.\n<\/p><\/blockquote>\n","protected":false},"excerpt":{"rendered":"<p>PPP do Curso de Bacharelado em Qu\u00edmica &#8211; Vers\u00e3o 2013 &#8211; https:\/\/wp.ufpel.edu.br\/colegiadoquimica\/2015\/04\/17\/projeto-do-curso-de-bacharelado-em-quimica-versao-2013\/ Vers\u00e3o 2014 PPPBacharelnovo Projeto Pedag\u00f3gico Bacharelado &#8211; Curr\u00edculo antigo Fluxograma Equival\u00eancias Grade Curricular Caracteriza\u00e7\u00e3o das Disciplinas &#8211; Curr\u00edculo antigo ALGA100045, C\u00e1lculo I, QGExperimental150069, Mineralogia060274, Intcomputa\u00e7\u00e3o750067, F\u00edsica B\u00e1sica I090113, C\u00e1lculo II, Estat\u00edstica B\u00e1sica100226, Qu\u00edmica Inorg\u00e2nica I150070, Qu\u00edmica Org\u00e2nica I B170040, F\u00edsica B\u00e1sica II090114, EDO100257, &hellip; <\/p>\n<p><a class=\"more-link btn\" href=\"https:\/\/wp.ufpel.edu.br\/colegiadoquimica\/projeto-pedagogicobacharelado\/\">Continue lendo<\/a><\/p>\n","protected":false},"author":76,"featured_media":0,"parent":0,"menu_order":0,"comment_status":"closed","ping_status":"closed","template":"","meta":{"footnotes":""},"class_list":["post-492","page","type-page","status-publish","hentry","nodate","item-wrap"],"_links":{"self":[{"href":"https:\/\/wp.ufpel.edu.br\/colegiadoquimica\/wp-json\/wp\/v2\/pages\/492","targetHints":{"allow":["GET"]}}],"collection":[{"href":"https:\/\/wp.ufpel.edu.br\/colegiadoquimica\/wp-json\/wp\/v2\/pages"}],"about":[{"href":"https:\/\/wp.ufpel.edu.br\/colegiadoquimica\/wp-json\/wp\/v2\/types\/page"}],"author":[{"embeddable":true,"href":"https:\/\/wp.ufpel.edu.br\/colegiadoquimica\/wp-json\/wp\/v2\/users\/76"}],"replies":[{"embeddable":true,"href":"https:\/\/wp.ufpel.edu.br\/colegiadoquimica\/wp-json\/wp\/v2\/comments?post=492"}],"version-history":[{"count":99,"href":"https:\/\/wp.ufpel.edu.br\/colegiadoquimica\/wp-json\/wp\/v2\/pages\/492\/revisions"}],"predecessor-version":[{"id":551,"href":"https:\/\/wp.ufpel.edu.br\/colegiadoquimica\/wp-json\/wp\/v2\/pages\/492\/revisions\/551"}],"wp:attachment":[{"href":"https:\/\/wp.ufpel.edu.br\/colegiadoquimica\/wp-json\/wp\/v2\/media?parent=492"}],"curies":[{"name":"wp","href":"https:\/\/api.w.org\/{rel}","templated":true}]}}