{"id":4,"date":"2010-10-01T13:05:30","date_gmt":"2010-10-01T16:05:30","guid":{"rendered":"https:\/\/wp.ufpel.edu.br\/colegiadoquimica\/"},"modified":"2016-02-03T09:50:37","modified_gmt":"2016-02-03T11:50:37","slug":"contato","status":"publish","type":"page","link":"https:\/\/wp.ufpel.edu.br\/colegiadoquimica\/contato\/","title":{"rendered":"Contatos"},"content":{"rendered":"<blockquote><p>Para contato com a Secretaria do Colegiado ligue: 3275-7433<\/p><\/blockquote>\n<blockquote><p>e mail do Colegiado: <a href=\"http:\/\/\"><a href=\"http:\/\/www.ufpel.edu.br\">quimica@ufpel.edu.br<\/a><\/a><\/p>\n<p>e mail Coordenador: <a href=\"http:\/\/\">colegiadodaquimica@gmail.com<\/a> <\/p>\n<blockquote><p><strong>ACESSE AQUI O MAPA DO CAMPUS CAP\u00c3O DO LE\u00c3O<\/strong>: <a href='https:\/\/wp.ufpel.edu.br\/colegiadoquimica\/contato\/mapa\/' rel='attachment wp-att-965'>Mapa<\/a><\/p><\/blockquote>\n<blockquote><p>HOR\u00c1RIO DE ATENDIMENTO<br \/>\nSegunda a sexta: das 8h \u00e0s 11h50min<\/p>\n","protected":false},"excerpt":{"rendered":"<p>Para contato com a Secretaria do Colegiado ligue: 3275-7433 e mail do Colegiado: quimica@ufpel.edu.br e mail Coordenador: colegiadodaquimica@gmail.com ACESSE AQUI O MAPA DO CAMPUS CAP\u00c3O DO LE\u00c3O: Mapa HOR\u00c1RIO DE ATENDIMENTO Segunda a sexta: das 8h \u00e0s 11h50min<\/p>\n","protected":false},"author":76,"featured_media":0,"parent":0,"menu_order":0,"comment_status":"closed","ping_status":"closed","template":"","meta":{"footnotes":""},"class_list":["post-4","page","type-page","status-publish","hentry","nodate","item-wrap"],"_links":{"self":[{"href":"https:\/\/wp.ufpel.edu.br\/colegiadoquimica\/wp-json\/wp\/v2\/pages\/4","targetHints":{"allow":["GET"]}}],"collection":[{"href":"https:\/\/wp.ufpel.edu.br\/colegiadoquimica\/wp-json\/wp\/v2\/pages"}],"about":[{"href":"https:\/\/wp.ufpel.edu.br\/colegiadoquimica\/wp-json\/wp\/v2\/types\/page"}],"author":[{"embeddable":true,"href":"https:\/\/wp.ufpel.edu.br\/colegiadoquimica\/wp-json\/wp\/v2\/users\/76"}],"replies":[{"embeddable":true,"href":"https:\/\/wp.ufpel.edu.br\/colegiadoquimica\/wp-json\/wp\/v2\/comments?post=4"}],"version-history":[{"count":52,"href":"https:\/\/wp.ufpel.edu.br\/colegiadoquimica\/wp-json\/wp\/v2\/pages\/4\/revisions"}],"predecessor-version":[{"id":2775,"href":"https:\/\/wp.ufpel.edu.br\/colegiadoquimica\/wp-json\/wp\/v2\/pages\/4\/revisions\/2775"}],"wp:attachment":[{"href":"https:\/\/wp.ufpel.edu.br\/colegiadoquimica\/wp-json\/wp\/v2\/media?parent=4"}],"curies":[{"name":"wp","href":"https:\/\/api.w.org\/{rel}","templated":true}]}}