{"id":259,"date":"2011-05-13T07:51:37","date_gmt":"2011-05-13T10:51:37","guid":{"rendered":"https:\/\/wp.ufpel.edu.br\/colegiadoquimica\/"},"modified":"2016-02-03T10:11:47","modified_gmt":"2016-02-03T12:11:47","slug":"bem-vindo-ao-site-do-colegiado-dos-cursos-de-lic-e-bach-em-quimica","status":"publish","type":"page","link":"https:\/\/wp.ufpel.edu.br\/colegiadoquimica\/","title":{"rendered":"Bem Vindo ao Site do Colegiado dos Cursos de Bacharelado e Licenciatura em Qu\u00edmica, do Centro de Ci\u00eancias Qu\u00edmicas, Farmac\u00eauticas e de Alimentos."},"content":{"rendered":"<p>Coordenador do Curso de Licenciatura em Qu\u00edmica: Prof. Dr. F\u00e1bio Andr\u00e9 Sangiogo<br \/>\nCoordenador adjunto do Curso de Licenciatura em Qu\u00edmica: Prof. Dr. Bruno dos Santos Pastoriza<br \/>\nCoordenador pro tempore do Curso de Bacharelado em Qu\u00edmica: Prof. Dr. Wilhelm Martin Wallau<br \/>\nSecret\u00e1rio do Colegiado: Lucas Centeno<br \/>\nHor\u00e1rio de funcionamento do Colegiado: segunda a sexta: 8h-11h45min.<\/p>\n","protected":false},"excerpt":{"rendered":"<p>Coordenador do Curso de Licenciatura em Qu\u00edmica: Prof. Dr. F\u00e1bio Andr\u00e9 Sangiogo Coordenador adjunto do Curso de Licenciatura em Qu\u00edmica: Prof. Dr. Bruno dos Santos Pastoriza Coordenador pro tempore do Curso de Bacharelado em Qu\u00edmica: Prof. Dr. Wilhelm Martin Wallau Secret\u00e1rio do Colegiado: Lucas Centeno Hor\u00e1rio de funcionamento do Colegiado: segunda a sexta: 8h-11h45min.<\/p>\n","protected":false},"author":76,"featured_media":0,"parent":0,"menu_order":0,"comment_status":"closed","ping_status":"closed","template":"","meta":{"footnotes":""},"class_list":["post-259","page","type-page","status-publish","hentry","nodate","item-wrap"],"_links":{"self":[{"href":"https:\/\/wp.ufpel.edu.br\/colegiadoquimica\/wp-json\/wp\/v2\/pages\/259","targetHints":{"allow":["GET"]}}],"collection":[{"href":"https:\/\/wp.ufpel.edu.br\/colegiadoquimica\/wp-json\/wp\/v2\/pages"}],"about":[{"href":"https:\/\/wp.ufpel.edu.br\/colegiadoquimica\/wp-json\/wp\/v2\/types\/page"}],"author":[{"embeddable":true,"href":"https:\/\/wp.ufpel.edu.br\/colegiadoquimica\/wp-json\/wp\/v2\/users\/76"}],"replies":[{"embeddable":true,"href":"https:\/\/wp.ufpel.edu.br\/colegiadoquimica\/wp-json\/wp\/v2\/comments?post=259"}],"version-history":[{"count":26,"href":"https:\/\/wp.ufpel.edu.br\/colegiadoquimica\/wp-json\/wp\/v2\/pages\/259\/revisions"}],"predecessor-version":[{"id":2779,"href":"https:\/\/wp.ufpel.edu.br\/colegiadoquimica\/wp-json\/wp\/v2\/pages\/259\/revisions\/2779"}],"wp:attachment":[{"href":"https:\/\/wp.ufpel.edu.br\/colegiadoquimica\/wp-json\/wp\/v2\/media?parent=259"}],"curies":[{"name":"wp","href":"https:\/\/api.w.org\/{rel}","templated":true}]}}