{"id":2,"date":"2010-10-01T16:04:49","date_gmt":"2010-10-01T16:04:49","guid":{"rendered":"https:\/\/wp.ufpel.edu.br\/colegiadoquimica\/?page_id=2"},"modified":"2016-02-03T10:10:00","modified_gmt":"2016-02-03T12:10:00","slug":"colegiado","status":"publish","type":"page","link":"https:\/\/wp.ufpel.edu.br\/colegiadoquimica\/colegiado\/","title":{"rendered":"Colegiado"},"content":{"rendered":"<p>Coordenador do Curso de Licenciatura em Qu\u00edmica: F\u00e1bio Andr\u00e9 Sangiogo<br \/>\nCoordenador adjunto do Curso de Licenciatura em Qu\u00edmica: Bruno dos Santos Pastoriza<br \/>\nCoordenador do Curso de Bacharelado em Qu\u00edmica: Wilhelm Martin Wallau<\/p>\n<p>Secret\u00e1rio do Colegiado: Lucas Centeno<\/p>\n","protected":false},"excerpt":{"rendered":"<p>Coordenador do Curso de Licenciatura em Qu\u00edmica: F\u00e1bio Andr\u00e9 Sangiogo Coordenador adjunto do Curso de Licenciatura em Qu\u00edmica: Bruno dos Santos Pastoriza Coordenador do Curso de Bacharelado em Qu\u00edmica: Wilhelm Martin Wallau Secret\u00e1rio do Colegiado: Lucas Centeno<\/p>\n","protected":false},"author":76,"featured_media":0,"parent":0,"menu_order":0,"comment_status":"closed","ping_status":"closed","template":"","meta":{"footnotes":""},"class_list":["post-2","page","type-page","status-publish","hentry","nodate","item-wrap"],"_links":{"self":[{"href":"https:\/\/wp.ufpel.edu.br\/colegiadoquimica\/wp-json\/wp\/v2\/pages\/2","targetHints":{"allow":["GET"]}}],"collection":[{"href":"https:\/\/wp.ufpel.edu.br\/colegiadoquimica\/wp-json\/wp\/v2\/pages"}],"about":[{"href":"https:\/\/wp.ufpel.edu.br\/colegiadoquimica\/wp-json\/wp\/v2\/types\/page"}],"author":[{"embeddable":true,"href":"https:\/\/wp.ufpel.edu.br\/colegiadoquimica\/wp-json\/wp\/v2\/users\/76"}],"replies":[{"embeddable":true,"href":"https:\/\/wp.ufpel.edu.br\/colegiadoquimica\/wp-json\/wp\/v2\/comments?post=2"}],"version-history":[{"count":23,"href":"https:\/\/wp.ufpel.edu.br\/colegiadoquimica\/wp-json\/wp\/v2\/pages\/2\/revisions"}],"predecessor-version":[{"id":2778,"href":"https:\/\/wp.ufpel.edu.br\/colegiadoquimica\/wp-json\/wp\/v2\/pages\/2\/revisions\/2778"}],"wp:attachment":[{"href":"https:\/\/wp.ufpel.edu.br\/colegiadoquimica\/wp-json\/wp\/v2\/media?parent=2"}],"curies":[{"name":"wp","href":"https:\/\/api.w.org\/{rel}","templated":true}]}}