{"id":86,"date":"2019-07-09T10:42:43","date_gmt":"2019-07-09T13:42:43","guid":{"rendered":"https:\/\/wp.ufpel.edu.br\/colegiadonutricao\/?page_id=86"},"modified":"2025-03-19T09:31:58","modified_gmt":"2025-03-19T12:31:58","slug":"colegiado","status":"publish","type":"page","link":"https:\/\/wp.ufpel.edu.br\/colegiadonutricao\/colegiado\/","title":{"rendered":"COLEGIADO"},"content":{"rendered":"<p style=\"text-align: center;\"><strong>PORTARIA N\u00ba 12, DE 06 DE MAR\u00c7O DE 2025<\/strong><\/p>\n<p class=\"Texto_Justificado_Recuo_Primeira_Linha\"><strong>Representantes da \u00c1rea Profissional<\/strong><\/p>\n<p>&nbsp;<\/p>\n<p class=\"Texto_Justificado_Recuo_Primeira_Linha\">Coordenadora:\u00a0<em>Prof\u00aa Anne y Castro Marques\u00a0<\/em><\/p>\n<p>&nbsp;<\/p>\n<p>Coordenadora Adjunta:\u00a0<em>Prof\u00aa\u00a0 Lucia Rota Borges<\/em><\/p>\n<p>&nbsp;<\/p>\n<p class=\"Texto_Justificado_Recuo_Primeira_Linha\">Titular:\u00a0\u00a0 \u00a0<em>Prof\u00aa\u00a0<\/em><em>Ludmila Correa Muniz<\/em><\/p>\n<p class=\"Texto_Justificado_Recuo_Primeira_Linha\">Suplente:\u00a0<em>Prof\u00aa\u00a0<\/em><em>Alessandra Doumid Borges Pretto<\/em><\/p>\n<p>&nbsp;<\/p>\n<p class=\"Texto_Justificado_Recuo_Primeira_Linha\">Titular:\u00a0 <em>Prof\u00aa Leticia Mascarenhas Pereira Barbosa<\/em><\/p>\n<p class=\"Texto_Justificado_Recuo_Primeira_Linha\">Suplente: <em>Prof\u00aa Marina Couto Pereira<\/em><\/p>\n<p>&nbsp;<\/p>\n<p class=\"Texto_Justificado_Recuo_Primeira_Linha\">Titular:\u00a0 \u00a0\u00a0<em>Prof\u00aa \u00c2ngela Nunes Moreira<\/em><\/p>\n<p class=\"Texto_Justificado_Recuo_Primeira_Linha\">Suplente:\u00a0<em>Prof\u00aa Juliana dos Santos Vaz<\/em><\/p>\n<p>&nbsp;<\/p>\n<p class=\"Texto_Justificado_Recuo_Primeira_Linha\">Titular:\u00a0 \u00a0\u00a0<em>Prof\u00aa Gicele Costa Mintem<\/em><\/p>\n<p class=\"Texto_Justificado_Recuo_Primeira_Linha\">Suplente: <em>Prof\u00a0Leonardo Pozza dos Santos<\/em><\/p>\n<p>&nbsp;<\/p>\n<p class=\"Texto_Justificado_Recuo_Primeira_Linha\">Titular:\u00a0 \u00a0\u00a0<em>Prof\u00aa Elizabete Helbig<\/em><\/p>\n<p class=\"Texto_Justificado_Recuo_Primeira_Linha\">Suplente:\u00a0<em>Prof\u00aa Graziele Guimar\u00e3es Granada<\/em><\/p>\n<p>&nbsp;<\/p>\n<p class=\"Texto_Justificado_Recuo_Primeira_Linha\">Titular:\u00a0 \u00a0\u00a0<em>Prof. Augusto Schneider<\/em><\/p>\n<p class=\"Texto_Justificado_Recuo_Primeira_Linha\">Suplente:\u00a0<em>Prof\u00aa. Simone Pieniz<\/em><\/p>\n<p>&nbsp;<\/p>\n<p class=\"Texto_Justificado_Recuo_Primeira_Linha\"><strong>Representantes da \u00c1rea B\u00e1sica<\/strong><\/p>\n<p>&nbsp;<\/p>\n<p class=\"Texto_Justificado_Recuo_Primeira_Linha\">Departamento de Ecologia, Zoologia e Gen\u00e9tica \u2013 IB<\/p>\n<p class=\"Texto_Justificado_Recuo_Primeira_Linha\">Titular:\u00a0 \u00a0\u00a0<em>Prof\u00aa Beatriz Helena Gomes Rocha<\/em><\/p>\n<p class=\"Texto_Justificado_Recuo_Primeira_Linha\">Suplente:\u00a0<em>Prof\u00a0Luiz Ernesto Costa Schmidt<\/em><\/p>\n<p>&nbsp;<\/p>\n<p class=\"Texto_Justificado_Recuo_Primeira_Linha\">Departamento de Fisiologia e Farmacologia \u2013 IB<\/p>\n<p class=\"Texto_Justificado_Recuo_Primeira_Linha\">Titular: <em>Prof\u00aa Mariangela Heppe Lopes<\/em><\/p>\n<p class=\"Texto_Justificado_Recuo_Primeira_Linha\">Suplente:\u00a0<em>Prof\u00aa Denise Calisto Bongalhardo<\/em><\/p>\n<p>&nbsp;<\/p>\n<p class=\"Texto_Justificado_Recuo_Primeira_Linha\">Departamento de Microbiologia e Parasitologia \u2013 IB<\/p>\n<p class=\"Texto_Justificado_Recuo_Primeira_Linha\">Titular: \u00a0\u00a0\u00a0<em>Prof\u00aa Leda Margarita Castano Barrios<\/em><\/p>\n<p><em>Suplente: Prof Albino Magalh\u00e3es Neto<\/em><\/p>\n<p>&nbsp;<\/p>\n<p class=\"Texto_Justificado_Recuo_Primeira_Linha\">Departamento de Morfologia \u2013 IB<\/p>\n<p class=\"Texto_Justificado_Recuo_Primeira_Linha\">Titular:\u00a0 \u00a0<em>\u00a0Prof\u00aa. Joseane Jimenez Rojas<\/em><\/p>\n<p class=\"Texto_Justificado_Recuo_Primeira_Linha\"><em>Suplente:\u00a0Prof\u00aa. Mariana Soares Valen\u00e7a<\/em><\/p>\n<p>&nbsp;<\/p>\n<p class=\"Texto_Justificado_Recuo_Primeira_Linha\">Centro de Ci\u00eancias Qu\u00edmicas, Farmac\u00eauticas e de Alimentos<\/p>\n<p class=\"Texto_Justificado_Recuo_Primeira_Linha\">Titular:\u00a0\u00a0 \u00a0<em>Prof\u00aa. Rejane Giacomelli tavares<\/em><\/p>\n<p class=\"Texto_Justificado_Recuo_Primeira_Linha\">Suplente:\u00a0<em>Prof\u00aa. Cristiani Folharini Bortolatto<\/em><\/p>\n<p>&nbsp;<\/p>\n<p class=\"Texto_Justificado_Recuo_Primeira_Linha\">Departamento de Geografia \u2013 ICH<\/p>\n<p class=\"Texto_Justificado_Recuo_Primeira_Linha\">Titular: \u00a0\u00a0\u00a0<em>Prof\u00aa. Giovana Mendes de Oliveira<\/em><\/p>\n<p>Suplente:\u00a0<em>Prof\u00aa. Edilma Fernandes da Silva<\/em><\/p>\n<p>&nbsp;<\/p>\n<p class=\"Texto_Justificado_Recuo_Primeira_Linha\">Departamento de Sociologia e Pol\u00edtica \u2013 IFISP<\/p>\n<p class=\"Texto_Justificado_Recuo_Primeira_Linha\">Titular:\u00a0 \u00a0\u00a0<em>Prof\u00aa. Simone da Silva Ribeiro Gomes<\/em><\/p>\n<p class=\"Texto_Justificado_Recuo_Primeira_Linha\">Suplente:\u00a0<em>Prof.\u00a0Marcus Vinicius Spolle<\/em><\/p>\n<p>&nbsp;<\/p>\n<p class=\"Texto_Justificado_Recuo_Primeira_Linha\">Curso de Psicologia \u2013 FaMed<\/p>\n<p class=\"Texto_Justificado_Recuo_Primeira_Linha\">Titular:\u00a0 \u00a0\u00a0<em>Prof. Mateus Luz Levandowsk<\/em><\/p>\n<p class=\"Texto_Justificado_Recuo_Primeira_Linha\">Suplente:\u00a0<em>Prof\u00aa Ana Laura Sica Cruzeiro Szortyka<\/em><\/p>\n<p>&nbsp;<\/p>\n<p class=\"Texto_Justificado_Recuo_Primeira_Linha\"><strong>Representante\u00a0Discente<\/strong><\/p>\n<p class=\"Texto_Justificado_Recuo_Primeira_Linha\"><em>Titular: Acad. Suelen de Sena Rodrigues<\/em><\/p>\n<p><em>Suplente: Acad. Thales Bueno de Melo<\/em><\/p>\n","protected":false},"excerpt":{"rendered":"<p>PORTARIA N\u00ba 12, DE 06 DE MAR\u00c7O DE 2025 Representantes da \u00c1rea Profissional &nbsp; Coordenadora:\u00a0Prof\u00aa Anne y Castro Marques\u00a0 &nbsp; Coordenadora Adjunta:\u00a0Prof\u00aa\u00a0 Lucia Rota Borges &nbsp; Titular:\u00a0\u00a0 \u00a0Prof\u00aa\u00a0Ludmila Correa Muniz Suplente:\u00a0Prof\u00aa\u00a0Alessandra Doumid Borges Pretto &nbsp; Titular:\u00a0 Prof\u00aa Leticia Mascarenhas Pereira Barbosa Suplente: Prof\u00aa Marina Couto Pereira &nbsp; Titular:\u00a0 \u00a0\u00a0Prof\u00aa \u00c2ngela Nunes Moreira Suplente:\u00a0Prof\u00aa Juliana dos [&hellip;]<\/p>\n","protected":false},"author":948,"featured_media":0,"parent":0,"menu_order":0,"comment_status":"closed","ping_status":"closed","template":"","meta":{"footnotes":""},"class_list":["post-86","page","type-page","status-publish","hentry"],"jetpack_sharing_enabled":true,"_links":{"self":[{"href":"https:\/\/wp.ufpel.edu.br\/colegiadonutricao\/wp-json\/wp\/v2\/pages\/86","targetHints":{"allow":["GET"]}}],"collection":[{"href":"https:\/\/wp.ufpel.edu.br\/colegiadonutricao\/wp-json\/wp\/v2\/pages"}],"about":[{"href":"https:\/\/wp.ufpel.edu.br\/colegiadonutricao\/wp-json\/wp\/v2\/types\/page"}],"author":[{"embeddable":true,"href":"https:\/\/wp.ufpel.edu.br\/colegiadonutricao\/wp-json\/wp\/v2\/users\/948"}],"replies":[{"embeddable":true,"href":"https:\/\/wp.ufpel.edu.br\/colegiadonutricao\/wp-json\/wp\/v2\/comments?post=86"}],"version-history":[{"count":18,"href":"https:\/\/wp.ufpel.edu.br\/colegiadonutricao\/wp-json\/wp\/v2\/pages\/86\/revisions"}],"predecessor-version":[{"id":1552,"href":"https:\/\/wp.ufpel.edu.br\/colegiadonutricao\/wp-json\/wp\/v2\/pages\/86\/revisions\/1552"}],"wp:attachment":[{"href":"https:\/\/wp.ufpel.edu.br\/colegiadonutricao\/wp-json\/wp\/v2\/media?parent=86"}],"curies":[{"name":"wp","href":"https:\/\/api.w.org\/{rel}","templated":true}]}}