{"id":52,"date":"2019-07-07T23:09:39","date_gmt":"2019-07-08T02:09:39","guid":{"rendered":"https:\/\/wp.ufpel.edu.br\/colegiadonutricao\/?page_id=52"},"modified":"2025-09-09T15:47:33","modified_gmt":"2025-09-09T18:47:33","slug":"consulta-a-documentos","status":"publish","type":"page","link":"https:\/\/wp.ufpel.edu.br\/colegiadonutricao\/consulta-a-documentos\/","title":{"rendered":"CONSULTA A DOCUMENTOS E OUTRAS INFORMA\u00c7\u00d5ES"},"content":{"rendered":"<p><a href=\"https:\/\/wp.ufpel.edu.br\/colegiadonutricao\/files\/2025\/08\/CARTA_COBERTURA_R25-1.pdf\">TERMO ADITIVO DE SEGURO<\/a><\/p>\n<p><a href=\"https:\/\/wp.ufpel.edu.br\/colegiadonutricao\/files\/2025\/09\/Apolice_4_R25_1_SURA_2025.pdf\">AP\u00d3LICE DE SEGURO EST\u00c1GIO 2025\/2026<\/a><\/p>\n<p><a href=\"https:\/\/wp.ufpel.edu.br\/cra\/avaliacao-segunda-chamada\/\">AVALIA\u00c7\u00c3O DE SEGUNDA CHAMADA<\/a><\/p>\n<p><a href=\"https:\/\/wp.ufpel.edu.br\/cra\/aproveitamento-de-disciplina\/\">APROVEITAMENTO DE DISCIPLINAS<\/a><\/p>\n<p><a href=\"https:\/\/wp.ufpel.edu.br\/colegiadonutricao\/cartilha-de-informacoes\/\">CARTILHA DE INFORMA\u00c7\u00d5ES<\/a><\/p>\n<p><a href=\"https:\/\/wp.ufpel.edu.br\/colegiadonutricao\/conteudos-programaticos\/\">CONTE\u00daDOS PROGRAM\u00c1TICOS<\/a><\/p>\n<p><a href=\"https:\/\/wp.ufpel.edu.br\/colegiadonutricao\/files\/2022\/02\/Recurso_Quebra_de_pre_requisito.pdf\">FORMUL\u00c1RIO PARA RECURSO DE QUEBRA DE PR\u00c9-REQUISITO (INDEFERIMENTO)<\/a><\/p>\n<p><a href=\"https:\/\/wp.ufpel.edu.br\/colegiadonutricao\/instrucoes-para-iniciar-estagios-obrigatorios-e-nao-obrigatorios\/\"><span style=\"font-size: 12pt;\">INSTRU\u00c7\u00d5ES PARA INICIAR EST\u00c1GIOS OBRIGAT\u00d3RIOS E N\u00c3O OBRIGAT\u00d3RIOS<\/span><\/a><\/p>\n<p><a href=\"https:\/\/wp.ufpel.edu.br\/progep\/csqv\/pericia-medica\/\">LICEN\u00c7A M\u00c9DICA E O REGIME DE EXERC\u00cdCIOS DOMICILIARES<\/a><\/p>\n<p><a href=\"https:\/\/wp.ufpel.edu.br\/sisbi\/manual-de-normas-ufpel-para-trabalhos-academicos-atualizada-2023\/\">MANUAL DE NORMAS PARA TRABALHOS ACAD\u00caMICOS E TERMO PARA PUBLICA\u00c7\u00c3O DE TCC<\/a><\/p>\n<p><a href=\"https:\/\/institucional.ufpel.edu.br\/cursos\/cod\/1100#turmas\">OFERTAS DO CORRENTE SEMESTRE E SEUS DOCENTES<\/a><\/p>\n<p><a href=\"https:\/\/wp.ufpel.edu.br\/colegiadonutricao\/files\/2024\/02\/Novo-PPC-2015_SEI_23110.009041_2010_08.pdf\">Projeto Pedag\u00f3gico Do Curso &#8211; Nutri\u00e7\u00e3o 2015-2 (\u00daltima Vers\u00e3o)<\/a><\/p>\n<p><a href=\"https:\/\/wp.ufpel.edu.br\/colegiadonutricao\/files\/2019\/07\/Cobalto-Cursos-_-Cadastros-_-Pr\u00e9-requisitos-_-Editar-_-Nutri\u00e7\u00e3o.pdf\">Pr\u00e9 Requisitos Nutri\u00e7\u00e3o<\/a><\/p>\n<p><a href=\"https:\/\/wp.ufpel.edu.br\/cra\/quebra-de-pre-requisito-2\/\">QUEBRA DE PR\u00c9-REQUISITOS<\/a><\/p>\n<p><a href=\"https:\/\/wp.ufpel.edu.br\/colegiadonutricao\/files\/2023\/07\/Reconhecimento-do-Curso-de-Nutricao-1981.pdf\">RECONHECIMENTO DO CURSO DE NUTRI\u00c7\u00c3O\/UFPel &#8211; 1981<\/a><\/p>\n<p><a href=\"https:\/\/wp.ufpel.edu.br\/colegiadonutricao\/files\/2023\/07\/Renovacao-do-Reconhecimento-do-Curso-de-Nutricao-2021.pdf\">RENOVA\u00c7\u00c3O DO RECONHECIMENTO DO CURSO DE NUTRI\u00c7\u00c3O\/UFPel &#8211; 2021<\/a><\/p>\n<p><a href=\"https:\/\/wp.ufpel.edu.br\/scs\/files\/2018\/09\/SEI_Resolu%C3%A7%C3%A3o-29.2018-Regulamento-Ensino-de-Gradua%C3%A7%C3%A3o-I.pdf\">REGULAMENTO DO ENSINO DE GRADUA\u00c7\u00c3O<\/a><\/p>\n<p><a href=\"https:\/\/wp.ufpel.edu.br\/scs\/files\/2018\/07\/RES-05.2018-SEI_23110.023302_2018_41-2.pdf\">Solenidades de Cola\u00e7\u00e3o de Grau &#8211; Res. 05\/2018\/CONSUN<\/a><\/p>\n<p><a href=\"https:\/\/wp.ufpel.edu.br\/colegiadonutricao\/files\/2019\/08\/tabela-horas-complementares-1.pdf\">TABELA DE HORAS COMPLEMENTARES<\/a><\/p>\n<p><a href=\"https:\/\/wp.ufpel.edu.br\/nutricao\/nutricao\/colegiado\/tcc\/\">TCC &#8211; Formul\u00e1rios<\/a><\/p>\n<p><a href=\"https:\/\/wp.ufpel.edu.br\/cra\/trancamentos\/\">TRANCAMENTO DE COMPONENTES CURRILCULARES E TRANCAMENTO GERAL DE MATR\u00cdCULA<\/a><\/p>\n","protected":false},"excerpt":{"rendered":"<p>TERMO ADITIVO DE SEGURO AP\u00d3LICE DE SEGURO EST\u00c1GIO 2025\/2026 AVALIA\u00c7\u00c3O DE SEGUNDA CHAMADA APROVEITAMENTO DE DISCIPLINAS CARTILHA DE INFORMA\u00c7\u00d5ES CONTE\u00daDOS PROGRAM\u00c1TICOS FORMUL\u00c1RIO PARA RECURSO DE QUEBRA DE PR\u00c9-REQUISITO (INDEFERIMENTO) INSTRU\u00c7\u00d5ES PARA INICIAR EST\u00c1GIOS OBRIGAT\u00d3RIOS E N\u00c3O OBRIGAT\u00d3RIOS LICEN\u00c7A M\u00c9DICA E O REGIME DE EXERC\u00cdCIOS DOMICILIARES MANUAL DE NORMAS PARA TRABALHOS ACAD\u00caMICOS E TERMO PARA PUBLICA\u00c7\u00c3O [&hellip;]<\/p>\n","protected":false},"author":948,"featured_media":0,"parent":0,"menu_order":0,"comment_status":"closed","ping_status":"closed","template":"","meta":{"footnotes":""},"class_list":["post-52","page","type-page","status-publish","hentry"],"jetpack_sharing_enabled":true,"_links":{"self":[{"href":"https:\/\/wp.ufpel.edu.br\/colegiadonutricao\/wp-json\/wp\/v2\/pages\/52","targetHints":{"allow":["GET"]}}],"collection":[{"href":"https:\/\/wp.ufpel.edu.br\/colegiadonutricao\/wp-json\/wp\/v2\/pages"}],"about":[{"href":"https:\/\/wp.ufpel.edu.br\/colegiadonutricao\/wp-json\/wp\/v2\/types\/page"}],"author":[{"embeddable":true,"href":"https:\/\/wp.ufpel.edu.br\/colegiadonutricao\/wp-json\/wp\/v2\/users\/948"}],"replies":[{"embeddable":true,"href":"https:\/\/wp.ufpel.edu.br\/colegiadonutricao\/wp-json\/wp\/v2\/comments?post=52"}],"version-history":[{"count":4,"href":"https:\/\/wp.ufpel.edu.br\/colegiadonutricao\/wp-json\/wp\/v2\/pages\/52\/revisions"}],"predecessor-version":[{"id":1023,"href":"https:\/\/wp.ufpel.edu.br\/colegiadonutricao\/wp-json\/wp\/v2\/pages\/52\/revisions\/1023"}],"wp:attachment":[{"href":"https:\/\/wp.ufpel.edu.br\/colegiadonutricao\/wp-json\/wp\/v2\/media?parent=52"}],"curies":[{"name":"wp","href":"https:\/\/api.w.org\/{rel}","templated":true}]}}