{"id":463,"date":"2020-02-11T09:27:22","date_gmt":"2020-02-11T12:27:22","guid":{"rendered":"https:\/\/wp.ufpel.edu.br\/colegiadonutricao\/?page_id=463"},"modified":"2025-03-20T09:24:53","modified_gmt":"2025-03-20T12:24:53","slug":"conteudos-programaticos","status":"publish","type":"page","link":"https:\/\/wp.ufpel.edu.br\/colegiadonutricao\/conteudos-programaticos\/","title":{"rendered":"CONTE\u00daDOS PROGRAM\u00c1TICOS"},"content":{"rendered":"<p style=\"text-align: left;\"><span style=\"background-color: #ff6600;\">1\u00ba Semestre<\/span><br \/>\n<a href=\"https:\/\/wp.ufpel.edu.br\/colegiadonutricao\/files\/2020\/02\/SEI_UFPel-Anatomia.pdf\">Anatomia &#8211; 09040006<\/a><br \/>\n<a href=\"https:\/\/wp.ufpel.edu.br\/colegiadonutricao\/files\/2020\/02\/Bioestat\u00edstica-e-Epidemiologia.pdf\">Bioestat\u00edstica e Epidemiologia &#8211; 16400024<\/a><br \/>\n<a href=\"https:\/\/wp.ufpel.edu.br\/colegiadonutricao\/files\/2020\/02\/SEI_UFPel-Bioq-I.pdf\">Bioqu\u00edmica I &#8211; 12000028<\/a><br \/>\n<a href=\"https:\/\/wp.ufpel.edu.br\/colegiadonutricao\/files\/2020\/02\/SEI_UFPel-Gen\u00e9tica.pdf\">Gen\u00e9tica do Metabolismo &#8211; 09050015<\/a><br \/>\n<a href=\"https:\/\/wp.ufpel.edu.br\/colegiadonutricao\/files\/2020\/02\/SEI_UFPel-Histologia-I.pdf\">Histologia I &#8211; 09040005<\/a><\/p>\n<p style=\"text-align: left;\"><span style=\"background-color: #00ccff;\">2\u00ba Semestre<\/span><br \/>\n<a href=\"https:\/\/wp.ufpel.edu.br\/colegiadonutricao\/files\/2020\/02\/SEI_UFPel-Bioq-II.pdf\">Bioqu\u00edmica II &#8211; 12000029<\/a><br \/>\n<a href=\"https:\/\/wp.ufpel.edu.br\/colegiadonutricao\/files\/2020\/02\/SEI_UFPel-Bromato.pdf\">Bromatologia &#8211; 16400006<\/a><br \/>\n<a href=\"https:\/\/wp.ufpel.edu.br\/colegiadonutricao\/files\/2020\/02\/SEI_UFPel-Fisiologia-I.pdf\">Fisiologia I &#8211; 09020006<\/a><br \/>\n<a href=\"https:\/\/wp.ufpel.edu.br\/colegiadonutricao\/files\/2020\/02\/SEI_UFPel-Histologia-II.pdf\">Histologia II &#8211; 09040007<\/a><br \/>\n<a href=\"https:\/\/wp.ufpel.edu.br\/colegiadonutricao\/files\/2020\/02\/SEI_UFPel-Micro-e-Imuno.pdf\">Microbiologia e Imunologia &#8211; 09030008<\/a><br \/>\n<a href=\"https:\/\/wp.ufpel.edu.br\/colegiadonutricao\/files\/2020\/02\/Parasitologia.pdf\">Parasitologia &#8211; 09030007<\/a><\/p>\n<p style=\"text-align: left;\"><span style=\"background-color: #00ff00;\">3\u00ba Semestre<\/span><br \/>\n<a href=\"https:\/\/wp.ufpel.edu.br\/colegiadonutricao\/files\/2020\/02\/SEI_UFPel-ASP.pdf\">Administra\u00e7\u00e3o de Sa\u00fade P\u00fablica &#8211; 16400002<\/a><br \/>\n<a href=\"https:\/\/wp.ufpel.edu.br\/colegiadonutricao\/files\/2020\/02\/SEI_UFPel-CTA.pdf\">Ci\u00eancia e Tecnologia de Alimentos &#8211; 16400019<\/a><br \/>\n<a href=\"https:\/\/wp.ufpel.edu.br\/colegiadonutricao\/files\/2020\/02\/SEI_UFPel-Diet\u00e9tica-I.pdf\">Diet\u00e9tica I &#8211; 16400020<\/a><br \/>\n<a href=\"https:\/\/wp.ufpel.edu.br\/colegiadonutricao\/files\/2020\/02\/Ecologia-e-Saneamento-Ambiental.pdf\">ECOLOGIA E SANEAMENTO AMBIENTAL &#8211; 09050016<\/a><br \/>\n<a href=\"https:\/\/wp.ufpel.edu.br\/colegiadonutricao\/files\/2020\/02\/SEI_UFPel-Fisiologia-II.pdf\">FISIOLOGIA II &#8211; 09020007<\/a><br \/>\n<a href=\"https:\/\/wp.ufpel.edu.br\/colegiadonutricao\/files\/2020\/02\/SEI_UFPel-NSP.pdf\">NUTRI\u00c7\u00c3O E SA\u00daDE P\u00daBLICA &#8211; 16400007<\/a><\/p>\n<p style=\"text-align: left;\"><span style=\"background-color: #cc99ff;\">4\u00ba Semestre<\/span><br \/>\n<a href=\"https:\/\/wp.ufpel.edu.br\/colegiadonutricao\/files\/2020\/02\/SEI_UFPel-Avalia\u00e7\u00e3o-Nutricional.pdf\">AVALIA\u00c7\u00c3O NUTRICIONAL &#8211; 16400025<\/a><br \/>\n<a href=\"https:\/\/wp.ufpel.edu.br\/colegiadonutricao\/files\/2020\/02\/Diet\u00e9tica-II.pdf\">DIET\u00c9TICA II &#8211; 16400021<\/a><br \/>\n<a href=\"https:\/\/wp.ufpel.edu.br\/colegiadonutricao\/files\/2020\/02\/SEI_UFPel-Farmaco.pdf\">Farmacologia &#8211; 09020008<\/a><br \/>\n<a href=\"https:\/\/wp.ufpel.edu.br\/colegiadonutricao\/files\/2020\/02\/SEI_UFPel-GUAN-I.pdf\">GEST\u00c3O EM UNIDADES DE ALIMENTA\u00c7\u00c3O E NUTRI\u00c7\u00c3O I &#8211; 16400028<\/a><br \/>\n<a href=\"https:\/\/wp.ufpel.edu.br\/colegiadonutricao\/files\/2020\/02\/SEI_UFPel-Microbiologia-e-Higiene-de-Alimentos.pdf\">MICROBIOLOGIA E HIGIENE DOS ALIMENTOS &#8211; 16400008<\/a><br \/>\n<a href=\"https:\/\/wp.ufpel.edu.br\/colegiadonutricao\/files\/2020\/02\/SEI_UFPel-Patologia.pdf\">Patologia Geral &#8211; 16400070<\/a><\/p>\n<p><span style=\"background-color: #339966;\">5\u00ba Semestre<\/span><br \/>\n<a href=\"https:\/\/wp.ufpel.edu.br\/colegiadonutricao\/files\/2020\/02\/SEI_UFPel-Educa\u00e7\u00e3o-Nutricioanl.pdf\">EDUCA\u00c7\u00c3O NUTRICIONAL &#8211; 16400011<\/a><br \/>\n<a href=\"https:\/\/wp.ufpel.edu.br\/colegiadonutricao\/files\/2020\/02\/SEI_UFPel-\u00c9tica.pdf\">\u00c9TICA PROFISSIONAL &#8211; 16400001<\/a><br \/>\n<a href=\"https:\/\/wp.ufpel.edu.br\/colegiadonutricao\/files\/2020\/02\/Fisiopatologia-e-Dietoterapia-I.pdf\">FISIOPATOLOGIA E DIETOTERAPIA I<\/a><br \/>\n<a href=\"https:\/\/wp.ufpel.edu.br\/colegiadonutricao\/files\/2025\/03\/SEI_2993706_Declaracao-GUAN-II.pdf\">GEST\u00c3O EM UNIDADES DE ALIMENTA\u00c7\u00c3O E NUTRI\u00c7\u00c3O II &#8211; 16400029<\/a><br \/>\n<a href=\"https:\/\/wp.ufpel.edu.br\/colegiadonutricao\/files\/2020\/02\/SEI_UFPel-PSICO.pdf\">PSICOLOGIA &#8211; 07960007<\/a><br \/>\n<a href=\"https:\/\/wp.ufpel.edu.br\/colegiadonutricao\/files\/2020\/02\/SEI_UFPel-Sociologia-e-A\u00e7\u00e3o-Comunit\u00e1ria.pdf\">SOCIOLOGIA E A\u00c7\u00c3O COMUNIT\u00c1RIA &#8211; 06560016<\/a><br \/>\n<a href=\"https:\/\/wp.ufpel.edu.br\/colegiadonutricao\/files\/2020\/02\/TCC-I.pdf\">TRABALHO DE CONCLUS\u00c3O DE CURSO I (TCC I) &#8211; 16400017<\/a><\/p>\n<p><span style=\"background-color: #ff0000;\">6\u00ba Semestre<\/span><br \/>\n<a href=\"https:\/\/wp.ufpel.edu.br\/colegiadonutricao\/files\/2020\/02\/Fisiopatologia-e-Dietoterapia-II.pdf\">FISIOPATOLOGIA E DIETOTERAPIA II &#8211; 16400010<\/a><br \/>\n<a href=\"https:\/\/wp.ufpel.edu.br\/colegiadonutricao\/files\/2020\/02\/SEI_UFPel-GEAN.pdf\">GEOGRAFIA E ECONOMIA APLICADA \u00c0 NUTRI\u00c7\u00c3O &#8211; 10060013<\/a><br \/>\n<a href=\"https:\/\/wp.ufpel.edu.br\/colegiadonutricao\/files\/2020\/02\/Nutri\u00e7\u00e3o-Materno-Infantil.pdf\">NUTRI\u00c7\u00c3O MATERNO INFANTIL &#8211; 16400027<\/a><br \/>\n<a href=\"https:\/\/wp.ufpel.edu.br\/colegiadonutricao\/files\/2020\/02\/TCC-II.pdf\">TRABALHO DE CONCLUS\u00c3O DE CURSO II (TCC II) &#8211; 16400018<\/a><\/p>\n<p><span style=\"background-color: #ff00ff;\">Est\u00e1gios<\/span><br \/>\n<a href=\"https:\/\/wp.ufpel.edu.br\/colegiadonutricao\/files\/2020\/02\/Est\u00e1gio-em-ASA.pdf\">EST\u00c1GIO EM ADM. DE SERV. DE ALIMENTA\u00c7\u00c3O &#8211; 16400013<\/a><br \/>\n<a href=\"https:\/\/wp.ufpel.edu.br\/colegiadonutricao\/files\/2020\/02\/Est\u00e1gio-em-Coletividade-Enferma.pdf\">EST\u00c1GIO EM COLETIVIDADE ENFERMA &#8211; 16400012<\/a><br \/>\n<a href=\"https:\/\/wp.ufpel.edu.br\/colegiadonutricao\/files\/2020\/02\/Est\u00e1gio-em-NSP.pdf\">EST\u00c1GIO EM NUTRI\u00c7\u00c3O E SA\u00daDE P\u00daBLICA &#8211; 16400014<\/a><\/p>\n<p><span style=\"background-color: #ffff00; color: #000000;\">Optativas<\/span><\/p>\n<p><a href=\"https:\/\/wp.ufpel.edu.br\/colegiadonutricao\/files\/2020\/07\/METODOLOGIA-CIENT\u00cdFICA.pdf\">METODOLOGIA CIENT\u00cdFICA &#8211; 16400033<\/a><\/p>\n<p><a href=\"https:\/\/wp.ufpel.edu.br\/colegiadonutricao\/files\/2020\/07\/NUTRI\u00c7\u00c3O-E-EXERC\u00cdCIO-F\u00cdSICO.pdf\">NUTRI\u00c7\u00c3O E EXERC\u00cdCIO F\u00cdSICO &#8211; 16400016<\/a><\/p>\n<p><a href=\"https:\/\/wp.ufpel.edu.br\/colegiadonutricao\/files\/2020\/07\/CONTROLE-DE-QUALIDADE-DE-ALIMENTOS.pdf\">CONTROLE DE QUALIDADE DE ALIMENTOS &#8211; 16400004<\/a><\/p>\n<p><a href=\"https:\/\/wp.ufpel.edu.br\/colegiadonutricao\/files\/2020\/07\/INTEGRA\u00c7\u00c3O-METAB\u00d3LICA.pdf\">INTEGRA\u00c7\u00c3O METAB\u00d3LICA &#8211; 16400069<\/a><\/p>\n<p><a href=\"https:\/\/wp.ufpel.edu.br\/colegiadonutricao\/files\/2020\/07\/NUTRI\u00c7\u00c3O-CL\u00cdNICA.pdf\">NUTRI\u00c7\u00c3O CL\u00cdNICA &#8211; 16400003<\/a><\/p>\n<p><a href=\"https:\/\/wp.ufpel.edu.br\/colegiadonutricao\/files\/2020\/07\/GEN\u00d4MICA-NUTRICIONAL.pdf\">GEN\u00d4MICA NUTRICIONAL &#8211; 16400068<\/a><\/p>\n<p><a href=\"https:\/\/wp.ufpel.edu.br\/colegiadonutricao\/files\/2020\/07\/COMPOSTOS-BIOATIVOS.pdf\">COMPOSTOS BIOATIVOS &#8211; 16400030<\/a><\/p>\n<p><a href=\"https:\/\/wp.ufpel.edu.br\/colegiadonutricao\/files\/2020\/07\/NUTRI\u00c7\u00c3O-EXPERIMENTAL.pdf\">NUTRI\u00c7\u00c3O EXPERIMENTAL &#8211; 16400005<\/a><\/p>\n<p><a href=\"https:\/\/wp.ufpel.edu.br\/colegiadonutricao\/files\/2020\/07\/TERAPIA-NUTRICIONAL-PARENTERAL-E-ENTERAL.pdf\">TERAPIA NUTRICIONAL PARENTERAL E ENTERAL &#8211; 16400015<\/a><\/p>\n<p><a href=\"https:\/\/wp.ufpel.edu.br\/colegiadonutricao\/files\/2020\/07\/NUTRI\u00c7\u00c3O-E-C\u00c2NCER.pdf\">NUTRI\u00c7\u00c3O E C\u00c2NCER &#8211; 16400071<\/a><\/p>\n<p><span style=\"background-color: #ff6600; color: #0000ff;\"><a style=\"background-color: #ff6600; color: #0000ff;\" href=\"https:\/\/wp.ufpel.edu.br\/colegiadonutricao\/files\/2020\/08\/Tabela-de-Equival\u00eancias.pdf\">Tabela de Equival\u00eancias (Validador das disciplinas com c\u00f3digos antigos)<\/a><\/span><\/p>\n","protected":false},"excerpt":{"rendered":"<p>1\u00ba Semestre Anatomia &#8211; 09040006 Bioestat\u00edstica e Epidemiologia &#8211; 16400024 Bioqu\u00edmica I &#8211; 12000028 Gen\u00e9tica do Metabolismo &#8211; 09050015 Histologia I &#8211; 09040005 2\u00ba Semestre Bioqu\u00edmica II &#8211; 12000029 Bromatologia &#8211; 16400006 Fisiologia I &#8211; 09020006 Histologia II &#8211; 09040007 Microbiologia e Imunologia &#8211; 09030008 Parasitologia &#8211; 09030007 3\u00ba Semestre Administra\u00e7\u00e3o de Sa\u00fade P\u00fablica &#8211; [&hellip;]<\/p>\n","protected":false},"author":948,"featured_media":0,"parent":0,"menu_order":0,"comment_status":"closed","ping_status":"closed","template":"","meta":{"footnotes":""},"class_list":["post-463","page","type-page","status-publish","hentry"],"jetpack_sharing_enabled":true,"_links":{"self":[{"href":"https:\/\/wp.ufpel.edu.br\/colegiadonutricao\/wp-json\/wp\/v2\/pages\/463","targetHints":{"allow":["GET"]}}],"collection":[{"href":"https:\/\/wp.ufpel.edu.br\/colegiadonutricao\/wp-json\/wp\/v2\/pages"}],"about":[{"href":"https:\/\/wp.ufpel.edu.br\/colegiadonutricao\/wp-json\/wp\/v2\/types\/page"}],"author":[{"embeddable":true,"href":"https:\/\/wp.ufpel.edu.br\/colegiadonutricao\/wp-json\/wp\/v2\/users\/948"}],"replies":[{"embeddable":true,"href":"https:\/\/wp.ufpel.edu.br\/colegiadonutricao\/wp-json\/wp\/v2\/comments?post=463"}],"version-history":[{"count":13,"href":"https:\/\/wp.ufpel.edu.br\/colegiadonutricao\/wp-json\/wp\/v2\/pages\/463\/revisions"}],"predecessor-version":[{"id":1562,"href":"https:\/\/wp.ufpel.edu.br\/colegiadonutricao\/wp-json\/wp\/v2\/pages\/463\/revisions\/1562"}],"wp:attachment":[{"href":"https:\/\/wp.ufpel.edu.br\/colegiadonutricao\/wp-json\/wp\/v2\/media?parent=463"}],"curies":[{"name":"wp","href":"https:\/\/api.w.org\/{rel}","templated":true}]}}