{"id":383,"date":"2019-10-07T14:03:33","date_gmt":"2019-10-07T17:03:33","guid":{"rendered":"https:\/\/wp.ufpel.edu.br\/colegiadonutricao\/?page_id=383"},"modified":"2020-01-31T11:31:33","modified_gmt":"2020-01-31T14:31:33","slug":"matriz-curricular","status":"publish","type":"page","link":"https:\/\/wp.ufpel.edu.br\/colegiadonutricao\/ensino\/matriz-curricular\/","title":{"rendered":"MATRIZ CURRICULAR"},"content":{"rendered":"<table class=\"dados-cobalto tabela-disciplinas\"><tr><th colspan=\"5\" class=\"tabela-quebra\">1\u00ba Semestre<\/th><\/tr><tr><th>C\u00f3digo<\/th><th>Disciplina \/ Pr\u00e9-requisitos<\/th><th>Car\u00e1ter<\/th><th>Cr.<\/th><th>Horas<\/th><\/tr><tr><td>09040006<\/td><td><a href=\"https:\/\/institucional.ufpel.edu.br\/disciplinas\/id\/30684\" target=\"_blank\">ANATOMIA<\/a><\/td><td>Obrigat\u00f3ria<\/td><td>4<\/td><td>60<\/td><\/tr><tr><td>16400024<\/td><td><a href=\"https:\/\/institucional.ufpel.edu.br\/disciplinas\/id\/30869\" target=\"_blank\">BIOESTAT\u00cdSTICA E EPIDEMIOLOGIA<\/a><\/td><td>Obrigat\u00f3ria<\/td><td>5<\/td><td>75<\/td><\/tr><tr><td>12000028<\/td><td><a href=\"https:\/\/institucional.ufpel.edu.br\/disciplinas\/id\/26457\" target=\"_blank\">BIOQU\u00cdMICA I<\/a><\/td><td>Obrigat\u00f3ria<\/td><td>6<\/td><td>90<\/td><\/tr><tr><td>09050015<\/td><td><a href=\"https:\/\/institucional.ufpel.edu.br\/disciplinas\/id\/29281\" target=\"_blank\">GEN\u00c9TICA DO METABOLISMO<\/a><\/td><td>Obrigat\u00f3ria<\/td><td>3<\/td><td>45<\/td><\/tr><tr><td>09040005<\/td><td><a href=\"https:\/\/institucional.ufpel.edu.br\/disciplinas\/id\/30683\" target=\"_blank\">HISTOLOGIA I<\/a><\/td><td>Obrigat\u00f3ria<\/td><td>3<\/td><td>45<\/td><\/tr><tr><th colspan=\"5\" class=\"tabela-quebra\">2\u00ba Semestre<\/th><\/tr><tr><th>C\u00f3digo<\/th><th>Disciplina \/ Pr\u00e9-requisitos<\/th><th>Car\u00e1ter<\/th><th>Cr.<\/th><th>Horas<\/th><\/tr><tr><td>12000029<\/td><td><a href=\"https:\/\/institucional.ufpel.edu.br\/disciplinas\/id\/26458\" target=\"_blank\">BIOQU\u00cdMICA II<\/a><div class=\"tabela-detalhe-info\">12000028 - BIOQU\u00cdMICA I<\/div><\/td><td>Obrigat\u00f3ria<\/td><td>6<\/td><td>90<\/td><\/tr><tr><td>16400006<\/td><td><a href=\"https:\/\/institucional.ufpel.edu.br\/disciplinas\/id\/30851\" target=\"_blank\">BROMATOLOGIA<\/a><div class=\"tabela-detalhe-info\">12000028 - BIOQU\u00cdMICA I<\/div><\/td><td>Obrigat\u00f3ria<\/td><td>4<\/td><td>60<\/td><\/tr><tr><td>09020006<\/td><td><a href=\"https:\/\/institucional.ufpel.edu.br\/disciplinas\/id\/29971\" target=\"_blank\">FISIOLOGIA I<\/a><div class=\"tabela-detalhe-info\">09040005 - HISTOLOGIA I<\/div><div class=\"tabela-detalhe-info\">09040006 - ANATOMIA<\/div><div class=\"tabela-detalhe-info\">12000028 - BIOQU\u00cdMICA I<\/div><\/td><td>Obrigat\u00f3ria<\/td><td>4<\/td><td>60<\/td><\/tr><tr><td>09040007<\/td><td><a href=\"https:\/\/institucional.ufpel.edu.br\/disciplinas\/id\/30685\" target=\"_blank\">HISTOLOGIA II<\/a><div class=\"tabela-detalhe-info\">09040005 - HISTOLOGIA I<\/div><\/td><td>Obrigat\u00f3ria<\/td><td>3<\/td><td>45<\/td><\/tr><tr><td>09030008<\/td><td><a href=\"https:\/\/institucional.ufpel.edu.br\/disciplinas\/id\/30635\" target=\"_blank\">MICROBIOLOGIA E IMUNOLOGIA<\/a><div class=\"tabela-detalhe-info\">12000028 - BIOQU\u00cdMICA I<\/div><\/td><td>Obrigat\u00f3ria<\/td><td>5<\/td><td>75<\/td><\/tr><tr><td>09030007<\/td><td><a href=\"https:\/\/institucional.ufpel.edu.br\/disciplinas\/id\/30634\" target=\"_blank\">PARASITOLOGIA<\/a><div class=\"tabela-detalhe-info\">09040006 - ANATOMIA<\/div><\/td><td>Obrigat\u00f3ria<\/td><td>3<\/td><td>45<\/td><\/tr><tr><th colspan=\"5\" class=\"tabela-quebra\">3\u00ba Semestre<\/th><\/tr><tr><th>C\u00f3digo<\/th><th>Disciplina \/ Pr\u00e9-requisitos<\/th><th>Car\u00e1ter<\/th><th>Cr.<\/th><th>Horas<\/th><\/tr><tr><td>16400002<\/td><td><a href=\"https:\/\/institucional.ufpel.edu.br\/disciplinas\/id\/30847\" target=\"_blank\">ADMINISTRA\u00c7\u00c3O DE SA\u00daDE P\u00daBLICA<\/a><\/td><td>Obrigat\u00f3ria<\/td><td>2<\/td><td>30<\/td><\/tr><tr><td>16400019<\/td><td><a href=\"https:\/\/institucional.ufpel.edu.br\/disciplinas\/id\/30864\" target=\"_blank\">CI\u00caNCIA E TECNOLOGIA DE ALIMENTOS<\/a><div class=\"tabela-detalhe-info\">16400006 - BROMATOLOGIA<\/div><\/td><td>Obrigat\u00f3ria<\/td><td>5<\/td><td>75<\/td><\/tr><tr><td>16400020<\/td><td><a href=\"https:\/\/institucional.ufpel.edu.br\/disciplinas\/id\/30865\" target=\"_blank\">DIET\u00c9TICA I<\/a><div class=\"tabela-detalhe-info\">16400006 - BROMATOLOGIA<\/div><\/td><td>Obrigat\u00f3ria<\/td><td>5<\/td><td>75<\/td><\/tr><tr><td>09050016<\/td><td><a href=\"https:\/\/institucional.ufpel.edu.br\/disciplinas\/id\/29282\" target=\"_blank\">ECOLOGIA E SANEAMENTO AMBIENTAL<\/a><div class=\"tabela-detalhe-info\">09030007 - PARASITOLOGIA<\/div><\/td><td>Obrigat\u00f3ria<\/td><td>2<\/td><td>30<\/td><\/tr><tr><td>09020007<\/td><td><a href=\"https:\/\/institucional.ufpel.edu.br\/disciplinas\/id\/29972\" target=\"_blank\">FISIOLOGIA II<\/a><div class=\"tabela-detalhe-info\">09020006 - FISIOLOGIA I<\/div><div class=\"tabela-detalhe-info\">09040007 - HISTOLOGIA II<\/div><div class=\"tabela-detalhe-info\">12000029 - BIOQU\u00cdMICA II<\/div><\/td><td>Obrigat\u00f3ria<\/td><td>4<\/td><td>60<\/td><\/tr><tr><td>16400007<\/td><td><a href=\"https:\/\/institucional.ufpel.edu.br\/disciplinas\/id\/30852\" target=\"_blank\">NUTRI\u00c7\u00c3O E SA\u00daDE P\u00daBLICA<\/a><div class=\"tabela-detalhe-info\">16400024 - BIOESTAT\u00cdSTICA E EPIDEMIOLOGIA<\/div><\/td><td>Obrigat\u00f3ria<\/td><td>4<\/td><td>60<\/td><\/tr><tr><th colspan=\"5\" class=\"tabela-quebra\">4\u00ba Semestre<\/th><\/tr><tr><th>C\u00f3digo<\/th><th>Disciplina \/ Pr\u00e9-requisitos<\/th><th>Car\u00e1ter<\/th><th>Cr.<\/th><th>Horas<\/th><\/tr><tr><td>16400025<\/td><td><a href=\"https:\/\/institucional.ufpel.edu.br\/disciplinas\/id\/30870\" target=\"_blank\">AVALIA\u00c7\u00c3O NUTRICIONAL<\/a><div class=\"tabela-detalhe-info\">16400007 - NUTRI\u00c7\u00c3O E SA\u00daDE P\u00daBLICA<\/div><\/td><td>Obrigat\u00f3ria<\/td><td>6<\/td><td>90<\/td><\/tr><tr><td>16400021<\/td><td><a href=\"https:\/\/institucional.ufpel.edu.br\/disciplinas\/id\/30866\" target=\"_blank\">DIET\u00c9TICA II<\/a><div class=\"tabela-detalhe-info\">09020007 - FISIOLOGIA II<\/div><div class=\"tabela-detalhe-info\">16400020 - DIET\u00c9TICA I<\/div><\/td><td>Obrigat\u00f3ria<\/td><td>4<\/td><td>60<\/td><\/tr><tr><td>09020008<\/td><td><a href=\"https:\/\/institucional.ufpel.edu.br\/disciplinas\/id\/29973\" target=\"_blank\">FARMACOLOGIA<\/a><div class=\"tabela-detalhe-info\">09020007 - FISIOLOGIA II<\/div><\/td><td>Obrigat\u00f3ria<\/td><td>4<\/td><td>60<\/td><\/tr><tr><td>16400028<\/td><td><a href=\"https:\/\/institucional.ufpel.edu.br\/disciplinas\/id\/30873\" target=\"_blank\">GEST\u00c3O EM UNIDADES DE ALIMENTA\u00c7\u00c3O E NUTRI\u00c7\u00c3O I<\/a><div class=\"tabela-detalhe-info\">16400020 - DIET\u00c9TICA I<\/div><div class=\"tabela-detalhe-info\">16400019 - CI\u00caNCIA E TECNOLOGIA DE ALIMENTOS<\/div><\/td><td>Obrigat\u00f3ria<\/td><td>6<\/td><td>90<\/td><\/tr><tr><td>16400008<\/td><td><a href=\"https:\/\/institucional.ufpel.edu.br\/disciplinas\/id\/30853\" target=\"_blank\">MICROBIOLOGIA E HIGIENE DOS ALIMENTOS<\/a><div class=\"tabela-detalhe-info\">09030008 - MICROBIOLOGIA E IMUNOLOGIA<\/div><div class=\"tabela-detalhe-info\">16400019 - CI\u00caNCIA E TECNOLOGIA DE ALIMENTOS<\/div><\/td><td>Obrigat\u00f3ria<\/td><td>4<\/td><td>60<\/td><\/tr><tr><td>16400070<\/td><td><a href=\"https:\/\/institucional.ufpel.edu.br\/disciplinas\/id\/30915\" target=\"_blank\">PATOLOGIA GERAL<\/a><div class=\"tabela-detalhe-info\">09020007 - FISIOLOGIA II<\/div><\/td><td>Obrigat\u00f3ria<\/td><td>2<\/td><td>30<\/td><\/tr><tr><th colspan=\"5\" class=\"tabela-quebra\">5\u00ba Semestre<\/th><\/tr><tr><th>C\u00f3digo<\/th><th>Disciplina \/ Pr\u00e9-requisitos<\/th><th>Car\u00e1ter<\/th><th>Cr.<\/th><th>Horas<\/th><\/tr><tr><td>16400011<\/td><td><a href=\"https:\/\/institucional.ufpel.edu.br\/disciplinas\/id\/30856\" target=\"_blank\">EDUCA\u00c7\u00c3O NUTRICIONAL<\/a><\/td><td>Obrigat\u00f3ria<\/td><td>2<\/td><td>30<\/td><\/tr><tr><td>16400001<\/td><td><a href=\"https:\/\/institucional.ufpel.edu.br\/disciplinas\/id\/30846\" target=\"_blank\">\u00c9TICA PROFISSIONAL<\/a><\/td><td>Obrigat\u00f3ria<\/td><td>2<\/td><td>30<\/td><\/tr><tr><td>16400009<\/td><td><a href=\"https:\/\/institucional.ufpel.edu.br\/disciplinas\/id\/30854\" target=\"_blank\">FISIOPATOLOGIA E DIETOTERAPIA I<\/a><div class=\"tabela-detalhe-info\">09020008 - FARMACOLOGIA<\/div><div class=\"tabela-detalhe-info\">16400021 - DIET\u00c9TICA II<\/div><div class=\"tabela-detalhe-info\">16400070 - PATOLOGIA GERAL<\/div><\/td><td>Obrigat\u00f3ria<\/td><td>4<\/td><td>60<\/td><\/tr><tr><td>16400029<\/td><td><a href=\"https:\/\/institucional.ufpel.edu.br\/disciplinas\/id\/30874\" target=\"_blank\">GEST\u00c3O EM UNIDADES DE ALIMENTA\u00c7\u00c3O E NUTRI\u00c7\u00c3O II<\/a><div class=\"tabela-detalhe-info\">16400021 - DIET\u00c9TICA II<\/div><div class=\"tabela-detalhe-info\">16400028 - GEST\u00c3O EM UNIDADES DE ALIMENTA\u00c7\u00c3O E NUTRI\u00c7\u00c3O I<\/div><div class=\"tabela-detalhe-info\">16400008 - MICROBIOLOGIA E HIGIENE DOS ALIMENTOS<\/div><div class=\"tabela-detalhe-info\">16400019 - CI\u00caNCIA E TECNOLOGIA DE ALIMENTOS<\/div><\/td><td>Obrigat\u00f3ria<\/td><td>6<\/td><td>90<\/td><\/tr><tr><td>07960007<\/td><td><a href=\"https:\/\/institucional.ufpel.edu.br\/disciplinas\/id\/28484\" target=\"_blank\">PSICOLOGIA<\/a><\/td><td>Obrigat\u00f3ria<\/td><td>2<\/td><td>30<\/td><\/tr><tr><td>06560016<\/td><td><a href=\"https:\/\/institucional.ufpel.edu.br\/disciplinas\/id\/30980\" target=\"_blank\">SOCIOLOGIA E A\u00c7\u00c3O COMUNIT\u00c1RIA<\/a><div class=\"tabela-detalhe-info\">16400007 - NUTRI\u00c7\u00c3O E SA\u00daDE P\u00daBLICA<\/div><\/td><td>Obrigat\u00f3ria<\/td><td>4<\/td><td>60<\/td><\/tr><tr><td>16400017<\/td><td><a href=\"https:\/\/institucional.ufpel.edu.br\/disciplinas\/id\/30862\" target=\"_blank\">TRABALHO DE CONCLUS\u00c3O DE CURSO I (TCC I)<\/a><div class=\"tabela-detalhe-info\">16400025 - AVALIA\u00c7\u00c3O NUTRICIONAL<\/div><div class=\"tabela-detalhe-info\">16400021 - DIET\u00c9TICA II<\/div><div class=\"tabela-detalhe-info\">16400008 - MICROBIOLOGIA E HIGIENE DOS ALIMENTOS<\/div><div class=\"tabela-detalhe-info\">16400028 - GEST\u00c3O EM UNIDADES DE ALIMENTA\u00c7\u00c3O E NUTRI\u00c7\u00c3O I<\/div><\/td><td>Obrigat\u00f3ria<\/td><td>2<\/td><td>30<\/td><\/tr><tr><th colspan=\"5\" class=\"tabela-quebra\">6\u00ba Semestre<\/th><\/tr><tr><th>C\u00f3digo<\/th><th>Disciplina \/ Pr\u00e9-requisitos<\/th><th>Car\u00e1ter<\/th><th>Cr.<\/th><th>Horas<\/th><\/tr><tr><td>16400010<\/td><td><a href=\"https:\/\/institucional.ufpel.edu.br\/disciplinas\/id\/30855\" target=\"_blank\">FISIOPATOLOGIA E DIETOTERAPIA II<\/a><div class=\"tabela-detalhe-info\">16400009 - FISIOPATOLOGIA E DIETOTERAPIA I<\/div><\/td><td>Obrigat\u00f3ria<\/td><td>3<\/td><td>45<\/td><\/tr><tr><td>10060013<\/td><td><a href=\"https:\/\/institucional.ufpel.edu.br\/disciplinas\/id\/30150\" target=\"_blank\">GEOGRAFIA E ECONOMIA APLICADA \u00c0 NUTRI\u00c7\u00c3O<\/a><\/td><td>Obrigat\u00f3ria<\/td><td>2<\/td><td>30<\/td><\/tr><tr><td>16400027<\/td><td><a href=\"https:\/\/institucional.ufpel.edu.br\/disciplinas\/id\/30872\" target=\"_blank\">NUTRI\u00c7\u00c3O MATERNO INFANTIL<\/a><div class=\"tabela-detalhe-info\">16400009 - FISIOPATOLOGIA E DIETOTERAPIA I<\/div><div class=\"tabela-detalhe-info\">16400021 - DIET\u00c9TICA II<\/div><\/td><td>Obrigat\u00f3ria<\/td><td>6<\/td><td>90<\/td><\/tr><tr><td>16400018<\/td><td><a href=\"https:\/\/institucional.ufpel.edu.br\/disciplinas\/id\/30863\" target=\"_blank\">TRABALHO DE CONCLUS\u00c3O DE CURSO II (TCC II)<\/a><div class=\"tabela-detalhe-info\">16400017 - TRABALHO DE CONCLUS\u00c3O DE CURSO I (TCC I)<\/div><\/td><td>Obrigat\u00f3ria<\/td><td>4<\/td><td>60<\/td><\/tr><tr><th colspan=\"5\" class=\"tabela-quebra\">7\u00ba Semestre<\/th><\/tr><tr><th>C\u00f3digo<\/th><th>Disciplina \/ Pr\u00e9-requisitos<\/th><th>Car\u00e1ter<\/th><th>Cr.<\/th><th>Horas<\/th><\/tr><tr><td>16400117<\/td><td><a href=\"https:\/\/institucional.ufpel.edu.br\/disciplinas\/id\/47401\" target=\"_blank\">EST\u00c1GIO EM ADM. DE SERV. DE  ALIMENTA\u00c7\u00c3O<\/a><div class=\"tabela-detalhe-info\">Todas Disciplinas at\u00e9 o 6 semestre<\/div><\/td><td>Obrigat\u00f3ria<\/td><td>21<\/td><td>315<\/td><\/tr><tr><td>16400116<\/td><td><a href=\"https:\/\/institucional.ufpel.edu.br\/disciplinas\/id\/47400\" target=\"_blank\">EST\u00c1GIO EM COLETIVIDADE ENFERMA<\/a><div class=\"tabela-detalhe-info\">Todas Disciplinas at\u00e9 o 6 semestre<\/div><\/td><td>Obrigat\u00f3ria<\/td><td>21<\/td><td>315<\/td><\/tr><tr><th colspan=\"5\" class=\"tabela-quebra\">8\u00ba Semestre<\/th><\/tr><tr><th>C\u00f3digo<\/th><th>Disciplina \/ Pr\u00e9-requisitos<\/th><th>Car\u00e1ter<\/th><th>Cr.<\/th><th>Horas<\/th><\/tr><tr><td>16400118<\/td><td><a href=\"https:\/\/institucional.ufpel.edu.br\/disciplinas\/id\/47402\" target=\"_blank\">EST\u00c1GIO EM NUTRI\u00c7\u00c3O E SA\u00daDE P\u00daBLICA<\/a><div class=\"tabela-detalhe-info\">Todas Disciplinas at\u00e9 o 6 semestre<\/div><\/td><td>Obrigat\u00f3ria<\/td><td>21<\/td><td>315<\/td><\/tr><tr><th colspan=\"5\" class=\"tabela-quebra\">COMPLEMENTARES<\/th><\/tr><tr><th>C\u00f3digo<\/th><th>Disciplina \/ Pr\u00e9-requisitos<\/th><th>Car\u00e1ter<\/th><th>Cr.<\/th><th>Horas<\/th><\/tr><tr><td>16400119<\/td><td><a href=\"https:\/\/institucional.ufpel.edu.br\/disciplinas\/id\/47403\" target=\"_blank\">ATIVIDADES COMPLEMENTARES<\/a><\/td><td>Atividade complementar<\/td><td>14<\/td><td>210<\/td><\/tr><tr><th colspan=\"5\" class=\"tabela-quebra\">OPTATIVAS<\/th><\/tr><tr><th>C\u00f3digo<\/th><th>Disciplina \/ Pr\u00e9-requisitos<\/th><th>Car\u00e1ter<\/th><th>Cr.<\/th><th>Horas<\/th><\/tr><tr><td>16400073<\/td><td><a href=\"https:\/\/institucional.ufpel.edu.br\/disciplinas\/id\/30918\" target=\"_blank\">ALIMENTOS FUNCIONAIS<\/a><div class=\"tabela-detalhe-info\">16400008 - MICROBIOLOGIA E HIGIENE DOS ALIMENTOS<\/div><div class=\"tabela-detalhe-info\">16400019 - CI\u00caNCIA E TECNOLOGIA DE ALIMENTOS<\/div><div class=\"tabela-detalhe-info\">16400020 - DIET\u00c9TICA I<\/div><\/td><td>Optativa<\/td><td>2<\/td><td>30<\/td><\/tr><tr><td>16400032<\/td><td><a href=\"https:\/\/institucional.ufpel.edu.br\/disciplinas\/id\/30877\" target=\"_blank\">AN\u00c1LISE SENSORIAL<\/a><div class=\"tabela-detalhe-info\">16400021 - DIET\u00c9TICA II<\/div><div class=\"tabela-detalhe-info\">16400019 - CI\u00caNCIA E TECNOLOGIA DE ALIMENTOS<\/div><\/td><td>Optativa<\/td><td>4<\/td><td>60<\/td><\/tr><tr><td>16400031<\/td><td><a href=\"https:\/\/institucional.ufpel.edu.br\/disciplinas\/id\/30876\" target=\"_blank\">BROMATOLOGIA APLICADA<\/a><div class=\"tabela-detalhe-info\">16400006 - BROMATOLOGIA<\/div><div class=\"tabela-detalhe-info\">16400019 - CI\u00caNCIA E TECNOLOGIA DE ALIMENTOS<\/div><div class=\"tabela-detalhe-info\">16400020 - DIET\u00c9TICA I<\/div><div class=\"tabela-detalhe-info\">16400008 - MICROBIOLOGIA E HIGIENE DOS ALIMENTOS<\/div><\/td><td>Optativa<\/td><td>4<\/td><td>60<\/td><\/tr><tr><td>16400030<\/td><td><a href=\"https:\/\/institucional.ufpel.edu.br\/disciplinas\/id\/30875\" target=\"_blank\">COMPOSTOS BIOATIVOS<\/a><div class=\"tabela-detalhe-info\">16400019 - CI\u00caNCIA E TECNOLOGIA DE ALIMENTOS<\/div><div class=\"tabela-detalhe-info\">16400020 - DIET\u00c9TICA I<\/div><div class=\"tabela-detalhe-info\">16400008 - MICROBIOLOGIA E HIGIENE DOS ALIMENTOS<\/div><\/td><td>Optativa<\/td><td>2<\/td><td>30<\/td><\/tr><tr><td>16400004<\/td><td><a href=\"https:\/\/institucional.ufpel.edu.br\/disciplinas\/id\/30849\" target=\"_blank\">CONTROLE DE QUALIDADE DE ALIMENTOS<\/a><div class=\"tabela-detalhe-info\">16400008 - MICROBIOLOGIA E HIGIENE DOS ALIMENTOS<\/div><\/td><td>Optativa<\/td><td>4<\/td><td>60<\/td><\/tr><tr><td>16400075<\/td><td><a href=\"https:\/\/institucional.ufpel.edu.br\/disciplinas\/id\/30920\" target=\"_blank\">EDUCA\u00c7\u00c3O ALIMENTAR E NUTRICIONAL<\/a><div class=\"tabela-detalhe-info\">16400011 - EDUCA\u00c7\u00c3O NUTRICIONAL<\/div><\/td><td>Optativa<\/td><td>4<\/td><td>60<\/td><\/tr><tr><td>01180008<\/td><td><a href=\"https:\/\/institucional.ufpel.edu.br\/disciplinas\/id\/29103\" target=\"_blank\">EXTENS\u00c3O RURAL<\/a><div class=\"tabela-detalhe-info\">16400007 - NUTRI\u00c7\u00c3O E SA\u00daDE P\u00daBLICA<\/div><div class=\"tabela-detalhe-info\">09050016 - ECOLOGIA E SANEAMENTO AMBIENTAL<\/div><\/td><td>Optativa<\/td><td>4<\/td><td>60<\/td><\/tr><tr><td>16400068<\/td><td><a href=\"https:\/\/institucional.ufpel.edu.br\/disciplinas\/id\/30913\" target=\"_blank\">GEN\u00d4MICA NUTRICIONAL<\/a><div class=\"tabela-detalhe-info\">09050015 - GEN\u00c9TICA DO METABOLISMO<\/div><\/td><td>Optativa<\/td><td>3<\/td><td>45<\/td><\/tr><tr><td>16400069<\/td><td><a href=\"https:\/\/institucional.ufpel.edu.br\/disciplinas\/id\/30914\" target=\"_blank\">INTEGRA\u00c7\u00c3O METAB\u00d3LICA<\/a><div class=\"tabela-detalhe-info\">09020007 - FISIOLOGIA II<\/div><\/td><td>Optativa<\/td><td>2<\/td><td>30<\/td><\/tr><tr><td>20000084<\/td><td><a href=\"https:\/\/institucional.ufpel.edu.br\/disciplinas\/id\/28026\" target=\"_blank\">L\u00cdNGUA BRASILEIRA DE SINAIS I ( LIBRAS I )<\/a><\/td><td>Optativa<\/td><td>4<\/td><td>60<\/td><\/tr><tr><td>16400033<\/td><td><a href=\"https:\/\/institucional.ufpel.edu.br\/disciplinas\/id\/30878\" target=\"_blank\">METODOLOGIA CIENT\u00cdFICA<\/a><\/td><td>Optativa<\/td><td>2<\/td><td>30<\/td><\/tr><tr><td>16400003<\/td><td><a href=\"https:\/\/institucional.ufpel.edu.br\/disciplinas\/id\/30848\" target=\"_blank\">NUTRI\u00c7\u00c3O CL\u00cdNICA<\/a><div class=\"tabela-detalhe-info\">16400009 - FISIOPATOLOGIA E DIETOTERAPIA I<\/div><\/td><td>Optativa<\/td><td>4<\/td><td>60<\/td><\/tr><tr><td>16400071<\/td><td><a href=\"https:\/\/institucional.ufpel.edu.br\/disciplinas\/id\/30916\" target=\"_blank\">NUTRI\u00c7\u00c3O E C\u00c2NCER<\/a><div class=\"tabela-detalhe-info\">16400009 - FISIOPATOLOGIA E DIETOTERAPIA I<\/div><\/td><td>Optativa<\/td><td>3<\/td><td>45<\/td><\/tr><tr><td>16400016<\/td><td><a href=\"https:\/\/institucional.ufpel.edu.br\/disciplinas\/id\/30861\" target=\"_blank\">NUTRI\u00c7\u00c3O E EXERC\u00cdCIO F\u00cdSICO<\/a><div class=\"tabela-detalhe-info\">16400021 - DIET\u00c9TICA II<\/div><div class=\"tabela-detalhe-info\">16400025 - AVALIA\u00c7\u00c3O NUTRICIONAL<\/div><\/td><td>Optativa<\/td><td>4<\/td><td>60<\/td><\/tr><tr><td>16400005<\/td><td><a href=\"https:\/\/institucional.ufpel.edu.br\/disciplinas\/id\/30850\" target=\"_blank\">NUTRI\u00c7\u00c3O EXPERIMENTAL<\/a><div class=\"tabela-detalhe-info\">16400019 - CI\u00caNCIA E TECNOLOGIA DE ALIMENTOS<\/div><div class=\"tabela-detalhe-info\">16400021 - DIET\u00c9TICA II<\/div><\/td><td>Optativa<\/td><td>4<\/td><td>60<\/td><\/tr><tr><td>13380054<\/td><td><a href=\"https:\/\/institucional.ufpel.edu.br\/disciplinas\/id\/29230\" target=\"_blank\">PR\u00c1TICA DESPORTIVA I <\/a><\/td><td>Optativa<\/td><td>2<\/td><td>30<\/td><\/tr><tr><td>13380055<\/td><td><a href=\"https:\/\/institucional.ufpel.edu.br\/disciplinas\/id\/29231\" target=\"_blank\">PR\u00c1TICA DESPORTIVA II<\/a><\/td><td>Optativa<\/td><td>2<\/td><td>30<\/td><\/tr><tr><td>13370038<\/td><td><a href=\"https:\/\/institucional.ufpel.edu.br\/disciplinas\/id\/30305\" target=\"_blank\">PR\u00c1TICA DESPORTIVA III - MUSCULA\u00c7\u00c3O<\/a><\/td><td>Optativa<\/td><td>2<\/td><td>30<\/td><\/tr><tr><td>13380053<\/td><td><a href=\"https:\/\/institucional.ufpel.edu.br\/disciplinas\/id\/29229\" target=\"_blank\">PR\u00c1TICA DESPORTIVA IV - DEFESA PESSOAL<\/a><\/td><td>Optativa<\/td><td>2<\/td><td>30<\/td><\/tr><tr><td>13370039<\/td><td><a href=\"https:\/\/institucional.ufpel.edu.br\/disciplinas\/id\/30306\" target=\"_blank\">PR\u00c1TICA DESPORTIVA V - DAN\u00c7A<\/a><\/td><td>Optativa<\/td><td>2<\/td><td>30<\/td><\/tr><tr><td>13380056<\/td><td><a href=\"https:\/\/institucional.ufpel.edu.br\/disciplinas\/id\/29232\" target=\"_blank\">PR\u00c1TICA DESPORTIVA VI - FUTSAL II<\/a><\/td><td>Optativa<\/td><td>2<\/td><td>30<\/td><\/tr><tr><td>16400215<\/td><td><a href=\"https:\/\/institucional.ufpel.edu.br\/disciplinas\/id\/56712\" target=\"_blank\">SISTEMAS ALIMENTARES SUSTENT\u00c1VEIS E SERVI\u00c7OS DE ALIMENTA\u00c7\u00c3O<\/a><\/td><td>Optativa<\/td><td>3<\/td><td>45<\/td><\/tr><tr><td>16400120<\/td><td><a href=\"https:\/\/institucional.ufpel.edu.br\/disciplinas\/id\/50746\" target=\"_blank\">SISTEMA \u00daNICO DE SA\u00daDE (SUS) NA PR\u00c1TICA<\/a><\/td><td>Optativa<\/td><td>4<\/td><td>60<\/td><\/tr><tr><td>16400015<\/td><td><a href=\"https:\/\/institucional.ufpel.edu.br\/disciplinas\/id\/30860\" target=\"_blank\">TERAPIA NUTRICIONAL PARENTERAL E ENTERAL<\/a><div class=\"tabela-detalhe-info\">16400010 - FISIOPATOLOGIA E DIETOTERAPIA II<\/div><\/td><td>Optativa<\/td><td>2<\/td><td>30<\/td><\/tr><tr><td>16400072<\/td><td><a href=\"https:\/\/institucional.ufpel.edu.br\/disciplinas\/id\/30917\" target=\"_blank\">T\u00d3PICOS AVAN\u00c7ADOS EM ENDOCRIN. E NUTRI\u00c7\u00c3O<\/a><div class=\"tabela-detalhe-info\">09020007 - FISIOLOGIA II<\/div><div class=\"tabela-detalhe-info\">12000029 - BIOQU\u00cdMICA II<\/div><\/td><td>Optativa<\/td><td>4<\/td><td>60<\/td><\/tr><\/table>\n<p>&nbsp;<\/p>\n","protected":false},"excerpt":{"rendered":"<p>&nbsp;<\/p>\n","protected":false},"author":948,"featured_media":0,"parent":67,"menu_order":0,"comment_status":"closed","ping_status":"closed","template":"","meta":{"footnotes":""},"class_list":["post-383","page","type-page","status-publish","hentry"],"jetpack_sharing_enabled":true,"_links":{"self":[{"href":"https:\/\/wp.ufpel.edu.br\/colegiadonutricao\/wp-json\/wp\/v2\/pages\/383","targetHints":{"allow":["GET"]}}],"collection":[{"href":"https:\/\/wp.ufpel.edu.br\/colegiadonutricao\/wp-json\/wp\/v2\/pages"}],"about":[{"href":"https:\/\/wp.ufpel.edu.br\/colegiadonutricao\/wp-json\/wp\/v2\/types\/page"}],"author":[{"embeddable":true,"href":"https:\/\/wp.ufpel.edu.br\/colegiadonutricao\/wp-json\/wp\/v2\/users\/948"}],"replies":[{"embeddable":true,"href":"https:\/\/wp.ufpel.edu.br\/colegiadonutricao\/wp-json\/wp\/v2\/comments?post=383"}],"version-history":[{"count":9,"href":"https:\/\/wp.ufpel.edu.br\/colegiadonutricao\/wp-json\/wp\/v2\/pages\/383\/revisions"}],"predecessor-version":[{"id":459,"href":"https:\/\/wp.ufpel.edu.br\/colegiadonutricao\/wp-json\/wp\/v2\/pages\/383\/revisions\/459"}],"up":[{"embeddable":true,"href":"https:\/\/wp.ufpel.edu.br\/colegiadonutricao\/wp-json\/wp\/v2\/pages\/67"}],"wp:attachment":[{"href":"https:\/\/wp.ufpel.edu.br\/colegiadonutricao\/wp-json\/wp\/v2\/media?parent=383"}],"curies":[{"name":"wp","href":"https:\/\/api.w.org\/{rel}","templated":true}]}}