{"id":2,"date":"2019-06-27T08:52:07","date_gmt":"2019-06-27T11:52:07","guid":{"rendered":"https:\/\/wp.ufpel.edu.br\/colegiadonutricao\/?page_id=2"},"modified":"2020-01-31T11:08:38","modified_gmt":"2020-01-31T14:08:38","slug":"corpo-docente","status":"publish","type":"page","link":"https:\/\/wp.ufpel.edu.br\/colegiadonutricao\/corpo-docente\/","title":{"rendered":"CORPO DOCENTE"},"content":{"rendered":"<p>DEPARTAMENTO DE NUTRI\u00c7\u00c3O<\/p>\n<div class=\"dados-cobalto cobalto-lista-servidores\"><ul class=\"foto-pequena\"><li><div class=\"servidor-foto\"><a href=\"https:\/\/institucional.ufpel.edu.br\/servidores\/id\/502\" target=\"_blank\"><\/a><\/div><div class=\"servidor-info\"><a href=\"https:\/\/institucional.ufpel.edu.br\/servidores\/id\/502\" target=\"_blank\">ALCIDES GOMES NETO<\/a><\/div><\/li><li><div class=\"servidor-foto\"><a href=\"https:\/\/institucional.ufpel.edu.br\/servidores\/id\/32001\" target=\"_blank\"><img decoding=\"async\" src=\"https:\/\/institucional.ufpel.edu.br\/cache\/imagens\/5dda7faa-376a-465a-a7ad-029cfc0e9f84\"><\/a><\/div><div class=\"servidor-info\"><a href=\"https:\/\/institucional.ufpel.edu.br\/servidores\/id\/32001\" target=\"_blank\">ALESSANDRA DOUMID BORGES PRETTO<\/a><\/div><\/li><li><div class=\"servidor-foto\"><a href=\"https:\/\/institucional.ufpel.edu.br\/servidores\/id\/64015\" target=\"_blank\"><img decoding=\"async\" src=\"https:\/\/institucional.ufpel.edu.br\/cache\/imagens\/cbe56576-10bc-48a6-a13c-11c102077a5d\"><\/a><\/div><div class=\"servidor-info\"><a href=\"https:\/\/institucional.ufpel.edu.br\/servidores\/id\/64015\" target=\"_blank\">ANGELA GALVAN DE LIMA<\/a><span class=\"cobalto-label\">Coordenadora de Curso de Gradua\u00e7\u00e3o - Colegiado do Curso de Gastronomia<\/span><\/div><\/li><li><div class=\"servidor-foto\"><a href=\"https:\/\/institucional.ufpel.edu.br\/servidores\/id\/35165\" target=\"_blank\"><img decoding=\"async\" src=\"https:\/\/institucional.ufpel.edu.br\/cache\/imagens\/19d26f19-9f80-446d-bf52-01ae3df4fa78\"><\/a><\/div><div class=\"servidor-info\"><a href=\"https:\/\/institucional.ufpel.edu.br\/servidores\/id\/35165\" target=\"_blank\">ANGELA NUNES MOREIRA<\/a><\/div><\/li><li><div class=\"servidor-foto\"><a href=\"https:\/\/institucional.ufpel.edu.br\/servidores\/id\/139852\" target=\"_blank\"><\/a><\/div><div class=\"servidor-info\"><a href=\"https:\/\/institucional.ufpel.edu.br\/servidores\/id\/139852\" target=\"_blank\">ANNE Y CASTRO MARQUES<\/a><\/div><\/li><li><div class=\"servidor-foto\"><a href=\"https:\/\/institucional.ufpel.edu.br\/servidores\/id\/7419\" target=\"_blank\"><img decoding=\"async\" src=\"https:\/\/institucional.ufpel.edu.br\/cache\/imagens\/988af4d5-3d0f-492b-a779-e0fdb51f7a2b\"><\/a><\/div><div class=\"servidor-info\"><a href=\"https:\/\/institucional.ufpel.edu.br\/servidores\/id\/7419\" target=\"_blank\">AUGUSTO SCHNEIDER<\/a><\/div><\/li><li><div class=\"servidor-foto\"><a href=\"https:\/\/institucional.ufpel.edu.br\/servidores\/id\/127537\" target=\"_blank\"><\/a><\/div><div class=\"servidor-info\"><a href=\"https:\/\/institucional.ufpel.edu.br\/servidores\/id\/127537\" target=\"_blank\">CARLOS CASTILHO DE BARROS<\/a><\/div><\/li><li><div class=\"servidor-foto\"><a href=\"https:\/\/institucional.ufpel.edu.br\/servidores\/id\/760\" target=\"_blank\"><img decoding=\"async\" src=\"https:\/\/institucional.ufpel.edu.br\/cache\/imagens\/e9e3c12d-13cd-4dad-8e78-0735548e3e23\"><\/a><\/div><div class=\"servidor-info\"><a href=\"https:\/\/institucional.ufpel.edu.br\/servidores\/id\/760\" target=\"_blank\">CHIRLE DE OLIVEIRA RAPHAELLI<\/a><\/div><\/li><li><div class=\"servidor-foto\"><a href=\"https:\/\/institucional.ufpel.edu.br\/servidores\/id\/29141\" target=\"_blank\"><img decoding=\"async\" src=\"https:\/\/institucional.ufpel.edu.br\/cache\/imagens\/62a8aac8-df75-4869-b190-79b24222fac5\"><\/a><\/div><div class=\"servidor-info\"><a href=\"https:\/\/institucional.ufpel.edu.br\/servidores\/id\/29141\" target=\"_blank\">CRISTINA CORREA KAUFMANN<\/a><span class=\"cobalto-label\">Chefe de Departamento - Departamento de Nutri\u00e7\u00e3o<\/span><\/div><\/li><li><div class=\"servidor-foto\"><a href=\"https:\/\/institucional.ufpel.edu.br\/servidores\/id\/157755\" target=\"_blank\"><img decoding=\"async\" src=\"https:\/\/institucional.ufpel.edu.br\/cache\/imagens\/2b2963f6-7838-48b8-a8b4-9e0f3c0abd6f\"><\/a><\/div><div class=\"servidor-info\"><a href=\"https:\/\/institucional.ufpel.edu.br\/servidores\/id\/157755\" target=\"_blank\">ELDER PACHECO DA CRUZ<\/a><\/div><\/li><li><div class=\"servidor-foto\"><a href=\"https:\/\/institucional.ufpel.edu.br\/servidores\/id\/31824\" target=\"_blank\"><img decoding=\"async\" src=\"https:\/\/institucional.ufpel.edu.br\/cache\/imagens\/9d6b6d35-dcc6-4e19-9de1-ef8d85dee5b8\"><\/a><\/div><div class=\"servidor-info\"><a href=\"https:\/\/institucional.ufpel.edu.br\/servidores\/id\/31824\" target=\"_blank\">ELIZABETE HELBIG<\/a><\/div><\/li><li><div class=\"servidor-foto\"><a href=\"https:\/\/institucional.ufpel.edu.br\/servidores\/id\/34727\" target=\"_blank\"><\/a><\/div><div class=\"servidor-info\"><a href=\"https:\/\/institucional.ufpel.edu.br\/servidores\/id\/34727\" target=\"_blank\">FABIANA TORMA BOTELHO<\/a><span class=\"cobalto-label\">Coordenadora de Curso de Gradua\u00e7\u00e3o Substituta - Colegiado do Curso de Nutri\u00e7\u00e3o<\/span><\/div><\/li><li><div class=\"servidor-foto\"><a href=\"https:\/\/institucional.ufpel.edu.br\/servidores\/id\/132327\" target=\"_blank\"><img decoding=\"async\" src=\"https:\/\/institucional.ufpel.edu.br\/cache\/imagens\/69526298-f48c-4429-bd01-35eb260318f8\"><\/a><\/div><div class=\"servidor-info\"><a href=\"https:\/\/institucional.ufpel.edu.br\/servidores\/id\/132327\" target=\"_blank\">FELIPE FEHLBERG HERRMANN<\/a><span class=\"cobalto-label\">Coordenador - Coordena\u00e7\u00e3o de Articula\u00e7\u00e3o, Integra\u00e7\u00e3o e Fomento da Extens\u00e3o<\/span><\/div><\/li><li><div class=\"servidor-foto\"><a href=\"https:\/\/institucional.ufpel.edu.br\/servidores\/id\/29106\" target=\"_blank\"><img decoding=\"async\" src=\"https:\/\/institucional.ufpel.edu.br\/cache\/imagens\/db526f50-fd23-4848-9d2f-803314dcf616\"><\/a><\/div><div class=\"servidor-info\"><a href=\"https:\/\/institucional.ufpel.edu.br\/servidores\/id\/29106\" target=\"_blank\">GICELE COSTA MINTEM<\/a><\/div><\/li><li><div class=\"servidor-foto\"><a href=\"https:\/\/institucional.ufpel.edu.br\/servidores\/id\/27070\" target=\"_blank\"><img decoding=\"async\" src=\"https:\/\/institucional.ufpel.edu.br\/cache\/imagens\/a7d9480b-8fa5-4eab-ae7e-aac713806590\"><\/a><\/div><div class=\"servidor-info\"><a href=\"https:\/\/institucional.ufpel.edu.br\/servidores\/id\/27070\" target=\"_blank\">GRAZIELE GUIMARAES GRANADA<\/a><\/div><\/li><li><div class=\"servidor-foto\"><a href=\"https:\/\/institucional.ufpel.edu.br\/servidores\/id\/34616\" target=\"_blank\"><img decoding=\"async\" src=\"https:\/\/institucional.ufpel.edu.br\/cache\/imagens\/30018323-4ce8-42da-8db8-3486acb9243a\"><\/a><\/div><div class=\"servidor-info\"><a href=\"https:\/\/institucional.ufpel.edu.br\/servidores\/id\/34616\" target=\"_blank\">JOZI FAGUNDES DE MELLO<\/a><\/div><\/li><li><div class=\"servidor-foto\"><a href=\"https:\/\/institucional.ufpel.edu.br\/servidores\/id\/35364\" target=\"_blank\"><img decoding=\"async\" src=\"https:\/\/institucional.ufpel.edu.br\/cache\/imagens\/c8861f5e-7488-4c5b-828f-d64a7ca2033c\"><\/a><\/div><div class=\"servidor-info\"><a href=\"https:\/\/institucional.ufpel.edu.br\/servidores\/id\/35364\" target=\"_blank\">JULIANA DOS SANTOS VAZ<\/a><span class=\"cobalto-label\">Coordenadora de Curso de P\u00f3s-Gradua\u00e7\u00e3o - Programa de P\u00f3s-Gradua\u00e7\u00e3o em Nutri\u00e7\u00e3o e Alimentos<\/span><\/div><\/li><li><div class=\"servidor-foto\"><a href=\"https:\/\/institucional.ufpel.edu.br\/servidores\/id\/149231\" target=\"_blank\"><img decoding=\"async\" src=\"https:\/\/institucional.ufpel.edu.br\/cache\/imagens\/5d9a1ac0-0264-4236-abe7-abcb2039637f\"><\/a><\/div><div class=\"servidor-info\"><a href=\"https:\/\/institucional.ufpel.edu.br\/servidores\/id\/149231\" target=\"_blank\">JULIANI BUCHVEITZ PIRES<\/a><\/div><\/li><li><div class=\"servidor-foto\"><a href=\"https:\/\/institucional.ufpel.edu.br\/servidores\/id\/18433\" target=\"_blank\"><img decoding=\"async\" src=\"https:\/\/institucional.ufpel.edu.br\/cache\/imagens\/ef03cd1f-fa6f-420b-94be-c100f3fee3a2\"><\/a><\/div><div class=\"servidor-info\"><a href=\"https:\/\/institucional.ufpel.edu.br\/servidores\/id\/18433\" target=\"_blank\">KARLA PEREIRA MACHADO<\/a><\/div><\/li><li><div class=\"servidor-foto\"><a href=\"https:\/\/institucional.ufpel.edu.br\/servidores\/id\/35991\" target=\"_blank\"><img decoding=\"async\" src=\"https:\/\/institucional.ufpel.edu.br\/cache\/imagens\/a0caaa03-7131-4792-955e-5bab2deecb17\"><\/a><\/div><div class=\"servidor-info\"><a href=\"https:\/\/institucional.ufpel.edu.br\/servidores\/id\/35991\" target=\"_blank\">KELLY LAMEIRO RODRIGUES<\/a><span class=\"cobalto-label\">Coordenadora de Curso de Gradua\u00e7\u00e3o - Colegiado do Curso de Nutri\u00e7\u00e3o<\/span><\/div><\/li><li><div class=\"servidor-foto\"><a href=\"https:\/\/institucional.ufpel.edu.br\/servidores\/id\/11474\" target=\"_blank\"><img decoding=\"async\" src=\"https:\/\/institucional.ufpel.edu.br\/cache\/imagens\/f38750ce-9744-4dcd-acd7-b8d986d7558e\"><\/a><\/div><div class=\"servidor-info\"><a href=\"https:\/\/institucional.ufpel.edu.br\/servidores\/id\/11474\" target=\"_blank\">LEONARDO POZZA DOS SANTOS<\/a><span class=\"cobalto-label\">Coordenador de Curso de P\u00f3s-Gradua\u00e7\u00e3o Substituto - Programa de P\u00f3s-Gradua\u00e7\u00e3o em Nutri\u00e7\u00e3o e Alimentos<\/span><\/div><\/li><li><div class=\"servidor-foto\"><a href=\"https:\/\/institucional.ufpel.edu.br\/servidores\/id\/36302\" target=\"_blank\"><\/a><\/div><div class=\"servidor-info\"><a href=\"https:\/\/institucional.ufpel.edu.br\/servidores\/id\/36302\" target=\"_blank\">LETICIA MASCARENHAS PEREIRA BARBOSA<\/a><\/div><\/li><li><div class=\"servidor-foto\"><a href=\"https:\/\/institucional.ufpel.edu.br\/servidores\/id\/220\" target=\"_blank\"><\/a><\/div><div class=\"servidor-info\"><a href=\"https:\/\/institucional.ufpel.edu.br\/servidores\/id\/220\" target=\"_blank\">LUCIA ROTA BORGES<\/a><\/div><\/li><li><div class=\"servidor-foto\"><a href=\"https:\/\/institucional.ufpel.edu.br\/servidores\/id\/1219\" target=\"_blank\"><\/a><\/div><div class=\"servidor-info\"><a href=\"https:\/\/institucional.ufpel.edu.br\/servidores\/id\/1219\" target=\"_blank\">LUDMILA CORREA MUNIZ<\/a><span class=\"cobalto-label\">Diretora - Faculdade de Nutri\u00e7\u00e3o<\/span><\/div><\/li><li><div class=\"servidor-foto\"><a href=\"https:\/\/institucional.ufpel.edu.br\/servidores\/id\/193814\" target=\"_blank\"><img decoding=\"async\" src=\"https:\/\/institucional.ufpel.edu.br\/cache\/imagens\/be9a37e3-7f08-4d21-9f74-787bf9bd3a39\"><\/a><\/div><div class=\"servidor-info\"><a href=\"https:\/\/institucional.ufpel.edu.br\/servidores\/id\/193814\" target=\"_blank\">MARIANA GIARETTA MATHIAS<\/a><\/div><\/li><li><div class=\"servidor-foto\"><a href=\"https:\/\/institucional.ufpel.edu.br\/servidores\/id\/3337\" target=\"_blank\"><img decoding=\"async\" src=\"https:\/\/institucional.ufpel.edu.br\/cache\/imagens\/5c5be6c0-8bd9-4dc2-9f51-9ab6041ad2e8\"><\/a><\/div><div class=\"servidor-info\"><a href=\"https:\/\/institucional.ufpel.edu.br\/servidores\/id\/3337\" target=\"_blank\">MARINA COUTO PEREIRA<\/a><\/div><\/li><li><div class=\"servidor-foto\"><a href=\"https:\/\/institucional.ufpel.edu.br\/servidores\/id\/18914\" target=\"_blank\"><img decoding=\"async\" src=\"https:\/\/institucional.ufpel.edu.br\/cache\/imagens\/ec75332b-b862-4fc4-8eed-b089bb9aca4f\"><\/a><\/div><div class=\"servidor-info\"><a href=\"https:\/\/institucional.ufpel.edu.br\/servidores\/id\/18914\" target=\"_blank\">MARJANA  RAD\u00dcNZ<\/a><\/div><\/li><li><div class=\"servidor-foto\"><a href=\"https:\/\/institucional.ufpel.edu.br\/servidores\/id\/12501\" target=\"_blank\"><\/a><\/div><div class=\"servidor-info\"><a href=\"https:\/\/institucional.ufpel.edu.br\/servidores\/id\/12501\" target=\"_blank\">MATHEUS FRANCISCO DA PAZ<\/a><\/div><\/li><li><div class=\"servidor-foto\"><a href=\"https:\/\/institucional.ufpel.edu.br\/servidores\/id\/127552\" target=\"_blank\"><img decoding=\"async\" src=\"https:\/\/institucional.ufpel.edu.br\/cache\/imagens\/b610c6b5-5dfb-4846-8668-93a0070e1d96\"><\/a><\/div><div class=\"servidor-info\"><a href=\"https:\/\/institucional.ufpel.edu.br\/servidores\/id\/127552\" target=\"_blank\">NICOLE WEBER BENEMANN<\/a><\/div><\/li><li><div class=\"servidor-foto\"><a href=\"https:\/\/institucional.ufpel.edu.br\/servidores\/id\/8635\" target=\"_blank\"><\/a><\/div><div class=\"servidor-info\"><a href=\"https:\/\/institucional.ufpel.edu.br\/servidores\/id\/8635\" target=\"_blank\">RENATA MORAES BIELEMANN<\/a><\/div><\/li><li><div class=\"servidor-foto\"><a href=\"https:\/\/institucional.ufpel.edu.br\/servidores\/id\/64035\" target=\"_blank\"><img decoding=\"async\" src=\"https:\/\/institucional.ufpel.edu.br\/cache\/imagens\/d682dcc4-828e-45a7-94c6-9f8ee849a406\"><\/a><\/div><div class=\"servidor-info\"><a href=\"https:\/\/institucional.ufpel.edu.br\/servidores\/id\/64035\" target=\"_blank\">RENATA TORRES ABIB BERTACCO<\/a><\/div><\/li><li><div class=\"servidor-foto\"><a href=\"https:\/\/institucional.ufpel.edu.br\/servidores\/id\/37058\" target=\"_blank\"><img decoding=\"async\" src=\"https:\/\/institucional.ufpel.edu.br\/cache\/imagens\/9fa3c9a8-4d21-45ce-9727-7cd211cdc713\"><\/a><\/div><div class=\"servidor-info\"><a href=\"https:\/\/institucional.ufpel.edu.br\/servidores\/id\/37058\" target=\"_blank\">SAMANTA WINCK MADRUGA<\/a><\/div><\/li><li><div class=\"servidor-foto\"><a href=\"https:\/\/institucional.ufpel.edu.br\/servidores\/id\/30939\" target=\"_blank\"><img decoding=\"async\" src=\"https:\/\/institucional.ufpel.edu.br\/cache\/imagens\/1f8a035f-3b81-400a-be66-f035a71899e9\"><\/a><\/div><div class=\"servidor-info\"><a href=\"https:\/\/institucional.ufpel.edu.br\/servidores\/id\/30939\" target=\"_blank\">SANDRA COSTA VALLE<\/a><\/div><\/li><li><div class=\"servidor-foto\"><a href=\"https:\/\/institucional.ufpel.edu.br\/servidores\/id\/37302\" target=\"_blank\"><\/a><\/div><div class=\"servidor-info\"><a href=\"https:\/\/institucional.ufpel.edu.br\/servidores\/id\/37302\" target=\"_blank\">SILVANA PAIVA ORLANDI<\/a><\/div><\/li><li><div class=\"servidor-foto\"><a href=\"https:\/\/institucional.ufpel.edu.br\/servidores\/id\/134852\" target=\"_blank\"><img decoding=\"async\" src=\"https:\/\/institucional.ufpel.edu.br\/cache\/imagens\/9c365c58-9d4e-4c84-8244-57bc244bb306\"><\/a><\/div><div class=\"servidor-info\"><a href=\"https:\/\/institucional.ufpel.edu.br\/servidores\/id\/134852\" target=\"_blank\">SIMONE PIENIZ<\/a><span class=\"cobalto-label\">Chefe de departamento Substituto - Departamento de Nutri\u00e7\u00e3o<\/span><\/div><\/li><li><div class=\"servidor-foto\"><a href=\"https:\/\/institucional.ufpel.edu.br\/servidores\/id\/63874\" target=\"_blank\"><img decoding=\"async\" src=\"https:\/\/institucional.ufpel.edu.br\/cache\/imagens\/87492a07-81e3-4596-a42c-cf2656ef1855\"><\/a><\/div><div class=\"servidor-info\"><a href=\"https:\/\/institucional.ufpel.edu.br\/servidores\/id\/63874\" target=\"_blank\">TATIANE KUKA VALENTE GANDRA<\/a><span class=\"cobalto-label\">Vice-Diretora - Faculdade de Nutri\u00e7\u00e3o<\/span><\/div><\/li><li><div class=\"servidor-foto\"><a href=\"https:\/\/institucional.ufpel.edu.br\/servidores\/id\/64018\" target=\"_blank\"><img decoding=\"async\" src=\"https:\/\/institucional.ufpel.edu.br\/cache\/imagens\/d9047877-a75c-4217-9895-2113eacc1f7c\"><\/a><\/div><div class=\"servidor-info\"><a href=\"https:\/\/institucional.ufpel.edu.br\/servidores\/id\/64018\" target=\"_blank\">WAGNER HALMENSCHLAGER<\/a><span class=\"cobalto-label\">Coordenador de Curso de Gradua\u00e7\u00e3o Substituto - Colegiado do Curso de Gastronomia<\/span><\/div><\/li><\/ul><\/div>\n<p>Demais professores de outros departamentos no link <a href=\"https:\/\/institucional.ufpel.edu.br\/cursos\/cod\/1100#professores\">https:\/\/institucional.ufpel.edu.br\/cursos\/cod\/1100#professores<\/a><\/p>\n","protected":false},"excerpt":{"rendered":"<p>DEPARTAMENTO DE NUTRI\u00c7\u00c3O Demais professores de outros departamentos no link https:\/\/institucional.ufpel.edu.br\/cursos\/cod\/1100#professores<\/p>\n","protected":false},"author":948,"featured_media":0,"parent":0,"menu_order":0,"comment_status":"closed","ping_status":"closed","template":"","meta":{"footnotes":""},"class_list":["post-2","page","type-page","status-publish","hentry"],"jetpack_sharing_enabled":true,"_links":{"self":[{"href":"https:\/\/wp.ufpel.edu.br\/colegiadonutricao\/wp-json\/wp\/v2\/pages\/2","targetHints":{"allow":["GET"]}}],"collection":[{"href":"https:\/\/wp.ufpel.edu.br\/colegiadonutricao\/wp-json\/wp\/v2\/pages"}],"about":[{"href":"https:\/\/wp.ufpel.edu.br\/colegiadonutricao\/wp-json\/wp\/v2\/types\/page"}],"author":[{"embeddable":true,"href":"https:\/\/wp.ufpel.edu.br\/colegiadonutricao\/wp-json\/wp\/v2\/users\/948"}],"replies":[{"embeddable":true,"href":"https:\/\/wp.ufpel.edu.br\/colegiadonutricao\/wp-json\/wp\/v2\/comments?post=2"}],"version-history":[{"count":11,"href":"https:\/\/wp.ufpel.edu.br\/colegiadonutricao\/wp-json\/wp\/v2\/pages\/2\/revisions"}],"predecessor-version":[{"id":452,"href":"https:\/\/wp.ufpel.edu.br\/colegiadonutricao\/wp-json\/wp\/v2\/pages\/2\/revisions\/452"}],"wp:attachment":[{"href":"https:\/\/wp.ufpel.edu.br\/colegiadonutricao\/wp-json\/wp\/v2\/media?parent=2"}],"curies":[{"name":"wp","href":"https:\/\/api.w.org\/{rel}","templated":true}]}}