{"id":1180,"date":"2022-08-29T11:35:44","date_gmt":"2022-08-29T14:35:44","guid":{"rendered":"https:\/\/wp.ufpel.edu.br\/colegiadonutricao\/?page_id=1180"},"modified":"2025-02-06T11:25:35","modified_gmt":"2025-02-06T14:25:35","slug":"instrucoes-para-iniciar-estagios-obrigatorios-e-nao-obrigatorios","status":"publish","type":"page","link":"https:\/\/wp.ufpel.edu.br\/colegiadonutricao\/instrucoes-para-iniciar-estagios-obrigatorios-e-nao-obrigatorios\/","title":{"rendered":"INSTRU\u00c7\u00d5ES PARA INICIAR EST\u00c1GIOS OBRIGAT\u00d3RIOS E N\u00c3O OBRIGAT\u00d3RIOS"},"content":{"rendered":"<p style=\"text-align: justify;\">Os est\u00e1gios obrigat\u00f3rios e n\u00e3o obrigat\u00f3rios devem ser <strong>OBRIGATORIAMENTE<\/strong> supervisionados por profissional da \u00e1rea e orientados por docente do Curso de Nutri\u00e7\u00e3o.<\/p>\n<p style=\"text-align: justify;\">Para dar in\u00edcio no est\u00e1gio \u00e9 necess\u00e1rio firmar o termo de compromisso de est\u00e1gio.<\/p>\n<p><span style=\"background-color: #00ffff;\"><em><strong>Edit. 1 \u2013 Para o est\u00e1gio em ASA, continua sendo cobrado pela \u00e1rea de Alimenta\u00e7\u00e3o Coletiva o\u00a0<a style=\"background-color: #00ffff;\" href=\"https:\/\/wp.ufpel.edu.br\/colegiadonutricao\/files\/2022\/04\/ASA.docx\">Termo de Acordo Entre Estagi\u00e1rio e Nutricionista Supervisor<\/a>\u00a0(SOMENTE PARA\u00a0 O EST\u00c1GIO EM ASA)<\/strong><\/em><\/span><\/p>\n<p style=\"text-align: justify;\">O termo de compromisso de est\u00e1gio \u00e9 o documento que autoriza o aluno a dar in\u00edcio \u00e0s atividades pr\u00e1ticas do est\u00e1gio e <strong>deve ser assinado por todas as partes envolvidas<\/strong> (aluno, coordena\u00e7\u00e3o do Curso e respons\u00e1vel na concedente) <strong>antes do est\u00e1gio iniciar<\/strong>. Temos duas formas de firmar o termo de est\u00e1gio:<\/p>\n<p style=\"text-align: justify;\"><strong>1 &#8211;<\/strong> atrav\u00e9s do saque de duas vias f\u00edsicas j\u00e1 assinadas pela coordena\u00e7\u00e3o do Curso (1\u00aa via do aluno, 2\u00aa via da concedente, sendo que a via do Colegiado ser\u00e1 digitalizada da via completamente preenchida e assinada da via do aluno);<\/p>\n<p style=\"text-align: justify;\"><strong>2 &#8211;<\/strong> atrav\u00e9s do SEI (Sistema Eletr\u00f4nico de Informa\u00e7\u00e3o): esta modalidade permite que, atrav\u00e9s de um simples cadastro, alunos e pessoas externas \u00e0 UFPel possam assinar documentos oficiais sem a necessidade de utilizar papel e sem fazerem deslocamentos. Basta seguir os seguintes passos: <strong><span style=\"font-size: 12pt;\">&#8220;<span class=\"il\">O<\/span>\u00a0<span class=\"il\">interessado<\/span>\u00a0<span class=\"il\">em<\/span>\u00a0se\u00a0<wbr \/>credenciar\u00a0como usu\u00e1rio externo no\u00a0SEI-UFPel deve preencher e enviar\u00a0<span class=\"il\">o<\/span> Formul\u00e1rio de Cadastro dispon\u00edvel\u00a0<\/span><span class=\"il\"><span style=\"font-size: 12pt;\">e<\/span>m<\/span>\u00a0<a href=\"http:\/\/wp.ufpel.edu.br\/sei\/\" target=\"_blank\" rel=\"noopener\" data-saferedirecturl=\"https:\/\/www.google.com\/url?q=http:\/\/wp.ufpel.edu.br\/sei\/&amp;source=gmail&amp;ust=1661872014578000&amp;usg=AOvVaw2zHko-ZtP27Td6JpVTQeSw\">http:\/\/wp.ufpel.edu.br\/sei\/<\/a><wbr \/>. Clicar\u00a0<span class=\"il\">em<\/span>\u00a0Cadastro\u00a0de Usu\u00e1rio Externo, preencher\u00a0<span class=\"il\">o<\/span>\u00a0formul\u00e1rio e clicar\u00a0<span class=\"il\">em<\/span>\u00a0Enviar.\u00a0Ap\u00f3s, deve preencher\u00a0<span class=\"il\">o<\/span>\u00a0<span style=\"background-color: #cc99ff;\">Termo de Declara\u00e7\u00e3<span class=\"il\">o<\/span>\u00a0de Concord\u00e2ncia e Veracidade<\/span>, dispon\u00edvel\u00a0<span class=\"il\">em<\/span>\u00a0<a href=\"http:\/\/wp.ufpel.edu.br\/sei\/\" target=\"_blank\" rel=\"noopener\" data-saferedirecturl=\"https:\/\/www.google.com\/url?q=http:\/\/wp.ufpel.edu.br\/sei\/&amp;source=gmail&amp;ust=1661872014578000&amp;usg=AOvVaw2zHko-ZtP27Td6JpVTQeSw\">http:\/\/wp.ufpel.edu.br\/sei\/<\/a><wbr \/>\u00a0e, juntamente com\u00a0c\u00f3pia do <span style=\"background-color: #cc99ff;\">RG, CPF (caso n\u00e3<span class=\"il\">o<\/span>\u00a0esteja incluso no RG) e comprovante de resid\u00eancia digitalizados<\/span>, encaminhar para a secretaria da sua unidade (este Colegiado), onde solicitar\u00e3<span class=\"il\">o<\/span>\u00a0sua libera\u00e7\u00e3<span class=\"il\">o<\/span>.&#8221;<\/strong> Ap\u00f3s o cadastro do aluno e da pessoa respons\u00e1vel na concedente ser liberado, podemos lan\u00e7ar os dados do termo no SEI. Necessitamos dos seguintes trechos (em amarelo) completos:<\/p>\n<p style=\"text-align: justify;\">Empresa: <span style=\"background-color: #ffff00;\">(NOME OU RAZ\u00c3O SOCIAL), (ENDERE\u00c7O), (CIDADE), (CNPJ), neste ato representada por (NOME E CARGO DO REPRESENTANTE), doravante denominada <strong>PARTE CONCEDENTE,<\/strong><\/span><\/p>\n<p style=\"text-align: justify;\">Aluno(a): <span style=\"background-color: #ffff00;\">(NOME), (CPF), (ENDERE\u00c7O), (CIDADE), regularmente matriculado sob o n\u00famero (N\u00ba DE MATR\u00cdCULA), no (ANO OU SEMESTRE), do Curso de (NOME DO CURSO),<\/span><\/p>\n<p style=\"text-align: justify;\">Vig\u00eancia do est\u00e1gio: <span style=\"background-color: #ffff00;\">Este termo de compromisso ter\u00e1 vig\u00eancia de <sup>____\/____\/____ <\/sup>a <sup>____\/____\/____<\/sup>, devendo o <strong>ESTAGI\u00c1RIO<\/strong> cumprir uma jornada di\u00e1ria de (XX) horas, no hor\u00e1rio das XX \u00e0s XX, com intervalo das XX \u00e0s XX, em um total de (XX) horas semanais.<\/span><\/p>\n<p style=\"text-align: justify;\">Dados da supervis\u00e3o e orienta\u00e7\u00e3o: <span style=\"background-color: #ffff00;\">No per\u00edodo de vig\u00eancia deste Termo de Compromisso, o <strong>ESTAGI\u00c1RIO<\/strong> ser\u00e1 supervisionado na <strong>PARTE CONCEDENTE<\/strong> por (NOME, CRN e CARGO DO SUPERVISOR) e orientado na <strong>INSTITUI\u00c7\u00c3O DE ENSINO<\/strong> pelo(a) Professor(a) (NOME DO ORIENTADOR).<\/span><\/p>\n<p>Conforme acordo pr\u00e9vio, alguns locais firmam o TCE exclusivamente atrav\u00e9s do SEI, portanto o(a) estagi\u00e1rio(a) precisa fazer o cadastro na plataforma para poder assinar o termo. Os locais atuais s\u00e3o: <strong>UBS&#8217;s onde as Nutricionistas (respons\u00e1veis pelo est\u00e1gio e supervis\u00e3o) s\u00e3o servidoras da UFPel, Hospital Escola da UFPel\/EBSERH e Hospital S\u00e3o Francisco de Paula.<\/strong><\/p>\n<p style=\"text-align: justify;\">Quando tratar-se de <strong>est\u00e1gio n\u00e3o obrigat\u00f3rio<\/strong> \u00e9 <strong>compuls\u00f3ria<\/strong> a concess\u00e3o de bolsa, aux\u00edlio transporte e seguro por parte da concedente do est\u00e1gio, conforme a <a href=\"http:\/\/www.planalto.gov.br\/ccivil_03\/_ato2007-2010\/2008\/lei\/l11788.htm\">lei 11.788\/2008 (Lei dos Est\u00e1gios)<\/a>. Para facilitar a libera\u00e7\u00e3o deste tipo de est\u00e1gio, sugerimos que os alunos procurem o CIEE (<a href=\"https:\/\/www.cieers.org.br\/\">Centro de Integra\u00e7\u00e3o Empresa-Escola<\/a>) atrav\u00e9s do telefone <span aria-label=\"Ligar para (53) 3225-0847\">(53) 3225-0847<\/span> para que todas as quest\u00f5es legais possam ser melhor estabelecidas e seguidas, al\u00e9m deles darem andamento no termo de compromisso de est\u00e1gio e no seguro. Podemos dar andamento via Colegiado tamb\u00e9m, mas seguindo estritamente o solicitado na legisla\u00e7\u00e3o.<\/p>\n<p style=\"text-align: justify;\"><strong>Refor\u00e7amos que documentos oficiais com a<span class=\"il\">ssinaturas<\/span> digitalizadas e <span class=\"il\">coladas<\/span>,\u00a0<wbr \/>digitadas, ou at\u00e9 mesmo documentos fotocopiados e assinados \u00e0 caneta por cima da reprodu\u00e7\u00e3o n\u00e3o s\u00e3o aceitos.<\/strong><\/p>\n","protected":false},"excerpt":{"rendered":"<p>Os est\u00e1gios obrigat\u00f3rios e n\u00e3o obrigat\u00f3rios devem ser OBRIGATORIAMENTE supervisionados por profissional da \u00e1rea e orientados por docente do Curso de Nutri\u00e7\u00e3o. Para dar in\u00edcio no est\u00e1gio \u00e9 necess\u00e1rio firmar o termo de compromisso de est\u00e1gio. Edit. 1 \u2013 Para o est\u00e1gio em ASA, continua sendo cobrado pela \u00e1rea de Alimenta\u00e7\u00e3o Coletiva o\u00a0Termo de Acordo [&hellip;]<\/p>\n","protected":false},"author":948,"featured_media":0,"parent":0,"menu_order":0,"comment_status":"closed","ping_status":"closed","template":"","meta":{"footnotes":""},"class_list":["post-1180","page","type-page","status-publish","hentry"],"jetpack_sharing_enabled":true,"_links":{"self":[{"href":"https:\/\/wp.ufpel.edu.br\/colegiadonutricao\/wp-json\/wp\/v2\/pages\/1180","targetHints":{"allow":["GET"]}}],"collection":[{"href":"https:\/\/wp.ufpel.edu.br\/colegiadonutricao\/wp-json\/wp\/v2\/pages"}],"about":[{"href":"https:\/\/wp.ufpel.edu.br\/colegiadonutricao\/wp-json\/wp\/v2\/types\/page"}],"author":[{"embeddable":true,"href":"https:\/\/wp.ufpel.edu.br\/colegiadonutricao\/wp-json\/wp\/v2\/users\/948"}],"replies":[{"embeddable":true,"href":"https:\/\/wp.ufpel.edu.br\/colegiadonutricao\/wp-json\/wp\/v2\/comments?post=1180"}],"version-history":[{"count":27,"href":"https:\/\/wp.ufpel.edu.br\/colegiadonutricao\/wp-json\/wp\/v2\/pages\/1180\/revisions"}],"predecessor-version":[{"id":1545,"href":"https:\/\/wp.ufpel.edu.br\/colegiadonutricao\/wp-json\/wp\/v2\/pages\/1180\/revisions\/1545"}],"wp:attachment":[{"href":"https:\/\/wp.ufpel.edu.br\/colegiadonutricao\/wp-json\/wp\/v2\/media?parent=1180"}],"curies":[{"name":"wp","href":"https:\/\/api.w.org\/{rel}","templated":true}]}}