{"id":8,"date":"2020-02-12T09:24:21","date_gmt":"2020-02-12T12:24:21","guid":{"rendered":"https:\/\/wp.ufpel.edu.br\/colegiadogastronomia\/?page_id=8"},"modified":"2024-12-04T10:48:26","modified_gmt":"2024-12-04T13:48:26","slug":"apresentacao-do-curso","status":"publish","type":"page","link":"https:\/\/wp.ufpel.edu.br\/colegiadogastronomia\/apresentacao-do-curso\/","title":{"rendered":"APRESENTA\u00c7\u00c3O DO CURSO"},"content":{"rendered":"<p>O Curso Superior de Tecnologia em Gastronomia da UFPel foi criado pela Faculdade de Nutri\u00e7\u00e3o. Est\u00e1 instalado no Campus Porto. Foi inaugurado em 2010, tendo ingresso anual de novas turmas, realizado no 2\u00ba semestre do ano letivo. O curso conta atualmente com docentes graduados em Gastronomia , Administra\u00e7\u00e3o, Qu\u00edmica de Alimentos, Nutri\u00e7\u00e3o (do curso de Nutri\u00e7\u00e3o), al\u00e9m de diversos professores convidados de outras \u00e1reas.<\/p>\n<p><strong>Objetivo geral<\/strong><br \/>\nFormar profissionais em gastronomia, habilitados para o exerc\u00edcio \u00e9tico das atividades de produ\u00e7\u00e3o culin\u00e1ria e gerenciamento em servi\u00e7os de alimenta\u00e7\u00e3o, seguindo padr\u00f5es gastron\u00f4micos internacionais, respeitando as caracter\u00edsticas hist\u00f3rico-culturais e a promo\u00e7\u00e3o da sa\u00fade humana, com no\u00e7\u00f5es da cadeia produtiva de alimentos e com conhecimento de gest\u00e3o voltada ao setor gastron\u00f4mico em geral.<\/p>\n<p><strong>Requisitos de acesso<\/strong><br \/>\nA forma de ingresso ao Curso \u00e9 realizada por processo seletivo, de acordo com normas vigentes da Institui\u00e7\u00e3o. Atualmente, a UFPel adota a sele\u00e7\u00e3o pelo Exame Nacional do Ensino M\u00e9dio \u2013 ENEM e Sistema de Sele\u00e7\u00e3o Unificada \u2013 SISU. H\u00e1, ainda, a possibilidade de ingresso via Programa de Avalia\u00e7\u00e3o da Vida Escolar \u2013 PAVE e, de acordo com a disponibilidade de vagas, via Reop\u00e7\u00e3o, Reingresso, Transfer\u00eancia e como Portador de diploma de n\u00edvel superior.<\/p>\n<p>&nbsp;<\/p>\n<p><img loading=\"lazy\" decoding=\"async\" class=\"alignnone size-medium wp-image-831\" src=\"https:\/\/wp.ufpel.edu.br\/colegiadogastronomia\/files\/2024\/04\/image-400x400.png\" alt=\"\" width=\"400\" height=\"400\" srcset=\"https:\/\/wp.ufpel.edu.br\/colegiadogastronomia\/files\/2024\/04\/image-400x400.png 400w, https:\/\/wp.ufpel.edu.br\/colegiadogastronomia\/files\/2024\/04\/image-200x200.png 200w, https:\/\/wp.ufpel.edu.br\/colegiadogastronomia\/files\/2024\/04\/image.png 656w\" sizes=\"auto, (max-width: 400px) 100vw, 400px\" \/><\/p>\n","protected":false},"excerpt":{"rendered":"<p>O Curso Superior de Tecnologia em Gastronomia da UFPel foi criado pela Faculdade de Nutri\u00e7\u00e3o. Est\u00e1 instalado no Campus Porto. Foi inaugurado em 2010, tendo ingresso anual de novas turmas, realizado no 2\u00ba semestre do ano letivo. O curso conta atualmente com docentes graduados em Gastronomia , Administra\u00e7\u00e3o, Qu\u00edmica de Alimentos, Nutri\u00e7\u00e3o (do curso de &hellip; <a href=\"https:\/\/wp.ufpel.edu.br\/colegiadogastronomia\/apresentacao-do-curso\/\" class=\"more-link\">Continue lendo <span class=\"screen-reader-text\">APRESENTA\u00c7\u00c3O DO CURSO<\/span> <span class=\"meta-nav\">&rarr;<\/span><\/a><\/p>\n","protected":false},"author":981,"featured_media":0,"parent":0,"menu_order":0,"comment_status":"closed","ping_status":"closed","template":"","meta":{"footnotes":""},"class_list":["post-8","page","type-page","status-publish","hentry"],"jetpack_sharing_enabled":true,"_links":{"self":[{"href":"https:\/\/wp.ufpel.edu.br\/colegiadogastronomia\/wp-json\/wp\/v2\/pages\/8","targetHints":{"allow":["GET"]}}],"collection":[{"href":"https:\/\/wp.ufpel.edu.br\/colegiadogastronomia\/wp-json\/wp\/v2\/pages"}],"about":[{"href":"https:\/\/wp.ufpel.edu.br\/colegiadogastronomia\/wp-json\/wp\/v2\/types\/page"}],"author":[{"embeddable":true,"href":"https:\/\/wp.ufpel.edu.br\/colegiadogastronomia\/wp-json\/wp\/v2\/users\/981"}],"replies":[{"embeddable":true,"href":"https:\/\/wp.ufpel.edu.br\/colegiadogastronomia\/wp-json\/wp\/v2\/comments?post=8"}],"version-history":[{"count":6,"href":"https:\/\/wp.ufpel.edu.br\/colegiadogastronomia\/wp-json\/wp\/v2\/pages\/8\/revisions"}],"predecessor-version":[{"id":922,"href":"https:\/\/wp.ufpel.edu.br\/colegiadogastronomia\/wp-json\/wp\/v2\/pages\/8\/revisions\/922"}],"wp:attachment":[{"href":"https:\/\/wp.ufpel.edu.br\/colegiadogastronomia\/wp-json\/wp\/v2\/media?parent=8"}],"curies":[{"name":"wp","href":"https:\/\/api.w.org\/{rel}","templated":true}]}}