{"id":749,"date":"2023-08-06T16:38:45","date_gmt":"2023-08-06T19:38:45","guid":{"rendered":"https:\/\/wp.ufpel.edu.br\/colegiadogastronomia\/?page_id=749"},"modified":"2023-08-06T16:38:45","modified_gmt":"2023-08-06T19:38:45","slug":"laboratorio-de-doces-e-bebidas","status":"publish","type":"page","link":"https:\/\/wp.ufpel.edu.br\/colegiadogastronomia\/laboratorio-de-doces-e-bebidas\/","title":{"rendered":"LABORAT\u00d3RIO DE DOCES E BEBIDAS"},"content":{"rendered":"<h2><em><strong>Laborat\u00f3rio de Doces e Bebidas<\/strong><\/em><\/h2>\n<p>Coordena\u00e7\u00e3o: Profa. Dra. Angela Galvan de Lima<\/p>\n<p>T\u00e9cnicos: Alexandre Furtado Correa e Diane Leston Rodrigues<\/p>\n<p>Localiza\u00e7\u00e3o: Sala 232F \u2013 Campus Anglo<\/p>\n<p>Capacidade:\u00a0 capacidade m\u00e1xima 15 pessoas<\/p>\n<p>Utilizado para aulas dos Cursos de Gastronomia e Nutri\u00e7\u00e3o e tamb\u00e9m para projetos e eventos<\/p>\n<p><img loading=\"lazy\" decoding=\"async\" class=\"alignnone size-medium wp-image-750\" src=\"https:\/\/wp.ufpel.edu.br\/colegiadogastronomia\/files\/2023\/08\/20220801_151809-1-400x185.jpg\" alt=\"\" width=\"400\" height=\"185\" srcset=\"https:\/\/wp.ufpel.edu.br\/colegiadogastronomia\/files\/2023\/08\/20220801_151809-1-400x185.jpg 400w, https:\/\/wp.ufpel.edu.br\/colegiadogastronomia\/files\/2023\/08\/20220801_151809-1-1024x472.jpg 1024w, https:\/\/wp.ufpel.edu.br\/colegiadogastronomia\/files\/2023\/08\/20220801_151809-1-768x354.jpg 768w, https:\/\/wp.ufpel.edu.br\/colegiadogastronomia\/files\/2023\/08\/20220801_151809-1-1536x709.jpg 1536w, https:\/\/wp.ufpel.edu.br\/colegiadogastronomia\/files\/2023\/08\/20220801_151809-1-2048x945.jpg 2048w\" sizes=\"auto, (max-width: 400px) 100vw, 400px\" \/><\/p>\n","protected":false},"excerpt":{"rendered":"<p>Laborat\u00f3rio de Doces e Bebidas Coordena\u00e7\u00e3o: Profa. Dra. Angela Galvan de Lima T\u00e9cnicos: Alexandre Furtado Correa e Diane Leston Rodrigues Localiza\u00e7\u00e3o: Sala 232F \u2013 Campus Anglo Capacidade:\u00a0 capacidade m\u00e1xima 15 pessoas Utilizado para aulas dos Cursos de Gastronomia e Nutri\u00e7\u00e3o e tamb\u00e9m para projetos e eventos<\/p>\n","protected":false},"author":981,"featured_media":0,"parent":0,"menu_order":0,"comment_status":"closed","ping_status":"closed","template":"","meta":{"footnotes":""},"class_list":["post-749","page","type-page","status-publish","hentry"],"jetpack_sharing_enabled":true,"_links":{"self":[{"href":"https:\/\/wp.ufpel.edu.br\/colegiadogastronomia\/wp-json\/wp\/v2\/pages\/749","targetHints":{"allow":["GET"]}}],"collection":[{"href":"https:\/\/wp.ufpel.edu.br\/colegiadogastronomia\/wp-json\/wp\/v2\/pages"}],"about":[{"href":"https:\/\/wp.ufpel.edu.br\/colegiadogastronomia\/wp-json\/wp\/v2\/types\/page"}],"author":[{"embeddable":true,"href":"https:\/\/wp.ufpel.edu.br\/colegiadogastronomia\/wp-json\/wp\/v2\/users\/981"}],"replies":[{"embeddable":true,"href":"https:\/\/wp.ufpel.edu.br\/colegiadogastronomia\/wp-json\/wp\/v2\/comments?post=749"}],"version-history":[{"count":1,"href":"https:\/\/wp.ufpel.edu.br\/colegiadogastronomia\/wp-json\/wp\/v2\/pages\/749\/revisions"}],"predecessor-version":[{"id":751,"href":"https:\/\/wp.ufpel.edu.br\/colegiadogastronomia\/wp-json\/wp\/v2\/pages\/749\/revisions\/751"}],"wp:attachment":[{"href":"https:\/\/wp.ufpel.edu.br\/colegiadogastronomia\/wp-json\/wp\/v2\/media?parent=749"}],"curies":[{"name":"wp","href":"https:\/\/api.w.org\/{rel}","templated":true}]}}